{"id":8184,"date":"2019-02-14T11:01:48","date_gmt":"2019-02-14T10:01:48","guid":{"rendered":"https:\/\/www.rijeka.hr\/it\/?page_id=8184"},"modified":"2024-03-07T09:42:01","modified_gmt":"2024-03-07T08:42:01","slug":"arte-scenica","status":"publish","type":"page","link":"https:\/\/www.rijeka.hr\/it\/temi-per-i-cittadini\/cultura\/campi-culturali\/arte-scenica\/","title":{"rendered":"Arte scenica"},"content":{"rendered":"<h2>Teatri e spazi scenici<\/h2>\n<ul>\n<li><a href=\"http:\/\/hnk-zajc.hr\/\">HNK Ivana pl. Zajca<\/a><\/li>\n<li><a href=\"http:\/\/www.gkl-rijeka.hr\/\" target=\"_blank\" rel=\"noopener\">Gradsko kazali\u0161te lutaka<\/a><\/li>\n<li><a href=\"https:\/\/hkd-rijeka.hr\/\" target=\"_blank\" rel=\"noopener\">Hrvatski kulturni dom na Su\u0161aku<\/a><\/li>\n<li>Filodrammatica<\/li>\n<\/ul>\n<h2>Associazioni e organizzazioni artistiche<\/h2>\n<ul>\n<li><a href=\"http:\/\/www.hkd-teatar.com\/\">HKD Teatar Rijeka<\/a><\/li>\n<li><a href=\"http:\/\/www.trafik.hr\/\">Tranzicijsko-fikcijsko kazali\u0161te TRAFIK<\/a><\/li>\n<li><a href=\"http:\/\/www.riteatar.way.to\/\">Ri Teatar \u2013 Kulturni centar Kalvarija<\/a><\/li>\n<li>Kazali\u0161na radionica MALIK Rijeka<\/li>\n<li><a href=\"http:\/\/www.trytheatre.org\/\">TRY Theatre Rijeka<\/a><\/li>\n<li>Kazali\u0161na grupa Viktora Cara Emina<\/li>\n<li><a href=\"http:\/\/www.prostorplus.hr\/\">Udruga za scenske umjetnosti PROSTOR +<\/a><\/li>\n<li><a href=\"http:\/\/www.rubikontheatre.com\/\">Teatar RUBIKON<\/a><\/li>\n<li>Umjetni\u010dka organizacija\u00a0<a href=\"http:\/\/www.krila.org\/\">Kreativni laboratorij suvremenog kazali\u0161ta KRILA<\/a><\/li>\n<li>Plesna udruga\u00a0<a href=\"http:\/\/www.ridance.hr\/\">RI DANCE<\/a>\u00a0Rijeka<\/li>\n<li><a href=\"http:\/\/www.flame.hr\/\">Plesna grupa Flame<\/a><\/li>\n<li>Plesna radionica M<\/li>\n<li>Umjetni\u010dka organizacija Fiskultura<\/li>\n<\/ul>\n","protected":false},"excerpt":{"rendered":"<p>Teatri e spazi scenici HNK Ivana pl. Zajca Gradsko kazali\u0161te lutaka Hrvatski kulturni dom na Su\u0161aku Filodrammatica Associazioni e organizzazioni artistiche HKD Teatar Rijeka Tranzicijsko-fikcijsko kazali\u0161te TRAFIK Ri Teatar \u2013 Kulturni centar Kalvarija Kazali\u0161na radionica MALIK Rijeka TRY Theatre Rijeka Kazali\u0161na grupa Viktora Cara Emina Udruga za scenske umjetnosti PROSTOR + Teatar RUBIKON Umjetni\u010dka organizacija\u00a0Kreativni&#8230;<\/p>\n","protected":false},"author":6,"featured_media":0,"parent":1066,"menu_order":0,"comment_status":"closed","ping_status":"closed","template":"","meta":{"_acf_changed":false,"_trash_the_other_posts":false,"footnotes":"","_links_to":"","_links_to_target":""},"tags":[],"class_list":["post-8184","page","type-page","status-publish","hentry"],"acf":[],"yoast_head":"<!-- This site is optimized with the Yoast SEO plugin v24.4 - https:\/\/yoast.com\/wordpress\/plugins\/seo\/ -->\n<title>Arte scenica - Citt\u00e0 di Fiume<\/title>\n<meta name=\"robots\" content=\"index, follow, max-snippet:-1, max-image-preview:large, max-video-preview:-1\" \/>\n<link rel=\"canonical\" href=\"https:\/\/www.rijeka.hr\/it\/temi-per-i-cittadini\/cultura\/campi-culturali\/arte-scenica\/\" \/>\n<meta property=\"og:locale\" content=\"it_IT\" \/>\n<meta property=\"og:type\" content=\"article\" \/>\n<meta property=\"og:title\" content=\"Arte scenica - Citt\u00e0 di Fiume\" \/>\n<meta property=\"og:description\" content=\"Teatri e spazi scenici HNK Ivana pl. Zajca Gradsko kazali\u0161te lutaka Hrvatski kulturni dom na Su\u0161aku Filodrammatica Associazioni e organizzazioni artistiche HKD Teatar Rijeka Tranzicijsko-fikcijsko kazali\u0161te TRAFIK Ri Teatar \u2013 Kulturni centar Kalvarija Kazali\u0161na radionica MALIK Rijeka TRY Theatre Rijeka Kazali\u0161na grupa Viktora Cara Emina Udruga za scenske umjetnosti PROSTOR + Teatar RUBIKON Umjetni\u010dka organizacija\u00a0Kreativni...\" \/>\n<meta property=\"og:url\" content=\"https:\/\/www.rijeka.hr\/it\/temi-per-i-cittadini\/cultura\/campi-culturali\/arte-scenica\/\" \/>\n<meta property=\"og:site_name\" content=\"Citt\u00e0 di Fiume\" \/>\n<meta property=\"article:modified_time\" content=\"2024-03-07T08:42:01+00:00\" \/>\n<meta name=\"twitter:card\" content=\"summary_large_image\" \/>\n<script type=\"application\/ld+json\" class=\"yoast-schema-graph\">{\"@context\":\"https:\/\/schema.org\",\"@graph\":[{\"@type\":\"WebPage\",\"@id\":\"https:\/\/www.rijeka.hr\/it\/temi-per-i-cittadini\/cultura\/campi-culturali\/arte-scenica\/\",\"url\":\"https:\/\/www.rijeka.hr\/it\/temi-per-i-cittadini\/cultura\/campi-culturali\/arte-scenica\/\",\"name\":\"Arte scenica - Citt\u00e0 di Fiume\",\"isPartOf\":{\"@id\":\"https:\/\/www.rijeka.hr\/it\/#website\"},\"datePublished\":\"2019-02-14T10:01:48+00:00\",\"dateModified\":\"2024-03-07T08:42:01+00:00\",\"breadcrumb\":{\"@id\":\"https:\/\/www.rijeka.hr\/it\/temi-per-i-cittadini\/cultura\/campi-culturali\/arte-scenica\/#breadcrumb\"},\"inLanguage\":\"it-IT\",\"potentialAction\":[{\"@type\":\"ReadAction\",\"target\":[\"https:\/\/www.rijeka.hr\/it\/temi-per-i-cittadini\/cultura\/campi-culturali\/arte-scenica\/\"]}]},{\"@type\":\"BreadcrumbList\",\"@id\":\"https:\/\/www.rijeka.hr\/it\/temi-per-i-cittadini\/cultura\/campi-culturali\/arte-scenica\/#breadcrumb\",\"itemListElement\":[{\"@type\":\"ListItem\",\"position\":1,\"name\":\"Po\u010detna stranica\",\"item\":\"https:\/\/www.rijeka.hr\/it\/\"},{\"@type\":\"ListItem\",\"position\":2,\"name\":\"Temi per i cittadini\",\"item\":\"https:\/\/www.rijeka.hr\/it\/temi-per-i-cittadini\/\"},{\"@type\":\"ListItem\",\"position\":3,\"name\":\"Cultura\",\"item\":\"https:\/\/www.rijeka.hr\/it\/temi-per-i-cittadini\/cultura\/\"},{\"@type\":\"ListItem\",\"position\":4,\"name\":\"Campi culturali\",\"item\":\"https:\/\/www.rijeka.hr\/it\/temi-per-i-cittadini\/cultura\/campi-culturali\/\"},{\"@type\":\"ListItem\",\"position\":5,\"name\":\"Arte scenica\"}]},{\"@type\":\"WebSite\",\"@id\":\"https:\/\/www.rijeka.hr\/it\/#website\",\"url\":\"https:\/\/www.rijeka.hr\/it\/\",\"name\":\"Citt\u00e0 di Fiume\",\"description\":\"Portale web della Citta&#039; di Fiume\",\"potentialAction\":[{\"@type\":\"SearchAction\",\"target\":{\"@type\":\"EntryPoint\",\"urlTemplate\":\"https:\/\/www.rijeka.hr\/it\/?s={search_term_string}\"},\"query-input\":{\"@type\":\"PropertyValueSpecification\",\"valueRequired\":true,\"valueName\":\"search_term_string\"}}],\"inLanguage\":\"it-IT\"}]}<\/script>\n<!-- \/ Yoast SEO plugin. -->","yoast_head_json":{"title":"Arte scenica - Citt\u00e0 di Fiume","robots":{"index":"index","follow":"follow","max-snippet":"max-snippet:-1","max-image-preview":"max-image-preview:large","max-video-preview":"max-video-preview:-1"},"canonical":"https:\/\/www.rijeka.hr\/it\/temi-per-i-cittadini\/cultura\/campi-culturali\/arte-scenica\/","og_locale":"it_IT","og_type":"article","og_title":"Arte scenica - Citt\u00e0 di Fiume","og_description":"Teatri e spazi scenici HNK Ivana pl. Zajca Gradsko kazali\u0161te lutaka Hrvatski kulturni dom na Su\u0161aku Filodrammatica Associazioni e organizzazioni artistiche HKD Teatar Rijeka Tranzicijsko-fikcijsko kazali\u0161te TRAFIK Ri Teatar \u2013 Kulturni centar Kalvarija Kazali\u0161na radionica MALIK Rijeka TRY Theatre Rijeka Kazali\u0161na grupa Viktora Cara Emina Udruga za scenske umjetnosti PROSTOR + Teatar RUBIKON Umjetni\u010dka organizacija\u00a0Kreativni...","og_url":"https:\/\/www.rijeka.hr\/it\/temi-per-i-cittadini\/cultura\/campi-culturali\/arte-scenica\/","og_site_name":"Citt\u00e0 di Fiume","article_modified_time":"2024-03-07T08:42:01+00:00","twitter_card":"summary_large_image","schema":{"@context":"https:\/\/schema.org","@graph":[{"@type":"WebPage","@id":"https:\/\/www.rijeka.hr\/it\/temi-per-i-cittadini\/cultura\/campi-culturali\/arte-scenica\/","url":"https:\/\/www.rijeka.hr\/it\/temi-per-i-cittadini\/cultura\/campi-culturali\/arte-scenica\/","name":"Arte scenica - Citt\u00e0 di Fiume","isPartOf":{"@id":"https:\/\/www.rijeka.hr\/it\/#website"},"datePublished":"2019-02-14T10:01:48+00:00","dateModified":"2024-03-07T08:42:01+00:00","breadcrumb":{"@id":"https:\/\/www.rijeka.hr\/it\/temi-per-i-cittadini\/cultura\/campi-culturali\/arte-scenica\/#breadcrumb"},"inLanguage":"it-IT","potentialAction":[{"@type":"ReadAction","target":["https:\/\/www.rijeka.hr\/it\/temi-per-i-cittadini\/cultura\/campi-culturali\/arte-scenica\/"]}]},{"@type":"BreadcrumbList","@id":"https:\/\/www.rijeka.hr\/it\/temi-per-i-cittadini\/cultura\/campi-culturali\/arte-scenica\/#breadcrumb","itemListElement":[{"@type":"ListItem","position":1,"name":"Po\u010detna stranica","item":"https:\/\/www.rijeka.hr\/it\/"},{"@type":"ListItem","position":2,"name":"Temi per i cittadini","item":"https:\/\/www.rijeka.hr\/it\/temi-per-i-cittadini\/"},{"@type":"ListItem","position":3,"name":"Cultura","item":"https:\/\/www.rijeka.hr\/it\/temi-per-i-cittadini\/cultura\/"},{"@type":"ListItem","position":4,"name":"Campi culturali","item":"https:\/\/www.rijeka.hr\/it\/temi-per-i-cittadini\/cultura\/campi-culturali\/"},{"@type":"ListItem","position":5,"name":"Arte scenica"}]},{"@type":"WebSite","@id":"https:\/\/www.rijeka.hr\/it\/#website","url":"https:\/\/www.rijeka.hr\/it\/","name":"Citt\u00e0 di Fiume","description":"Portale web della Citta&#039; di Fiume","potentialAction":[{"@type":"SearchAction","target":{"@type":"EntryPoint","urlTemplate":"https:\/\/www.rijeka.hr\/it\/?s={search_term_string}"},"query-input":{"@type":"PropertyValueSpecification","valueRequired":true,"valueName":"search_term_string"}}],"inLanguage":"it-IT"}]}},"_links":{"self":[{"href":"https:\/\/www.rijeka.hr\/it\/wp-json\/wp\/v2\/pages\/8184","targetHints":{"allow":["GET"]}}],"collection":[{"href":"https:\/\/www.rijeka.hr\/it\/wp-json\/wp\/v2\/pages"}],"about":[{"href":"https:\/\/www.rijeka.hr\/it\/wp-json\/wp\/v2\/types\/page"}],"author":[{"embeddable":true,"href":"https:\/\/www.rijeka.hr\/it\/wp-json\/wp\/v2\/users\/6"}],"replies":[{"embeddable":true,"href":"https:\/\/www.rijeka.hr\/it\/wp-json\/wp\/v2\/comments?post=8184"}],"version-history":[{"count":6,"href":"https:\/\/www.rijeka.hr\/it\/wp-json\/wp\/v2\/pages\/8184\/revisions"}],"predecessor-version":[{"id":10084,"href":"https:\/\/www.rijeka.hr\/it\/wp-json\/wp\/v2\/pages\/8184\/revisions\/10084"}],"up":[{"embeddable":true,"href":"https:\/\/www.rijeka.hr\/it\/wp-json\/wp\/v2\/pages\/1066"}],"wp:attachment":[{"href":"https:\/\/www.rijeka.hr\/it\/wp-json\/wp\/v2\/media?parent=8184"}],"wp:term":[{"taxonomy":"post_tag","embeddable":true,"href":"https:\/\/www.rijeka.hr\/it\/wp-json\/wp\/v2\/tags?post=8184"}],"curies":[{"name":"wp","href":"https:\/\/api.w.org\/{rel}","templated":true}]}}