{"id":8197,"date":"2019-02-14T13:37:05","date_gmt":"2019-02-14T12:37:05","guid":{"rendered":"https:\/\/www.rijeka.hr\/it\/?page_id=8197"},"modified":"2023-04-18T09:53:26","modified_gmt":"2023-04-18T07:53:26","slug":"mostre","status":"publish","type":"page","link":"https:\/\/www.rijeka.hr\/it\/temi-per-i-cittadini\/cultura\/campi-culturali\/mostre\/","title":{"rendered":"Mostre"},"content":{"rendered":"<h2>Musei<\/h2>\n<ul>\n<li><a href=\"https:\/\/www.rijeka.hr\/address-book\/muzej-grada-rijeke\/\">Muzej grada Rijeke<\/a><\/li>\n<li><a href=\"https:\/\/www.rijeka.hr\/teme-za-gradane\/kultura\/ustanove-u-kulturi\/\">Muzej moderne i suvremene umjetnosti<\/a><\/li>\n<li><a href=\"http:\/\/www.prirodoslovni.com\/\">Prirodoslovni muzej Rijeka<\/a><\/li>\n<li><a href=\"http:\/\/ppmhp.hr\/\">Pomorski i povijesni muzej Hrvatskog primorja<\/a><\/li>\n<\/ul>\n<h2>Gallerie e spazi espositivi<\/h2>\n<ul>\n<li><a href=\"http:\/\/www.mmsu.hr\/\">Mali salon<\/a><\/li>\n<li><a href=\"http:\/\/www.riarhiv.hr\/Default.asp\">Dr\u017eavni arhiv<\/a><\/li>\n<li><a href=\"http:\/\/www.drugo-more.hr\/wordpress\/category\/galerija\/\">Filodrammatica<\/a><\/li>\n<li><a href=\"https:\/\/www.facebook.com\/Galerija-Kortil-429307893761408\/\">Galerija Kortil<\/a><\/li>\n<li><a href=\"http:\/\/hdlu-rijeka.hr\/en\/\">Galerija Juraj Klovi\u0107<\/a><\/li>\n<li><a href=\"http:\/\/fotoklubrijeka.hr\/galerija-principij\/\">Galerija Principij<\/a><\/li>\n<li><a href=\"http:\/\/www.peekpoke.hr\/welcome\/\">Retro Computer Club \u2013 Peek &amp; Poke<\/a><\/li>\n<li><a href=\"http:\/\/www.muzejdjetinjstva.com\/MUZEJ\">Peek&amp;Poke Muzej djetinjstva<\/a><\/li>\n<\/ul>\n<ul>\n<li><a href=\"https:\/\/www.facebook.com\/KIWI-Creative-space-1569937299941786\/timeline\">K.I.W.I Coworking<\/a><\/li>\n<li>Izlo\u017ebeni prostori Trsatske gradine<\/li>\n<li>Galerija Grad<\/li>\n<li>Erste Club<\/li>\n<li><a href=\"http:\/\/www.mala-galerija.hr\/\">Mala galerija<\/a><\/li>\n<li><a href=\"http:\/\/www.mala-galerija.hr\/web\/index2.html\">Galerija Bruketa 2<\/a><\/li>\n<li><a href=\"http:\/\/g-siz.com\/\">Galerija SIZ\u00a0<\/a><\/li>\n<li><a href=\"http:\/\/www.svkri.uniri.hr\/\">Sveu\u010dili\u0161na knji\u017enica Rijeka<\/a><\/li>\n<li><a href=\"http:\/\/www.skc.uniri.hr\/\">Galerija S.K.C.<\/a><\/li>\n<li><a href=\"http:\/\/www.palach.hr\/\">Omladinski klub Palach<\/a><\/li>\n<\/ul>\n<h2>Collezioni<\/h2>\n<ul>\n<li>Riznica i galerija Sveti\u0161ta Gospe Trsatske<\/li>\n<li>Sakralna zbirka katedrale sv. Vida<\/li>\n<li>Spomeni\u010dka knji\u017enica i zbirka Ma\u017eurani\u0107-Brli\u0107-Ru\u017ei\u0107<\/li>\n<\/ul>\n<h2>Organizzatori di programmi<\/h2>\n<ul>\n<li><a href=\"http:\/\/hdlu-rijeka.hr\/hr\/\">HDLU Rijeka<\/a><\/li>\n<li><a href=\"http:\/\/dpuri.hr\/\">Dru\u0161tvo povjesni\u010dara umjetnosti Rijeke, Istre i Hrvatskog primorja Rijeka<\/a><\/li>\n<li><a href=\"http:\/\/www.drugo-more.hr\/\">Udruga\u00a0Drugo more<\/a><\/li>\n<li><a href=\"http:\/\/www.kombinat.com.hr\/\">Udruga KOMBINAT<\/a><\/li>\n<li>Galerija SIZ<\/li>\n<li>Stvarala\u010dka skupina Zebra<\/li>\n<li><a href=\"http:\/\/fotoklubrijeka.hr\/\">Fotoklub Rijeka<\/a><\/li>\n<li>Galerija Principij<\/li>\n<li><a href=\"http:\/\/www.fotoklubcolor-rijeka.hr\/\">Fotoklub Color Rijeka<\/a><\/li>\n<li>Umjetni\u010dka agencija Kopart<\/li>\n<li>M.M.C.<\/li>\n<li>Udruga Arterija<\/li>\n<li>Udruga A.na.nas. \/ K.I.W.I Coworking<\/li>\n<\/ul>\n<p>&nbsp;<\/p>\n","protected":false},"excerpt":{"rendered":"<p>Musei Muzej grada Rijeke Muzej moderne i suvremene umjetnosti Prirodoslovni muzej Rijeka Pomorski i povijesni muzej Hrvatskog primorja Gallerie e spazi espositivi Mali salon Dr\u017eavni arhiv Filodrammatica Galerija Kortil Galerija Juraj Klovi\u0107 Galerija Principij Retro Computer Club \u2013 Peek &amp; Poke Peek&amp;Poke Muzej djetinjstva K.I.W.I Coworking Izlo\u017ebeni prostori Trsatske gradine Galerija Grad Erste Club Mala&#8230;<\/p>\n","protected":false},"author":6,"featured_media":0,"parent":1066,"menu_order":0,"comment_status":"closed","ping_status":"closed","template":"","meta":{"_acf_changed":false,"_trash_the_other_posts":false,"footnotes":"","_links_to":"","_links_to_target":""},"tags":[],"class_list":["post-8197","page","type-page","status-publish","hentry"],"acf":[],"yoast_head":"<!-- This site is optimized with the Yoast SEO plugin v24.4 - https:\/\/yoast.com\/wordpress\/plugins\/seo\/ -->\n<title>Mostre - Citt\u00e0 di Fiume<\/title>\n<meta name=\"robots\" content=\"index, follow, max-snippet:-1, max-image-preview:large, max-video-preview:-1\" \/>\n<link rel=\"canonical\" href=\"https:\/\/www.rijeka.hr\/it\/temi-per-i-cittadini\/cultura\/campi-culturali\/mostre\/\" \/>\n<meta property=\"og:locale\" content=\"it_IT\" \/>\n<meta property=\"og:type\" content=\"article\" \/>\n<meta property=\"og:title\" content=\"Mostre - Citt\u00e0 di Fiume\" \/>\n<meta property=\"og:description\" content=\"Musei Muzej grada Rijeke Muzej moderne i suvremene umjetnosti Prirodoslovni muzej Rijeka Pomorski i povijesni muzej Hrvatskog primorja Gallerie e spazi espositivi Mali salon Dr\u017eavni arhiv Filodrammatica Galerija Kortil Galerija Juraj Klovi\u0107 Galerija Principij Retro Computer Club \u2013 Peek &amp; Poke Peek&amp;Poke Muzej djetinjstva K.I.W.I Coworking Izlo\u017ebeni prostori Trsatske gradine Galerija Grad Erste Club Mala...\" \/>\n<meta property=\"og:url\" content=\"https:\/\/www.rijeka.hr\/it\/temi-per-i-cittadini\/cultura\/campi-culturali\/mostre\/\" \/>\n<meta property=\"og:site_name\" content=\"Citt\u00e0 di Fiume\" \/>\n<meta property=\"article:modified_time\" content=\"2023-04-18T07:53:26+00:00\" \/>\n<meta name=\"twitter:card\" content=\"summary_large_image\" \/>\n<meta name=\"twitter:label1\" content=\"Est. reading time\" \/>\n\t<meta name=\"twitter:data1\" content=\"1 minute\" \/>\n<script type=\"application\/ld+json\" class=\"yoast-schema-graph\">{\"@context\":\"https:\/\/schema.org\",\"@graph\":[{\"@type\":\"WebPage\",\"@id\":\"https:\/\/www.rijeka.hr\/it\/temi-per-i-cittadini\/cultura\/campi-culturali\/mostre\/\",\"url\":\"https:\/\/www.rijeka.hr\/it\/temi-per-i-cittadini\/cultura\/campi-culturali\/mostre\/\",\"name\":\"Mostre - Citt\u00e0 di Fiume\",\"isPartOf\":{\"@id\":\"https:\/\/www.rijeka.hr\/it\/#website\"},\"datePublished\":\"2019-02-14T12:37:05+00:00\",\"dateModified\":\"2023-04-18T07:53:26+00:00\",\"breadcrumb\":{\"@id\":\"https:\/\/www.rijeka.hr\/it\/temi-per-i-cittadini\/cultura\/campi-culturali\/mostre\/#breadcrumb\"},\"inLanguage\":\"it-IT\",\"potentialAction\":[{\"@type\":\"ReadAction\",\"target\":[\"https:\/\/www.rijeka.hr\/it\/temi-per-i-cittadini\/cultura\/campi-culturali\/mostre\/\"]}]},{\"@type\":\"BreadcrumbList\",\"@id\":\"https:\/\/www.rijeka.hr\/it\/temi-per-i-cittadini\/cultura\/campi-culturali\/mostre\/#breadcrumb\",\"itemListElement\":[{\"@type\":\"ListItem\",\"position\":1,\"name\":\"Po\u010detna stranica\",\"item\":\"https:\/\/www.rijeka.hr\/it\/\"},{\"@type\":\"ListItem\",\"position\":2,\"name\":\"Temi per i cittadini\",\"item\":\"https:\/\/www.rijeka.hr\/it\/temi-per-i-cittadini\/\"},{\"@type\":\"ListItem\",\"position\":3,\"name\":\"Cultura\",\"item\":\"https:\/\/www.rijeka.hr\/it\/temi-per-i-cittadini\/cultura\/\"},{\"@type\":\"ListItem\",\"position\":4,\"name\":\"Campi culturali\",\"item\":\"https:\/\/www.rijeka.hr\/it\/temi-per-i-cittadini\/cultura\/campi-culturali\/\"},{\"@type\":\"ListItem\",\"position\":5,\"name\":\"Mostre\"}]},{\"@type\":\"WebSite\",\"@id\":\"https:\/\/www.rijeka.hr\/it\/#website\",\"url\":\"https:\/\/www.rijeka.hr\/it\/\",\"name\":\"Citt\u00e0 di Fiume\",\"description\":\"Portale web della Citta&#039; di Fiume\",\"potentialAction\":[{\"@type\":\"SearchAction\",\"target\":{\"@type\":\"EntryPoint\",\"urlTemplate\":\"https:\/\/www.rijeka.hr\/it\/?s={search_term_string}\"},\"query-input\":{\"@type\":\"PropertyValueSpecification\",\"valueRequired\":true,\"valueName\":\"search_term_string\"}}],\"inLanguage\":\"it-IT\"}]}<\/script>\n<!-- \/ Yoast SEO plugin. -->","yoast_head_json":{"title":"Mostre - Citt\u00e0 di Fiume","robots":{"index":"index","follow":"follow","max-snippet":"max-snippet:-1","max-image-preview":"max-image-preview:large","max-video-preview":"max-video-preview:-1"},"canonical":"https:\/\/www.rijeka.hr\/it\/temi-per-i-cittadini\/cultura\/campi-culturali\/mostre\/","og_locale":"it_IT","og_type":"article","og_title":"Mostre - Citt\u00e0 di Fiume","og_description":"Musei Muzej grada Rijeke Muzej moderne i suvremene umjetnosti Prirodoslovni muzej Rijeka Pomorski i povijesni muzej Hrvatskog primorja Gallerie e spazi espositivi Mali salon Dr\u017eavni arhiv Filodrammatica Galerija Kortil Galerija Juraj Klovi\u0107 Galerija Principij Retro Computer Club \u2013 Peek &amp; Poke Peek&amp;Poke Muzej djetinjstva K.I.W.I Coworking Izlo\u017ebeni prostori Trsatske gradine Galerija Grad Erste Club Mala...","og_url":"https:\/\/www.rijeka.hr\/it\/temi-per-i-cittadini\/cultura\/campi-culturali\/mostre\/","og_site_name":"Citt\u00e0 di Fiume","article_modified_time":"2023-04-18T07:53:26+00:00","twitter_card":"summary_large_image","twitter_misc":{"Est. reading time":"1 minute"},"schema":{"@context":"https:\/\/schema.org","@graph":[{"@type":"WebPage","@id":"https:\/\/www.rijeka.hr\/it\/temi-per-i-cittadini\/cultura\/campi-culturali\/mostre\/","url":"https:\/\/www.rijeka.hr\/it\/temi-per-i-cittadini\/cultura\/campi-culturali\/mostre\/","name":"Mostre - Citt\u00e0 di Fiume","isPartOf":{"@id":"https:\/\/www.rijeka.hr\/it\/#website"},"datePublished":"2019-02-14T12:37:05+00:00","dateModified":"2023-04-18T07:53:26+00:00","breadcrumb":{"@id":"https:\/\/www.rijeka.hr\/it\/temi-per-i-cittadini\/cultura\/campi-culturali\/mostre\/#breadcrumb"},"inLanguage":"it-IT","potentialAction":[{"@type":"ReadAction","target":["https:\/\/www.rijeka.hr\/it\/temi-per-i-cittadini\/cultura\/campi-culturali\/mostre\/"]}]},{"@type":"BreadcrumbList","@id":"https:\/\/www.rijeka.hr\/it\/temi-per-i-cittadini\/cultura\/campi-culturali\/mostre\/#breadcrumb","itemListElement":[{"@type":"ListItem","position":1,"name":"Po\u010detna stranica","item":"https:\/\/www.rijeka.hr\/it\/"},{"@type":"ListItem","position":2,"name":"Temi per i cittadini","item":"https:\/\/www.rijeka.hr\/it\/temi-per-i-cittadini\/"},{"@type":"ListItem","position":3,"name":"Cultura","item":"https:\/\/www.rijeka.hr\/it\/temi-per-i-cittadini\/cultura\/"},{"@type":"ListItem","position":4,"name":"Campi culturali","item":"https:\/\/www.rijeka.hr\/it\/temi-per-i-cittadini\/cultura\/campi-culturali\/"},{"@type":"ListItem","position":5,"name":"Mostre"}]},{"@type":"WebSite","@id":"https:\/\/www.rijeka.hr\/it\/#website","url":"https:\/\/www.rijeka.hr\/it\/","name":"Citt\u00e0 di Fiume","description":"Portale web della Citta&#039; di Fiume","potentialAction":[{"@type":"SearchAction","target":{"@type":"EntryPoint","urlTemplate":"https:\/\/www.rijeka.hr\/it\/?s={search_term_string}"},"query-input":{"@type":"PropertyValueSpecification","valueRequired":true,"valueName":"search_term_string"}}],"inLanguage":"it-IT"}]}},"_links":{"self":[{"href":"https:\/\/www.rijeka.hr\/it\/wp-json\/wp\/v2\/pages\/8197","targetHints":{"allow":["GET"]}}],"collection":[{"href":"https:\/\/www.rijeka.hr\/it\/wp-json\/wp\/v2\/pages"}],"about":[{"href":"https:\/\/www.rijeka.hr\/it\/wp-json\/wp\/v2\/types\/page"}],"author":[{"embeddable":true,"href":"https:\/\/www.rijeka.hr\/it\/wp-json\/wp\/v2\/users\/6"}],"replies":[{"embeddable":true,"href":"https:\/\/www.rijeka.hr\/it\/wp-json\/wp\/v2\/comments?post=8197"}],"version-history":[{"count":3,"href":"https:\/\/www.rijeka.hr\/it\/wp-json\/wp\/v2\/pages\/8197\/revisions"}],"predecessor-version":[{"id":8200,"href":"https:\/\/www.rijeka.hr\/it\/wp-json\/wp\/v2\/pages\/8197\/revisions\/8200"}],"up":[{"embeddable":true,"href":"https:\/\/www.rijeka.hr\/it\/wp-json\/wp\/v2\/pages\/1066"}],"wp:attachment":[{"href":"https:\/\/www.rijeka.hr\/it\/wp-json\/wp\/v2\/media?parent=8197"}],"wp:term":[{"taxonomy":"post_tag","embeddable":true,"href":"https:\/\/www.rijeka.hr\/it\/wp-json\/wp\/v2\/tags?post=8197"}],"curies":[{"name":"wp","href":"https:\/\/api.w.org\/{rel}","templated":true}]}}