{"id":8210,"date":"2019-02-14T15:09:53","date_gmt":"2019-02-14T14:09:53","guid":{"rendered":"https:\/\/www.rijeka.hr\/it\/?page_id=8210"},"modified":"2022-12-22T15:05:28","modified_gmt":"2022-12-22T14:05:28","slug":"il-modello-fiumano-di-gestione-degli-edifici-culturali","status":"publish","type":"page","link":"https:\/\/www.rijeka.hr\/it\/temi-per-i-cittadini\/cultura\/spazi-della-cultura\/il-modello-fiumano-di-gestione-degli-edifici-culturali\/","title":{"rendered":"Il modello fiumano di gestione degli edifici culturali"},"content":{"rendered":"<h2>Spazi: Palach, Filodrammatica, Marganovo<\/h2>\n<p>L&#8217;obiettivo strategico generale della politica culturale della Citt\u00e0 di Fiume \u00e8 la creazione di condizioni materiali e di altre condizioni per lo sviluppo di attivit\u00e0 culturali e per fornire sostegno allo sviluppo della cultura indipendente.<\/p>\n<p>A tal fine, gli spazi dei club Palach, Filodrammaticae e Marganovo dovrebbero diventare nuovi centri della cultura indipendente e studentesca che tramite il bando di gara saranno concessi in affitto per un periodo di 5 anni a titolo gratuito.<\/p>\n<p>Cos\u00ec una parte dello spazio nell&#8217;edificio Filodrammatica e nello spazio Marganovo, sono stati conferiti all&#8217;Alleanza di associazioni Molekula che \u00e8 composta da diverse associazioni e organizzazioni artistiche.<\/p>\n<p>Il Dipartimento per la Cultura rimborsa le spese generali relative al riscaldamento, all&#8217;elettricit\u00e0, all&#8217;acqua e alla pulizia dello spazio nell&#8217;edificio Filodrammatica, mentre il Dipartimento provvede al pagamento dei costi di riscaldamento per conto dello spazio Palach.<\/p>\n","protected":false},"excerpt":{"rendered":"<p>Spazi: Palach, Filodrammatica, Marganovo L&#8217;obiettivo strategico generale della politica culturale della Citt\u00e0 di Fiume \u00e8 la creazione di condizioni materiali e di altre condizioni per lo sviluppo di attivit\u00e0 culturali e per fornire sostegno allo sviluppo della cultura indipendente. A tal fine, gli spazi dei club Palach, Filodrammaticae e Marganovo dovrebbero diventare nuovi centri della&#8230;<\/p>\n","protected":false},"author":6,"featured_media":0,"parent":1075,"menu_order":0,"comment_status":"closed","ping_status":"closed","template":"","meta":{"_acf_changed":false,"_trash_the_other_posts":false,"footnotes":"","_links_to":"","_links_to_target":""},"tags":[],"class_list":["post-8210","page","type-page","status-publish","hentry"],"acf":[],"yoast_head":"<!-- This site is optimized with the Yoast SEO plugin v24.4 - https:\/\/yoast.com\/wordpress\/plugins\/seo\/ -->\n<title>Il modello fiumano di gestione degli edifici culturali - Citt\u00e0 di Fiume<\/title>\n<meta name=\"robots\" content=\"index, follow, max-snippet:-1, max-image-preview:large, max-video-preview:-1\" \/>\n<link rel=\"canonical\" href=\"https:\/\/www.rijeka.hr\/it\/temi-per-i-cittadini\/cultura\/spazi-della-cultura\/il-modello-fiumano-di-gestione-degli-edifici-culturali\/\" \/>\n<meta property=\"og:locale\" content=\"it_IT\" \/>\n<meta property=\"og:type\" content=\"article\" \/>\n<meta property=\"og:title\" content=\"Il modello fiumano di gestione degli edifici culturali - Citt\u00e0 di Fiume\" \/>\n<meta property=\"og:description\" content=\"Spazi: Palach, Filodrammatica, Marganovo L&#8217;obiettivo strategico generale della politica culturale della Citt\u00e0 di Fiume \u00e8 la creazione di condizioni materiali e di altre condizioni per lo sviluppo di attivit\u00e0 culturali e per fornire sostegno allo sviluppo della cultura indipendente. A tal fine, gli spazi dei club Palach, Filodrammaticae e Marganovo dovrebbero diventare nuovi centri della...\" \/>\n<meta property=\"og:url\" content=\"https:\/\/www.rijeka.hr\/it\/temi-per-i-cittadini\/cultura\/spazi-della-cultura\/il-modello-fiumano-di-gestione-degli-edifici-culturali\/\" \/>\n<meta property=\"og:site_name\" content=\"Citt\u00e0 di Fiume\" \/>\n<meta property=\"article:modified_time\" content=\"2022-12-22T14:05:28+00:00\" \/>\n<meta name=\"twitter:card\" content=\"summary_large_image\" \/>\n<meta name=\"twitter:label1\" content=\"Est. reading time\" \/>\n\t<meta name=\"twitter:data1\" content=\"1 minute\" \/>\n<script type=\"application\/ld+json\" class=\"yoast-schema-graph\">{\"@context\":\"https:\/\/schema.org\",\"@graph\":[{\"@type\":\"WebPage\",\"@id\":\"https:\/\/www.rijeka.hr\/it\/temi-per-i-cittadini\/cultura\/spazi-della-cultura\/il-modello-fiumano-di-gestione-degli-edifici-culturali\/\",\"url\":\"https:\/\/www.rijeka.hr\/it\/temi-per-i-cittadini\/cultura\/spazi-della-cultura\/il-modello-fiumano-di-gestione-degli-edifici-culturali\/\",\"name\":\"Il modello fiumano di gestione degli edifici culturali - Citt\u00e0 di Fiume\",\"isPartOf\":{\"@id\":\"https:\/\/www.rijeka.hr\/it\/#website\"},\"datePublished\":\"2019-02-14T14:09:53+00:00\",\"dateModified\":\"2022-12-22T14:05:28+00:00\",\"breadcrumb\":{\"@id\":\"https:\/\/www.rijeka.hr\/it\/temi-per-i-cittadini\/cultura\/spazi-della-cultura\/il-modello-fiumano-di-gestione-degli-edifici-culturali\/#breadcrumb\"},\"inLanguage\":\"it-IT\",\"potentialAction\":[{\"@type\":\"ReadAction\",\"target\":[\"https:\/\/www.rijeka.hr\/it\/temi-per-i-cittadini\/cultura\/spazi-della-cultura\/il-modello-fiumano-di-gestione-degli-edifici-culturali\/\"]}]},{\"@type\":\"BreadcrumbList\",\"@id\":\"https:\/\/www.rijeka.hr\/it\/temi-per-i-cittadini\/cultura\/spazi-della-cultura\/il-modello-fiumano-di-gestione-degli-edifici-culturali\/#breadcrumb\",\"itemListElement\":[{\"@type\":\"ListItem\",\"position\":1,\"name\":\"Po\u010detna stranica\",\"item\":\"https:\/\/www.rijeka.hr\/it\/\"},{\"@type\":\"ListItem\",\"position\":2,\"name\":\"Temi per i cittadini\",\"item\":\"https:\/\/www.rijeka.hr\/it\/temi-per-i-cittadini\/\"},{\"@type\":\"ListItem\",\"position\":3,\"name\":\"Cultura\",\"item\":\"https:\/\/www.rijeka.hr\/it\/temi-per-i-cittadini\/cultura\/\"},{\"@type\":\"ListItem\",\"position\":4,\"name\":\"Spazi della cultura\",\"item\":\"https:\/\/www.rijeka.hr\/it\/temi-per-i-cittadini\/cultura\/spazi-della-cultura\/\"},{\"@type\":\"ListItem\",\"position\":5,\"name\":\"Il modello fiumano di gestione degli edifici culturali\"}]},{\"@type\":\"WebSite\",\"@id\":\"https:\/\/www.rijeka.hr\/it\/#website\",\"url\":\"https:\/\/www.rijeka.hr\/it\/\",\"name\":\"Citt\u00e0 di Fiume\",\"description\":\"Portale web della Citta&#039; di Fiume\",\"potentialAction\":[{\"@type\":\"SearchAction\",\"target\":{\"@type\":\"EntryPoint\",\"urlTemplate\":\"https:\/\/www.rijeka.hr\/it\/?s={search_term_string}\"},\"query-input\":{\"@type\":\"PropertyValueSpecification\",\"valueRequired\":true,\"valueName\":\"search_term_string\"}}],\"inLanguage\":\"it-IT\"}]}<\/script>\n<!-- \/ Yoast SEO plugin. -->","yoast_head_json":{"title":"Il modello fiumano di gestione degli edifici culturali - Citt\u00e0 di Fiume","robots":{"index":"index","follow":"follow","max-snippet":"max-snippet:-1","max-image-preview":"max-image-preview:large","max-video-preview":"max-video-preview:-1"},"canonical":"https:\/\/www.rijeka.hr\/it\/temi-per-i-cittadini\/cultura\/spazi-della-cultura\/il-modello-fiumano-di-gestione-degli-edifici-culturali\/","og_locale":"it_IT","og_type":"article","og_title":"Il modello fiumano di gestione degli edifici culturali - Citt\u00e0 di Fiume","og_description":"Spazi: Palach, Filodrammatica, Marganovo L&#8217;obiettivo strategico generale della politica culturale della Citt\u00e0 di Fiume \u00e8 la creazione di condizioni materiali e di altre condizioni per lo sviluppo di attivit\u00e0 culturali e per fornire sostegno allo sviluppo della cultura indipendente. A tal fine, gli spazi dei club Palach, Filodrammaticae e Marganovo dovrebbero diventare nuovi centri della...","og_url":"https:\/\/www.rijeka.hr\/it\/temi-per-i-cittadini\/cultura\/spazi-della-cultura\/il-modello-fiumano-di-gestione-degli-edifici-culturali\/","og_site_name":"Citt\u00e0 di Fiume","article_modified_time":"2022-12-22T14:05:28+00:00","twitter_card":"summary_large_image","twitter_misc":{"Est. reading time":"1 minute"},"schema":{"@context":"https:\/\/schema.org","@graph":[{"@type":"WebPage","@id":"https:\/\/www.rijeka.hr\/it\/temi-per-i-cittadini\/cultura\/spazi-della-cultura\/il-modello-fiumano-di-gestione-degli-edifici-culturali\/","url":"https:\/\/www.rijeka.hr\/it\/temi-per-i-cittadini\/cultura\/spazi-della-cultura\/il-modello-fiumano-di-gestione-degli-edifici-culturali\/","name":"Il modello fiumano di gestione degli edifici culturali - Citt\u00e0 di Fiume","isPartOf":{"@id":"https:\/\/www.rijeka.hr\/it\/#website"},"datePublished":"2019-02-14T14:09:53+00:00","dateModified":"2022-12-22T14:05:28+00:00","breadcrumb":{"@id":"https:\/\/www.rijeka.hr\/it\/temi-per-i-cittadini\/cultura\/spazi-della-cultura\/il-modello-fiumano-di-gestione-degli-edifici-culturali\/#breadcrumb"},"inLanguage":"it-IT","potentialAction":[{"@type":"ReadAction","target":["https:\/\/www.rijeka.hr\/it\/temi-per-i-cittadini\/cultura\/spazi-della-cultura\/il-modello-fiumano-di-gestione-degli-edifici-culturali\/"]}]},{"@type":"BreadcrumbList","@id":"https:\/\/www.rijeka.hr\/it\/temi-per-i-cittadini\/cultura\/spazi-della-cultura\/il-modello-fiumano-di-gestione-degli-edifici-culturali\/#breadcrumb","itemListElement":[{"@type":"ListItem","position":1,"name":"Po\u010detna stranica","item":"https:\/\/www.rijeka.hr\/it\/"},{"@type":"ListItem","position":2,"name":"Temi per i cittadini","item":"https:\/\/www.rijeka.hr\/it\/temi-per-i-cittadini\/"},{"@type":"ListItem","position":3,"name":"Cultura","item":"https:\/\/www.rijeka.hr\/it\/temi-per-i-cittadini\/cultura\/"},{"@type":"ListItem","position":4,"name":"Spazi della cultura","item":"https:\/\/www.rijeka.hr\/it\/temi-per-i-cittadini\/cultura\/spazi-della-cultura\/"},{"@type":"ListItem","position":5,"name":"Il modello fiumano di gestione degli edifici culturali"}]},{"@type":"WebSite","@id":"https:\/\/www.rijeka.hr\/it\/#website","url":"https:\/\/www.rijeka.hr\/it\/","name":"Citt\u00e0 di Fiume","description":"Portale web della Citta&#039; di Fiume","potentialAction":[{"@type":"SearchAction","target":{"@type":"EntryPoint","urlTemplate":"https:\/\/www.rijeka.hr\/it\/?s={search_term_string}"},"query-input":{"@type":"PropertyValueSpecification","valueRequired":true,"valueName":"search_term_string"}}],"inLanguage":"it-IT"}]}},"_links":{"self":[{"href":"https:\/\/www.rijeka.hr\/it\/wp-json\/wp\/v2\/pages\/8210","targetHints":{"allow":["GET"]}}],"collection":[{"href":"https:\/\/www.rijeka.hr\/it\/wp-json\/wp\/v2\/pages"}],"about":[{"href":"https:\/\/www.rijeka.hr\/it\/wp-json\/wp\/v2\/types\/page"}],"author":[{"embeddable":true,"href":"https:\/\/www.rijeka.hr\/it\/wp-json\/wp\/v2\/users\/6"}],"replies":[{"embeddable":true,"href":"https:\/\/www.rijeka.hr\/it\/wp-json\/wp\/v2\/comments?post=8210"}],"version-history":[{"count":6,"href":"https:\/\/www.rijeka.hr\/it\/wp-json\/wp\/v2\/pages\/8210\/revisions"}],"predecessor-version":[{"id":8240,"href":"https:\/\/www.rijeka.hr\/it\/wp-json\/wp\/v2\/pages\/8210\/revisions\/8240"}],"up":[{"embeddable":true,"href":"https:\/\/www.rijeka.hr\/it\/wp-json\/wp\/v2\/pages\/1075"}],"wp:attachment":[{"href":"https:\/\/www.rijeka.hr\/it\/wp-json\/wp\/v2\/media?parent=8210"}],"wp:term":[{"taxonomy":"post_tag","embeddable":true,"href":"https:\/\/www.rijeka.hr\/it\/wp-json\/wp\/v2\/tags?post=8210"}],"curies":[{"name":"wp","href":"https:\/\/api.w.org\/{rel}","templated":true}]}}