{"id":822,"date":"2016-08-02T16:13:30","date_gmt":"2016-08-02T14:13:30","guid":{"rendered":"https:\/\/www.rijeka.hr\/it\/?page_id=822"},"modified":"2018-01-08T11:30:36","modified_gmt":"2018-01-08T10:30:36","slug":"student-day-festival","status":"publish","type":"page","link":"https:\/\/www.rijeka.hr\/it\/tempo-libero-dei-giovani\/manifestazioni-per-bambini-e-giovani\/student-day-festival\/","title":{"rendered":"Student Day Festival"},"content":{"rendered":"<p>Attraverso il suo programma articolato in due giorni il festival Student Day offre un interessante repertorio di contenuti culturali, sportivi, d\u2019intrattenimento e musicali e vede esibirsi rinomati musicisti croati e internazionali.<\/p>\n<p>Lo scopo del festival \u00e8 quello di consentire agli studenti contenuti aggiuntivi inerenti all\u2019intrattenimento, alla cultura e allo sport a Fiume e migliorare la loro qualit\u00e0 di vita a Fiume. Il festival \u00e8 stato avviato nel 2009 ed \u00e8 diventato il pi\u00f9 grande divertimento degli studenti nella regione.<\/p>\n<p>Il festival viene organizzato dall&#8217;Unione studentesca dell\u2019Universit\u00e0 degli studi di Fiume. Ulteriori informazioni ono disponibili sul sito web del festival <a href=\"http:\/\/www.studentdayfestival.com\/\" target=\"_blank\" rel=\"noopener\">Student Day<\/a>.<\/p>\n<p>&nbsp;<\/p>\n","protected":false},"excerpt":{"rendered":"<p>Attraverso il suo programma articolato in due giorni il festival Student Day offre un interessante repertorio di contenuti culturali, sportivi, d\u2019intrattenimento e musicali e vede esibirsi rinomati musicisti croati e internazionali. Lo scopo del festival \u00e8 quello di consentire agli studenti contenuti aggiuntivi inerenti all\u2019intrattenimento, alla cultura e allo sport a Fiume e migliorare la&#8230;<\/p>\n","protected":false},"author":2,"featured_media":0,"parent":464,"menu_order":0,"comment_status":"closed","ping_status":"closed","template":"","meta":{"_acf_changed":false,"_trash_the_other_posts":false,"footnotes":"","_links_to":"","_links_to_target":""},"tags":[],"class_list":["post-822","page","type-page","status-publish","hentry"],"acf":[],"yoast_head":"<!-- This site is optimized with the Yoast SEO plugin v24.4 - https:\/\/yoast.com\/wordpress\/plugins\/seo\/ -->\n<title>Student Day Festival - Citt\u00e0 di Fiume<\/title>\n<meta name=\"robots\" content=\"index, follow, max-snippet:-1, max-image-preview:large, max-video-preview:-1\" \/>\n<link rel=\"canonical\" href=\"https:\/\/www.rijeka.hr\/it\/tempo-libero-dei-giovani\/manifestazioni-per-bambini-e-giovani\/student-day-festival\/\" \/>\n<meta property=\"og:locale\" content=\"it_IT\" \/>\n<meta property=\"og:type\" content=\"article\" \/>\n<meta property=\"og:title\" content=\"Student Day Festival - Citt\u00e0 di Fiume\" \/>\n<meta property=\"og:description\" content=\"Attraverso il suo programma articolato in due giorni il festival Student Day offre un interessante repertorio di contenuti culturali, sportivi, d\u2019intrattenimento e musicali e vede esibirsi rinomati musicisti croati e internazionali. Lo scopo del festival \u00e8 quello di consentire agli studenti contenuti aggiuntivi inerenti all\u2019intrattenimento, alla cultura e allo sport a Fiume e migliorare la...\" \/>\n<meta property=\"og:url\" content=\"https:\/\/www.rijeka.hr\/it\/tempo-libero-dei-giovani\/manifestazioni-per-bambini-e-giovani\/student-day-festival\/\" \/>\n<meta property=\"og:site_name\" content=\"Citt\u00e0 di Fiume\" \/>\n<meta property=\"article:modified_time\" content=\"2018-01-08T10:30:36+00:00\" \/>\n<meta name=\"twitter:card\" content=\"summary_large_image\" \/>\n<meta name=\"twitter:label1\" content=\"Est. reading time\" \/>\n\t<meta name=\"twitter:data1\" content=\"1 minute\" \/>\n<script type=\"application\/ld+json\" class=\"yoast-schema-graph\">{\"@context\":\"https:\/\/schema.org\",\"@graph\":[{\"@type\":\"WebPage\",\"@id\":\"https:\/\/www.rijeka.hr\/it\/tempo-libero-dei-giovani\/manifestazioni-per-bambini-e-giovani\/student-day-festival\/\",\"url\":\"https:\/\/www.rijeka.hr\/it\/tempo-libero-dei-giovani\/manifestazioni-per-bambini-e-giovani\/student-day-festival\/\",\"name\":\"Student Day Festival - Citt\u00e0 di Fiume\",\"isPartOf\":{\"@id\":\"https:\/\/www.rijeka.hr\/it\/#website\"},\"datePublished\":\"2016-08-02T14:13:30+00:00\",\"dateModified\":\"2018-01-08T10:30:36+00:00\",\"breadcrumb\":{\"@id\":\"https:\/\/www.rijeka.hr\/it\/tempo-libero-dei-giovani\/manifestazioni-per-bambini-e-giovani\/student-day-festival\/#breadcrumb\"},\"inLanguage\":\"it-IT\",\"potentialAction\":[{\"@type\":\"ReadAction\",\"target\":[\"https:\/\/www.rijeka.hr\/it\/tempo-libero-dei-giovani\/manifestazioni-per-bambini-e-giovani\/student-day-festival\/\"]}]},{\"@type\":\"BreadcrumbList\",\"@id\":\"https:\/\/www.rijeka.hr\/it\/tempo-libero-dei-giovani\/manifestazioni-per-bambini-e-giovani\/student-day-festival\/#breadcrumb\",\"itemListElement\":[{\"@type\":\"ListItem\",\"position\":1,\"name\":\"Po\u010detna stranica\",\"item\":\"https:\/\/www.rijeka.hr\/it\/\"},{\"@type\":\"ListItem\",\"position\":2,\"name\":\"Tempo libero dei giovani\",\"item\":\"https:\/\/www.rijeka.hr\/it\/tempo-libero-dei-giovani\/\"},{\"@type\":\"ListItem\",\"position\":3,\"name\":\"Manifestazioni per bambini e giovani\",\"item\":\"https:\/\/www.rijeka.hr\/it\/tempo-libero-dei-giovani\/manifestazioni-per-bambini-e-giovani\/\"},{\"@type\":\"ListItem\",\"position\":4,\"name\":\"Student Day Festival\"}]},{\"@type\":\"WebSite\",\"@id\":\"https:\/\/www.rijeka.hr\/it\/#website\",\"url\":\"https:\/\/www.rijeka.hr\/it\/\",\"name\":\"Citt\u00e0 di Fiume\",\"description\":\"Portale web della Citta&#039; di Fiume\",\"potentialAction\":[{\"@type\":\"SearchAction\",\"target\":{\"@type\":\"EntryPoint\",\"urlTemplate\":\"https:\/\/www.rijeka.hr\/it\/?s={search_term_string}\"},\"query-input\":{\"@type\":\"PropertyValueSpecification\",\"valueRequired\":true,\"valueName\":\"search_term_string\"}}],\"inLanguage\":\"it-IT\"}]}<\/script>\n<!-- \/ Yoast SEO plugin. -->","yoast_head_json":{"title":"Student Day Festival - Citt\u00e0 di Fiume","robots":{"index":"index","follow":"follow","max-snippet":"max-snippet:-1","max-image-preview":"max-image-preview:large","max-video-preview":"max-video-preview:-1"},"canonical":"https:\/\/www.rijeka.hr\/it\/tempo-libero-dei-giovani\/manifestazioni-per-bambini-e-giovani\/student-day-festival\/","og_locale":"it_IT","og_type":"article","og_title":"Student Day Festival - Citt\u00e0 di Fiume","og_description":"Attraverso il suo programma articolato in due giorni il festival Student Day offre un interessante repertorio di contenuti culturali, sportivi, d\u2019intrattenimento e musicali e vede esibirsi rinomati musicisti croati e internazionali. Lo scopo del festival \u00e8 quello di consentire agli studenti contenuti aggiuntivi inerenti all\u2019intrattenimento, alla cultura e allo sport a Fiume e migliorare la...","og_url":"https:\/\/www.rijeka.hr\/it\/tempo-libero-dei-giovani\/manifestazioni-per-bambini-e-giovani\/student-day-festival\/","og_site_name":"Citt\u00e0 di Fiume","article_modified_time":"2018-01-08T10:30:36+00:00","twitter_card":"summary_large_image","twitter_misc":{"Est. reading time":"1 minute"},"schema":{"@context":"https:\/\/schema.org","@graph":[{"@type":"WebPage","@id":"https:\/\/www.rijeka.hr\/it\/tempo-libero-dei-giovani\/manifestazioni-per-bambini-e-giovani\/student-day-festival\/","url":"https:\/\/www.rijeka.hr\/it\/tempo-libero-dei-giovani\/manifestazioni-per-bambini-e-giovani\/student-day-festival\/","name":"Student Day Festival - Citt\u00e0 di Fiume","isPartOf":{"@id":"https:\/\/www.rijeka.hr\/it\/#website"},"datePublished":"2016-08-02T14:13:30+00:00","dateModified":"2018-01-08T10:30:36+00:00","breadcrumb":{"@id":"https:\/\/www.rijeka.hr\/it\/tempo-libero-dei-giovani\/manifestazioni-per-bambini-e-giovani\/student-day-festival\/#breadcrumb"},"inLanguage":"it-IT","potentialAction":[{"@type":"ReadAction","target":["https:\/\/www.rijeka.hr\/it\/tempo-libero-dei-giovani\/manifestazioni-per-bambini-e-giovani\/student-day-festival\/"]}]},{"@type":"BreadcrumbList","@id":"https:\/\/www.rijeka.hr\/it\/tempo-libero-dei-giovani\/manifestazioni-per-bambini-e-giovani\/student-day-festival\/#breadcrumb","itemListElement":[{"@type":"ListItem","position":1,"name":"Po\u010detna stranica","item":"https:\/\/www.rijeka.hr\/it\/"},{"@type":"ListItem","position":2,"name":"Tempo libero dei giovani","item":"https:\/\/www.rijeka.hr\/it\/tempo-libero-dei-giovani\/"},{"@type":"ListItem","position":3,"name":"Manifestazioni per bambini e giovani","item":"https:\/\/www.rijeka.hr\/it\/tempo-libero-dei-giovani\/manifestazioni-per-bambini-e-giovani\/"},{"@type":"ListItem","position":4,"name":"Student Day Festival"}]},{"@type":"WebSite","@id":"https:\/\/www.rijeka.hr\/it\/#website","url":"https:\/\/www.rijeka.hr\/it\/","name":"Citt\u00e0 di Fiume","description":"Portale web della Citta&#039; di Fiume","potentialAction":[{"@type":"SearchAction","target":{"@type":"EntryPoint","urlTemplate":"https:\/\/www.rijeka.hr\/it\/?s={search_term_string}"},"query-input":{"@type":"PropertyValueSpecification","valueRequired":true,"valueName":"search_term_string"}}],"inLanguage":"it-IT"}]}},"_links":{"self":[{"href":"https:\/\/www.rijeka.hr\/it\/wp-json\/wp\/v2\/pages\/822","targetHints":{"allow":["GET"]}}],"collection":[{"href":"https:\/\/www.rijeka.hr\/it\/wp-json\/wp\/v2\/pages"}],"about":[{"href":"https:\/\/www.rijeka.hr\/it\/wp-json\/wp\/v2\/types\/page"}],"author":[{"embeddable":true,"href":"https:\/\/www.rijeka.hr\/it\/wp-json\/wp\/v2\/users\/2"}],"replies":[{"embeddable":true,"href":"https:\/\/www.rijeka.hr\/it\/wp-json\/wp\/v2\/comments?post=822"}],"version-history":[{"count":4,"href":"https:\/\/www.rijeka.hr\/it\/wp-json\/wp\/v2\/pages\/822\/revisions"}],"predecessor-version":[{"id":5721,"href":"https:\/\/www.rijeka.hr\/it\/wp-json\/wp\/v2\/pages\/822\/revisions\/5721"}],"up":[{"embeddable":true,"href":"https:\/\/www.rijeka.hr\/it\/wp-json\/wp\/v2\/pages\/464"}],"wp:attachment":[{"href":"https:\/\/www.rijeka.hr\/it\/wp-json\/wp\/v2\/media?parent=822"}],"wp:term":[{"taxonomy":"post_tag","embeddable":true,"href":"https:\/\/www.rijeka.hr\/it\/wp-json\/wp\/v2\/tags?post=822"}],"curies":[{"name":"wp","href":"https:\/\/api.w.org\/{rel}","templated":true}]}}