{"id":8252,"date":"2019-02-22T13:06:37","date_gmt":"2019-02-22T12:06:37","guid":{"rendered":"https:\/\/www.rijeka.hr\/it\/?page_id=8252"},"modified":"2022-03-16T14:06:58","modified_gmt":"2022-03-16T13:06:58","slug":"carnevale-fiumano","status":"publish","type":"page","link":"https:\/\/www.rijeka.hr\/it\/temi-per-i-cittadini\/cultura\/manifestazioni\/carnevale-fiumano\/","title":{"rendered":"Carnevale fiumano"},"content":{"rendered":"<p>Le tradizioni carnevalesche con sfilate e balli vengono promosse da oltre un secolo. Il Carnevale sotto forma di sfilate come oggi viene organizzato dal 1982. Attualmente pi\u00f9 di 100 gruppi carnevaleschi partecipano al Carnevale fiumano. La sfilata pu\u00f2 essere seguita in TV e inolte viene trasmessa online su Internet, presentando cos\u00ec il Carnevale fiumano al mondo intero. Dal 1995 Fiume \u00e8 membro della Federazione Europea delle Citt\u00e0 del Carnevale (FECC) e il Carnevale fiumano \u00e8 incluso nella lista dei 500 eventi pi\u00f9 importanti in Europa: Top 500 eventi europei.<\/p>\n<p>Nell\u2019ambito del Carnevale fiumano vengono organizzati i seguenti eventi: sfilate di carnevale, feste carnevalesche, l&#8217;elezione della regina del Carnevale fiumano, il ballo in maschera a carattere umanitario,\u00a0 concerti di carnevale, esibizioni di carnevale, eventi sportivi e giochi di carnevale per bambini. I cortei in maschera che sfilano per il centro citt\u00e0 l&#8217;ultima domenica prima del Mercoled\u00ec delle Ceneri, rappresentano il momento clou del carnevale. Tradizionalmente alla fine del corteo si trovano gli scampanatori di Halubje che partecipano al Carnevale fiumano fin dall&#8217;inizio.<\/p>\n<p>Gruppi provenienti da tutta la Croazia e dall&#8217;estero prendono parte al carnevale. I motivi presentati dai gruppi variano da quelli tradizionali a quelli moderni e molto spesso i loro temi prendono in giro l&#8217;attuale situazione politica. I cortei sfilano in circolo a partire dalla riva (Riva passeggeri), attraverso la zona del Delta, per finire in Corso.<\/p>\n<p>L&#8217;organizzatore del Carnevale fiumano \u00e8 <a href=\"http:\/\/www.visitrijeka.hr\/\">L&#8217;ente per il turismo della Citt\u00e0 di Fiume<\/a>.<\/p>\n","protected":false},"excerpt":{"rendered":"<p>Le tradizioni carnevalesche con sfilate e balli vengono promosse da oltre un secolo. Il Carnevale sotto forma di sfilate come oggi viene organizzato dal 1982. Attualmente pi\u00f9 di 100 gruppi carnevaleschi partecipano al Carnevale fiumano. La sfilata pu\u00f2 essere seguita in TV e inolte viene trasmessa online su Internet, presentando cos\u00ec il Carnevale fiumano al&#8230;<\/p>\n","protected":false},"author":14,"featured_media":0,"parent":1078,"menu_order":0,"comment_status":"closed","ping_status":"closed","template":"","meta":{"_acf_changed":false,"_trash_the_other_posts":false,"footnotes":"","_links_to":"","_links_to_target":""},"tags":[],"class_list":["post-8252","page","type-page","status-publish","hentry"],"acf":[],"yoast_head":"<!-- This site is optimized with the Yoast SEO plugin v24.4 - https:\/\/yoast.com\/wordpress\/plugins\/seo\/ -->\n<title>Carnevale fiumano - Citt\u00e0 di Fiume<\/title>\n<meta name=\"robots\" content=\"index, follow, max-snippet:-1, max-image-preview:large, max-video-preview:-1\" \/>\n<link rel=\"canonical\" href=\"https:\/\/www.rijeka.hr\/it\/temi-per-i-cittadini\/cultura\/manifestazioni\/carnevale-fiumano\/\" \/>\n<meta property=\"og:locale\" content=\"it_IT\" \/>\n<meta property=\"og:type\" content=\"article\" \/>\n<meta property=\"og:title\" content=\"Carnevale fiumano - Citt\u00e0 di Fiume\" \/>\n<meta property=\"og:description\" content=\"Le tradizioni carnevalesche con sfilate e balli vengono promosse da oltre un secolo. Il Carnevale sotto forma di sfilate come oggi viene organizzato dal 1982. Attualmente pi\u00f9 di 100 gruppi carnevaleschi partecipano al Carnevale fiumano. La sfilata pu\u00f2 essere seguita in TV e inolte viene trasmessa online su Internet, presentando cos\u00ec il Carnevale fiumano al...\" \/>\n<meta property=\"og:url\" content=\"https:\/\/www.rijeka.hr\/it\/temi-per-i-cittadini\/cultura\/manifestazioni\/carnevale-fiumano\/\" \/>\n<meta property=\"og:site_name\" content=\"Citt\u00e0 di Fiume\" \/>\n<meta property=\"article:modified_time\" content=\"2022-03-16T13:06:58+00:00\" \/>\n<meta name=\"twitter:card\" content=\"summary_large_image\" \/>\n<meta name=\"twitter:label1\" content=\"Est. reading time\" \/>\n\t<meta name=\"twitter:data1\" content=\"1 minute\" \/>\n<script type=\"application\/ld+json\" class=\"yoast-schema-graph\">{\"@context\":\"https:\/\/schema.org\",\"@graph\":[{\"@type\":\"WebPage\",\"@id\":\"https:\/\/www.rijeka.hr\/it\/temi-per-i-cittadini\/cultura\/manifestazioni\/carnevale-fiumano\/\",\"url\":\"https:\/\/www.rijeka.hr\/it\/temi-per-i-cittadini\/cultura\/manifestazioni\/carnevale-fiumano\/\",\"name\":\"Carnevale fiumano - Citt\u00e0 di Fiume\",\"isPartOf\":{\"@id\":\"https:\/\/www.rijeka.hr\/it\/#website\"},\"datePublished\":\"2019-02-22T12:06:37+00:00\",\"dateModified\":\"2022-03-16T13:06:58+00:00\",\"breadcrumb\":{\"@id\":\"https:\/\/www.rijeka.hr\/it\/temi-per-i-cittadini\/cultura\/manifestazioni\/carnevale-fiumano\/#breadcrumb\"},\"inLanguage\":\"it-IT\",\"potentialAction\":[{\"@type\":\"ReadAction\",\"target\":[\"https:\/\/www.rijeka.hr\/it\/temi-per-i-cittadini\/cultura\/manifestazioni\/carnevale-fiumano\/\"]}]},{\"@type\":\"BreadcrumbList\",\"@id\":\"https:\/\/www.rijeka.hr\/it\/temi-per-i-cittadini\/cultura\/manifestazioni\/carnevale-fiumano\/#breadcrumb\",\"itemListElement\":[{\"@type\":\"ListItem\",\"position\":1,\"name\":\"Po\u010detna stranica\",\"item\":\"https:\/\/www.rijeka.hr\/it\/\"},{\"@type\":\"ListItem\",\"position\":2,\"name\":\"Temi per i cittadini\",\"item\":\"https:\/\/www.rijeka.hr\/it\/temi-per-i-cittadini\/\"},{\"@type\":\"ListItem\",\"position\":3,\"name\":\"Cultura\",\"item\":\"https:\/\/www.rijeka.hr\/it\/temi-per-i-cittadini\/cultura\/\"},{\"@type\":\"ListItem\",\"position\":4,\"name\":\"Manifestazioni\",\"item\":\"https:\/\/www.rijeka.hr\/it\/temi-per-i-cittadini\/cultura\/manifestazioni\/\"},{\"@type\":\"ListItem\",\"position\":5,\"name\":\"Carnevale fiumano\"}]},{\"@type\":\"WebSite\",\"@id\":\"https:\/\/www.rijeka.hr\/it\/#website\",\"url\":\"https:\/\/www.rijeka.hr\/it\/\",\"name\":\"Citt\u00e0 di Fiume\",\"description\":\"Portale web della Citta&#039; di Fiume\",\"potentialAction\":[{\"@type\":\"SearchAction\",\"target\":{\"@type\":\"EntryPoint\",\"urlTemplate\":\"https:\/\/www.rijeka.hr\/it\/?s={search_term_string}\"},\"query-input\":{\"@type\":\"PropertyValueSpecification\",\"valueRequired\":true,\"valueName\":\"search_term_string\"}}],\"inLanguage\":\"it-IT\"}]}<\/script>\n<!-- \/ Yoast SEO plugin. -->","yoast_head_json":{"title":"Carnevale fiumano - Citt\u00e0 di Fiume","robots":{"index":"index","follow":"follow","max-snippet":"max-snippet:-1","max-image-preview":"max-image-preview:large","max-video-preview":"max-video-preview:-1"},"canonical":"https:\/\/www.rijeka.hr\/it\/temi-per-i-cittadini\/cultura\/manifestazioni\/carnevale-fiumano\/","og_locale":"it_IT","og_type":"article","og_title":"Carnevale fiumano - Citt\u00e0 di Fiume","og_description":"Le tradizioni carnevalesche con sfilate e balli vengono promosse da oltre un secolo. Il Carnevale sotto forma di sfilate come oggi viene organizzato dal 1982. Attualmente pi\u00f9 di 100 gruppi carnevaleschi partecipano al Carnevale fiumano. La sfilata pu\u00f2 essere seguita in TV e inolte viene trasmessa online su Internet, presentando cos\u00ec il Carnevale fiumano al...","og_url":"https:\/\/www.rijeka.hr\/it\/temi-per-i-cittadini\/cultura\/manifestazioni\/carnevale-fiumano\/","og_site_name":"Citt\u00e0 di Fiume","article_modified_time":"2022-03-16T13:06:58+00:00","twitter_card":"summary_large_image","twitter_misc":{"Est. reading time":"1 minute"},"schema":{"@context":"https:\/\/schema.org","@graph":[{"@type":"WebPage","@id":"https:\/\/www.rijeka.hr\/it\/temi-per-i-cittadini\/cultura\/manifestazioni\/carnevale-fiumano\/","url":"https:\/\/www.rijeka.hr\/it\/temi-per-i-cittadini\/cultura\/manifestazioni\/carnevale-fiumano\/","name":"Carnevale fiumano - Citt\u00e0 di Fiume","isPartOf":{"@id":"https:\/\/www.rijeka.hr\/it\/#website"},"datePublished":"2019-02-22T12:06:37+00:00","dateModified":"2022-03-16T13:06:58+00:00","breadcrumb":{"@id":"https:\/\/www.rijeka.hr\/it\/temi-per-i-cittadini\/cultura\/manifestazioni\/carnevale-fiumano\/#breadcrumb"},"inLanguage":"it-IT","potentialAction":[{"@type":"ReadAction","target":["https:\/\/www.rijeka.hr\/it\/temi-per-i-cittadini\/cultura\/manifestazioni\/carnevale-fiumano\/"]}]},{"@type":"BreadcrumbList","@id":"https:\/\/www.rijeka.hr\/it\/temi-per-i-cittadini\/cultura\/manifestazioni\/carnevale-fiumano\/#breadcrumb","itemListElement":[{"@type":"ListItem","position":1,"name":"Po\u010detna stranica","item":"https:\/\/www.rijeka.hr\/it\/"},{"@type":"ListItem","position":2,"name":"Temi per i cittadini","item":"https:\/\/www.rijeka.hr\/it\/temi-per-i-cittadini\/"},{"@type":"ListItem","position":3,"name":"Cultura","item":"https:\/\/www.rijeka.hr\/it\/temi-per-i-cittadini\/cultura\/"},{"@type":"ListItem","position":4,"name":"Manifestazioni","item":"https:\/\/www.rijeka.hr\/it\/temi-per-i-cittadini\/cultura\/manifestazioni\/"},{"@type":"ListItem","position":5,"name":"Carnevale fiumano"}]},{"@type":"WebSite","@id":"https:\/\/www.rijeka.hr\/it\/#website","url":"https:\/\/www.rijeka.hr\/it\/","name":"Citt\u00e0 di Fiume","description":"Portale web della Citta&#039; di Fiume","potentialAction":[{"@type":"SearchAction","target":{"@type":"EntryPoint","urlTemplate":"https:\/\/www.rijeka.hr\/it\/?s={search_term_string}"},"query-input":{"@type":"PropertyValueSpecification","valueRequired":true,"valueName":"search_term_string"}}],"inLanguage":"it-IT"}]}},"_links":{"self":[{"href":"https:\/\/www.rijeka.hr\/it\/wp-json\/wp\/v2\/pages\/8252","targetHints":{"allow":["GET"]}}],"collection":[{"href":"https:\/\/www.rijeka.hr\/it\/wp-json\/wp\/v2\/pages"}],"about":[{"href":"https:\/\/www.rijeka.hr\/it\/wp-json\/wp\/v2\/types\/page"}],"author":[{"embeddable":true,"href":"https:\/\/www.rijeka.hr\/it\/wp-json\/wp\/v2\/users\/14"}],"replies":[{"embeddable":true,"href":"https:\/\/www.rijeka.hr\/it\/wp-json\/wp\/v2\/comments?post=8252"}],"version-history":[{"count":12,"href":"https:\/\/www.rijeka.hr\/it\/wp-json\/wp\/v2\/pages\/8252\/revisions"}],"predecessor-version":[{"id":8256,"href":"https:\/\/www.rijeka.hr\/it\/wp-json\/wp\/v2\/pages\/8252\/revisions\/8256"}],"up":[{"embeddable":true,"href":"https:\/\/www.rijeka.hr\/it\/wp-json\/wp\/v2\/pages\/1078"}],"wp:attachment":[{"href":"https:\/\/www.rijeka.hr\/it\/wp-json\/wp\/v2\/media?parent=8252"}],"wp:term":[{"taxonomy":"post_tag","embeddable":true,"href":"https:\/\/www.rijeka.hr\/it\/wp-json\/wp\/v2\/tags?post=8252"}],"curies":[{"name":"wp","href":"https:\/\/api.w.org\/{rel}","templated":true}]}}