{"id":8282,"date":"2019-03-01T10:20:02","date_gmt":"2019-03-01T09:20:02","guid":{"rendered":"https:\/\/www.rijeka.hr\/it\/?page_id=8282"},"modified":"2019-03-01T13:22:46","modified_gmt":"2019-03-01T12:22:46","slug":"lestate-al-castello","status":"publish","type":"page","link":"https:\/\/www.rijeka.hr\/it\/temi-per-i-cittadini\/cultura\/manifestazioni\/lestate-al-castello\/","title":{"rendered":"L&#8217;estate al Castello"},"content":{"rendered":"<p>&#8220;L\u2019Estate al Castello&#8221; \u00e8 una manifestazione musicale e scenica che si svolge a Tersatto. \u00c8 stata lanciata nel 2006 dall&#8217;associazione culturale e artistica &#8220;Ba\u0161\u0107inski glasi&#8221;. Nell&#8217;imponente atmosfera del Castello di Tersatto, che offre una splendida vista su Fiume e sul Quarnero, con una brezza leggera che nelle calde serate estive aggiunge divertimento al pubblico, si esibiscono famosi artisti croati e internazionali.<\/p>\n<p>La manifestazione l&#8217;Estate al Castello negli ultimi dieci anni \u00e8 stata visitata da oltre 100.000 visitatori e ha visto l\u2019esibirsi di 1.000 artisti, musicisti e attori.<\/p>\n","protected":false},"excerpt":{"rendered":"<p>&#8220;L\u2019Estate al Castello&#8221; \u00e8 una manifestazione musicale e scenica che si svolge a Tersatto. \u00c8 stata lanciata nel 2006 dall&#8217;associazione culturale e artistica &#8220;Ba\u0161\u0107inski glasi&#8221;. Nell&#8217;imponente atmosfera del Castello di Tersatto, che offre una splendida vista su Fiume e sul Quarnero, con una brezza leggera che nelle calde serate estive aggiunge divertimento al pubblico, si&#8230;<\/p>\n","protected":false},"author":14,"featured_media":0,"parent":1078,"menu_order":0,"comment_status":"closed","ping_status":"closed","template":"","meta":{"_acf_changed":false,"_trash_the_other_posts":false,"footnotes":"","_links_to":"","_links_to_target":""},"tags":[],"class_list":["post-8282","page","type-page","status-publish","hentry"],"acf":[],"yoast_head":"<!-- This site is optimized with the Yoast SEO plugin v24.4 - https:\/\/yoast.com\/wordpress\/plugins\/seo\/ -->\n<title>L&#039;estate al Castello - Citt\u00e0 di Fiume<\/title>\n<meta name=\"robots\" content=\"index, follow, max-snippet:-1, max-image-preview:large, max-video-preview:-1\" \/>\n<link rel=\"canonical\" href=\"https:\/\/www.rijeka.hr\/it\/temi-per-i-cittadini\/cultura\/manifestazioni\/lestate-al-castello\/\" \/>\n<meta property=\"og:locale\" content=\"it_IT\" \/>\n<meta property=\"og:type\" content=\"article\" \/>\n<meta property=\"og:title\" content=\"L&#039;estate al Castello - Citt\u00e0 di Fiume\" \/>\n<meta property=\"og:description\" content=\"&#8220;L\u2019Estate al Castello&#8221; \u00e8 una manifestazione musicale e scenica che si svolge a Tersatto. \u00c8 stata lanciata nel 2006 dall&#8217;associazione culturale e artistica &#8220;Ba\u0161\u0107inski glasi&#8221;. Nell&#8217;imponente atmosfera del Castello di Tersatto, che offre una splendida vista su Fiume e sul Quarnero, con una brezza leggera che nelle calde serate estive aggiunge divertimento al pubblico, si...\" \/>\n<meta property=\"og:url\" content=\"https:\/\/www.rijeka.hr\/it\/temi-per-i-cittadini\/cultura\/manifestazioni\/lestate-al-castello\/\" \/>\n<meta property=\"og:site_name\" content=\"Citt\u00e0 di Fiume\" \/>\n<meta property=\"article:modified_time\" content=\"2019-03-01T12:22:46+00:00\" \/>\n<meta name=\"twitter:card\" content=\"summary_large_image\" \/>\n<script type=\"application\/ld+json\" class=\"yoast-schema-graph\">{\"@context\":\"https:\/\/schema.org\",\"@graph\":[{\"@type\":\"WebPage\",\"@id\":\"https:\/\/www.rijeka.hr\/it\/temi-per-i-cittadini\/cultura\/manifestazioni\/lestate-al-castello\/\",\"url\":\"https:\/\/www.rijeka.hr\/it\/temi-per-i-cittadini\/cultura\/manifestazioni\/lestate-al-castello\/\",\"name\":\"L'estate al Castello - Citt\u00e0 di Fiume\",\"isPartOf\":{\"@id\":\"https:\/\/www.rijeka.hr\/it\/#website\"},\"datePublished\":\"2019-03-01T09:20:02+00:00\",\"dateModified\":\"2019-03-01T12:22:46+00:00\",\"breadcrumb\":{\"@id\":\"https:\/\/www.rijeka.hr\/it\/temi-per-i-cittadini\/cultura\/manifestazioni\/lestate-al-castello\/#breadcrumb\"},\"inLanguage\":\"it-IT\",\"potentialAction\":[{\"@type\":\"ReadAction\",\"target\":[\"https:\/\/www.rijeka.hr\/it\/temi-per-i-cittadini\/cultura\/manifestazioni\/lestate-al-castello\/\"]}]},{\"@type\":\"BreadcrumbList\",\"@id\":\"https:\/\/www.rijeka.hr\/it\/temi-per-i-cittadini\/cultura\/manifestazioni\/lestate-al-castello\/#breadcrumb\",\"itemListElement\":[{\"@type\":\"ListItem\",\"position\":1,\"name\":\"Po\u010detna stranica\",\"item\":\"https:\/\/www.rijeka.hr\/it\/\"},{\"@type\":\"ListItem\",\"position\":2,\"name\":\"Temi per i cittadini\",\"item\":\"https:\/\/www.rijeka.hr\/it\/temi-per-i-cittadini\/\"},{\"@type\":\"ListItem\",\"position\":3,\"name\":\"Cultura\",\"item\":\"https:\/\/www.rijeka.hr\/it\/temi-per-i-cittadini\/cultura\/\"},{\"@type\":\"ListItem\",\"position\":4,\"name\":\"Manifestazioni\",\"item\":\"https:\/\/www.rijeka.hr\/it\/temi-per-i-cittadini\/cultura\/manifestazioni\/\"},{\"@type\":\"ListItem\",\"position\":5,\"name\":\"L&#8217;estate al Castello\"}]},{\"@type\":\"WebSite\",\"@id\":\"https:\/\/www.rijeka.hr\/it\/#website\",\"url\":\"https:\/\/www.rijeka.hr\/it\/\",\"name\":\"Citt\u00e0 di Fiume\",\"description\":\"Portale web della Citta&#039; di Fiume\",\"potentialAction\":[{\"@type\":\"SearchAction\",\"target\":{\"@type\":\"EntryPoint\",\"urlTemplate\":\"https:\/\/www.rijeka.hr\/it\/?s={search_term_string}\"},\"query-input\":{\"@type\":\"PropertyValueSpecification\",\"valueRequired\":true,\"valueName\":\"search_term_string\"}}],\"inLanguage\":\"it-IT\"}]}<\/script>\n<!-- \/ Yoast SEO plugin. -->","yoast_head_json":{"title":"L'estate al Castello - Citt\u00e0 di Fiume","robots":{"index":"index","follow":"follow","max-snippet":"max-snippet:-1","max-image-preview":"max-image-preview:large","max-video-preview":"max-video-preview:-1"},"canonical":"https:\/\/www.rijeka.hr\/it\/temi-per-i-cittadini\/cultura\/manifestazioni\/lestate-al-castello\/","og_locale":"it_IT","og_type":"article","og_title":"L'estate al Castello - Citt\u00e0 di Fiume","og_description":"&#8220;L\u2019Estate al Castello&#8221; \u00e8 una manifestazione musicale e scenica che si svolge a Tersatto. \u00c8 stata lanciata nel 2006 dall&#8217;associazione culturale e artistica &#8220;Ba\u0161\u0107inski glasi&#8221;. Nell&#8217;imponente atmosfera del Castello di Tersatto, che offre una splendida vista su Fiume e sul Quarnero, con una brezza leggera che nelle calde serate estive aggiunge divertimento al pubblico, si...","og_url":"https:\/\/www.rijeka.hr\/it\/temi-per-i-cittadini\/cultura\/manifestazioni\/lestate-al-castello\/","og_site_name":"Citt\u00e0 di Fiume","article_modified_time":"2019-03-01T12:22:46+00:00","twitter_card":"summary_large_image","schema":{"@context":"https:\/\/schema.org","@graph":[{"@type":"WebPage","@id":"https:\/\/www.rijeka.hr\/it\/temi-per-i-cittadini\/cultura\/manifestazioni\/lestate-al-castello\/","url":"https:\/\/www.rijeka.hr\/it\/temi-per-i-cittadini\/cultura\/manifestazioni\/lestate-al-castello\/","name":"L'estate al Castello - Citt\u00e0 di Fiume","isPartOf":{"@id":"https:\/\/www.rijeka.hr\/it\/#website"},"datePublished":"2019-03-01T09:20:02+00:00","dateModified":"2019-03-01T12:22:46+00:00","breadcrumb":{"@id":"https:\/\/www.rijeka.hr\/it\/temi-per-i-cittadini\/cultura\/manifestazioni\/lestate-al-castello\/#breadcrumb"},"inLanguage":"it-IT","potentialAction":[{"@type":"ReadAction","target":["https:\/\/www.rijeka.hr\/it\/temi-per-i-cittadini\/cultura\/manifestazioni\/lestate-al-castello\/"]}]},{"@type":"BreadcrumbList","@id":"https:\/\/www.rijeka.hr\/it\/temi-per-i-cittadini\/cultura\/manifestazioni\/lestate-al-castello\/#breadcrumb","itemListElement":[{"@type":"ListItem","position":1,"name":"Po\u010detna stranica","item":"https:\/\/www.rijeka.hr\/it\/"},{"@type":"ListItem","position":2,"name":"Temi per i cittadini","item":"https:\/\/www.rijeka.hr\/it\/temi-per-i-cittadini\/"},{"@type":"ListItem","position":3,"name":"Cultura","item":"https:\/\/www.rijeka.hr\/it\/temi-per-i-cittadini\/cultura\/"},{"@type":"ListItem","position":4,"name":"Manifestazioni","item":"https:\/\/www.rijeka.hr\/it\/temi-per-i-cittadini\/cultura\/manifestazioni\/"},{"@type":"ListItem","position":5,"name":"L&#8217;estate al Castello"}]},{"@type":"WebSite","@id":"https:\/\/www.rijeka.hr\/it\/#website","url":"https:\/\/www.rijeka.hr\/it\/","name":"Citt\u00e0 di Fiume","description":"Portale web della Citta&#039; di Fiume","potentialAction":[{"@type":"SearchAction","target":{"@type":"EntryPoint","urlTemplate":"https:\/\/www.rijeka.hr\/it\/?s={search_term_string}"},"query-input":{"@type":"PropertyValueSpecification","valueRequired":true,"valueName":"search_term_string"}}],"inLanguage":"it-IT"}]}},"_links":{"self":[{"href":"https:\/\/www.rijeka.hr\/it\/wp-json\/wp\/v2\/pages\/8282","targetHints":{"allow":["GET"]}}],"collection":[{"href":"https:\/\/www.rijeka.hr\/it\/wp-json\/wp\/v2\/pages"}],"about":[{"href":"https:\/\/www.rijeka.hr\/it\/wp-json\/wp\/v2\/types\/page"}],"author":[{"embeddable":true,"href":"https:\/\/www.rijeka.hr\/it\/wp-json\/wp\/v2\/users\/14"}],"replies":[{"embeddable":true,"href":"https:\/\/www.rijeka.hr\/it\/wp-json\/wp\/v2\/comments?post=8282"}],"version-history":[{"count":5,"href":"https:\/\/www.rijeka.hr\/it\/wp-json\/wp\/v2\/pages\/8282\/revisions"}],"predecessor-version":[{"id":8284,"href":"https:\/\/www.rijeka.hr\/it\/wp-json\/wp\/v2\/pages\/8282\/revisions\/8284"}],"up":[{"embeddable":true,"href":"https:\/\/www.rijeka.hr\/it\/wp-json\/wp\/v2\/pages\/1078"}],"wp:attachment":[{"href":"https:\/\/www.rijeka.hr\/it\/wp-json\/wp\/v2\/media?parent=8282"}],"wp:term":[{"taxonomy":"post_tag","embeddable":true,"href":"https:\/\/www.rijeka.hr\/it\/wp-json\/wp\/v2\/tags?post=8282"}],"curies":[{"name":"wp","href":"https:\/\/api.w.org\/{rel}","templated":true}]}}