{"id":83,"date":"2016-07-21T15:32:17","date_gmt":"2016-07-21T13:32:17","guid":{"rendered":"https:\/\/www.rijeka.hr\/it\/?page_id=83"},"modified":"2019-11-11T10:48:51","modified_gmt":"2019-11-11T09:48:51","slug":"programma-nazionale-per-la-prevenzione-di-malattie-cardiovascolari-vivere-sani","status":"publish","type":"page","link":"https:\/\/www.rijeka.hr\/it\/temi-per-i-cittadini\/famiglia-e-assistenza-sociale\/salute\/servizi-sanitari-eo-servizi-consultivi\/programma-nazionale-per-la-prevenzione-di-malattie-cardiovascolari-vivere-sani\/","title":{"rendered":"Programma nazionale per la prevenzione di malattie cardiovascolari &#8220;Vivere sani&#8221;"},"content":{"rendered":"<p>L\u2019attuazione del programma ha preso il via nel 2003. Nel 2014, il Ministero della Salute e l\u2019Istituto croato per la salute pubblica hanno accordato di continuare l\u2019attuazione di questo programma che attraverso la sua attivit\u00e0 nella comunit\u00e0 cerca di informare, educare e sensibilizzare i cittadini della Repubblica di Croazia di tutte le fasce di et\u00e0 sugli aspetti positivi degli stili di vita sani, su una corretta alimentazione, sull\u2019attivit\u00e0 fisica, sulla prevenzione dell\u2019obesit\u00e0, sulla perdita di peso corporeo eccessivo, sulla diminuzione dell\u2019incidenza delle malattie croniche non infettive (malattie cardiovascolari, tumori, diabete di tipo 2, malattie polmonari ostruttive croniche, malattie mentali). All\u2019attuazione di questo Programma nazionale partecipano gli organi rispettivi dell\u2019amministrazione statale e altre istituzioni.<\/p>\n<p>Le cinque componenti di questo programma che includono singoli progetti sono: l\u2019Educazione sanitaria (progetto Poligoni, progetto 10\u2032 ginnastica, i Men\u00f9 raccomandati per le scuole elementari e medie superiori), il Turismo sanitario (progetto Camminando verso la salute), la Salute e l\u2019alimentazione (timbro di garanzia &#8220;Vivere sani\u201d, il Programma dell\u2019alimentazione corretta nelle scuole), la Salute e il posto di lavoro (progetti l\u2019Azienda, amico della salute) e la Salute e l\u2019ambiente (progetto Volontari al parco). La popolazione mirata del Programma nazionale include: i bambini e giovani, persone in et\u00e0 media e anziana in generale \u2013 persone con aumentati fattori di rischio comportamentali e biomedici.<\/p>\n<p>I contributi che si aspettano per la sanit\u00e0 pubblica dal Programma nazionale &#8220;Vivere sani&#8221; sono: la sensibilizzazione dei cittadini sulla necessit\u00e0 di tutelare la salute, il cambiamento delle cattive abitudini di vita, la diminuzione dell\u2019incidenza delle malattie croniche non infettive e l\u2019aumento della quota dei cittadini sani nella popolazione totale della Repubblica di Croazia.<\/p>\n<p>La Citt\u00e0 di Fiume con numerosi programmi cerca di incoraggiare i cittadini ad adottare stili di vita sani. Pertanto la Citt\u00e0 partecipa attivamente all\u2019attuazione delle attivit\u00e0 nell\u2019ambito del programma &#8220;Vivere sani&#8221;, continuamente promuove la campagna Fiume in movimento (promozione del movimento e dell\u2019attivit\u00e0 fisica in generale), sviluppa il progetto <a href=\"https:\/\/www.rijeka.hr\/teme-za-gradane\/sport-i-rekreacija\/setnice-i-parkovi\/projekt-rijecke-setnice\/\">Passeggiate fiumane<\/a>, e attraverso il progetto Fiume citt\u00e0 sana, cerca di promuovere aggiuntivamente stili di vita sani.<\/p>\n","protected":false},"excerpt":{"rendered":"<p>L\u2019attuazione del programma ha preso il via nel 2003. Nel 2014, il Ministero della Salute e l\u2019Istituto croato per la salute pubblica hanno accordato di continuare l\u2019attuazione di questo programma che attraverso la sua attivit\u00e0 nella comunit\u00e0 cerca di informare, educare e sensibilizzare i cittadini della Repubblica di Croazia di tutte le fasce di et\u00e0&#8230;<\/p>\n","protected":false},"author":6,"featured_media":0,"parent":69,"menu_order":0,"comment_status":"closed","ping_status":"closed","template":"","meta":{"_acf_changed":false,"_trash_the_other_posts":false,"footnotes":"","_links_to":"","_links_to_target":""},"tags":[],"class_list":["post-83","page","type-page","status-publish","hentry"],"acf":[],"yoast_head":"<!-- This site is optimized with the Yoast SEO plugin v24.4 - https:\/\/yoast.com\/wordpress\/plugins\/seo\/ -->\n<title>Programma nazionale per la prevenzione di malattie cardiovascolari &quot;Vivere sani&quot; - Citt\u00e0 di Fiume<\/title>\n<meta name=\"robots\" content=\"index, follow, max-snippet:-1, max-image-preview:large, max-video-preview:-1\" \/>\n<link rel=\"canonical\" href=\"https:\/\/www.rijeka.hr\/it\/temi-per-i-cittadini\/famiglia-e-assistenza-sociale\/salute\/servizi-sanitari-eo-servizi-consultivi\/programma-nazionale-per-la-prevenzione-di-malattie-cardiovascolari-vivere-sani\/\" \/>\n<meta property=\"og:locale\" content=\"it_IT\" \/>\n<meta property=\"og:type\" content=\"article\" \/>\n<meta property=\"og:title\" content=\"Programma nazionale per la prevenzione di malattie cardiovascolari &quot;Vivere sani&quot; - Citt\u00e0 di Fiume\" \/>\n<meta property=\"og:description\" content=\"L\u2019attuazione del programma ha preso il via nel 2003. Nel 2014, il Ministero della Salute e l\u2019Istituto croato per la salute pubblica hanno accordato di continuare l\u2019attuazione di questo programma che attraverso la sua attivit\u00e0 nella comunit\u00e0 cerca di informare, educare e sensibilizzare i cittadini della Repubblica di Croazia di tutte le fasce di et\u00e0...\" \/>\n<meta property=\"og:url\" content=\"https:\/\/www.rijeka.hr\/it\/temi-per-i-cittadini\/famiglia-e-assistenza-sociale\/salute\/servizi-sanitari-eo-servizi-consultivi\/programma-nazionale-per-la-prevenzione-di-malattie-cardiovascolari-vivere-sani\/\" \/>\n<meta property=\"og:site_name\" content=\"Citt\u00e0 di Fiume\" \/>\n<meta property=\"article:modified_time\" content=\"2019-11-11T09:48:51+00:00\" \/>\n<meta name=\"twitter:card\" content=\"summary_large_image\" \/>\n<meta name=\"twitter:label1\" content=\"Est. reading time\" \/>\n\t<meta name=\"twitter:data1\" content=\"2 minutes\" \/>\n<script type=\"application\/ld+json\" class=\"yoast-schema-graph\">{\"@context\":\"https:\/\/schema.org\",\"@graph\":[{\"@type\":\"WebPage\",\"@id\":\"https:\/\/www.rijeka.hr\/it\/temi-per-i-cittadini\/famiglia-e-assistenza-sociale\/salute\/servizi-sanitari-eo-servizi-consultivi\/programma-nazionale-per-la-prevenzione-di-malattie-cardiovascolari-vivere-sani\/\",\"url\":\"https:\/\/www.rijeka.hr\/it\/temi-per-i-cittadini\/famiglia-e-assistenza-sociale\/salute\/servizi-sanitari-eo-servizi-consultivi\/programma-nazionale-per-la-prevenzione-di-malattie-cardiovascolari-vivere-sani\/\",\"name\":\"Programma nazionale per la prevenzione di malattie cardiovascolari \\\"Vivere sani\\\" - Citt\u00e0 di Fiume\",\"isPartOf\":{\"@id\":\"https:\/\/www.rijeka.hr\/it\/#website\"},\"datePublished\":\"2016-07-21T13:32:17+00:00\",\"dateModified\":\"2019-11-11T09:48:51+00:00\",\"breadcrumb\":{\"@id\":\"https:\/\/www.rijeka.hr\/it\/temi-per-i-cittadini\/famiglia-e-assistenza-sociale\/salute\/servizi-sanitari-eo-servizi-consultivi\/programma-nazionale-per-la-prevenzione-di-malattie-cardiovascolari-vivere-sani\/#breadcrumb\"},\"inLanguage\":\"it-IT\",\"potentialAction\":[{\"@type\":\"ReadAction\",\"target\":[\"https:\/\/www.rijeka.hr\/it\/temi-per-i-cittadini\/famiglia-e-assistenza-sociale\/salute\/servizi-sanitari-eo-servizi-consultivi\/programma-nazionale-per-la-prevenzione-di-malattie-cardiovascolari-vivere-sani\/\"]}]},{\"@type\":\"BreadcrumbList\",\"@id\":\"https:\/\/www.rijeka.hr\/it\/temi-per-i-cittadini\/famiglia-e-assistenza-sociale\/salute\/servizi-sanitari-eo-servizi-consultivi\/programma-nazionale-per-la-prevenzione-di-malattie-cardiovascolari-vivere-sani\/#breadcrumb\",\"itemListElement\":[{\"@type\":\"ListItem\",\"position\":1,\"name\":\"Po\u010detna stranica\",\"item\":\"https:\/\/www.rijeka.hr\/it\/\"},{\"@type\":\"ListItem\",\"position\":2,\"name\":\"Temi per i cittadini\",\"item\":\"https:\/\/www.rijeka.hr\/it\/temi-per-i-cittadini\/\"},{\"@type\":\"ListItem\",\"position\":3,\"name\":\"Famiglia e previdenza sociale\",\"item\":\"https:\/\/www.rijeka.hr\/it\/temi-per-i-cittadini\/famiglia-e-assistenza-sociale\/\"},{\"@type\":\"ListItem\",\"position\":4,\"name\":\"Sanit\u00e0\",\"item\":\"https:\/\/www.rijeka.hr\/it\/temi-per-i-cittadini\/famiglia-e-assistenza-sociale\/salute\/\"},{\"@type\":\"ListItem\",\"position\":5,\"name\":\"Servizi sanitari e\/o servizi consultivi\",\"item\":\"https:\/\/www.rijeka.hr\/it\/temi-per-i-cittadini\/famiglia-e-assistenza-sociale\/salute\/servizi-sanitari-eo-servizi-consultivi\/\"},{\"@type\":\"ListItem\",\"position\":6,\"name\":\"Programma nazionale per la prevenzione di malattie cardiovascolari &#8220;Vivere sani&#8221;\"}]},{\"@type\":\"WebSite\",\"@id\":\"https:\/\/www.rijeka.hr\/it\/#website\",\"url\":\"https:\/\/www.rijeka.hr\/it\/\",\"name\":\"Citt\u00e0 di Fiume\",\"description\":\"Portale web della Citta&#039; di Fiume\",\"potentialAction\":[{\"@type\":\"SearchAction\",\"target\":{\"@type\":\"EntryPoint\",\"urlTemplate\":\"https:\/\/www.rijeka.hr\/it\/?s={search_term_string}\"},\"query-input\":{\"@type\":\"PropertyValueSpecification\",\"valueRequired\":true,\"valueName\":\"search_term_string\"}}],\"inLanguage\":\"it-IT\"}]}<\/script>\n<!-- \/ Yoast SEO plugin. -->","yoast_head_json":{"title":"Programma nazionale per la prevenzione di malattie cardiovascolari \"Vivere sani\" - Citt\u00e0 di Fiume","robots":{"index":"index","follow":"follow","max-snippet":"max-snippet:-1","max-image-preview":"max-image-preview:large","max-video-preview":"max-video-preview:-1"},"canonical":"https:\/\/www.rijeka.hr\/it\/temi-per-i-cittadini\/famiglia-e-assistenza-sociale\/salute\/servizi-sanitari-eo-servizi-consultivi\/programma-nazionale-per-la-prevenzione-di-malattie-cardiovascolari-vivere-sani\/","og_locale":"it_IT","og_type":"article","og_title":"Programma nazionale per la prevenzione di malattie cardiovascolari \"Vivere sani\" - Citt\u00e0 di Fiume","og_description":"L\u2019attuazione del programma ha preso il via nel 2003. Nel 2014, il Ministero della Salute e l\u2019Istituto croato per la salute pubblica hanno accordato di continuare l\u2019attuazione di questo programma che attraverso la sua attivit\u00e0 nella comunit\u00e0 cerca di informare, educare e sensibilizzare i cittadini della Repubblica di Croazia di tutte le fasce di et\u00e0...","og_url":"https:\/\/www.rijeka.hr\/it\/temi-per-i-cittadini\/famiglia-e-assistenza-sociale\/salute\/servizi-sanitari-eo-servizi-consultivi\/programma-nazionale-per-la-prevenzione-di-malattie-cardiovascolari-vivere-sani\/","og_site_name":"Citt\u00e0 di Fiume","article_modified_time":"2019-11-11T09:48:51+00:00","twitter_card":"summary_large_image","twitter_misc":{"Est. reading time":"2 minutes"},"schema":{"@context":"https:\/\/schema.org","@graph":[{"@type":"WebPage","@id":"https:\/\/www.rijeka.hr\/it\/temi-per-i-cittadini\/famiglia-e-assistenza-sociale\/salute\/servizi-sanitari-eo-servizi-consultivi\/programma-nazionale-per-la-prevenzione-di-malattie-cardiovascolari-vivere-sani\/","url":"https:\/\/www.rijeka.hr\/it\/temi-per-i-cittadini\/famiglia-e-assistenza-sociale\/salute\/servizi-sanitari-eo-servizi-consultivi\/programma-nazionale-per-la-prevenzione-di-malattie-cardiovascolari-vivere-sani\/","name":"Programma nazionale per la prevenzione di malattie cardiovascolari \"Vivere sani\" - Citt\u00e0 di Fiume","isPartOf":{"@id":"https:\/\/www.rijeka.hr\/it\/#website"},"datePublished":"2016-07-21T13:32:17+00:00","dateModified":"2019-11-11T09:48:51+00:00","breadcrumb":{"@id":"https:\/\/www.rijeka.hr\/it\/temi-per-i-cittadini\/famiglia-e-assistenza-sociale\/salute\/servizi-sanitari-eo-servizi-consultivi\/programma-nazionale-per-la-prevenzione-di-malattie-cardiovascolari-vivere-sani\/#breadcrumb"},"inLanguage":"it-IT","potentialAction":[{"@type":"ReadAction","target":["https:\/\/www.rijeka.hr\/it\/temi-per-i-cittadini\/famiglia-e-assistenza-sociale\/salute\/servizi-sanitari-eo-servizi-consultivi\/programma-nazionale-per-la-prevenzione-di-malattie-cardiovascolari-vivere-sani\/"]}]},{"@type":"BreadcrumbList","@id":"https:\/\/www.rijeka.hr\/it\/temi-per-i-cittadini\/famiglia-e-assistenza-sociale\/salute\/servizi-sanitari-eo-servizi-consultivi\/programma-nazionale-per-la-prevenzione-di-malattie-cardiovascolari-vivere-sani\/#breadcrumb","itemListElement":[{"@type":"ListItem","position":1,"name":"Po\u010detna stranica","item":"https:\/\/www.rijeka.hr\/it\/"},{"@type":"ListItem","position":2,"name":"Temi per i cittadini","item":"https:\/\/www.rijeka.hr\/it\/temi-per-i-cittadini\/"},{"@type":"ListItem","position":3,"name":"Famiglia e previdenza sociale","item":"https:\/\/www.rijeka.hr\/it\/temi-per-i-cittadini\/famiglia-e-assistenza-sociale\/"},{"@type":"ListItem","position":4,"name":"Sanit\u00e0","item":"https:\/\/www.rijeka.hr\/it\/temi-per-i-cittadini\/famiglia-e-assistenza-sociale\/salute\/"},{"@type":"ListItem","position":5,"name":"Servizi sanitari e\/o servizi consultivi","item":"https:\/\/www.rijeka.hr\/it\/temi-per-i-cittadini\/famiglia-e-assistenza-sociale\/salute\/servizi-sanitari-eo-servizi-consultivi\/"},{"@type":"ListItem","position":6,"name":"Programma nazionale per la prevenzione di malattie cardiovascolari &#8220;Vivere sani&#8221;"}]},{"@type":"WebSite","@id":"https:\/\/www.rijeka.hr\/it\/#website","url":"https:\/\/www.rijeka.hr\/it\/","name":"Citt\u00e0 di Fiume","description":"Portale web della Citta&#039; di Fiume","potentialAction":[{"@type":"SearchAction","target":{"@type":"EntryPoint","urlTemplate":"https:\/\/www.rijeka.hr\/it\/?s={search_term_string}"},"query-input":{"@type":"PropertyValueSpecification","valueRequired":true,"valueName":"search_term_string"}}],"inLanguage":"it-IT"}]}},"_links":{"self":[{"href":"https:\/\/www.rijeka.hr\/it\/wp-json\/wp\/v2\/pages\/83","targetHints":{"allow":["GET"]}}],"collection":[{"href":"https:\/\/www.rijeka.hr\/it\/wp-json\/wp\/v2\/pages"}],"about":[{"href":"https:\/\/www.rijeka.hr\/it\/wp-json\/wp\/v2\/types\/page"}],"author":[{"embeddable":true,"href":"https:\/\/www.rijeka.hr\/it\/wp-json\/wp\/v2\/users\/6"}],"replies":[{"embeddable":true,"href":"https:\/\/www.rijeka.hr\/it\/wp-json\/wp\/v2\/comments?post=83"}],"version-history":[{"count":2,"href":"https:\/\/www.rijeka.hr\/it\/wp-json\/wp\/v2\/pages\/83\/revisions"}],"predecessor-version":[{"id":85,"href":"https:\/\/www.rijeka.hr\/it\/wp-json\/wp\/v2\/pages\/83\/revisions\/85"}],"up":[{"embeddable":true,"href":"https:\/\/www.rijeka.hr\/it\/wp-json\/wp\/v2\/pages\/69"}],"wp:attachment":[{"href":"https:\/\/www.rijeka.hr\/it\/wp-json\/wp\/v2\/media?parent=83"}],"wp:term":[{"taxonomy":"post_tag","embeddable":true,"href":"https:\/\/www.rijeka.hr\/it\/wp-json\/wp\/v2\/tags?post=83"}],"curies":[{"name":"wp","href":"https:\/\/api.w.org\/{rel}","templated":true}]}}