{"id":8343,"date":"2019-03-13T15:41:33","date_gmt":"2019-03-13T14:41:33","guid":{"rendered":"https:\/\/www.rijeka.hr\/it\/?page_id=8343"},"modified":"2019-03-14T13:03:39","modified_gmt":"2019-03-14T12:03:39","slug":"mio-tuo-nostro","status":"publish","type":"page","link":"https:\/\/www.rijeka.hr\/it\/temi-per-i-cittadini\/cultura\/manifestazioni\/mio-tuo-nostro\/","title":{"rendered":"Moje, tvoje, na\u0161e (Mio, tuo, nostro)"},"content":{"rendered":"<p>La manifestazione <a href=\"http:\/\/www.drugo-more.hr\/wordpress\/category\/mojetvojenasefestival\/\">Moje, tvoje, na\u0161e<\/a>\u00a0 (Mio, vostro, nostro) \u00e8 stata lanciata nel 2007. Il programma della manifestazione consiste in programmi interdisciplinari che attraverso conferenze, installazioni artistiche e spettacoli mettono in discussione la questione della propriet\u00e0, le possibilit\u00e0 di scambiare beni e conoscenze nel mondo moderno. Lo specifico della manifestazione \u00e8 che ogni nuova edizione \u00e8 seguita da un nuovo tema e interesse. Avvicinandosi al tema da diversi aspetti e discipline, Moje, tvoje, na\u0161e, collega campi artistici, attivistici e teoretici. La manifestazione apre le domande che sono importanti per i cittadini e, per affrontare meglio il problema nei confronti dei cittadini, affronta principalmente la sua struttura.<\/p>\n<p>L&#8217;organizzatore del progetto \u00e8 l\u2019associazione Drugo more.<\/p>\n","protected":false},"excerpt":{"rendered":"<p>La manifestazione Moje, tvoje, na\u0161e\u00a0 (Mio, vostro, nostro) \u00e8 stata lanciata nel 2007. Il programma della manifestazione consiste in programmi interdisciplinari che attraverso conferenze, installazioni artistiche e spettacoli mettono in discussione la questione della propriet\u00e0, le possibilit\u00e0 di scambiare beni e conoscenze nel mondo moderno. Lo specifico della manifestazione \u00e8 che ogni nuova edizione \u00e8&#8230;<\/p>\n","protected":false},"author":14,"featured_media":0,"parent":1078,"menu_order":0,"comment_status":"closed","ping_status":"closed","template":"","meta":{"_acf_changed":false,"_trash_the_other_posts":false,"footnotes":"","_links_to":"","_links_to_target":""},"tags":[],"class_list":["post-8343","page","type-page","status-publish","hentry"],"acf":[],"yoast_head":"<!-- This site is optimized with the Yoast SEO plugin v24.4 - https:\/\/yoast.com\/wordpress\/plugins\/seo\/ -->\n<title>Moje, tvoje, na\u0161e (Mio, tuo, nostro) - Citt\u00e0 di Fiume<\/title>\n<meta name=\"robots\" content=\"index, follow, max-snippet:-1, max-image-preview:large, max-video-preview:-1\" \/>\n<link rel=\"canonical\" href=\"https:\/\/www.rijeka.hr\/it\/temi-per-i-cittadini\/cultura\/manifestazioni\/mio-tuo-nostro\/\" \/>\n<meta property=\"og:locale\" content=\"it_IT\" \/>\n<meta property=\"og:type\" content=\"article\" \/>\n<meta property=\"og:title\" content=\"Moje, tvoje, na\u0161e (Mio, tuo, nostro) - Citt\u00e0 di Fiume\" \/>\n<meta property=\"og:description\" content=\"La manifestazione Moje, tvoje, na\u0161e\u00a0 (Mio, vostro, nostro) \u00e8 stata lanciata nel 2007. Il programma della manifestazione consiste in programmi interdisciplinari che attraverso conferenze, installazioni artistiche e spettacoli mettono in discussione la questione della propriet\u00e0, le possibilit\u00e0 di scambiare beni e conoscenze nel mondo moderno. Lo specifico della manifestazione \u00e8 che ogni nuova edizione \u00e8...\" \/>\n<meta property=\"og:url\" content=\"https:\/\/www.rijeka.hr\/it\/temi-per-i-cittadini\/cultura\/manifestazioni\/mio-tuo-nostro\/\" \/>\n<meta property=\"og:site_name\" content=\"Citt\u00e0 di Fiume\" \/>\n<meta property=\"article:modified_time\" content=\"2019-03-14T12:03:39+00:00\" \/>\n<meta name=\"twitter:card\" content=\"summary_large_image\" \/>\n<meta name=\"twitter:label1\" content=\"Est. reading time\" \/>\n\t<meta name=\"twitter:data1\" content=\"1 minute\" \/>\n<script type=\"application\/ld+json\" class=\"yoast-schema-graph\">{\"@context\":\"https:\/\/schema.org\",\"@graph\":[{\"@type\":\"WebPage\",\"@id\":\"https:\/\/www.rijeka.hr\/it\/temi-per-i-cittadini\/cultura\/manifestazioni\/mio-tuo-nostro\/\",\"url\":\"https:\/\/www.rijeka.hr\/it\/temi-per-i-cittadini\/cultura\/manifestazioni\/mio-tuo-nostro\/\",\"name\":\"Moje, tvoje, na\u0161e (Mio, tuo, nostro) - Citt\u00e0 di Fiume\",\"isPartOf\":{\"@id\":\"https:\/\/www.rijeka.hr\/it\/#website\"},\"datePublished\":\"2019-03-13T14:41:33+00:00\",\"dateModified\":\"2019-03-14T12:03:39+00:00\",\"breadcrumb\":{\"@id\":\"https:\/\/www.rijeka.hr\/it\/temi-per-i-cittadini\/cultura\/manifestazioni\/mio-tuo-nostro\/#breadcrumb\"},\"inLanguage\":\"it-IT\",\"potentialAction\":[{\"@type\":\"ReadAction\",\"target\":[\"https:\/\/www.rijeka.hr\/it\/temi-per-i-cittadini\/cultura\/manifestazioni\/mio-tuo-nostro\/\"]}]},{\"@type\":\"BreadcrumbList\",\"@id\":\"https:\/\/www.rijeka.hr\/it\/temi-per-i-cittadini\/cultura\/manifestazioni\/mio-tuo-nostro\/#breadcrumb\",\"itemListElement\":[{\"@type\":\"ListItem\",\"position\":1,\"name\":\"Po\u010detna stranica\",\"item\":\"https:\/\/www.rijeka.hr\/it\/\"},{\"@type\":\"ListItem\",\"position\":2,\"name\":\"Temi per i cittadini\",\"item\":\"https:\/\/www.rijeka.hr\/it\/temi-per-i-cittadini\/\"},{\"@type\":\"ListItem\",\"position\":3,\"name\":\"Cultura\",\"item\":\"https:\/\/www.rijeka.hr\/it\/temi-per-i-cittadini\/cultura\/\"},{\"@type\":\"ListItem\",\"position\":4,\"name\":\"Manifestazioni\",\"item\":\"https:\/\/www.rijeka.hr\/it\/temi-per-i-cittadini\/cultura\/manifestazioni\/\"},{\"@type\":\"ListItem\",\"position\":5,\"name\":\"Moje, tvoje, na\u0161e (Mio, tuo, nostro)\"}]},{\"@type\":\"WebSite\",\"@id\":\"https:\/\/www.rijeka.hr\/it\/#website\",\"url\":\"https:\/\/www.rijeka.hr\/it\/\",\"name\":\"Citt\u00e0 di Fiume\",\"description\":\"Portale web della Citta&#039; di Fiume\",\"potentialAction\":[{\"@type\":\"SearchAction\",\"target\":{\"@type\":\"EntryPoint\",\"urlTemplate\":\"https:\/\/www.rijeka.hr\/it\/?s={search_term_string}\"},\"query-input\":{\"@type\":\"PropertyValueSpecification\",\"valueRequired\":true,\"valueName\":\"search_term_string\"}}],\"inLanguage\":\"it-IT\"}]}<\/script>\n<!-- \/ Yoast SEO plugin. -->","yoast_head_json":{"title":"Moje, tvoje, na\u0161e (Mio, tuo, nostro) - Citt\u00e0 di Fiume","robots":{"index":"index","follow":"follow","max-snippet":"max-snippet:-1","max-image-preview":"max-image-preview:large","max-video-preview":"max-video-preview:-1"},"canonical":"https:\/\/www.rijeka.hr\/it\/temi-per-i-cittadini\/cultura\/manifestazioni\/mio-tuo-nostro\/","og_locale":"it_IT","og_type":"article","og_title":"Moje, tvoje, na\u0161e (Mio, tuo, nostro) - Citt\u00e0 di Fiume","og_description":"La manifestazione Moje, tvoje, na\u0161e\u00a0 (Mio, vostro, nostro) \u00e8 stata lanciata nel 2007. Il programma della manifestazione consiste in programmi interdisciplinari che attraverso conferenze, installazioni artistiche e spettacoli mettono in discussione la questione della propriet\u00e0, le possibilit\u00e0 di scambiare beni e conoscenze nel mondo moderno. Lo specifico della manifestazione \u00e8 che ogni nuova edizione \u00e8...","og_url":"https:\/\/www.rijeka.hr\/it\/temi-per-i-cittadini\/cultura\/manifestazioni\/mio-tuo-nostro\/","og_site_name":"Citt\u00e0 di Fiume","article_modified_time":"2019-03-14T12:03:39+00:00","twitter_card":"summary_large_image","twitter_misc":{"Est. reading time":"1 minute"},"schema":{"@context":"https:\/\/schema.org","@graph":[{"@type":"WebPage","@id":"https:\/\/www.rijeka.hr\/it\/temi-per-i-cittadini\/cultura\/manifestazioni\/mio-tuo-nostro\/","url":"https:\/\/www.rijeka.hr\/it\/temi-per-i-cittadini\/cultura\/manifestazioni\/mio-tuo-nostro\/","name":"Moje, tvoje, na\u0161e (Mio, tuo, nostro) - Citt\u00e0 di Fiume","isPartOf":{"@id":"https:\/\/www.rijeka.hr\/it\/#website"},"datePublished":"2019-03-13T14:41:33+00:00","dateModified":"2019-03-14T12:03:39+00:00","breadcrumb":{"@id":"https:\/\/www.rijeka.hr\/it\/temi-per-i-cittadini\/cultura\/manifestazioni\/mio-tuo-nostro\/#breadcrumb"},"inLanguage":"it-IT","potentialAction":[{"@type":"ReadAction","target":["https:\/\/www.rijeka.hr\/it\/temi-per-i-cittadini\/cultura\/manifestazioni\/mio-tuo-nostro\/"]}]},{"@type":"BreadcrumbList","@id":"https:\/\/www.rijeka.hr\/it\/temi-per-i-cittadini\/cultura\/manifestazioni\/mio-tuo-nostro\/#breadcrumb","itemListElement":[{"@type":"ListItem","position":1,"name":"Po\u010detna stranica","item":"https:\/\/www.rijeka.hr\/it\/"},{"@type":"ListItem","position":2,"name":"Temi per i cittadini","item":"https:\/\/www.rijeka.hr\/it\/temi-per-i-cittadini\/"},{"@type":"ListItem","position":3,"name":"Cultura","item":"https:\/\/www.rijeka.hr\/it\/temi-per-i-cittadini\/cultura\/"},{"@type":"ListItem","position":4,"name":"Manifestazioni","item":"https:\/\/www.rijeka.hr\/it\/temi-per-i-cittadini\/cultura\/manifestazioni\/"},{"@type":"ListItem","position":5,"name":"Moje, tvoje, na\u0161e (Mio, tuo, nostro)"}]},{"@type":"WebSite","@id":"https:\/\/www.rijeka.hr\/it\/#website","url":"https:\/\/www.rijeka.hr\/it\/","name":"Citt\u00e0 di Fiume","description":"Portale web della Citta&#039; di Fiume","potentialAction":[{"@type":"SearchAction","target":{"@type":"EntryPoint","urlTemplate":"https:\/\/www.rijeka.hr\/it\/?s={search_term_string}"},"query-input":{"@type":"PropertyValueSpecification","valueRequired":true,"valueName":"search_term_string"}}],"inLanguage":"it-IT"}]}},"_links":{"self":[{"href":"https:\/\/www.rijeka.hr\/it\/wp-json\/wp\/v2\/pages\/8343","targetHints":{"allow":["GET"]}}],"collection":[{"href":"https:\/\/www.rijeka.hr\/it\/wp-json\/wp\/v2\/pages"}],"about":[{"href":"https:\/\/www.rijeka.hr\/it\/wp-json\/wp\/v2\/types\/page"}],"author":[{"embeddable":true,"href":"https:\/\/www.rijeka.hr\/it\/wp-json\/wp\/v2\/users\/14"}],"replies":[{"embeddable":true,"href":"https:\/\/www.rijeka.hr\/it\/wp-json\/wp\/v2\/comments?post=8343"}],"version-history":[{"count":5,"href":"https:\/\/www.rijeka.hr\/it\/wp-json\/wp\/v2\/pages\/8343\/revisions"}],"predecessor-version":[{"id":8362,"href":"https:\/\/www.rijeka.hr\/it\/wp-json\/wp\/v2\/pages\/8343\/revisions\/8362"}],"up":[{"embeddable":true,"href":"https:\/\/www.rijeka.hr\/it\/wp-json\/wp\/v2\/pages\/1078"}],"wp:attachment":[{"href":"https:\/\/www.rijeka.hr\/it\/wp-json\/wp\/v2\/media?parent=8343"}],"wp:term":[{"taxonomy":"post_tag","embeddable":true,"href":"https:\/\/www.rijeka.hr\/it\/wp-json\/wp\/v2\/tags?post=8343"}],"curies":[{"name":"wp","href":"https:\/\/api.w.org\/{rel}","templated":true}]}}