{"id":8377,"date":"2019-03-20T13:38:42","date_gmt":"2019-03-20T12:38:42","guid":{"rendered":"https:\/\/www.rijeka.hr\/it\/?page_id=8377"},"modified":"2025-01-07T16:07:05","modified_gmt":"2025-01-07T15:07:05","slug":"programma-per-il-risanamento-e-la-ristrutturazione-di-siti-funerari-nei-cimiteri-di-cosala-e-tersatto","status":"publish","type":"page","link":"https:\/\/www.rijeka.hr\/it\/temi-per-i-cittadini\/cultura\/patrimonio-culturale\/programma-per-il-risanamento-e-la-ristrutturazione-di-siti-funerari-nei-cimiteri-di-cosala-e-tersatto\/","title":{"rendered":"Programma per il rifacimento e il rinnovo dei luoghi di sepoltura nei cimiteri di Cosala e Tersatto"},"content":{"rendered":"<p>I complessi culturali e storici dei cimiteri di Cosala e Tersatto sono stati registrati nel Registro dei beni culturali in quanto possiedono un gran numero di pezzi architettonici e scultorei di alta qualit\u00e0 su cripte e tombe create da famosi architetti e scultori fiumani, nonch\u00e9 un gran numero di tombe di persone importanti per la storia croata.<\/p>\n<p>Il rifacimento dei luoghi di sepoltura \u00e8 l&#8217;obbligo dei proprietari. Per realizzare questo obiettivo, \u00e8 necessario procurare risorse finanziarie, pertanto la Citt\u00e0 di Fiume cofinanzia il restauro delle tombe nei cimiteri di Cosala e Tersatto per sensibilizzare i cittadini sull&#8217;importanza dei cimiteri come parte essenziale del patrimonio culturale europeo e croato.<\/p>\n<p>Con questa attivit\u00e0, la Citt\u00e0 di Fiume offre la possibilit\u00e0 a tutti i beneficiari dei luoghi di sepoltura registrati individualmente come patrimonio culturale e quelli situati nel territorio dei complessi culturali e storici dei cimiteri di Cosala e Tersatto, di prendere parte all&#8217;invito pubblico e ottenere il diritto al cofinanziamento dei costi di attuazione del programma in una percentuale determinata dal Regolamento sull&#8217;applicazione dei fondi raccolti a titolo della tassa sui monumenti storici per l&#8217;attuazione del programma per il rifacimento e il rinnovo dei luoghi di sepoltura nei cimiteri di Cosala e Tersatto.<\/p>\n<p>&nbsp;<\/p>\n<div id='gallery-1' class='gallery galleryid-8377 gallery-columns-3 gallery-size-thumbnail'><dl class='gallery-item'>\n            <dt class='gallery-icon landscape'>\n                <a href='https:\/\/www.rijeka.hr\/it\/wp-content\/uploads\/sites\/3\/2019\/05\/Groblje-Kozala-2.jpg' title=\"\" data-rl_title=\"\" class=\"rl-gallery-link\" data-rl_caption=\"\" data-rel=\"lightbox-gallery-1\"><img loading=\"lazy\" decoding=\"async\" width=\"250\" height=\"250\" src=\"https:\/\/www.rijeka.hr\/it\/wp-content\/uploads\/sites\/3\/2019\/05\/Groblje-Kozala-2-250x250.jpg\" class=\"attachment-thumbnail size-thumbnail\" alt=\"\" aria-describedby=\"gallery-1-8490\" srcset=\"https:\/\/www.rijeka.hr\/it\/wp-content\/uploads\/sites\/3\/2019\/05\/Groblje-Kozala-2-250x250.jpg 250w, https:\/\/www.rijeka.hr\/it\/wp-content\/uploads\/sites\/3\/2019\/05\/Groblje-Kozala-2-200x200.jpg 200w\" sizes=\"(max-width: 250px) 100vw, 250px\" \/><\/a>\n            <\/dt>\n                <dd class='wp-caption-text gallery-caption size-thumbnail' id='gallery-1-8490'>\n                Cimitero di Cosala\n                <\/dd><\/dl><dl class='gallery-item'>\n            <dt class='gallery-icon landscape'>\n                <a href='https:\/\/www.rijeka.hr\/it\/wp-content\/uploads\/sites\/3\/2019\/05\/Groblje-Kozala-3.jpg' title=\"\" data-rl_title=\"\" class=\"rl-gallery-link\" data-rl_caption=\"\" data-rel=\"lightbox-gallery-1\"><img loading=\"lazy\" decoding=\"async\" width=\"250\" height=\"250\" src=\"https:\/\/www.rijeka.hr\/it\/wp-content\/uploads\/sites\/3\/2019\/05\/Groblje-Kozala-3-250x250.jpg\" class=\"attachment-thumbnail size-thumbnail\" alt=\"\" aria-describedby=\"gallery-1-8491\" srcset=\"https:\/\/www.rijeka.hr\/it\/wp-content\/uploads\/sites\/3\/2019\/05\/Groblje-Kozala-3-250x250.jpg 250w, https:\/\/www.rijeka.hr\/it\/wp-content\/uploads\/sites\/3\/2019\/05\/Groblje-Kozala-3-200x200.jpg 200w\" sizes=\"(max-width: 250px) 100vw, 250px\" \/><\/a>\n            <\/dt>\n                <dd class='wp-caption-text gallery-caption size-thumbnail' id='gallery-1-8491'>\n                Cimitero di Cosala\n                <\/dd><\/dl><dl class='gallery-item'>\n            <dt class='gallery-icon landscape'>\n                <a href='https:\/\/www.rijeka.hr\/it\/wp-content\/uploads\/sites\/3\/2019\/05\/Groblje-Kozala-5-250x250.jpg' title=\"\" data-rl_title=\"\" class=\"rl-gallery-link\" data-rl_caption=\"\" data-rel=\"lightbox-gallery-1\"><img loading=\"lazy\" decoding=\"async\" width=\"250\" height=\"250\" src=\"https:\/\/www.rijeka.hr\/it\/wp-content\/uploads\/sites\/3\/2019\/05\/Groblje-Kozala-5-250x250.jpg\" class=\"attachment-thumbnail size-thumbnail\" alt=\"\" aria-describedby=\"gallery-1-8492\" srcset=\"https:\/\/www.rijeka.hr\/it\/wp-content\/uploads\/sites\/3\/2019\/05\/Groblje-Kozala-5-250x250.jpg 250w, https:\/\/www.rijeka.hr\/it\/wp-content\/uploads\/sites\/3\/2019\/05\/Groblje-Kozala-5-250x250-200x200.jpg 200w\" sizes=\"(max-width: 250px) 100vw, 250px\" \/><\/a>\n            <\/dt>\n                <dd class='wp-caption-text gallery-caption size-thumbnail' id='gallery-1-8492'>\n                Cimitero di Cosala\n                <\/dd><\/dl><br style=\"clear: both\" \/><dl class='gallery-item'>\n            <dt class='gallery-icon landscape'>\n                <a href='https:\/\/www.rijeka.hr\/it\/wp-content\/uploads\/sites\/3\/2019\/05\/Groblje-Kozala-6.jpg' title=\"\" data-rl_title=\"\" class=\"rl-gallery-link\" data-rl_caption=\"\" data-rel=\"lightbox-gallery-1\"><img loading=\"lazy\" decoding=\"async\" width=\"250\" height=\"250\" src=\"https:\/\/www.rijeka.hr\/it\/wp-content\/uploads\/sites\/3\/2019\/05\/Groblje-Kozala-6-250x250.jpg\" class=\"attachment-thumbnail size-thumbnail\" alt=\"\" aria-describedby=\"gallery-1-8493\" srcset=\"https:\/\/www.rijeka.hr\/it\/wp-content\/uploads\/sites\/3\/2019\/05\/Groblje-Kozala-6-250x250.jpg 250w, https:\/\/www.rijeka.hr\/it\/wp-content\/uploads\/sites\/3\/2019\/05\/Groblje-Kozala-6-200x200.jpg 200w\" sizes=\"(max-width: 250px) 100vw, 250px\" \/><\/a>\n            <\/dt>\n                <dd class='wp-caption-text gallery-caption size-thumbnail' id='gallery-1-8493'>\n                Cimitero di Cosala\n                <\/dd><\/dl><dl class='gallery-item'>\n            <dt class='gallery-icon landscape'>\n                <a href='https:\/\/www.rijeka.hr\/it\/wp-content\/uploads\/sites\/3\/2019\/05\/Groblje-Kozala-7.jpg' title=\"\" data-rl_title=\"\" class=\"rl-gallery-link\" data-rl_caption=\"\" data-rel=\"lightbox-gallery-1\"><img loading=\"lazy\" decoding=\"async\" width=\"250\" height=\"250\" src=\"https:\/\/www.rijeka.hr\/it\/wp-content\/uploads\/sites\/3\/2019\/05\/Groblje-Kozala-7-250x250.jpg\" class=\"attachment-thumbnail size-thumbnail\" alt=\"\" aria-describedby=\"gallery-1-8494\" srcset=\"https:\/\/www.rijeka.hr\/it\/wp-content\/uploads\/sites\/3\/2019\/05\/Groblje-Kozala-7-250x250.jpg 250w, https:\/\/www.rijeka.hr\/it\/wp-content\/uploads\/sites\/3\/2019\/05\/Groblje-Kozala-7-200x200.jpg 200w\" sizes=\"(max-width: 250px) 100vw, 250px\" \/><\/a>\n            <\/dt>\n                <dd class='wp-caption-text gallery-caption size-thumbnail' id='gallery-1-8494'>\n                Cimitero di Cosala\n                <\/dd><\/dl><dl class='gallery-item'>\n            <dt class='gallery-icon landscape'>\n                <a href='https:\/\/www.rijeka.hr\/it\/wp-content\/uploads\/sites\/3\/2019\/05\/Groblje-Kozala-1-250x250.jpg' title=\"\" data-rl_title=\"\" class=\"rl-gallery-link\" data-rl_caption=\"\" data-rel=\"lightbox-gallery-1\"><img loading=\"lazy\" decoding=\"async\" width=\"250\" height=\"250\" src=\"https:\/\/www.rijeka.hr\/it\/wp-content\/uploads\/sites\/3\/2019\/05\/Groblje-Kozala-1-250x250.jpg\" class=\"attachment-thumbnail size-thumbnail\" alt=\"\" aria-describedby=\"gallery-1-8495\" srcset=\"https:\/\/www.rijeka.hr\/it\/wp-content\/uploads\/sites\/3\/2019\/05\/Groblje-Kozala-1-250x250.jpg 250w, https:\/\/www.rijeka.hr\/it\/wp-content\/uploads\/sites\/3\/2019\/05\/Groblje-Kozala-1-250x250-200x200.jpg 200w\" sizes=\"(max-width: 250px) 100vw, 250px\" \/><\/a>\n            <\/dt>\n                <dd class='wp-caption-text gallery-caption size-thumbnail' id='gallery-1-8495'>\n                Cimitero di Cosala\n                <\/dd><\/dl><br style=\"clear: both\" \/>\n        <\/div>\n\n<p>&nbsp;<\/p>\n","protected":false},"excerpt":{"rendered":"<p>I complessi culturali e storici dei cimiteri di Cosala e Tersatto sono stati registrati nel Registro dei beni culturali in quanto possiedono un gran numero di pezzi architettonici e scultorei di alta qualit\u00e0 su cripte e tombe create da famosi architetti e scultori fiumani, nonch\u00e9 un gran numero di tombe di persone importanti per la&#8230;<\/p>\n","protected":false},"author":14,"featured_media":0,"parent":1080,"menu_order":0,"comment_status":"closed","ping_status":"closed","template":"","meta":{"_acf_changed":false,"_trash_the_other_posts":false,"footnotes":"","_links_to":"","_links_to_target":""},"tags":[],"class_list":["post-8377","page","type-page","status-publish","hentry"],"acf":[],"yoast_head":"<!-- This site is optimized with the Yoast SEO plugin v24.4 - https:\/\/yoast.com\/wordpress\/plugins\/seo\/ -->\n<title>Programma per il rifacimento e il rinnovo dei luoghi di sepoltura nei cimiteri di Cosala e Tersatto - Citt\u00e0 di Fiume<\/title>\n<meta name=\"robots\" content=\"index, follow, max-snippet:-1, max-image-preview:large, max-video-preview:-1\" \/>\n<link rel=\"canonical\" href=\"https:\/\/www.rijeka.hr\/it\/temi-per-i-cittadini\/cultura\/patrimonio-culturale\/programma-per-il-risanamento-e-la-ristrutturazione-di-siti-funerari-nei-cimiteri-di-cosala-e-tersatto\/\" \/>\n<meta property=\"og:locale\" content=\"it_IT\" \/>\n<meta property=\"og:type\" content=\"article\" \/>\n<meta property=\"og:title\" content=\"Programma per il rifacimento e il rinnovo dei luoghi di sepoltura nei cimiteri di Cosala e Tersatto - Citt\u00e0 di Fiume\" \/>\n<meta property=\"og:description\" content=\"I complessi culturali e storici dei cimiteri di Cosala e Tersatto sono stati registrati nel Registro dei beni culturali in quanto possiedono un gran numero di pezzi architettonici e scultorei di alta qualit\u00e0 su cripte e tombe create da famosi architetti e scultori fiumani, nonch\u00e9 un gran numero di tombe di persone importanti per la...\" \/>\n<meta property=\"og:url\" content=\"https:\/\/www.rijeka.hr\/it\/temi-per-i-cittadini\/cultura\/patrimonio-culturale\/programma-per-il-risanamento-e-la-ristrutturazione-di-siti-funerari-nei-cimiteri-di-cosala-e-tersatto\/\" \/>\n<meta property=\"og:site_name\" content=\"Citt\u00e0 di Fiume\" \/>\n<meta property=\"article:modified_time\" content=\"2025-01-07T15:07:05+00:00\" \/>\n<meta property=\"og:image\" content=\"https:\/\/www.rijeka.hr\/it\/wp-content\/uploads\/sites\/3\/2019\/05\/Groblje-Kozala-2-250x250.jpg\" \/>\n<meta name=\"twitter:card\" content=\"summary_large_image\" \/>\n<meta name=\"twitter:label1\" content=\"Est. reading time\" \/>\n\t<meta name=\"twitter:data1\" content=\"1 minute\" \/>\n<script type=\"application\/ld+json\" class=\"yoast-schema-graph\">{\"@context\":\"https:\/\/schema.org\",\"@graph\":[{\"@type\":\"WebPage\",\"@id\":\"https:\/\/www.rijeka.hr\/it\/temi-per-i-cittadini\/cultura\/patrimonio-culturale\/programma-per-il-risanamento-e-la-ristrutturazione-di-siti-funerari-nei-cimiteri-di-cosala-e-tersatto\/\",\"url\":\"https:\/\/www.rijeka.hr\/it\/temi-per-i-cittadini\/cultura\/patrimonio-culturale\/programma-per-il-risanamento-e-la-ristrutturazione-di-siti-funerari-nei-cimiteri-di-cosala-e-tersatto\/\",\"name\":\"Programma per il rifacimento e il rinnovo dei luoghi di sepoltura nei cimiteri di Cosala e Tersatto - Citt\u00e0 di Fiume\",\"isPartOf\":{\"@id\":\"https:\/\/www.rijeka.hr\/it\/#website\"},\"datePublished\":\"2019-03-20T12:38:42+00:00\",\"dateModified\":\"2025-01-07T15:07:05+00:00\",\"breadcrumb\":{\"@id\":\"https:\/\/www.rijeka.hr\/it\/temi-per-i-cittadini\/cultura\/patrimonio-culturale\/programma-per-il-risanamento-e-la-ristrutturazione-di-siti-funerari-nei-cimiteri-di-cosala-e-tersatto\/#breadcrumb\"},\"inLanguage\":\"it-IT\",\"potentialAction\":[{\"@type\":\"ReadAction\",\"target\":[\"https:\/\/www.rijeka.hr\/it\/temi-per-i-cittadini\/cultura\/patrimonio-culturale\/programma-per-il-risanamento-e-la-ristrutturazione-di-siti-funerari-nei-cimiteri-di-cosala-e-tersatto\/\"]}]},{\"@type\":\"BreadcrumbList\",\"@id\":\"https:\/\/www.rijeka.hr\/it\/temi-per-i-cittadini\/cultura\/patrimonio-culturale\/programma-per-il-risanamento-e-la-ristrutturazione-di-siti-funerari-nei-cimiteri-di-cosala-e-tersatto\/#breadcrumb\",\"itemListElement\":[{\"@type\":\"ListItem\",\"position\":1,\"name\":\"Po\u010detna stranica\",\"item\":\"https:\/\/www.rijeka.hr\/it\/\"},{\"@type\":\"ListItem\",\"position\":2,\"name\":\"Temi per i cittadini\",\"item\":\"https:\/\/www.rijeka.hr\/it\/temi-per-i-cittadini\/\"},{\"@type\":\"ListItem\",\"position\":3,\"name\":\"Cultura\",\"item\":\"https:\/\/www.rijeka.hr\/it\/temi-per-i-cittadini\/cultura\/\"},{\"@type\":\"ListItem\",\"position\":4,\"name\":\"Patrimonio culturale\",\"item\":\"https:\/\/www.rijeka.hr\/it\/temi-per-i-cittadini\/cultura\/patrimonio-culturale\/\"},{\"@type\":\"ListItem\",\"position\":5,\"name\":\"Programma per il rifacimento e il rinnovo dei luoghi di sepoltura nei cimiteri di Cosala e Tersatto\"}]},{\"@type\":\"WebSite\",\"@id\":\"https:\/\/www.rijeka.hr\/it\/#website\",\"url\":\"https:\/\/www.rijeka.hr\/it\/\",\"name\":\"Citt\u00e0 di Fiume\",\"description\":\"Portale web della Citta&#039; di Fiume\",\"potentialAction\":[{\"@type\":\"SearchAction\",\"target\":{\"@type\":\"EntryPoint\",\"urlTemplate\":\"https:\/\/www.rijeka.hr\/it\/?s={search_term_string}\"},\"query-input\":{\"@type\":\"PropertyValueSpecification\",\"valueRequired\":true,\"valueName\":\"search_term_string\"}}],\"inLanguage\":\"it-IT\"}]}<\/script>\n<!-- \/ Yoast SEO plugin. -->","yoast_head_json":{"title":"Programma per il rifacimento e il rinnovo dei luoghi di sepoltura nei cimiteri di Cosala e Tersatto - Citt\u00e0 di Fiume","robots":{"index":"index","follow":"follow","max-snippet":"max-snippet:-1","max-image-preview":"max-image-preview:large","max-video-preview":"max-video-preview:-1"},"canonical":"https:\/\/www.rijeka.hr\/it\/temi-per-i-cittadini\/cultura\/patrimonio-culturale\/programma-per-il-risanamento-e-la-ristrutturazione-di-siti-funerari-nei-cimiteri-di-cosala-e-tersatto\/","og_locale":"it_IT","og_type":"article","og_title":"Programma per il rifacimento e il rinnovo dei luoghi di sepoltura nei cimiteri di Cosala e Tersatto - Citt\u00e0 di Fiume","og_description":"I complessi culturali e storici dei cimiteri di Cosala e Tersatto sono stati registrati nel Registro dei beni culturali in quanto possiedono un gran numero di pezzi architettonici e scultorei di alta qualit\u00e0 su cripte e tombe create da famosi architetti e scultori fiumani, nonch\u00e9 un gran numero di tombe di persone importanti per la...","og_url":"https:\/\/www.rijeka.hr\/it\/temi-per-i-cittadini\/cultura\/patrimonio-culturale\/programma-per-il-risanamento-e-la-ristrutturazione-di-siti-funerari-nei-cimiteri-di-cosala-e-tersatto\/","og_site_name":"Citt\u00e0 di Fiume","article_modified_time":"2025-01-07T15:07:05+00:00","og_image":[{"url":"https:\/\/www.rijeka.hr\/it\/wp-content\/uploads\/sites\/3\/2019\/05\/Groblje-Kozala-2-250x250.jpg","type":"","width":"","height":""}],"twitter_card":"summary_large_image","twitter_misc":{"Est. reading time":"1 minute"},"schema":{"@context":"https:\/\/schema.org","@graph":[{"@type":"WebPage","@id":"https:\/\/www.rijeka.hr\/it\/temi-per-i-cittadini\/cultura\/patrimonio-culturale\/programma-per-il-risanamento-e-la-ristrutturazione-di-siti-funerari-nei-cimiteri-di-cosala-e-tersatto\/","url":"https:\/\/www.rijeka.hr\/it\/temi-per-i-cittadini\/cultura\/patrimonio-culturale\/programma-per-il-risanamento-e-la-ristrutturazione-di-siti-funerari-nei-cimiteri-di-cosala-e-tersatto\/","name":"Programma per il rifacimento e il rinnovo dei luoghi di sepoltura nei cimiteri di Cosala e Tersatto - Citt\u00e0 di Fiume","isPartOf":{"@id":"https:\/\/www.rijeka.hr\/it\/#website"},"datePublished":"2019-03-20T12:38:42+00:00","dateModified":"2025-01-07T15:07:05+00:00","breadcrumb":{"@id":"https:\/\/www.rijeka.hr\/it\/temi-per-i-cittadini\/cultura\/patrimonio-culturale\/programma-per-il-risanamento-e-la-ristrutturazione-di-siti-funerari-nei-cimiteri-di-cosala-e-tersatto\/#breadcrumb"},"inLanguage":"it-IT","potentialAction":[{"@type":"ReadAction","target":["https:\/\/www.rijeka.hr\/it\/temi-per-i-cittadini\/cultura\/patrimonio-culturale\/programma-per-il-risanamento-e-la-ristrutturazione-di-siti-funerari-nei-cimiteri-di-cosala-e-tersatto\/"]}]},{"@type":"BreadcrumbList","@id":"https:\/\/www.rijeka.hr\/it\/temi-per-i-cittadini\/cultura\/patrimonio-culturale\/programma-per-il-risanamento-e-la-ristrutturazione-di-siti-funerari-nei-cimiteri-di-cosala-e-tersatto\/#breadcrumb","itemListElement":[{"@type":"ListItem","position":1,"name":"Po\u010detna stranica","item":"https:\/\/www.rijeka.hr\/it\/"},{"@type":"ListItem","position":2,"name":"Temi per i cittadini","item":"https:\/\/www.rijeka.hr\/it\/temi-per-i-cittadini\/"},{"@type":"ListItem","position":3,"name":"Cultura","item":"https:\/\/www.rijeka.hr\/it\/temi-per-i-cittadini\/cultura\/"},{"@type":"ListItem","position":4,"name":"Patrimonio culturale","item":"https:\/\/www.rijeka.hr\/it\/temi-per-i-cittadini\/cultura\/patrimonio-culturale\/"},{"@type":"ListItem","position":5,"name":"Programma per il rifacimento e il rinnovo dei luoghi di sepoltura nei cimiteri di Cosala e Tersatto"}]},{"@type":"WebSite","@id":"https:\/\/www.rijeka.hr\/it\/#website","url":"https:\/\/www.rijeka.hr\/it\/","name":"Citt\u00e0 di Fiume","description":"Portale web della Citta&#039; di Fiume","potentialAction":[{"@type":"SearchAction","target":{"@type":"EntryPoint","urlTemplate":"https:\/\/www.rijeka.hr\/it\/?s={search_term_string}"},"query-input":{"@type":"PropertyValueSpecification","valueRequired":true,"valueName":"search_term_string"}}],"inLanguage":"it-IT"}]}},"_links":{"self":[{"href":"https:\/\/www.rijeka.hr\/it\/wp-json\/wp\/v2\/pages\/8377","targetHints":{"allow":["GET"]}}],"collection":[{"href":"https:\/\/www.rijeka.hr\/it\/wp-json\/wp\/v2\/pages"}],"about":[{"href":"https:\/\/www.rijeka.hr\/it\/wp-json\/wp\/v2\/types\/page"}],"author":[{"embeddable":true,"href":"https:\/\/www.rijeka.hr\/it\/wp-json\/wp\/v2\/users\/14"}],"replies":[{"embeddable":true,"href":"https:\/\/www.rijeka.hr\/it\/wp-json\/wp\/v2\/comments?post=8377"}],"version-history":[{"count":10,"href":"https:\/\/www.rijeka.hr\/it\/wp-json\/wp\/v2\/pages\/8377\/revisions"}],"predecessor-version":[{"id":8499,"href":"https:\/\/www.rijeka.hr\/it\/wp-json\/wp\/v2\/pages\/8377\/revisions\/8499"}],"up":[{"embeddable":true,"href":"https:\/\/www.rijeka.hr\/it\/wp-json\/wp\/v2\/pages\/1080"}],"wp:attachment":[{"href":"https:\/\/www.rijeka.hr\/it\/wp-json\/wp\/v2\/media?parent=8377"}],"wp:term":[{"taxonomy":"post_tag","embeddable":true,"href":"https:\/\/www.rijeka.hr\/it\/wp-json\/wp\/v2\/tags?post=8377"}],"curies":[{"name":"wp","href":"https:\/\/api.w.org\/{rel}","templated":true}]}}