{"id":8556,"date":"2019-05-22T12:27:38","date_gmt":"2019-05-22T10:27:38","guid":{"rendered":"https:\/\/www.rijeka.hr\/it\/?page_id=8556"},"modified":"2024-05-13T11:12:23","modified_gmt":"2024-05-13T09:12:23","slug":"sussidi-agli-autori-al-fine-di-incoraggiare-la-creativita-letteraria","status":"publish","type":"page","link":"https:\/\/www.rijeka.hr\/it\/temi-per-i-cittadini\/cultura\/premi-e-sussidi\/sussidi\/sussidi-agli-autori-al-fine-di-incoraggiare-la-creativita-letteraria\/","title":{"rendered":"Sussidi agli autori al fine di incoraggiare la creativit\u00e0 letteraria"},"content":{"rendered":"<p>Conformemente alla Strategia di sviluppo culturale della Citt\u00e0 di Fiume 2013-2020, la Citt\u00e0 di Fiume concede sussidi per incoraggiare la creativit\u00e0 letteraria attraverso gare d&#8217;appalto pubbliche allo stesso modo in cui vengono presentati inviti per la proposta di programmi nell\u2019ambito delle necessit\u00e0 pubbliche nel campo culturale.<\/p>\n<p>Le domande per l&#8217;assegnazione di sussidi possono essere presentate per la concessione di sussidi trimestrali (15.000 kune lorde) o semestrali (30.000 kune lorde) per la creativit\u00e0 letteraria.<\/p>\n<p>Dopo la scadenza del sussidio, l&#8217;autore ha l&#8217;obbligo di presentare la scrittura scritta in quel periodo. La scrittura in tale forma sar\u00e0 disponibile ai membri della Biblioteca civica di Fiume per la lettura come documento elettronico che consentir\u00e0 all&#8217;autore della scrittura di ottenere feedback dai lettori, di collegarsi con i lettori, migliorare la propria scrittura, creare una base di lettori per la distribuzione dei contenuti dopo che l\u2019opera \u00e8 stata pubblicata.<\/p>\n<p>La piattaforma per la redazione e la distribuzione Smashwords \u00e8 stata scelta per la pubblicazione per la sua apertura, flessibilit\u00e0 e adattabilit\u00e0 ai suoi utenti.<\/p>\n<p>Tutti i libri pubblicati in formato elettronico nell&#8217;E-Biblioteca l\u2019Incoraggiamento della creativit\u00e0 letteraria sono gratuiti per il download e la lettura sulle pagine web della Biblioteca civica di Fiume e sulla piattaforma Smashwords.<\/p>\n","protected":false},"excerpt":{"rendered":"<p>Conformemente alla Strategia di sviluppo culturale della Citt\u00e0 di Fiume 2013-2020, la Citt\u00e0 di Fiume concede sussidi per incoraggiare la creativit\u00e0 letteraria attraverso gare d&#8217;appalto pubbliche allo stesso modo in cui vengono presentati inviti per la proposta di programmi nell\u2019ambito delle necessit\u00e0 pubbliche nel campo culturale. Le domande per l&#8217;assegnazione di sussidi possono essere presentate&#8230;<\/p>\n","protected":false},"author":6,"featured_media":0,"parent":8558,"menu_order":0,"comment_status":"closed","ping_status":"closed","template":"","meta":{"_acf_changed":false,"_trash_the_other_posts":false,"footnotes":"","_links_to":"","_links_to_target":""},"tags":[],"class_list":["post-8556","page","type-page","status-publish","hentry"],"acf":[],"yoast_head":"<!-- This site is optimized with the Yoast SEO plugin v24.4 - https:\/\/yoast.com\/wordpress\/plugins\/seo\/ -->\n<title>Sussidi agli autori al fine di incoraggiare la creativit\u00e0 letteraria - Citt\u00e0 di Fiume<\/title>\n<meta name=\"robots\" content=\"index, follow, max-snippet:-1, max-image-preview:large, max-video-preview:-1\" \/>\n<link rel=\"canonical\" href=\"https:\/\/www.rijeka.hr\/it\/temi-per-i-cittadini\/cultura\/premi-e-sussidi\/sussidi\/sussidi-agli-autori-al-fine-di-incoraggiare-la-creativita-letteraria\/\" \/>\n<meta property=\"og:locale\" content=\"it_IT\" \/>\n<meta property=\"og:type\" content=\"article\" \/>\n<meta property=\"og:title\" content=\"Sussidi agli autori al fine di incoraggiare la creativit\u00e0 letteraria - Citt\u00e0 di Fiume\" \/>\n<meta property=\"og:description\" content=\"Conformemente alla Strategia di sviluppo culturale della Citt\u00e0 di Fiume 2013-2020, la Citt\u00e0 di Fiume concede sussidi per incoraggiare la creativit\u00e0 letteraria attraverso gare d&#8217;appalto pubbliche allo stesso modo in cui vengono presentati inviti per la proposta di programmi nell\u2019ambito delle necessit\u00e0 pubbliche nel campo culturale. Le domande per l&#8217;assegnazione di sussidi possono essere presentate...\" \/>\n<meta property=\"og:url\" content=\"https:\/\/www.rijeka.hr\/it\/temi-per-i-cittadini\/cultura\/premi-e-sussidi\/sussidi\/sussidi-agli-autori-al-fine-di-incoraggiare-la-creativita-letteraria\/\" \/>\n<meta property=\"og:site_name\" content=\"Citt\u00e0 di Fiume\" \/>\n<meta property=\"article:modified_time\" content=\"2024-05-13T09:12:23+00:00\" \/>\n<meta name=\"twitter:card\" content=\"summary_large_image\" \/>\n<meta name=\"twitter:label1\" content=\"Est. reading time\" \/>\n\t<meta name=\"twitter:data1\" content=\"1 minute\" \/>\n<script type=\"application\/ld+json\" class=\"yoast-schema-graph\">{\"@context\":\"https:\/\/schema.org\",\"@graph\":[{\"@type\":\"WebPage\",\"@id\":\"https:\/\/www.rijeka.hr\/it\/temi-per-i-cittadini\/cultura\/premi-e-sussidi\/sussidi\/sussidi-agli-autori-al-fine-di-incoraggiare-la-creativita-letteraria\/\",\"url\":\"https:\/\/www.rijeka.hr\/it\/temi-per-i-cittadini\/cultura\/premi-e-sussidi\/sussidi\/sussidi-agli-autori-al-fine-di-incoraggiare-la-creativita-letteraria\/\",\"name\":\"Sussidi agli autori al fine di incoraggiare la creativit\u00e0 letteraria - Citt\u00e0 di Fiume\",\"isPartOf\":{\"@id\":\"https:\/\/www.rijeka.hr\/it\/#website\"},\"datePublished\":\"2019-05-22T10:27:38+00:00\",\"dateModified\":\"2024-05-13T09:12:23+00:00\",\"breadcrumb\":{\"@id\":\"https:\/\/www.rijeka.hr\/it\/temi-per-i-cittadini\/cultura\/premi-e-sussidi\/sussidi\/sussidi-agli-autori-al-fine-di-incoraggiare-la-creativita-letteraria\/#breadcrumb\"},\"inLanguage\":\"it-IT\",\"potentialAction\":[{\"@type\":\"ReadAction\",\"target\":[\"https:\/\/www.rijeka.hr\/it\/temi-per-i-cittadini\/cultura\/premi-e-sussidi\/sussidi\/sussidi-agli-autori-al-fine-di-incoraggiare-la-creativita-letteraria\/\"]}]},{\"@type\":\"BreadcrumbList\",\"@id\":\"https:\/\/www.rijeka.hr\/it\/temi-per-i-cittadini\/cultura\/premi-e-sussidi\/sussidi\/sussidi-agli-autori-al-fine-di-incoraggiare-la-creativita-letteraria\/#breadcrumb\",\"itemListElement\":[{\"@type\":\"ListItem\",\"position\":1,\"name\":\"Po\u010detna stranica\",\"item\":\"https:\/\/www.rijeka.hr\/it\/\"},{\"@type\":\"ListItem\",\"position\":2,\"name\":\"Temi per i cittadini\",\"item\":\"https:\/\/www.rijeka.hr\/it\/temi-per-i-cittadini\/\"},{\"@type\":\"ListItem\",\"position\":3,\"name\":\"Cultura\",\"item\":\"https:\/\/www.rijeka.hr\/it\/temi-per-i-cittadini\/cultura\/\"},{\"@type\":\"ListItem\",\"position\":4,\"name\":\"Premi e sussidi\",\"item\":\"https:\/\/www.rijeka.hr\/it\/temi-per-i-cittadini\/cultura\/premi-e-sussidi\/\"},{\"@type\":\"ListItem\",\"position\":5,\"name\":\"Sussidi\",\"item\":\"https:\/\/www.rijeka.hr\/it\/temi-per-i-cittadini\/cultura\/premi-e-sussidi\/sussidi\/\"},{\"@type\":\"ListItem\",\"position\":6,\"name\":\"Sussidi agli autori al fine di incoraggiare la creativit\u00e0 letteraria\"}]},{\"@type\":\"WebSite\",\"@id\":\"https:\/\/www.rijeka.hr\/it\/#website\",\"url\":\"https:\/\/www.rijeka.hr\/it\/\",\"name\":\"Citt\u00e0 di Fiume\",\"description\":\"Portale web della Citta&#039; di Fiume\",\"potentialAction\":[{\"@type\":\"SearchAction\",\"target\":{\"@type\":\"EntryPoint\",\"urlTemplate\":\"https:\/\/www.rijeka.hr\/it\/?s={search_term_string}\"},\"query-input\":{\"@type\":\"PropertyValueSpecification\",\"valueRequired\":true,\"valueName\":\"search_term_string\"}}],\"inLanguage\":\"it-IT\"}]}<\/script>\n<!-- \/ Yoast SEO plugin. -->","yoast_head_json":{"title":"Sussidi agli autori al fine di incoraggiare la creativit\u00e0 letteraria - Citt\u00e0 di Fiume","robots":{"index":"index","follow":"follow","max-snippet":"max-snippet:-1","max-image-preview":"max-image-preview:large","max-video-preview":"max-video-preview:-1"},"canonical":"https:\/\/www.rijeka.hr\/it\/temi-per-i-cittadini\/cultura\/premi-e-sussidi\/sussidi\/sussidi-agli-autori-al-fine-di-incoraggiare-la-creativita-letteraria\/","og_locale":"it_IT","og_type":"article","og_title":"Sussidi agli autori al fine di incoraggiare la creativit\u00e0 letteraria - Citt\u00e0 di Fiume","og_description":"Conformemente alla Strategia di sviluppo culturale della Citt\u00e0 di Fiume 2013-2020, la Citt\u00e0 di Fiume concede sussidi per incoraggiare la creativit\u00e0 letteraria attraverso gare d&#8217;appalto pubbliche allo stesso modo in cui vengono presentati inviti per la proposta di programmi nell\u2019ambito delle necessit\u00e0 pubbliche nel campo culturale. Le domande per l&#8217;assegnazione di sussidi possono essere presentate...","og_url":"https:\/\/www.rijeka.hr\/it\/temi-per-i-cittadini\/cultura\/premi-e-sussidi\/sussidi\/sussidi-agli-autori-al-fine-di-incoraggiare-la-creativita-letteraria\/","og_site_name":"Citt\u00e0 di Fiume","article_modified_time":"2024-05-13T09:12:23+00:00","twitter_card":"summary_large_image","twitter_misc":{"Est. reading time":"1 minute"},"schema":{"@context":"https:\/\/schema.org","@graph":[{"@type":"WebPage","@id":"https:\/\/www.rijeka.hr\/it\/temi-per-i-cittadini\/cultura\/premi-e-sussidi\/sussidi\/sussidi-agli-autori-al-fine-di-incoraggiare-la-creativita-letteraria\/","url":"https:\/\/www.rijeka.hr\/it\/temi-per-i-cittadini\/cultura\/premi-e-sussidi\/sussidi\/sussidi-agli-autori-al-fine-di-incoraggiare-la-creativita-letteraria\/","name":"Sussidi agli autori al fine di incoraggiare la creativit\u00e0 letteraria - Citt\u00e0 di Fiume","isPartOf":{"@id":"https:\/\/www.rijeka.hr\/it\/#website"},"datePublished":"2019-05-22T10:27:38+00:00","dateModified":"2024-05-13T09:12:23+00:00","breadcrumb":{"@id":"https:\/\/www.rijeka.hr\/it\/temi-per-i-cittadini\/cultura\/premi-e-sussidi\/sussidi\/sussidi-agli-autori-al-fine-di-incoraggiare-la-creativita-letteraria\/#breadcrumb"},"inLanguage":"it-IT","potentialAction":[{"@type":"ReadAction","target":["https:\/\/www.rijeka.hr\/it\/temi-per-i-cittadini\/cultura\/premi-e-sussidi\/sussidi\/sussidi-agli-autori-al-fine-di-incoraggiare-la-creativita-letteraria\/"]}]},{"@type":"BreadcrumbList","@id":"https:\/\/www.rijeka.hr\/it\/temi-per-i-cittadini\/cultura\/premi-e-sussidi\/sussidi\/sussidi-agli-autori-al-fine-di-incoraggiare-la-creativita-letteraria\/#breadcrumb","itemListElement":[{"@type":"ListItem","position":1,"name":"Po\u010detna stranica","item":"https:\/\/www.rijeka.hr\/it\/"},{"@type":"ListItem","position":2,"name":"Temi per i cittadini","item":"https:\/\/www.rijeka.hr\/it\/temi-per-i-cittadini\/"},{"@type":"ListItem","position":3,"name":"Cultura","item":"https:\/\/www.rijeka.hr\/it\/temi-per-i-cittadini\/cultura\/"},{"@type":"ListItem","position":4,"name":"Premi e sussidi","item":"https:\/\/www.rijeka.hr\/it\/temi-per-i-cittadini\/cultura\/premi-e-sussidi\/"},{"@type":"ListItem","position":5,"name":"Sussidi","item":"https:\/\/www.rijeka.hr\/it\/temi-per-i-cittadini\/cultura\/premi-e-sussidi\/sussidi\/"},{"@type":"ListItem","position":6,"name":"Sussidi agli autori al fine di incoraggiare la creativit\u00e0 letteraria"}]},{"@type":"WebSite","@id":"https:\/\/www.rijeka.hr\/it\/#website","url":"https:\/\/www.rijeka.hr\/it\/","name":"Citt\u00e0 di Fiume","description":"Portale web della Citta&#039; di Fiume","potentialAction":[{"@type":"SearchAction","target":{"@type":"EntryPoint","urlTemplate":"https:\/\/www.rijeka.hr\/it\/?s={search_term_string}"},"query-input":{"@type":"PropertyValueSpecification","valueRequired":true,"valueName":"search_term_string"}}],"inLanguage":"it-IT"}]}},"_links":{"self":[{"href":"https:\/\/www.rijeka.hr\/it\/wp-json\/wp\/v2\/pages\/8556","targetHints":{"allow":["GET"]}}],"collection":[{"href":"https:\/\/www.rijeka.hr\/it\/wp-json\/wp\/v2\/pages"}],"about":[{"href":"https:\/\/www.rijeka.hr\/it\/wp-json\/wp\/v2\/types\/page"}],"author":[{"embeddable":true,"href":"https:\/\/www.rijeka.hr\/it\/wp-json\/wp\/v2\/users\/6"}],"replies":[{"embeddable":true,"href":"https:\/\/www.rijeka.hr\/it\/wp-json\/wp\/v2\/comments?post=8556"}],"version-history":[{"count":9,"href":"https:\/\/www.rijeka.hr\/it\/wp-json\/wp\/v2\/pages\/8556\/revisions"}],"predecessor-version":[{"id":8561,"href":"https:\/\/www.rijeka.hr\/it\/wp-json\/wp\/v2\/pages\/8556\/revisions\/8561"}],"up":[{"embeddable":true,"href":"https:\/\/www.rijeka.hr\/it\/wp-json\/wp\/v2\/pages\/8558"}],"wp:attachment":[{"href":"https:\/\/www.rijeka.hr\/it\/wp-json\/wp\/v2\/media?parent=8556"}],"wp:term":[{"taxonomy":"post_tag","embeddable":true,"href":"https:\/\/www.rijeka.hr\/it\/wp-json\/wp\/v2\/tags?post=8556"}],"curies":[{"name":"wp","href":"https:\/\/api.w.org\/{rel}","templated":true}]}}