{"id":8583,"date":"2019-05-24T14:35:47","date_gmt":"2019-05-24T12:35:47","guid":{"rendered":"https:\/\/www.rijeka.hr\/it\/?page_id=8583"},"modified":"2020-12-02T14:05:27","modified_gmt":"2020-12-02T13:05:27","slug":"affitti-ridotti-per-le-librerie-e-librerie-antiquarie","status":"publish","type":"page","link":"https:\/\/www.rijeka.hr\/it\/temi-per-i-cittadini\/cultura\/premi-e-sussidi\/sussidi\/affitti-ridotti-per-le-librerie-e-librerie-antiquarie\/","title":{"rendered":"Affitti ridotti per le librerie e librerie antiquarie"},"content":{"rendered":"<p>L&#8217;attivit\u00e0 delle librerie e librerie antiquarie \u00e8 principalmente culturale ed educativa. Il ruolo principale delle librerie e librerie antiquarie \u00e8 quello di mantenere il livello di sviluppo culturale raggiunto degli abitanti di un determinato territorio, a cui contribuiscono notevolmente programmi culturali tenuti regolarmente o occasionalmente in tali territori. Libri, fumetti, libri di testo, manuali, ecc. come prodotti rientrano nella categoria educativa e soddisfano le esigenze culturali dei cittadini. A causa della cattiva situazione economica nella Repubblica di Croazia, continua il calo nelle vendite di libri, e per questa ragione le librerie stanno chiudendo i battenti.<\/p>\n<p>Nelle librerie e nelle librerie antiquarie (ad esempio, Ribook, Ex libris, VBZ) si tengono regolarmente e occasionalmente programmi culturali e letterari e presentazioni di libri e autori, nonch\u00e9 tavole rotonde e programmi simili volti a promuovere la cultura, la lettura e la scrittura.<\/p>\n<p>Pertanto, nel 2012, il sindaco ha approvato la conclusione in base alla quale i canoni sono stati ridotti del 50%, a seconda dei movimenti economici, gli affitti ridotti sono soggetti a rinnovo anno dopo anno.<\/p>\n","protected":false},"excerpt":{"rendered":"<p>L&#8217;attivit\u00e0 delle librerie e librerie antiquarie \u00e8 principalmente culturale ed educativa. Il ruolo principale delle librerie e librerie antiquarie \u00e8 quello di mantenere il livello di sviluppo culturale raggiunto degli abitanti di un determinato territorio, a cui contribuiscono notevolmente programmi culturali tenuti regolarmente o occasionalmente in tali territori. Libri, fumetti, libri di testo, manuali, ecc&#8230;.<\/p>\n","protected":false},"author":6,"featured_media":0,"parent":8558,"menu_order":0,"comment_status":"closed","ping_status":"closed","template":"","meta":{"_acf_changed":false,"_trash_the_other_posts":false,"footnotes":"","_links_to":"","_links_to_target":""},"tags":[],"class_list":["post-8583","page","type-page","status-publish","hentry"],"acf":[],"yoast_head":"<!-- This site is optimized with the Yoast SEO plugin v24.4 - https:\/\/yoast.com\/wordpress\/plugins\/seo\/ -->\n<title>Affitti ridotti per le librerie e librerie antiquarie - Citt\u00e0 di Fiume<\/title>\n<meta name=\"robots\" content=\"index, follow, max-snippet:-1, max-image-preview:large, max-video-preview:-1\" \/>\n<link rel=\"canonical\" href=\"https:\/\/www.rijeka.hr\/it\/temi-per-i-cittadini\/cultura\/premi-e-sussidi\/sussidi\/affitti-ridotti-per-le-librerie-e-librerie-antiquarie\/\" \/>\n<meta property=\"og:locale\" content=\"it_IT\" \/>\n<meta property=\"og:type\" content=\"article\" \/>\n<meta property=\"og:title\" content=\"Affitti ridotti per le librerie e librerie antiquarie - Citt\u00e0 di Fiume\" \/>\n<meta property=\"og:description\" content=\"L&#8217;attivit\u00e0 delle librerie e librerie antiquarie \u00e8 principalmente culturale ed educativa. Il ruolo principale delle librerie e librerie antiquarie \u00e8 quello di mantenere il livello di sviluppo culturale raggiunto degli abitanti di un determinato territorio, a cui contribuiscono notevolmente programmi culturali tenuti regolarmente o occasionalmente in tali territori. Libri, fumetti, libri di testo, manuali, ecc....\" \/>\n<meta property=\"og:url\" content=\"https:\/\/www.rijeka.hr\/it\/temi-per-i-cittadini\/cultura\/premi-e-sussidi\/sussidi\/affitti-ridotti-per-le-librerie-e-librerie-antiquarie\/\" \/>\n<meta property=\"og:site_name\" content=\"Citt\u00e0 di Fiume\" \/>\n<meta property=\"article:modified_time\" content=\"2020-12-02T13:05:27+00:00\" \/>\n<meta name=\"twitter:card\" content=\"summary_large_image\" \/>\n<meta name=\"twitter:label1\" content=\"Est. reading time\" \/>\n\t<meta name=\"twitter:data1\" content=\"1 minute\" \/>\n<script type=\"application\/ld+json\" class=\"yoast-schema-graph\">{\"@context\":\"https:\/\/schema.org\",\"@graph\":[{\"@type\":\"WebPage\",\"@id\":\"https:\/\/www.rijeka.hr\/it\/temi-per-i-cittadini\/cultura\/premi-e-sussidi\/sussidi\/affitti-ridotti-per-le-librerie-e-librerie-antiquarie\/\",\"url\":\"https:\/\/www.rijeka.hr\/it\/temi-per-i-cittadini\/cultura\/premi-e-sussidi\/sussidi\/affitti-ridotti-per-le-librerie-e-librerie-antiquarie\/\",\"name\":\"Affitti ridotti per le librerie e librerie antiquarie - Citt\u00e0 di Fiume\",\"isPartOf\":{\"@id\":\"https:\/\/www.rijeka.hr\/it\/#website\"},\"datePublished\":\"2019-05-24T12:35:47+00:00\",\"dateModified\":\"2020-12-02T13:05:27+00:00\",\"breadcrumb\":{\"@id\":\"https:\/\/www.rijeka.hr\/it\/temi-per-i-cittadini\/cultura\/premi-e-sussidi\/sussidi\/affitti-ridotti-per-le-librerie-e-librerie-antiquarie\/#breadcrumb\"},\"inLanguage\":\"it-IT\",\"potentialAction\":[{\"@type\":\"ReadAction\",\"target\":[\"https:\/\/www.rijeka.hr\/it\/temi-per-i-cittadini\/cultura\/premi-e-sussidi\/sussidi\/affitti-ridotti-per-le-librerie-e-librerie-antiquarie\/\"]}]},{\"@type\":\"BreadcrumbList\",\"@id\":\"https:\/\/www.rijeka.hr\/it\/temi-per-i-cittadini\/cultura\/premi-e-sussidi\/sussidi\/affitti-ridotti-per-le-librerie-e-librerie-antiquarie\/#breadcrumb\",\"itemListElement\":[{\"@type\":\"ListItem\",\"position\":1,\"name\":\"Po\u010detna stranica\",\"item\":\"https:\/\/www.rijeka.hr\/it\/\"},{\"@type\":\"ListItem\",\"position\":2,\"name\":\"Temi per i cittadini\",\"item\":\"https:\/\/www.rijeka.hr\/it\/temi-per-i-cittadini\/\"},{\"@type\":\"ListItem\",\"position\":3,\"name\":\"Cultura\",\"item\":\"https:\/\/www.rijeka.hr\/it\/temi-per-i-cittadini\/cultura\/\"},{\"@type\":\"ListItem\",\"position\":4,\"name\":\"Premi e sussidi\",\"item\":\"https:\/\/www.rijeka.hr\/it\/temi-per-i-cittadini\/cultura\/premi-e-sussidi\/\"},{\"@type\":\"ListItem\",\"position\":5,\"name\":\"Sussidi\",\"item\":\"https:\/\/www.rijeka.hr\/it\/temi-per-i-cittadini\/cultura\/premi-e-sussidi\/sussidi\/\"},{\"@type\":\"ListItem\",\"position\":6,\"name\":\"Affitti ridotti per le librerie e librerie antiquarie\"}]},{\"@type\":\"WebSite\",\"@id\":\"https:\/\/www.rijeka.hr\/it\/#website\",\"url\":\"https:\/\/www.rijeka.hr\/it\/\",\"name\":\"Citt\u00e0 di Fiume\",\"description\":\"Portale web della Citta&#039; di Fiume\",\"potentialAction\":[{\"@type\":\"SearchAction\",\"target\":{\"@type\":\"EntryPoint\",\"urlTemplate\":\"https:\/\/www.rijeka.hr\/it\/?s={search_term_string}\"},\"query-input\":{\"@type\":\"PropertyValueSpecification\",\"valueRequired\":true,\"valueName\":\"search_term_string\"}}],\"inLanguage\":\"it-IT\"}]}<\/script>\n<!-- \/ Yoast SEO plugin. -->","yoast_head_json":{"title":"Affitti ridotti per le librerie e librerie antiquarie - Citt\u00e0 di Fiume","robots":{"index":"index","follow":"follow","max-snippet":"max-snippet:-1","max-image-preview":"max-image-preview:large","max-video-preview":"max-video-preview:-1"},"canonical":"https:\/\/www.rijeka.hr\/it\/temi-per-i-cittadini\/cultura\/premi-e-sussidi\/sussidi\/affitti-ridotti-per-le-librerie-e-librerie-antiquarie\/","og_locale":"it_IT","og_type":"article","og_title":"Affitti ridotti per le librerie e librerie antiquarie - Citt\u00e0 di Fiume","og_description":"L&#8217;attivit\u00e0 delle librerie e librerie antiquarie \u00e8 principalmente culturale ed educativa. Il ruolo principale delle librerie e librerie antiquarie \u00e8 quello di mantenere il livello di sviluppo culturale raggiunto degli abitanti di un determinato territorio, a cui contribuiscono notevolmente programmi culturali tenuti regolarmente o occasionalmente in tali territori. Libri, fumetti, libri di testo, manuali, ecc....","og_url":"https:\/\/www.rijeka.hr\/it\/temi-per-i-cittadini\/cultura\/premi-e-sussidi\/sussidi\/affitti-ridotti-per-le-librerie-e-librerie-antiquarie\/","og_site_name":"Citt\u00e0 di Fiume","article_modified_time":"2020-12-02T13:05:27+00:00","twitter_card":"summary_large_image","twitter_misc":{"Est. reading time":"1 minute"},"schema":{"@context":"https:\/\/schema.org","@graph":[{"@type":"WebPage","@id":"https:\/\/www.rijeka.hr\/it\/temi-per-i-cittadini\/cultura\/premi-e-sussidi\/sussidi\/affitti-ridotti-per-le-librerie-e-librerie-antiquarie\/","url":"https:\/\/www.rijeka.hr\/it\/temi-per-i-cittadini\/cultura\/premi-e-sussidi\/sussidi\/affitti-ridotti-per-le-librerie-e-librerie-antiquarie\/","name":"Affitti ridotti per le librerie e librerie antiquarie - Citt\u00e0 di Fiume","isPartOf":{"@id":"https:\/\/www.rijeka.hr\/it\/#website"},"datePublished":"2019-05-24T12:35:47+00:00","dateModified":"2020-12-02T13:05:27+00:00","breadcrumb":{"@id":"https:\/\/www.rijeka.hr\/it\/temi-per-i-cittadini\/cultura\/premi-e-sussidi\/sussidi\/affitti-ridotti-per-le-librerie-e-librerie-antiquarie\/#breadcrumb"},"inLanguage":"it-IT","potentialAction":[{"@type":"ReadAction","target":["https:\/\/www.rijeka.hr\/it\/temi-per-i-cittadini\/cultura\/premi-e-sussidi\/sussidi\/affitti-ridotti-per-le-librerie-e-librerie-antiquarie\/"]}]},{"@type":"BreadcrumbList","@id":"https:\/\/www.rijeka.hr\/it\/temi-per-i-cittadini\/cultura\/premi-e-sussidi\/sussidi\/affitti-ridotti-per-le-librerie-e-librerie-antiquarie\/#breadcrumb","itemListElement":[{"@type":"ListItem","position":1,"name":"Po\u010detna stranica","item":"https:\/\/www.rijeka.hr\/it\/"},{"@type":"ListItem","position":2,"name":"Temi per i cittadini","item":"https:\/\/www.rijeka.hr\/it\/temi-per-i-cittadini\/"},{"@type":"ListItem","position":3,"name":"Cultura","item":"https:\/\/www.rijeka.hr\/it\/temi-per-i-cittadini\/cultura\/"},{"@type":"ListItem","position":4,"name":"Premi e sussidi","item":"https:\/\/www.rijeka.hr\/it\/temi-per-i-cittadini\/cultura\/premi-e-sussidi\/"},{"@type":"ListItem","position":5,"name":"Sussidi","item":"https:\/\/www.rijeka.hr\/it\/temi-per-i-cittadini\/cultura\/premi-e-sussidi\/sussidi\/"},{"@type":"ListItem","position":6,"name":"Affitti ridotti per le librerie e librerie antiquarie"}]},{"@type":"WebSite","@id":"https:\/\/www.rijeka.hr\/it\/#website","url":"https:\/\/www.rijeka.hr\/it\/","name":"Citt\u00e0 di Fiume","description":"Portale web della Citta&#039; di Fiume","potentialAction":[{"@type":"SearchAction","target":{"@type":"EntryPoint","urlTemplate":"https:\/\/www.rijeka.hr\/it\/?s={search_term_string}"},"query-input":{"@type":"PropertyValueSpecification","valueRequired":true,"valueName":"search_term_string"}}],"inLanguage":"it-IT"}]}},"_links":{"self":[{"href":"https:\/\/www.rijeka.hr\/it\/wp-json\/wp\/v2\/pages\/8583","targetHints":{"allow":["GET"]}}],"collection":[{"href":"https:\/\/www.rijeka.hr\/it\/wp-json\/wp\/v2\/pages"}],"about":[{"href":"https:\/\/www.rijeka.hr\/it\/wp-json\/wp\/v2\/types\/page"}],"author":[{"embeddable":true,"href":"https:\/\/www.rijeka.hr\/it\/wp-json\/wp\/v2\/users\/6"}],"replies":[{"embeddable":true,"href":"https:\/\/www.rijeka.hr\/it\/wp-json\/wp\/v2\/comments?post=8583"}],"version-history":[{"count":3,"href":"https:\/\/www.rijeka.hr\/it\/wp-json\/wp\/v2\/pages\/8583\/revisions"}],"predecessor-version":[{"id":11773,"href":"https:\/\/www.rijeka.hr\/it\/wp-json\/wp\/v2\/pages\/8583\/revisions\/11773"}],"up":[{"embeddable":true,"href":"https:\/\/www.rijeka.hr\/it\/wp-json\/wp\/v2\/pages\/8558"}],"wp:attachment":[{"href":"https:\/\/www.rijeka.hr\/it\/wp-json\/wp\/v2\/media?parent=8583"}],"wp:term":[{"taxonomy":"post_tag","embeddable":true,"href":"https:\/\/www.rijeka.hr\/it\/wp-json\/wp\/v2\/tags?post=8583"}],"curies":[{"name":"wp","href":"https:\/\/api.w.org\/{rel}","templated":true}]}}