{"id":8595,"date":"2019-05-27T12:12:06","date_gmt":"2019-05-27T10:12:06","guid":{"rendered":"https:\/\/www.rijeka.hr\/it\/?page_id=8595"},"modified":"2025-01-07T11:06:49","modified_gmt":"2025-01-07T10:06:49","slug":"necessita-pubbliche-nel-settore-della-cultura-tecnica","status":"publish","type":"page","link":"https:\/\/www.rijeka.hr\/it\/temi-per-i-cittadini\/cultura\/cultura-tecnica\/necessita-pubbliche-nel-settore-della-cultura-tecnica\/","title":{"rendered":"Necessit\u00e0 pubbliche nel settore della cultura tecnica"},"content":{"rendered":"<p>Il programma di necessit\u00e0 pubbliche nel settore della cultura tecnica viene attuato tramite bandi di gara pubblicati dal Dipartimento cittadino per lo sport e la cultura tecnica. La commissione professionale di valutazione nominata dal sindaco della Citt\u00e0 di Fiume valuta i programmi presentati.<\/p>\n<p>Il proposto programma di necessit\u00e0 pubbliche nel settore della cultura tecnica con una proiezione della distribuzione dei fondi ai singoli programmi, cio\u00e8 gli utenti, viene preparato dal competente Dipartimento. Il sindaco della Citt\u00e0 di Fiume determina la proposta finale che \u00e8 sottoposta all&#8217;approvazione del Consiglio cittadino. Il programma \u00e8 pubblicato nella Gazzetta Ufficiale della Citt\u00e0 di Fiume.<\/p>\n","protected":false},"excerpt":{"rendered":"<p>Il programma di necessit\u00e0 pubbliche nel settore della cultura tecnica viene attuato tramite bandi di gara pubblicati dal Dipartimento cittadino per lo sport e la cultura tecnica. La commissione professionale di valutazione nominata dal sindaco della Citt\u00e0 di Fiume valuta i programmi presentati. Il proposto programma di necessit\u00e0 pubbliche nel settore della cultura tecnica con&#8230;<\/p>\n","protected":false},"author":5,"featured_media":0,"parent":315,"menu_order":0,"comment_status":"closed","ping_status":"closed","template":"","meta":{"_acf_changed":false,"_trash_the_other_posts":false,"footnotes":"","_links_to":"","_links_to_target":""},"tags":[],"class_list":["post-8595","page","type-page","status-publish","hentry"],"acf":[],"yoast_head":"<!-- This site is optimized with the Yoast SEO plugin v24.4 - https:\/\/yoast.com\/wordpress\/plugins\/seo\/ -->\n<title>Necessit\u00e0 pubbliche nel settore della cultura tecnica - Citt\u00e0 di Fiume<\/title>\n<meta name=\"robots\" content=\"index, follow, max-snippet:-1, max-image-preview:large, max-video-preview:-1\" \/>\n<link rel=\"canonical\" href=\"https:\/\/www.rijeka.hr\/it\/temi-per-i-cittadini\/cultura\/cultura-tecnica\/necessita-pubbliche-nel-settore-della-cultura-tecnica\/\" \/>\n<meta property=\"og:locale\" content=\"it_IT\" \/>\n<meta property=\"og:type\" content=\"article\" \/>\n<meta property=\"og:title\" content=\"Necessit\u00e0 pubbliche nel settore della cultura tecnica - Citt\u00e0 di Fiume\" \/>\n<meta property=\"og:description\" content=\"Il programma di necessit\u00e0 pubbliche nel settore della cultura tecnica viene attuato tramite bandi di gara pubblicati dal Dipartimento cittadino per lo sport e la cultura tecnica. La commissione professionale di valutazione nominata dal sindaco della Citt\u00e0 di Fiume valuta i programmi presentati. Il proposto programma di necessit\u00e0 pubbliche nel settore della cultura tecnica con...\" \/>\n<meta property=\"og:url\" content=\"https:\/\/www.rijeka.hr\/it\/temi-per-i-cittadini\/cultura\/cultura-tecnica\/necessita-pubbliche-nel-settore-della-cultura-tecnica\/\" \/>\n<meta property=\"og:site_name\" content=\"Citt\u00e0 di Fiume\" \/>\n<meta property=\"article:modified_time\" content=\"2025-01-07T10:06:49+00:00\" \/>\n<meta name=\"twitter:card\" content=\"summary_large_image\" \/>\n<script type=\"application\/ld+json\" class=\"yoast-schema-graph\">{\"@context\":\"https:\/\/schema.org\",\"@graph\":[{\"@type\":\"WebPage\",\"@id\":\"https:\/\/www.rijeka.hr\/it\/temi-per-i-cittadini\/cultura\/cultura-tecnica\/necessita-pubbliche-nel-settore-della-cultura-tecnica\/\",\"url\":\"https:\/\/www.rijeka.hr\/it\/temi-per-i-cittadini\/cultura\/cultura-tecnica\/necessita-pubbliche-nel-settore-della-cultura-tecnica\/\",\"name\":\"Necessit\u00e0 pubbliche nel settore della cultura tecnica - Citt\u00e0 di Fiume\",\"isPartOf\":{\"@id\":\"https:\/\/www.rijeka.hr\/it\/#website\"},\"datePublished\":\"2019-05-27T10:12:06+00:00\",\"dateModified\":\"2025-01-07T10:06:49+00:00\",\"breadcrumb\":{\"@id\":\"https:\/\/www.rijeka.hr\/it\/temi-per-i-cittadini\/cultura\/cultura-tecnica\/necessita-pubbliche-nel-settore-della-cultura-tecnica\/#breadcrumb\"},\"inLanguage\":\"it-IT\",\"potentialAction\":[{\"@type\":\"ReadAction\",\"target\":[\"https:\/\/www.rijeka.hr\/it\/temi-per-i-cittadini\/cultura\/cultura-tecnica\/necessita-pubbliche-nel-settore-della-cultura-tecnica\/\"]}]},{\"@type\":\"BreadcrumbList\",\"@id\":\"https:\/\/www.rijeka.hr\/it\/temi-per-i-cittadini\/cultura\/cultura-tecnica\/necessita-pubbliche-nel-settore-della-cultura-tecnica\/#breadcrumb\",\"itemListElement\":[{\"@type\":\"ListItem\",\"position\":1,\"name\":\"Po\u010detna stranica\",\"item\":\"https:\/\/www.rijeka.hr\/it\/\"},{\"@type\":\"ListItem\",\"position\":2,\"name\":\"Temi per i cittadini\",\"item\":\"https:\/\/www.rijeka.hr\/it\/temi-per-i-cittadini\/\"},{\"@type\":\"ListItem\",\"position\":3,\"name\":\"Cultura\",\"item\":\"https:\/\/www.rijeka.hr\/it\/temi-per-i-cittadini\/cultura\/\"},{\"@type\":\"ListItem\",\"position\":4,\"name\":\"Cultura tecnica\",\"item\":\"https:\/\/www.rijeka.hr\/it\/temi-per-i-cittadini\/cultura\/cultura-tecnica\/\"},{\"@type\":\"ListItem\",\"position\":5,\"name\":\"Necessit\u00e0 pubbliche nel settore della cultura tecnica\"}]},{\"@type\":\"WebSite\",\"@id\":\"https:\/\/www.rijeka.hr\/it\/#website\",\"url\":\"https:\/\/www.rijeka.hr\/it\/\",\"name\":\"Citt\u00e0 di Fiume\",\"description\":\"Portale web della Citta&#039; di Fiume\",\"potentialAction\":[{\"@type\":\"SearchAction\",\"target\":{\"@type\":\"EntryPoint\",\"urlTemplate\":\"https:\/\/www.rijeka.hr\/it\/?s={search_term_string}\"},\"query-input\":{\"@type\":\"PropertyValueSpecification\",\"valueRequired\":true,\"valueName\":\"search_term_string\"}}],\"inLanguage\":\"it-IT\"}]}<\/script>\n<!-- \/ Yoast SEO plugin. -->","yoast_head_json":{"title":"Necessit\u00e0 pubbliche nel settore della cultura tecnica - Citt\u00e0 di Fiume","robots":{"index":"index","follow":"follow","max-snippet":"max-snippet:-1","max-image-preview":"max-image-preview:large","max-video-preview":"max-video-preview:-1"},"canonical":"https:\/\/www.rijeka.hr\/it\/temi-per-i-cittadini\/cultura\/cultura-tecnica\/necessita-pubbliche-nel-settore-della-cultura-tecnica\/","og_locale":"it_IT","og_type":"article","og_title":"Necessit\u00e0 pubbliche nel settore della cultura tecnica - Citt\u00e0 di Fiume","og_description":"Il programma di necessit\u00e0 pubbliche nel settore della cultura tecnica viene attuato tramite bandi di gara pubblicati dal Dipartimento cittadino per lo sport e la cultura tecnica. La commissione professionale di valutazione nominata dal sindaco della Citt\u00e0 di Fiume valuta i programmi presentati. Il proposto programma di necessit\u00e0 pubbliche nel settore della cultura tecnica con...","og_url":"https:\/\/www.rijeka.hr\/it\/temi-per-i-cittadini\/cultura\/cultura-tecnica\/necessita-pubbliche-nel-settore-della-cultura-tecnica\/","og_site_name":"Citt\u00e0 di Fiume","article_modified_time":"2025-01-07T10:06:49+00:00","twitter_card":"summary_large_image","schema":{"@context":"https:\/\/schema.org","@graph":[{"@type":"WebPage","@id":"https:\/\/www.rijeka.hr\/it\/temi-per-i-cittadini\/cultura\/cultura-tecnica\/necessita-pubbliche-nel-settore-della-cultura-tecnica\/","url":"https:\/\/www.rijeka.hr\/it\/temi-per-i-cittadini\/cultura\/cultura-tecnica\/necessita-pubbliche-nel-settore-della-cultura-tecnica\/","name":"Necessit\u00e0 pubbliche nel settore della cultura tecnica - Citt\u00e0 di Fiume","isPartOf":{"@id":"https:\/\/www.rijeka.hr\/it\/#website"},"datePublished":"2019-05-27T10:12:06+00:00","dateModified":"2025-01-07T10:06:49+00:00","breadcrumb":{"@id":"https:\/\/www.rijeka.hr\/it\/temi-per-i-cittadini\/cultura\/cultura-tecnica\/necessita-pubbliche-nel-settore-della-cultura-tecnica\/#breadcrumb"},"inLanguage":"it-IT","potentialAction":[{"@type":"ReadAction","target":["https:\/\/www.rijeka.hr\/it\/temi-per-i-cittadini\/cultura\/cultura-tecnica\/necessita-pubbliche-nel-settore-della-cultura-tecnica\/"]}]},{"@type":"BreadcrumbList","@id":"https:\/\/www.rijeka.hr\/it\/temi-per-i-cittadini\/cultura\/cultura-tecnica\/necessita-pubbliche-nel-settore-della-cultura-tecnica\/#breadcrumb","itemListElement":[{"@type":"ListItem","position":1,"name":"Po\u010detna stranica","item":"https:\/\/www.rijeka.hr\/it\/"},{"@type":"ListItem","position":2,"name":"Temi per i cittadini","item":"https:\/\/www.rijeka.hr\/it\/temi-per-i-cittadini\/"},{"@type":"ListItem","position":3,"name":"Cultura","item":"https:\/\/www.rijeka.hr\/it\/temi-per-i-cittadini\/cultura\/"},{"@type":"ListItem","position":4,"name":"Cultura tecnica","item":"https:\/\/www.rijeka.hr\/it\/temi-per-i-cittadini\/cultura\/cultura-tecnica\/"},{"@type":"ListItem","position":5,"name":"Necessit\u00e0 pubbliche nel settore della cultura tecnica"}]},{"@type":"WebSite","@id":"https:\/\/www.rijeka.hr\/it\/#website","url":"https:\/\/www.rijeka.hr\/it\/","name":"Citt\u00e0 di Fiume","description":"Portale web della Citta&#039; di Fiume","potentialAction":[{"@type":"SearchAction","target":{"@type":"EntryPoint","urlTemplate":"https:\/\/www.rijeka.hr\/it\/?s={search_term_string}"},"query-input":{"@type":"PropertyValueSpecification","valueRequired":true,"valueName":"search_term_string"}}],"inLanguage":"it-IT"}]}},"_links":{"self":[{"href":"https:\/\/www.rijeka.hr\/it\/wp-json\/wp\/v2\/pages\/8595","targetHints":{"allow":["GET"]}}],"collection":[{"href":"https:\/\/www.rijeka.hr\/it\/wp-json\/wp\/v2\/pages"}],"about":[{"href":"https:\/\/www.rijeka.hr\/it\/wp-json\/wp\/v2\/types\/page"}],"author":[{"embeddable":true,"href":"https:\/\/www.rijeka.hr\/it\/wp-json\/wp\/v2\/users\/5"}],"replies":[{"embeddable":true,"href":"https:\/\/www.rijeka.hr\/it\/wp-json\/wp\/v2\/comments?post=8595"}],"version-history":[{"count":4,"href":"https:\/\/www.rijeka.hr\/it\/wp-json\/wp\/v2\/pages\/8595\/revisions"}],"predecessor-version":[{"id":8609,"href":"https:\/\/www.rijeka.hr\/it\/wp-json\/wp\/v2\/pages\/8595\/revisions\/8609"}],"up":[{"embeddable":true,"href":"https:\/\/www.rijeka.hr\/it\/wp-json\/wp\/v2\/pages\/315"}],"wp:attachment":[{"href":"https:\/\/www.rijeka.hr\/it\/wp-json\/wp\/v2\/media?parent=8595"}],"wp:term":[{"taxonomy":"post_tag","embeddable":true,"href":"https:\/\/www.rijeka.hr\/it\/wp-json\/wp\/v2\/tags?post=8595"}],"curies":[{"name":"wp","href":"https:\/\/api.w.org\/{rel}","templated":true}]}}