{"id":86,"date":"2016-07-21T15:56:35","date_gmt":"2016-07-21T13:56:35","guid":{"rendered":"https:\/\/www.rijeka.hr\/it\/?page_id=86"},"modified":"2020-09-30T09:12:21","modified_gmt":"2020-09-30T07:12:21","slug":"con-lallenamento-e-unalimentazione-corretta-contro-il-diabete-e-losteoporosi","status":"publish","type":"page","link":"https:\/\/www.rijeka.hr\/it\/temi-per-i-cittadini\/famiglia-e-assistenza-sociale\/salute\/servizi-sanitari-eo-servizi-consultivi\/con-lallenamento-e-unalimentazione-corretta-contro-il-diabete-e-losteoporosi\/","title":{"rendered":"Con l\u2019allenamento e un\u2019alimentazione corretta contro il diabete e l\u2019osteoporosi"},"content":{"rendered":"<p>Le malattie degenerative croniche sono tra le malattie pi\u00f9 comuni della popolazione mondiale attuale. Tra queste malattie, le pi\u00f9 comuni sono l&#8217;osteoporosi e il diabete e le conseguenze di queste malattie sono l&#8217;alta disabilit\u00e0 e mortalit\u00e0. \u00c8 stato dimostrato che il movimento, l&#8217;esercizio e l&#8217;attivit\u00e0 fisica, nel complesso, sono molto importanti per prevenire l&#8217;insorgenza, ma anche il peggioramento o la progressione di queste malattie. A tal fine, la Facolt\u00e0 di Medicina di Fiume, con il sostegno della Citt\u00e0 di Fiume, organizza esercitazioni sotto la guida professionale per donne over 50 affette da osteoporosi, osteopenia o diabete nei comitati di quartiere Bulevard, Podve\u017eica, San Nicol\u00f2 e Cantrida.<\/p>\n<p>Le attivit\u00e0 fondamentali del progetto sono la compilazione del questionario sull\u2019alimentazione e sulla qualit\u00e0 della vita, le misurazioni antropometriche, la determinazione dello zucchero nel sangue e della vitamina D, della densit\u00e0 ossea, la misurazione della pressione sanguina, la misurazione con il polso metro, esercizi. Le donne si allenano in modo organizzato sotto la guida professionale di un terapeuta nei vani di alcuni comitati di quartiere (riscaldamento e raffreddamento, allenamento aerobico, allenamento con i pesi e camminata veloce).<\/p>\n","protected":false},"excerpt":{"rendered":"<p>Le malattie degenerative croniche sono tra le malattie pi\u00f9 comuni della popolazione mondiale attuale. Tra queste malattie, le pi\u00f9 comuni sono l&#8217;osteoporosi e il diabete e le conseguenze di queste malattie sono l&#8217;alta disabilit\u00e0 e mortalit\u00e0. \u00c8 stato dimostrato che il movimento, l&#8217;esercizio e l&#8217;attivit\u00e0 fisica, nel complesso, sono molto importanti per prevenire l&#8217;insorgenza, ma&#8230;<\/p>\n","protected":false},"author":6,"featured_media":0,"parent":69,"menu_order":0,"comment_status":"closed","ping_status":"closed","template":"","meta":{"_acf_changed":false,"_trash_the_other_posts":false,"footnotes":"","_links_to":"","_links_to_target":""},"tags":[],"class_list":["post-86","page","type-page","status-publish","hentry"],"acf":[],"yoast_head":"<!-- This site is optimized with the Yoast SEO plugin v24.4 - https:\/\/yoast.com\/wordpress\/plugins\/seo\/ -->\n<title>Con l\u2019allenamento e un\u2019alimentazione corretta contro il diabete e l\u2019osteoporosi - Citt\u00e0 di Fiume<\/title>\n<meta name=\"robots\" content=\"index, follow, max-snippet:-1, max-image-preview:large, max-video-preview:-1\" \/>\n<link rel=\"canonical\" href=\"https:\/\/www.rijeka.hr\/it\/temi-per-i-cittadini\/famiglia-e-assistenza-sociale\/salute\/servizi-sanitari-eo-servizi-consultivi\/con-lallenamento-e-unalimentazione-corretta-contro-il-diabete-e-losteoporosi\/\" \/>\n<meta property=\"og:locale\" content=\"it_IT\" \/>\n<meta property=\"og:type\" content=\"article\" \/>\n<meta property=\"og:title\" content=\"Con l\u2019allenamento e un\u2019alimentazione corretta contro il diabete e l\u2019osteoporosi - Citt\u00e0 di Fiume\" \/>\n<meta property=\"og:description\" content=\"Le malattie degenerative croniche sono tra le malattie pi\u00f9 comuni della popolazione mondiale attuale. Tra queste malattie, le pi\u00f9 comuni sono l&#8217;osteoporosi e il diabete e le conseguenze di queste malattie sono l&#8217;alta disabilit\u00e0 e mortalit\u00e0. \u00c8 stato dimostrato che il movimento, l&#8217;esercizio e l&#8217;attivit\u00e0 fisica, nel complesso, sono molto importanti per prevenire l&#8217;insorgenza, ma...\" \/>\n<meta property=\"og:url\" content=\"https:\/\/www.rijeka.hr\/it\/temi-per-i-cittadini\/famiglia-e-assistenza-sociale\/salute\/servizi-sanitari-eo-servizi-consultivi\/con-lallenamento-e-unalimentazione-corretta-contro-il-diabete-e-losteoporosi\/\" \/>\n<meta property=\"og:site_name\" content=\"Citt\u00e0 di Fiume\" \/>\n<meta property=\"article:modified_time\" content=\"2020-09-30T07:12:21+00:00\" \/>\n<meta name=\"twitter:card\" content=\"summary_large_image\" \/>\n<meta name=\"twitter:label1\" content=\"Est. reading time\" \/>\n\t<meta name=\"twitter:data1\" content=\"1 minute\" \/>\n<script type=\"application\/ld+json\" class=\"yoast-schema-graph\">{\"@context\":\"https:\/\/schema.org\",\"@graph\":[{\"@type\":\"WebPage\",\"@id\":\"https:\/\/www.rijeka.hr\/it\/temi-per-i-cittadini\/famiglia-e-assistenza-sociale\/salute\/servizi-sanitari-eo-servizi-consultivi\/con-lallenamento-e-unalimentazione-corretta-contro-il-diabete-e-losteoporosi\/\",\"url\":\"https:\/\/www.rijeka.hr\/it\/temi-per-i-cittadini\/famiglia-e-assistenza-sociale\/salute\/servizi-sanitari-eo-servizi-consultivi\/con-lallenamento-e-unalimentazione-corretta-contro-il-diabete-e-losteoporosi\/\",\"name\":\"Con l\u2019allenamento e un\u2019alimentazione corretta contro il diabete e l\u2019osteoporosi - Citt\u00e0 di Fiume\",\"isPartOf\":{\"@id\":\"https:\/\/www.rijeka.hr\/it\/#website\"},\"datePublished\":\"2016-07-21T13:56:35+00:00\",\"dateModified\":\"2020-09-30T07:12:21+00:00\",\"breadcrumb\":{\"@id\":\"https:\/\/www.rijeka.hr\/it\/temi-per-i-cittadini\/famiglia-e-assistenza-sociale\/salute\/servizi-sanitari-eo-servizi-consultivi\/con-lallenamento-e-unalimentazione-corretta-contro-il-diabete-e-losteoporosi\/#breadcrumb\"},\"inLanguage\":\"it-IT\",\"potentialAction\":[{\"@type\":\"ReadAction\",\"target\":[\"https:\/\/www.rijeka.hr\/it\/temi-per-i-cittadini\/famiglia-e-assistenza-sociale\/salute\/servizi-sanitari-eo-servizi-consultivi\/con-lallenamento-e-unalimentazione-corretta-contro-il-diabete-e-losteoporosi\/\"]}]},{\"@type\":\"BreadcrumbList\",\"@id\":\"https:\/\/www.rijeka.hr\/it\/temi-per-i-cittadini\/famiglia-e-assistenza-sociale\/salute\/servizi-sanitari-eo-servizi-consultivi\/con-lallenamento-e-unalimentazione-corretta-contro-il-diabete-e-losteoporosi\/#breadcrumb\",\"itemListElement\":[{\"@type\":\"ListItem\",\"position\":1,\"name\":\"Po\u010detna stranica\",\"item\":\"https:\/\/www.rijeka.hr\/it\/\"},{\"@type\":\"ListItem\",\"position\":2,\"name\":\"Temi per i cittadini\",\"item\":\"https:\/\/www.rijeka.hr\/it\/temi-per-i-cittadini\/\"},{\"@type\":\"ListItem\",\"position\":3,\"name\":\"Famiglia e previdenza sociale\",\"item\":\"https:\/\/www.rijeka.hr\/it\/temi-per-i-cittadini\/famiglia-e-assistenza-sociale\/\"},{\"@type\":\"ListItem\",\"position\":4,\"name\":\"Sanit\u00e0\",\"item\":\"https:\/\/www.rijeka.hr\/it\/temi-per-i-cittadini\/famiglia-e-assistenza-sociale\/salute\/\"},{\"@type\":\"ListItem\",\"position\":5,\"name\":\"Servizi sanitari e\/o servizi consultivi\",\"item\":\"https:\/\/www.rijeka.hr\/it\/temi-per-i-cittadini\/famiglia-e-assistenza-sociale\/salute\/servizi-sanitari-eo-servizi-consultivi\/\"},{\"@type\":\"ListItem\",\"position\":6,\"name\":\"Con l\u2019allenamento e un\u2019alimentazione corretta contro il diabete e l\u2019osteoporosi\"}]},{\"@type\":\"WebSite\",\"@id\":\"https:\/\/www.rijeka.hr\/it\/#website\",\"url\":\"https:\/\/www.rijeka.hr\/it\/\",\"name\":\"Citt\u00e0 di Fiume\",\"description\":\"Portale web della Citta&#039; di Fiume\",\"potentialAction\":[{\"@type\":\"SearchAction\",\"target\":{\"@type\":\"EntryPoint\",\"urlTemplate\":\"https:\/\/www.rijeka.hr\/it\/?s={search_term_string}\"},\"query-input\":{\"@type\":\"PropertyValueSpecification\",\"valueRequired\":true,\"valueName\":\"search_term_string\"}}],\"inLanguage\":\"it-IT\"}]}<\/script>\n<!-- \/ Yoast SEO plugin. -->","yoast_head_json":{"title":"Con l\u2019allenamento e un\u2019alimentazione corretta contro il diabete e l\u2019osteoporosi - Citt\u00e0 di Fiume","robots":{"index":"index","follow":"follow","max-snippet":"max-snippet:-1","max-image-preview":"max-image-preview:large","max-video-preview":"max-video-preview:-1"},"canonical":"https:\/\/www.rijeka.hr\/it\/temi-per-i-cittadini\/famiglia-e-assistenza-sociale\/salute\/servizi-sanitari-eo-servizi-consultivi\/con-lallenamento-e-unalimentazione-corretta-contro-il-diabete-e-losteoporosi\/","og_locale":"it_IT","og_type":"article","og_title":"Con l\u2019allenamento e un\u2019alimentazione corretta contro il diabete e l\u2019osteoporosi - Citt\u00e0 di Fiume","og_description":"Le malattie degenerative croniche sono tra le malattie pi\u00f9 comuni della popolazione mondiale attuale. Tra queste malattie, le pi\u00f9 comuni sono l&#8217;osteoporosi e il diabete e le conseguenze di queste malattie sono l&#8217;alta disabilit\u00e0 e mortalit\u00e0. \u00c8 stato dimostrato che il movimento, l&#8217;esercizio e l&#8217;attivit\u00e0 fisica, nel complesso, sono molto importanti per prevenire l&#8217;insorgenza, ma...","og_url":"https:\/\/www.rijeka.hr\/it\/temi-per-i-cittadini\/famiglia-e-assistenza-sociale\/salute\/servizi-sanitari-eo-servizi-consultivi\/con-lallenamento-e-unalimentazione-corretta-contro-il-diabete-e-losteoporosi\/","og_site_name":"Citt\u00e0 di Fiume","article_modified_time":"2020-09-30T07:12:21+00:00","twitter_card":"summary_large_image","twitter_misc":{"Est. reading time":"1 minute"},"schema":{"@context":"https:\/\/schema.org","@graph":[{"@type":"WebPage","@id":"https:\/\/www.rijeka.hr\/it\/temi-per-i-cittadini\/famiglia-e-assistenza-sociale\/salute\/servizi-sanitari-eo-servizi-consultivi\/con-lallenamento-e-unalimentazione-corretta-contro-il-diabete-e-losteoporosi\/","url":"https:\/\/www.rijeka.hr\/it\/temi-per-i-cittadini\/famiglia-e-assistenza-sociale\/salute\/servizi-sanitari-eo-servizi-consultivi\/con-lallenamento-e-unalimentazione-corretta-contro-il-diabete-e-losteoporosi\/","name":"Con l\u2019allenamento e un\u2019alimentazione corretta contro il diabete e l\u2019osteoporosi - Citt\u00e0 di Fiume","isPartOf":{"@id":"https:\/\/www.rijeka.hr\/it\/#website"},"datePublished":"2016-07-21T13:56:35+00:00","dateModified":"2020-09-30T07:12:21+00:00","breadcrumb":{"@id":"https:\/\/www.rijeka.hr\/it\/temi-per-i-cittadini\/famiglia-e-assistenza-sociale\/salute\/servizi-sanitari-eo-servizi-consultivi\/con-lallenamento-e-unalimentazione-corretta-contro-il-diabete-e-losteoporosi\/#breadcrumb"},"inLanguage":"it-IT","potentialAction":[{"@type":"ReadAction","target":["https:\/\/www.rijeka.hr\/it\/temi-per-i-cittadini\/famiglia-e-assistenza-sociale\/salute\/servizi-sanitari-eo-servizi-consultivi\/con-lallenamento-e-unalimentazione-corretta-contro-il-diabete-e-losteoporosi\/"]}]},{"@type":"BreadcrumbList","@id":"https:\/\/www.rijeka.hr\/it\/temi-per-i-cittadini\/famiglia-e-assistenza-sociale\/salute\/servizi-sanitari-eo-servizi-consultivi\/con-lallenamento-e-unalimentazione-corretta-contro-il-diabete-e-losteoporosi\/#breadcrumb","itemListElement":[{"@type":"ListItem","position":1,"name":"Po\u010detna stranica","item":"https:\/\/www.rijeka.hr\/it\/"},{"@type":"ListItem","position":2,"name":"Temi per i cittadini","item":"https:\/\/www.rijeka.hr\/it\/temi-per-i-cittadini\/"},{"@type":"ListItem","position":3,"name":"Famiglia e previdenza sociale","item":"https:\/\/www.rijeka.hr\/it\/temi-per-i-cittadini\/famiglia-e-assistenza-sociale\/"},{"@type":"ListItem","position":4,"name":"Sanit\u00e0","item":"https:\/\/www.rijeka.hr\/it\/temi-per-i-cittadini\/famiglia-e-assistenza-sociale\/salute\/"},{"@type":"ListItem","position":5,"name":"Servizi sanitari e\/o servizi consultivi","item":"https:\/\/www.rijeka.hr\/it\/temi-per-i-cittadini\/famiglia-e-assistenza-sociale\/salute\/servizi-sanitari-eo-servizi-consultivi\/"},{"@type":"ListItem","position":6,"name":"Con l\u2019allenamento e un\u2019alimentazione corretta contro il diabete e l\u2019osteoporosi"}]},{"@type":"WebSite","@id":"https:\/\/www.rijeka.hr\/it\/#website","url":"https:\/\/www.rijeka.hr\/it\/","name":"Citt\u00e0 di Fiume","description":"Portale web della Citta&#039; di Fiume","potentialAction":[{"@type":"SearchAction","target":{"@type":"EntryPoint","urlTemplate":"https:\/\/www.rijeka.hr\/it\/?s={search_term_string}"},"query-input":{"@type":"PropertyValueSpecification","valueRequired":true,"valueName":"search_term_string"}}],"inLanguage":"it-IT"}]}},"_links":{"self":[{"href":"https:\/\/www.rijeka.hr\/it\/wp-json\/wp\/v2\/pages\/86","targetHints":{"allow":["GET"]}}],"collection":[{"href":"https:\/\/www.rijeka.hr\/it\/wp-json\/wp\/v2\/pages"}],"about":[{"href":"https:\/\/www.rijeka.hr\/it\/wp-json\/wp\/v2\/types\/page"}],"author":[{"embeddable":true,"href":"https:\/\/www.rijeka.hr\/it\/wp-json\/wp\/v2\/users\/6"}],"replies":[{"embeddable":true,"href":"https:\/\/www.rijeka.hr\/it\/wp-json\/wp\/v2\/comments?post=86"}],"version-history":[{"count":4,"href":"https:\/\/www.rijeka.hr\/it\/wp-json\/wp\/v2\/pages\/86\/revisions"}],"predecessor-version":[{"id":5778,"href":"https:\/\/www.rijeka.hr\/it\/wp-json\/wp\/v2\/pages\/86\/revisions\/5778"}],"up":[{"embeddable":true,"href":"https:\/\/www.rijeka.hr\/it\/wp-json\/wp\/v2\/pages\/69"}],"wp:attachment":[{"href":"https:\/\/www.rijeka.hr\/it\/wp-json\/wp\/v2\/media?parent=86"}],"wp:term":[{"taxonomy":"post_tag","embeddable":true,"href":"https:\/\/www.rijeka.hr\/it\/wp-json\/wp\/v2\/tags?post=86"}],"curies":[{"name":"wp","href":"https:\/\/api.w.org\/{rel}","templated":true}]}}