{"id":8605,"date":"2019-05-27T13:30:08","date_gmt":"2019-05-27T11:30:08","guid":{"rendered":"https:\/\/www.rijeka.hr\/it\/?page_id=8605"},"modified":"2019-05-30T15:02:10","modified_gmt":"2019-05-30T13:02:10","slug":"associazioni-di-cultura-tecnica","status":"publish","type":"page","link":"https:\/\/www.rijeka.hr\/it\/temi-per-i-cittadini\/cultura\/cultura-tecnica\/associazioni-di-cultura-tecnica\/","title":{"rendered":"Associazioni per la cultura tecnica"},"content":{"rendered":"<h2>Astronomia<\/h2>\n<ul>\n<li><a href=\"http:\/\/www.aad.hr\/\">Akademsko astronomsko dru\u0161tvo \u2013 Rijeka<\/a><\/li>\n<\/ul>\n<h2>Ecologia<\/h2>\n<ul>\n<li>Udruga informacije za ekologiju INECO<\/li>\n<li>Udruga za razvoj ekologije i energetike<\/li>\n<\/ul>\n<h2>Foto-cinema-video tecniche<\/h2>\n<ul>\n<li><a href=\"http:\/\/photori.org\/photori\/\">Foto klub Rijeka<\/a><\/li>\n<li><a href=\"http:\/\/www.fotoklubcolor-rijeka.hr\/\">Foto klub Color<\/a><\/li>\n<li><a href=\"http:\/\/www.liburnija-film.hr\/\">Kino video klub \u201cLiburnija-film\u201d<\/a><\/li>\n<li><a href=\"http:\/\/www.filmaktiv.org\/\">Udruga Filmaktiv<\/a><\/li>\n<\/ul>\n<h2>Microelettronica, robotica, informatica<\/h2>\n<ul>\n<li>Centar za robotiku CENROB<\/li>\n<li><a href=\"http:\/\/www.ctk-rijeka.hr\/\">Centar tehni\u010dke kulture Rijeka<\/a><\/li>\n<li>Dru\u0161tvo kiberneti\u010dara Rijeka<\/li>\n<li><a href=\"http:\/\/www.mipro.hr\/\">Hrvatska udruga za informacijsku i komunikacijsku tehnologiju, elektroniku i mikroelektroniku<\/a><\/li>\n<li>Rije\u010dki informati\u010dki\u00a0 obrazovni centar R.I.O.C.<\/li>\n<li><a href=\"http:\/\/www.dir.hr\/\">Udruga darovitih informati\u010dara Rijeka<\/a><\/li>\n<li><a href=\"http:\/\/www.peekpoke.hr\/\">Udruga Calculus<\/a><\/li>\n<\/ul>\n<h2>Attivit\u00e0 inventiva<\/h2>\n<ul>\n<li>Aktiv inovatora Luke Rijeka<\/li>\n<li>Centar za inovacije i transfer tehnologije Centar ITT<\/li>\n<li>IN klub inovatora Rijeka<\/li>\n<li><a href=\"http:\/\/inovatori.hr\/\">Inovacijsko-poduzetni\u010dki centar iPC Rijeka<\/a><\/li>\n<li>Savez rije\u010dkih inovatora<\/li>\n<li>Savez udruga inovatora Rijeka<\/li>\n<li><a href=\"http:\/\/www.ui-bi-3maj.hr\/\">Udruga inovatora brodogra\u0111evne industrije \u201c3. maj\u201d Rijeka<\/a><\/li>\n<li>Udruga inovatora \u201cINA-prerada nafte\u201d Rijeka<\/li>\n<li>Udruga inovatora za razvoj i unaprje\u0111enje alternativnih energija<\/li>\n<\/ul>\n<h2>Vela<\/h2>\n<ul>\n<li><a href=\"http:\/\/www.scor.hr\/scor.htm\">Udruga Vjetar<\/a>\u00a0(Rije\u010dki jedrili\u010darski klub)<\/li>\n<li><a href=\"http:\/\/www.jk3maj.hr\/\">Jedrili\u010darski klub \u201c3. maj\u201d<\/a><\/li>\n<\/ul>\n<h2>Modellismo<\/h2>\n<ul>\n<li><a href=\"http:\/\/www.amkri.hr\/\">Automodelarski klub Rijeka<\/a><\/li>\n<li>Maketarski klub \u201cZeppelin\u201d<\/li>\n<li>Udruga brodomaketara \u201cLiburno\u201d<\/li>\n<\/ul>\n<h2>Attivit\u00e0 subacquee<\/h2>\n<ul>\n<li><a href=\"http:\/\/www.kpa3maj.hr\/01_vijesti.html\">Klub podvodnih aktivnosti \u201c3. maj\u201d<\/a><\/li>\n<\/ul>\n<h2>Cultura del traffico<\/h2>\n<ul>\n<li><a href=\"http:\/\/riautosport.hr\/\">Autoklub Ri Autosport<\/a>, Rijeka<\/li>\n<li><a href=\"http:\/\/www.ak-rijeka.hr\/\">Autoklub \u201cRijeka\u201d<\/a><\/li>\n<li>Auto moto dru\u0161tvo INA millennium<\/li>\n<li>Auto moto dru\u0161tvo \u201cKvarner\u201d<\/li>\n<li><a href=\"http:\/\/oldtimerklub-rijeka.hr\/\">Oldtimer club Rijeka<\/a><\/li>\n<\/ul>\n<h2>Radio tecnica<\/h2>\n<ul>\n<li>Radio klub slijepih \u201cGaleb\u201d Rijeka<\/li>\n<li>Radio klub \u201cRika\u201d<\/li>\n<li>Radio klub \u201cKvarner\u201d Rijeka<\/li>\n<li>Radio klub \u201cRijeka\u201d<\/li>\n<\/ul>\n<h2>Attivit\u00e0 tecniche e sportive in mare e sull\u2019acqua<\/h2>\n<ul>\n<li>Klub za \u0161portski ribolov n\/m \u201c3. maj\u201d<\/li>\n<li>Pomorsko \u0161portsko dru\u0161tvo \u201cPe\u0107ine\u201d<\/li>\n<li>Sportsko ribolovno dru\u0161tvo \u201cKantrida\u201d<\/li>\n<li>\u0160portsko ribolovno dru\u0161tvo \u201cLuben\u201d Rijeka<\/li>\n<li>\u0160portsko ribolovno dru\u0161tvo \u201cRje\u010dina\u201d<\/li>\n<li>\u0160portsko ribolovni klub \u201cViktor Lenac\u201d<\/li>\n<\/ul>\n<h2>Aviazione<\/h2>\n<ul>\n<li><a href=\"http:\/\/jk-krilakvarnera.hr\/\">Jedrili\u010darski klub \u201cKrila Kvarnera\u201d<\/a><\/li>\n<li>Klub za samogradnju i modelarstvo \u201cKrila Kvarnera\u201d<\/li>\n<li><a href=\"http:\/\/www.krila-kvarnera.hr\/\">Klub za slobodno letenje \u201cKrila Kvarnera\u201d<\/a><\/li>\n<li><a href=\"http:\/\/www.padobranstvo.hr\/\">Padobranski klub \u201cKrila Kvarnera\u201d<\/a><\/li>\n<li><a href=\"http:\/\/www.pjkflumen.org\/hr.html\">Parajedrili\u010darski (Paragliding) klub \u201cFlumen\u201d<\/a><\/li>\n<li>Pilotski klub \u201cKrila Kvarnera\u201d<\/li>\n<li>Zrakoplovno dru\u0161tvo \u201cKrila Kvarnera\u201d<\/li>\n<\/ul>\n<h2>Attivit\u00e0 regolari di formazione per giovani cittadini<\/h2>\n<ul>\n<li>Akademsko politehni\u010dko dru\u0161tvo Rijeka APOLD<\/li>\n<li>Klub mladih tehni\u010dara Rijeke<\/li>\n<li>Dru\u0161tvo pedagoga tehni\u010dke kulture Rijeka<\/li>\n<\/ul>\n","protected":false},"excerpt":{"rendered":"<p>Astronomia Akademsko astronomsko dru\u0161tvo \u2013 Rijeka Ecologia Udruga informacije za ekologiju INECO Udruga za razvoj ekologije i energetike Foto-cinema-video tecniche Foto klub Rijeka Foto klub Color Kino video klub \u201cLiburnija-film\u201d Udruga Filmaktiv Microelettronica, robotica, informatica Centar za robotiku CENROB Centar tehni\u010dke kulture Rijeka Dru\u0161tvo kiberneti\u010dara Rijeka Hrvatska udruga za informacijsku i komunikacijsku tehnologiju, elektroniku i&#8230;<\/p>\n","protected":false},"author":6,"featured_media":0,"parent":315,"menu_order":0,"comment_status":"closed","ping_status":"closed","template":"","meta":{"_acf_changed":false,"_trash_the_other_posts":false,"footnotes":"","_links_to":"","_links_to_target":""},"tags":[],"class_list":["post-8605","page","type-page","status-publish","hentry"],"acf":[],"yoast_head":"<!-- This site is optimized with the Yoast SEO plugin v24.4 - https:\/\/yoast.com\/wordpress\/plugins\/seo\/ -->\n<title>Associazioni per la cultura tecnica - Citt\u00e0 di Fiume<\/title>\n<meta name=\"robots\" content=\"index, follow, max-snippet:-1, max-image-preview:large, max-video-preview:-1\" \/>\n<link rel=\"canonical\" href=\"https:\/\/www.rijeka.hr\/it\/temi-per-i-cittadini\/cultura\/cultura-tecnica\/associazioni-di-cultura-tecnica\/\" \/>\n<meta property=\"og:locale\" content=\"it_IT\" \/>\n<meta property=\"og:type\" content=\"article\" \/>\n<meta property=\"og:title\" content=\"Associazioni per la cultura tecnica - Citt\u00e0 di Fiume\" \/>\n<meta property=\"og:description\" content=\"Astronomia Akademsko astronomsko dru\u0161tvo \u2013 Rijeka Ecologia Udruga informacije za ekologiju INECO Udruga za razvoj ekologije i energetike Foto-cinema-video tecniche Foto klub Rijeka Foto klub Color Kino video klub \u201cLiburnija-film\u201d Udruga Filmaktiv Microelettronica, robotica, informatica Centar za robotiku CENROB Centar tehni\u010dke kulture Rijeka Dru\u0161tvo kiberneti\u010dara Rijeka Hrvatska udruga za informacijsku i komunikacijsku tehnologiju, elektroniku i...\" \/>\n<meta property=\"og:url\" content=\"https:\/\/www.rijeka.hr\/it\/temi-per-i-cittadini\/cultura\/cultura-tecnica\/associazioni-di-cultura-tecnica\/\" \/>\n<meta property=\"og:site_name\" content=\"Citt\u00e0 di Fiume\" \/>\n<meta property=\"article:modified_time\" content=\"2019-05-30T13:02:10+00:00\" \/>\n<meta name=\"twitter:card\" content=\"summary_large_image\" \/>\n<meta name=\"twitter:label1\" content=\"Est. reading time\" \/>\n\t<meta name=\"twitter:data1\" content=\"2 minutes\" \/>\n<script type=\"application\/ld+json\" class=\"yoast-schema-graph\">{\"@context\":\"https:\/\/schema.org\",\"@graph\":[{\"@type\":\"WebPage\",\"@id\":\"https:\/\/www.rijeka.hr\/it\/temi-per-i-cittadini\/cultura\/cultura-tecnica\/associazioni-di-cultura-tecnica\/\",\"url\":\"https:\/\/www.rijeka.hr\/it\/temi-per-i-cittadini\/cultura\/cultura-tecnica\/associazioni-di-cultura-tecnica\/\",\"name\":\"Associazioni per la cultura tecnica - Citt\u00e0 di Fiume\",\"isPartOf\":{\"@id\":\"https:\/\/www.rijeka.hr\/it\/#website\"},\"datePublished\":\"2019-05-27T11:30:08+00:00\",\"dateModified\":\"2019-05-30T13:02:10+00:00\",\"breadcrumb\":{\"@id\":\"https:\/\/www.rijeka.hr\/it\/temi-per-i-cittadini\/cultura\/cultura-tecnica\/associazioni-di-cultura-tecnica\/#breadcrumb\"},\"inLanguage\":\"it-IT\",\"potentialAction\":[{\"@type\":\"ReadAction\",\"target\":[\"https:\/\/www.rijeka.hr\/it\/temi-per-i-cittadini\/cultura\/cultura-tecnica\/associazioni-di-cultura-tecnica\/\"]}]},{\"@type\":\"BreadcrumbList\",\"@id\":\"https:\/\/www.rijeka.hr\/it\/temi-per-i-cittadini\/cultura\/cultura-tecnica\/associazioni-di-cultura-tecnica\/#breadcrumb\",\"itemListElement\":[{\"@type\":\"ListItem\",\"position\":1,\"name\":\"Po\u010detna stranica\",\"item\":\"https:\/\/www.rijeka.hr\/it\/\"},{\"@type\":\"ListItem\",\"position\":2,\"name\":\"Temi per i cittadini\",\"item\":\"https:\/\/www.rijeka.hr\/it\/temi-per-i-cittadini\/\"},{\"@type\":\"ListItem\",\"position\":3,\"name\":\"Cultura\",\"item\":\"https:\/\/www.rijeka.hr\/it\/temi-per-i-cittadini\/cultura\/\"},{\"@type\":\"ListItem\",\"position\":4,\"name\":\"Cultura tecnica\",\"item\":\"https:\/\/www.rijeka.hr\/it\/temi-per-i-cittadini\/cultura\/cultura-tecnica\/\"},{\"@type\":\"ListItem\",\"position\":5,\"name\":\"Associazioni per la cultura tecnica\"}]},{\"@type\":\"WebSite\",\"@id\":\"https:\/\/www.rijeka.hr\/it\/#website\",\"url\":\"https:\/\/www.rijeka.hr\/it\/\",\"name\":\"Citt\u00e0 di Fiume\",\"description\":\"Portale web della Citta&#039; di Fiume\",\"potentialAction\":[{\"@type\":\"SearchAction\",\"target\":{\"@type\":\"EntryPoint\",\"urlTemplate\":\"https:\/\/www.rijeka.hr\/it\/?s={search_term_string}\"},\"query-input\":{\"@type\":\"PropertyValueSpecification\",\"valueRequired\":true,\"valueName\":\"search_term_string\"}}],\"inLanguage\":\"it-IT\"}]}<\/script>\n<!-- \/ Yoast SEO plugin. -->","yoast_head_json":{"title":"Associazioni per la cultura tecnica - Citt\u00e0 di Fiume","robots":{"index":"index","follow":"follow","max-snippet":"max-snippet:-1","max-image-preview":"max-image-preview:large","max-video-preview":"max-video-preview:-1"},"canonical":"https:\/\/www.rijeka.hr\/it\/temi-per-i-cittadini\/cultura\/cultura-tecnica\/associazioni-di-cultura-tecnica\/","og_locale":"it_IT","og_type":"article","og_title":"Associazioni per la cultura tecnica - Citt\u00e0 di Fiume","og_description":"Astronomia Akademsko astronomsko dru\u0161tvo \u2013 Rijeka Ecologia Udruga informacije za ekologiju INECO Udruga za razvoj ekologije i energetike Foto-cinema-video tecniche Foto klub Rijeka Foto klub Color Kino video klub \u201cLiburnija-film\u201d Udruga Filmaktiv Microelettronica, robotica, informatica Centar za robotiku CENROB Centar tehni\u010dke kulture Rijeka Dru\u0161tvo kiberneti\u010dara Rijeka Hrvatska udruga za informacijsku i komunikacijsku tehnologiju, elektroniku i...","og_url":"https:\/\/www.rijeka.hr\/it\/temi-per-i-cittadini\/cultura\/cultura-tecnica\/associazioni-di-cultura-tecnica\/","og_site_name":"Citt\u00e0 di Fiume","article_modified_time":"2019-05-30T13:02:10+00:00","twitter_card":"summary_large_image","twitter_misc":{"Est. reading time":"2 minutes"},"schema":{"@context":"https:\/\/schema.org","@graph":[{"@type":"WebPage","@id":"https:\/\/www.rijeka.hr\/it\/temi-per-i-cittadini\/cultura\/cultura-tecnica\/associazioni-di-cultura-tecnica\/","url":"https:\/\/www.rijeka.hr\/it\/temi-per-i-cittadini\/cultura\/cultura-tecnica\/associazioni-di-cultura-tecnica\/","name":"Associazioni per la cultura tecnica - Citt\u00e0 di Fiume","isPartOf":{"@id":"https:\/\/www.rijeka.hr\/it\/#website"},"datePublished":"2019-05-27T11:30:08+00:00","dateModified":"2019-05-30T13:02:10+00:00","breadcrumb":{"@id":"https:\/\/www.rijeka.hr\/it\/temi-per-i-cittadini\/cultura\/cultura-tecnica\/associazioni-di-cultura-tecnica\/#breadcrumb"},"inLanguage":"it-IT","potentialAction":[{"@type":"ReadAction","target":["https:\/\/www.rijeka.hr\/it\/temi-per-i-cittadini\/cultura\/cultura-tecnica\/associazioni-di-cultura-tecnica\/"]}]},{"@type":"BreadcrumbList","@id":"https:\/\/www.rijeka.hr\/it\/temi-per-i-cittadini\/cultura\/cultura-tecnica\/associazioni-di-cultura-tecnica\/#breadcrumb","itemListElement":[{"@type":"ListItem","position":1,"name":"Po\u010detna stranica","item":"https:\/\/www.rijeka.hr\/it\/"},{"@type":"ListItem","position":2,"name":"Temi per i cittadini","item":"https:\/\/www.rijeka.hr\/it\/temi-per-i-cittadini\/"},{"@type":"ListItem","position":3,"name":"Cultura","item":"https:\/\/www.rijeka.hr\/it\/temi-per-i-cittadini\/cultura\/"},{"@type":"ListItem","position":4,"name":"Cultura tecnica","item":"https:\/\/www.rijeka.hr\/it\/temi-per-i-cittadini\/cultura\/cultura-tecnica\/"},{"@type":"ListItem","position":5,"name":"Associazioni per la cultura tecnica"}]},{"@type":"WebSite","@id":"https:\/\/www.rijeka.hr\/it\/#website","url":"https:\/\/www.rijeka.hr\/it\/","name":"Citt\u00e0 di Fiume","description":"Portale web della Citta&#039; di Fiume","potentialAction":[{"@type":"SearchAction","target":{"@type":"EntryPoint","urlTemplate":"https:\/\/www.rijeka.hr\/it\/?s={search_term_string}"},"query-input":{"@type":"PropertyValueSpecification","valueRequired":true,"valueName":"search_term_string"}}],"inLanguage":"it-IT"}]}},"_links":{"self":[{"href":"https:\/\/www.rijeka.hr\/it\/wp-json\/wp\/v2\/pages\/8605","targetHints":{"allow":["GET"]}}],"collection":[{"href":"https:\/\/www.rijeka.hr\/it\/wp-json\/wp\/v2\/pages"}],"about":[{"href":"https:\/\/www.rijeka.hr\/it\/wp-json\/wp\/v2\/types\/page"}],"author":[{"embeddable":true,"href":"https:\/\/www.rijeka.hr\/it\/wp-json\/wp\/v2\/users\/6"}],"replies":[{"embeddable":true,"href":"https:\/\/www.rijeka.hr\/it\/wp-json\/wp\/v2\/comments?post=8605"}],"version-history":[{"count":5,"href":"https:\/\/www.rijeka.hr\/it\/wp-json\/wp\/v2\/pages\/8605\/revisions"}],"predecessor-version":[{"id":8640,"href":"https:\/\/www.rijeka.hr\/it\/wp-json\/wp\/v2\/pages\/8605\/revisions\/8640"}],"up":[{"embeddable":true,"href":"https:\/\/www.rijeka.hr\/it\/wp-json\/wp\/v2\/pages\/315"}],"wp:attachment":[{"href":"https:\/\/www.rijeka.hr\/it\/wp-json\/wp\/v2\/media?parent=8605"}],"wp:term":[{"taxonomy":"post_tag","embeddable":true,"href":"https:\/\/www.rijeka.hr\/it\/wp-json\/wp\/v2\/tags?post=8605"}],"curies":[{"name":"wp","href":"https:\/\/api.w.org\/{rel}","templated":true}]}}