{"id":8610,"date":"2019-05-28T10:44:34","date_gmt":"2019-05-28T08:44:34","guid":{"rendered":"https:\/\/www.rijeka.hr\/it\/?page_id=8610"},"modified":"2024-02-13T11:16:29","modified_gmt":"2024-02-13T10:16:29","slug":"organizzazione-e-lattivita-programmatica-della-cultura-tecnica","status":"publish","type":"page","link":"https:\/\/www.rijeka.hr\/it\/temi-per-i-cittadini\/cultura\/cultura-tecnica\/organizzazione-e-lattivita-programmatica-della-cultura-tecnica\/","title":{"rendered":"Organizzazione e l\u2019attivit\u00e0 programmatica della cultura tecnica"},"content":{"rendered":"<p>Le attivit\u00e0 che rientrano nel campo della cultura tecnica a Fiume vengono promosse dal Dipartimento cittadino per lo sport e la cultura tecnica e dalla Comunit\u00e0 di cultura tecnica della citt\u00e0 di Fiume.<\/p>\n<p>Il Dipartimento cittadino per lo sport e la cultura tecnica \u00e8 responsabile per la progettazione, l&#8217;attuazione e il finanziamento di programmi e progetti promossi dai club e dalle associazioni che si occupano di queste attivit\u00e0, nonch\u00e9 per pianificare lo sviluppo di una rete di strutture destinate alla cultura tecnica.<\/p>\n<p>La Comunit\u00e0 di cultura tecnica \u00e8 un&#8217;organizzazione di associazioni della cultura tecnica ed \u00e8 finanziata dal bilancio della Citt\u00e0 di Fiume. La Comunit\u00e0 collabora con il Dipartimento cittadino per lo sport e la cultura tecnica, durante la preparazione del Programma di necessit\u00e0 pubbliche nel campo della cultura tecnica e durante la supervisione dell&#8217;attuazione del programma.<\/p>\n","protected":false},"excerpt":{"rendered":"<p>Le attivit\u00e0 che rientrano nel campo della cultura tecnica a Fiume vengono promosse dal Dipartimento cittadino per lo sport e la cultura tecnica e dalla Comunit\u00e0 di cultura tecnica della citt\u00e0 di Fiume. Il Dipartimento cittadino per lo sport e la cultura tecnica \u00e8 responsabile per la progettazione, l&#8217;attuazione e il finanziamento di programmi e&#8230;<\/p>\n","protected":false},"author":74,"featured_media":0,"parent":315,"menu_order":0,"comment_status":"closed","ping_status":"closed","template":"","meta":{"_acf_changed":false,"_trash_the_other_posts":false,"footnotes":"","_links_to":"","_links_to_target":""},"tags":[],"class_list":["post-8610","page","type-page","status-publish","hentry"],"acf":[],"yoast_head":"<!-- This site is optimized with the Yoast SEO plugin v24.4 - https:\/\/yoast.com\/wordpress\/plugins\/seo\/ -->\n<title>Organizzazione e l\u2019attivit\u00e0 programmatica della cultura tecnica - Citt\u00e0 di Fiume<\/title>\n<meta name=\"robots\" content=\"index, follow, max-snippet:-1, max-image-preview:large, max-video-preview:-1\" \/>\n<link rel=\"canonical\" href=\"https:\/\/www.rijeka.hr\/it\/temi-per-i-cittadini\/cultura\/cultura-tecnica\/organizzazione-e-lattivita-programmatica-della-cultura-tecnica\/\" \/>\n<meta property=\"og:locale\" content=\"it_IT\" \/>\n<meta property=\"og:type\" content=\"article\" \/>\n<meta property=\"og:title\" content=\"Organizzazione e l\u2019attivit\u00e0 programmatica della cultura tecnica - Citt\u00e0 di Fiume\" \/>\n<meta property=\"og:description\" content=\"Le attivit\u00e0 che rientrano nel campo della cultura tecnica a Fiume vengono promosse dal Dipartimento cittadino per lo sport e la cultura tecnica e dalla Comunit\u00e0 di cultura tecnica della citt\u00e0 di Fiume. Il Dipartimento cittadino per lo sport e la cultura tecnica \u00e8 responsabile per la progettazione, l&#8217;attuazione e il finanziamento di programmi e...\" \/>\n<meta property=\"og:url\" content=\"https:\/\/www.rijeka.hr\/it\/temi-per-i-cittadini\/cultura\/cultura-tecnica\/organizzazione-e-lattivita-programmatica-della-cultura-tecnica\/\" \/>\n<meta property=\"og:site_name\" content=\"Citt\u00e0 di Fiume\" \/>\n<meta property=\"article:modified_time\" content=\"2024-02-13T10:16:29+00:00\" \/>\n<meta name=\"twitter:card\" content=\"summary_large_image\" \/>\n<meta name=\"twitter:label1\" content=\"Est. reading time\" \/>\n\t<meta name=\"twitter:data1\" content=\"1 minute\" \/>\n<script type=\"application\/ld+json\" class=\"yoast-schema-graph\">{\"@context\":\"https:\/\/schema.org\",\"@graph\":[{\"@type\":\"WebPage\",\"@id\":\"https:\/\/www.rijeka.hr\/it\/temi-per-i-cittadini\/cultura\/cultura-tecnica\/organizzazione-e-lattivita-programmatica-della-cultura-tecnica\/\",\"url\":\"https:\/\/www.rijeka.hr\/it\/temi-per-i-cittadini\/cultura\/cultura-tecnica\/organizzazione-e-lattivita-programmatica-della-cultura-tecnica\/\",\"name\":\"Organizzazione e l\u2019attivit\u00e0 programmatica della cultura tecnica - Citt\u00e0 di Fiume\",\"isPartOf\":{\"@id\":\"https:\/\/www.rijeka.hr\/it\/#website\"},\"datePublished\":\"2019-05-28T08:44:34+00:00\",\"dateModified\":\"2024-02-13T10:16:29+00:00\",\"breadcrumb\":{\"@id\":\"https:\/\/www.rijeka.hr\/it\/temi-per-i-cittadini\/cultura\/cultura-tecnica\/organizzazione-e-lattivita-programmatica-della-cultura-tecnica\/#breadcrumb\"},\"inLanguage\":\"it-IT\",\"potentialAction\":[{\"@type\":\"ReadAction\",\"target\":[\"https:\/\/www.rijeka.hr\/it\/temi-per-i-cittadini\/cultura\/cultura-tecnica\/organizzazione-e-lattivita-programmatica-della-cultura-tecnica\/\"]}]},{\"@type\":\"BreadcrumbList\",\"@id\":\"https:\/\/www.rijeka.hr\/it\/temi-per-i-cittadini\/cultura\/cultura-tecnica\/organizzazione-e-lattivita-programmatica-della-cultura-tecnica\/#breadcrumb\",\"itemListElement\":[{\"@type\":\"ListItem\",\"position\":1,\"name\":\"Po\u010detna stranica\",\"item\":\"https:\/\/www.rijeka.hr\/it\/\"},{\"@type\":\"ListItem\",\"position\":2,\"name\":\"Temi per i cittadini\",\"item\":\"https:\/\/www.rijeka.hr\/it\/temi-per-i-cittadini\/\"},{\"@type\":\"ListItem\",\"position\":3,\"name\":\"Cultura\",\"item\":\"https:\/\/www.rijeka.hr\/it\/temi-per-i-cittadini\/cultura\/\"},{\"@type\":\"ListItem\",\"position\":4,\"name\":\"Cultura tecnica\",\"item\":\"https:\/\/www.rijeka.hr\/it\/temi-per-i-cittadini\/cultura\/cultura-tecnica\/\"},{\"@type\":\"ListItem\",\"position\":5,\"name\":\"Organizzazione e l\u2019attivit\u00e0 programmatica della cultura tecnica\"}]},{\"@type\":\"WebSite\",\"@id\":\"https:\/\/www.rijeka.hr\/it\/#website\",\"url\":\"https:\/\/www.rijeka.hr\/it\/\",\"name\":\"Citt\u00e0 di Fiume\",\"description\":\"Portale web della Citta&#039; di Fiume\",\"potentialAction\":[{\"@type\":\"SearchAction\",\"target\":{\"@type\":\"EntryPoint\",\"urlTemplate\":\"https:\/\/www.rijeka.hr\/it\/?s={search_term_string}\"},\"query-input\":{\"@type\":\"PropertyValueSpecification\",\"valueRequired\":true,\"valueName\":\"search_term_string\"}}],\"inLanguage\":\"it-IT\"}]}<\/script>\n<!-- \/ Yoast SEO plugin. -->","yoast_head_json":{"title":"Organizzazione e l\u2019attivit\u00e0 programmatica della cultura tecnica - Citt\u00e0 di Fiume","robots":{"index":"index","follow":"follow","max-snippet":"max-snippet:-1","max-image-preview":"max-image-preview:large","max-video-preview":"max-video-preview:-1"},"canonical":"https:\/\/www.rijeka.hr\/it\/temi-per-i-cittadini\/cultura\/cultura-tecnica\/organizzazione-e-lattivita-programmatica-della-cultura-tecnica\/","og_locale":"it_IT","og_type":"article","og_title":"Organizzazione e l\u2019attivit\u00e0 programmatica della cultura tecnica - Citt\u00e0 di Fiume","og_description":"Le attivit\u00e0 che rientrano nel campo della cultura tecnica a Fiume vengono promosse dal Dipartimento cittadino per lo sport e la cultura tecnica e dalla Comunit\u00e0 di cultura tecnica della citt\u00e0 di Fiume. Il Dipartimento cittadino per lo sport e la cultura tecnica \u00e8 responsabile per la progettazione, l&#8217;attuazione e il finanziamento di programmi e...","og_url":"https:\/\/www.rijeka.hr\/it\/temi-per-i-cittadini\/cultura\/cultura-tecnica\/organizzazione-e-lattivita-programmatica-della-cultura-tecnica\/","og_site_name":"Citt\u00e0 di Fiume","article_modified_time":"2024-02-13T10:16:29+00:00","twitter_card":"summary_large_image","twitter_misc":{"Est. reading time":"1 minute"},"schema":{"@context":"https:\/\/schema.org","@graph":[{"@type":"WebPage","@id":"https:\/\/www.rijeka.hr\/it\/temi-per-i-cittadini\/cultura\/cultura-tecnica\/organizzazione-e-lattivita-programmatica-della-cultura-tecnica\/","url":"https:\/\/www.rijeka.hr\/it\/temi-per-i-cittadini\/cultura\/cultura-tecnica\/organizzazione-e-lattivita-programmatica-della-cultura-tecnica\/","name":"Organizzazione e l\u2019attivit\u00e0 programmatica della cultura tecnica - Citt\u00e0 di Fiume","isPartOf":{"@id":"https:\/\/www.rijeka.hr\/it\/#website"},"datePublished":"2019-05-28T08:44:34+00:00","dateModified":"2024-02-13T10:16:29+00:00","breadcrumb":{"@id":"https:\/\/www.rijeka.hr\/it\/temi-per-i-cittadini\/cultura\/cultura-tecnica\/organizzazione-e-lattivita-programmatica-della-cultura-tecnica\/#breadcrumb"},"inLanguage":"it-IT","potentialAction":[{"@type":"ReadAction","target":["https:\/\/www.rijeka.hr\/it\/temi-per-i-cittadini\/cultura\/cultura-tecnica\/organizzazione-e-lattivita-programmatica-della-cultura-tecnica\/"]}]},{"@type":"BreadcrumbList","@id":"https:\/\/www.rijeka.hr\/it\/temi-per-i-cittadini\/cultura\/cultura-tecnica\/organizzazione-e-lattivita-programmatica-della-cultura-tecnica\/#breadcrumb","itemListElement":[{"@type":"ListItem","position":1,"name":"Po\u010detna stranica","item":"https:\/\/www.rijeka.hr\/it\/"},{"@type":"ListItem","position":2,"name":"Temi per i cittadini","item":"https:\/\/www.rijeka.hr\/it\/temi-per-i-cittadini\/"},{"@type":"ListItem","position":3,"name":"Cultura","item":"https:\/\/www.rijeka.hr\/it\/temi-per-i-cittadini\/cultura\/"},{"@type":"ListItem","position":4,"name":"Cultura tecnica","item":"https:\/\/www.rijeka.hr\/it\/temi-per-i-cittadini\/cultura\/cultura-tecnica\/"},{"@type":"ListItem","position":5,"name":"Organizzazione e l\u2019attivit\u00e0 programmatica della cultura tecnica"}]},{"@type":"WebSite","@id":"https:\/\/www.rijeka.hr\/it\/#website","url":"https:\/\/www.rijeka.hr\/it\/","name":"Citt\u00e0 di Fiume","description":"Portale web della Citta&#039; di Fiume","potentialAction":[{"@type":"SearchAction","target":{"@type":"EntryPoint","urlTemplate":"https:\/\/www.rijeka.hr\/it\/?s={search_term_string}"},"query-input":{"@type":"PropertyValueSpecification","valueRequired":true,"valueName":"search_term_string"}}],"inLanguage":"it-IT"}]}},"_links":{"self":[{"href":"https:\/\/www.rijeka.hr\/it\/wp-json\/wp\/v2\/pages\/8610","targetHints":{"allow":["GET"]}}],"collection":[{"href":"https:\/\/www.rijeka.hr\/it\/wp-json\/wp\/v2\/pages"}],"about":[{"href":"https:\/\/www.rijeka.hr\/it\/wp-json\/wp\/v2\/types\/page"}],"author":[{"embeddable":true,"href":"https:\/\/www.rijeka.hr\/it\/wp-json\/wp\/v2\/users\/74"}],"replies":[{"embeddable":true,"href":"https:\/\/www.rijeka.hr\/it\/wp-json\/wp\/v2\/comments?post=8610"}],"version-history":[{"count":4,"href":"https:\/\/www.rijeka.hr\/it\/wp-json\/wp\/v2\/pages\/8610\/revisions"}],"predecessor-version":[{"id":8613,"href":"https:\/\/www.rijeka.hr\/it\/wp-json\/wp\/v2\/pages\/8610\/revisions\/8613"}],"up":[{"embeddable":true,"href":"https:\/\/www.rijeka.hr\/it\/wp-json\/wp\/v2\/pages\/315"}],"wp:attachment":[{"href":"https:\/\/www.rijeka.hr\/it\/wp-json\/wp\/v2\/media?parent=8610"}],"wp:term":[{"taxonomy":"post_tag","embeddable":true,"href":"https:\/\/www.rijeka.hr\/it\/wp-json\/wp\/v2\/tags?post=8610"}],"curies":[{"name":"wp","href":"https:\/\/api.w.org\/{rel}","templated":true}]}}