{"id":8693,"date":"2019-06-10T14:52:37","date_gmt":"2019-06-10T12:52:37","guid":{"rendered":"https:\/\/www.rijeka.hr\/it\/?page_id=8693"},"modified":"2019-06-12T13:09:59","modified_gmt":"2019-06-12T11:09:59","slug":"la-rete-europea-delle-citta-per-lo-sport-e-lattivita-fisica-le-citta-per-lo-sport","status":"publish","type":"page","link":"https:\/\/www.rijeka.hr\/it\/temi-per-i-cittadini\/sport-e-ricreazione\/sport-a-fiume\/la-rete-europea-delle-citta-per-lo-sport-e-lattivita-fisica-le-citta-per-lo-sport\/","title":{"rendered":"La rete europea delle citt\u00e0 per lo sport e l\u2019attivit\u00e0 fisica \u201cLe citt\u00e0 per lo sport\u201d"},"content":{"rendered":"<p>Dal mese di aprile 2013, la Citt\u00e0 di Fiume \u00e8 membro della Rete europea delle citt\u00e0 per lo sport e l&#8217;attivit\u00e0 fisica, il cui obiettivo principale \u00e8 quello di incoraggiare l&#8217;attivit\u00e0 fisica e uno stile di vita attivo di tutti i membri della comunit\u00e0, adattati alla loro et\u00e0 e possibilit\u00e0. Le attivit\u00e0 congiunte dei membri della rete dipendono dai disponibili fondi dell\u2019UE. Attualmente non ci sono progetti in corso.<\/p>\n<p>Oltre alla componente relativa alla salute, la rete ha anche la sua componente sociale legata al miglioramento della qualit\u00e0 della vita, in particolare nella terza et\u00e0.<\/p>\n<p>Diventando membro di questa rete internazionale, Fiume ha la possibilit\u00e0 di presentare le sue attivit\u00e0 sul sito web della rete &#8220;Citt\u00e0 per lo sport&#8221;, contribuendo cos\u00ec alla promozione internazionale dello sport a Fiume e alla promozione di Fiume in generale.<\/p>\n<p>La Citt\u00e0 di Fiume promuove continuamente lo sport come uno stile di vita, la sinergia tra sport e salute, attraverso i propri progetti e programmi, o attraverso progetti e programmi realizzati in collaborazione con partner esterni, e in questa occasione dovremmo in particolare specificare i seguenti progetti e programmi, ovvero le attivit\u00e0 sportive dedicate a tutte le et\u00e0:<\/p>\n<ul>\n<li><a href=\"https:\/\/www.rijeka.hr\/it\/temi-per-i-cittadini\/sport-e-ricreazione\/manifestazioni-sportive-e-ricreative\/manifestazioni-sportive-ricreative\/\">La giornata olimpica croata<\/a><\/li>\n<li><a href=\"https:\/\/www.rijeka.hr\/it\/temi-per-i-cittadini\/educazione-e-istruzione\/scuole-elementari\/linsegnamento-nelle-scuole-elementari-e-arricchito-da-numerosi-programmi-e-progetti\/progetto-fiume-nuota\/?noredirect=it_IT\">Fiume nuota<\/a><\/li>\n<li><a href=\"https:\/\/www.rijeka.hr\/it\/temi-per-i-cittadini\/sport-e-ricreazione\/manifestazioni-sportive-e-ricreative\/manifestazioni-sportive-ricreative\/giochi-sportivi-bambini-fiume-difficolta-nello-sviluppo\/?noredirect=it_IT\">Giochi sportivi per bambini con difficolt\u00e0 nello sviluppo<\/a><\/li>\n<li><a href=\"https:\/\/www.rijeka.hr\/it\/progetto-delle-passeggiate-fiumane\/?noredirect=it_IT\">Passeggiate fiumane<\/a><\/li>\n<li><a href=\"https:\/\/www.rijeka.hr\/it\/temi-per-i-cittadini\/famiglia-e-assistenza-sociale\/anziani-e-pensionati\/ricreazione-dei-pensionati\/?noredirect=it_IT\">Ricreazione dei pensionati\u00a0<\/a><\/li>\n<li><a href=\"https:\/\/www.rijeka.hr\/it\/temi-per-i-cittadini\/famiglia-e-assistenza-sociale\/anziani-e-pensionati\/ricreazione-dei-pensionati\/progetto-salute-gioia-tramite-movimento-la-danza\/?noredirect=it_IT\">Salute e gioia tramite il movimento e la danza<\/a><\/li>\n<li><a href=\"http:\/\/www.dvorana-kulture.hr\/aktivnosti\/stalne-aktivnosti\">Yoga per gli over 50<\/a><\/li>\n<li><a href=\"https:\/\/www.rijeka.hr\/it\/temi-per-i-cittadini\/sport-e-ricreazione\/manifestazioni-sportive-e-ricreative\/manifestazioni-internazionali\/?noredirect=it_IT\">Andiamo tutti a correre<\/a><\/li>\n<li><a href=\"https:\/\/www.rijeka.hr\/it\/temi-per-i-cittadini\/sport-e-ricreazione\/manifestazioni-sportive-e-ricreative\/?noredirect=it_IT\">Manifestazioni sportive e ricreative<\/a><\/li>\n<\/ul>\n","protected":false},"excerpt":{"rendered":"<p>Dal mese di aprile 2013, la Citt\u00e0 di Fiume \u00e8 membro della Rete europea delle citt\u00e0 per lo sport e l&#8217;attivit\u00e0 fisica, il cui obiettivo principale \u00e8 quello di incoraggiare l&#8217;attivit\u00e0 fisica e uno stile di vita attivo di tutti i membri della comunit\u00e0, adattati alla loro et\u00e0 e possibilit\u00e0. Le attivit\u00e0 congiunte dei membri&#8230;<\/p>\n","protected":false},"author":6,"featured_media":0,"parent":328,"menu_order":58,"comment_status":"closed","ping_status":"closed","template":"","meta":{"_acf_changed":false,"_trash_the_other_posts":false,"footnotes":"","_links_to":"","_links_to_target":""},"tags":[],"class_list":["post-8693","page","type-page","status-publish","hentry"],"acf":[],"yoast_head":"<!-- This site is optimized with the Yoast SEO plugin v24.4 - https:\/\/yoast.com\/wordpress\/plugins\/seo\/ -->\n<title>La rete europea delle citt\u00e0 per lo sport e l\u2019attivit\u00e0 fisica \u201cLe citt\u00e0 per lo sport\u201d - Citt\u00e0 di Fiume<\/title>\n<meta name=\"robots\" content=\"index, follow, max-snippet:-1, max-image-preview:large, max-video-preview:-1\" \/>\n<link rel=\"canonical\" href=\"https:\/\/www.rijeka.hr\/it\/temi-per-i-cittadini\/sport-e-ricreazione\/sport-a-fiume\/la-rete-europea-delle-citta-per-lo-sport-e-lattivita-fisica-le-citta-per-lo-sport\/\" \/>\n<meta property=\"og:locale\" content=\"it_IT\" \/>\n<meta property=\"og:type\" content=\"article\" \/>\n<meta property=\"og:title\" content=\"La rete europea delle citt\u00e0 per lo sport e l\u2019attivit\u00e0 fisica \u201cLe citt\u00e0 per lo sport\u201d - Citt\u00e0 di Fiume\" \/>\n<meta property=\"og:description\" content=\"Dal mese di aprile 2013, la Citt\u00e0 di Fiume \u00e8 membro della Rete europea delle citt\u00e0 per lo sport e l&#8217;attivit\u00e0 fisica, il cui obiettivo principale \u00e8 quello di incoraggiare l&#8217;attivit\u00e0 fisica e uno stile di vita attivo di tutti i membri della comunit\u00e0, adattati alla loro et\u00e0 e possibilit\u00e0. Le attivit\u00e0 congiunte dei membri...\" \/>\n<meta property=\"og:url\" content=\"https:\/\/www.rijeka.hr\/it\/temi-per-i-cittadini\/sport-e-ricreazione\/sport-a-fiume\/la-rete-europea-delle-citta-per-lo-sport-e-lattivita-fisica-le-citta-per-lo-sport\/\" \/>\n<meta property=\"og:site_name\" content=\"Citt\u00e0 di Fiume\" \/>\n<meta property=\"article:modified_time\" content=\"2019-06-12T11:09:59+00:00\" \/>\n<meta name=\"twitter:card\" content=\"summary_large_image\" \/>\n<meta name=\"twitter:label1\" content=\"Est. reading time\" \/>\n\t<meta name=\"twitter:data1\" content=\"1 minute\" \/>\n<script type=\"application\/ld+json\" class=\"yoast-schema-graph\">{\"@context\":\"https:\/\/schema.org\",\"@graph\":[{\"@type\":\"WebPage\",\"@id\":\"https:\/\/www.rijeka.hr\/it\/temi-per-i-cittadini\/sport-e-ricreazione\/sport-a-fiume\/la-rete-europea-delle-citta-per-lo-sport-e-lattivita-fisica-le-citta-per-lo-sport\/\",\"url\":\"https:\/\/www.rijeka.hr\/it\/temi-per-i-cittadini\/sport-e-ricreazione\/sport-a-fiume\/la-rete-europea-delle-citta-per-lo-sport-e-lattivita-fisica-le-citta-per-lo-sport\/\",\"name\":\"La rete europea delle citt\u00e0 per lo sport e l\u2019attivit\u00e0 fisica \u201cLe citt\u00e0 per lo sport\u201d - Citt\u00e0 di Fiume\",\"isPartOf\":{\"@id\":\"https:\/\/www.rijeka.hr\/it\/#website\"},\"datePublished\":\"2019-06-10T12:52:37+00:00\",\"dateModified\":\"2019-06-12T11:09:59+00:00\",\"breadcrumb\":{\"@id\":\"https:\/\/www.rijeka.hr\/it\/temi-per-i-cittadini\/sport-e-ricreazione\/sport-a-fiume\/la-rete-europea-delle-citta-per-lo-sport-e-lattivita-fisica-le-citta-per-lo-sport\/#breadcrumb\"},\"inLanguage\":\"it-IT\",\"potentialAction\":[{\"@type\":\"ReadAction\",\"target\":[\"https:\/\/www.rijeka.hr\/it\/temi-per-i-cittadini\/sport-e-ricreazione\/sport-a-fiume\/la-rete-europea-delle-citta-per-lo-sport-e-lattivita-fisica-le-citta-per-lo-sport\/\"]}]},{\"@type\":\"BreadcrumbList\",\"@id\":\"https:\/\/www.rijeka.hr\/it\/temi-per-i-cittadini\/sport-e-ricreazione\/sport-a-fiume\/la-rete-europea-delle-citta-per-lo-sport-e-lattivita-fisica-le-citta-per-lo-sport\/#breadcrumb\",\"itemListElement\":[{\"@type\":\"ListItem\",\"position\":1,\"name\":\"Po\u010detna stranica\",\"item\":\"https:\/\/www.rijeka.hr\/it\/\"},{\"@type\":\"ListItem\",\"position\":2,\"name\":\"Temi per i cittadini\",\"item\":\"https:\/\/www.rijeka.hr\/it\/temi-per-i-cittadini\/\"},{\"@type\":\"ListItem\",\"position\":3,\"name\":\"Sport e ricreazione\",\"item\":\"https:\/\/www.rijeka.hr\/it\/temi-per-i-cittadini\/sport-e-ricreazione\/\"},{\"@type\":\"ListItem\",\"position\":4,\"name\":\"Sport a Fiume\",\"item\":\"https:\/\/www.rijeka.hr\/it\/temi-per-i-cittadini\/sport-e-ricreazione\/sport-a-fiume\/\"},{\"@type\":\"ListItem\",\"position\":5,\"name\":\"La rete europea delle citt\u00e0 per lo sport e l\u2019attivit\u00e0 fisica \u201cLe citt\u00e0 per lo sport\u201d\"}]},{\"@type\":\"WebSite\",\"@id\":\"https:\/\/www.rijeka.hr\/it\/#website\",\"url\":\"https:\/\/www.rijeka.hr\/it\/\",\"name\":\"Citt\u00e0 di Fiume\",\"description\":\"Portale web della Citta&#039; di Fiume\",\"potentialAction\":[{\"@type\":\"SearchAction\",\"target\":{\"@type\":\"EntryPoint\",\"urlTemplate\":\"https:\/\/www.rijeka.hr\/it\/?s={search_term_string}\"},\"query-input\":{\"@type\":\"PropertyValueSpecification\",\"valueRequired\":true,\"valueName\":\"search_term_string\"}}],\"inLanguage\":\"it-IT\"}]}<\/script>\n<!-- \/ Yoast SEO plugin. -->","yoast_head_json":{"title":"La rete europea delle citt\u00e0 per lo sport e l\u2019attivit\u00e0 fisica \u201cLe citt\u00e0 per lo sport\u201d - Citt\u00e0 di Fiume","robots":{"index":"index","follow":"follow","max-snippet":"max-snippet:-1","max-image-preview":"max-image-preview:large","max-video-preview":"max-video-preview:-1"},"canonical":"https:\/\/www.rijeka.hr\/it\/temi-per-i-cittadini\/sport-e-ricreazione\/sport-a-fiume\/la-rete-europea-delle-citta-per-lo-sport-e-lattivita-fisica-le-citta-per-lo-sport\/","og_locale":"it_IT","og_type":"article","og_title":"La rete europea delle citt\u00e0 per lo sport e l\u2019attivit\u00e0 fisica \u201cLe citt\u00e0 per lo sport\u201d - Citt\u00e0 di Fiume","og_description":"Dal mese di aprile 2013, la Citt\u00e0 di Fiume \u00e8 membro della Rete europea delle citt\u00e0 per lo sport e l&#8217;attivit\u00e0 fisica, il cui obiettivo principale \u00e8 quello di incoraggiare l&#8217;attivit\u00e0 fisica e uno stile di vita attivo di tutti i membri della comunit\u00e0, adattati alla loro et\u00e0 e possibilit\u00e0. Le attivit\u00e0 congiunte dei membri...","og_url":"https:\/\/www.rijeka.hr\/it\/temi-per-i-cittadini\/sport-e-ricreazione\/sport-a-fiume\/la-rete-europea-delle-citta-per-lo-sport-e-lattivita-fisica-le-citta-per-lo-sport\/","og_site_name":"Citt\u00e0 di Fiume","article_modified_time":"2019-06-12T11:09:59+00:00","twitter_card":"summary_large_image","twitter_misc":{"Est. reading time":"1 minute"},"schema":{"@context":"https:\/\/schema.org","@graph":[{"@type":"WebPage","@id":"https:\/\/www.rijeka.hr\/it\/temi-per-i-cittadini\/sport-e-ricreazione\/sport-a-fiume\/la-rete-europea-delle-citta-per-lo-sport-e-lattivita-fisica-le-citta-per-lo-sport\/","url":"https:\/\/www.rijeka.hr\/it\/temi-per-i-cittadini\/sport-e-ricreazione\/sport-a-fiume\/la-rete-europea-delle-citta-per-lo-sport-e-lattivita-fisica-le-citta-per-lo-sport\/","name":"La rete europea delle citt\u00e0 per lo sport e l\u2019attivit\u00e0 fisica \u201cLe citt\u00e0 per lo sport\u201d - Citt\u00e0 di Fiume","isPartOf":{"@id":"https:\/\/www.rijeka.hr\/it\/#website"},"datePublished":"2019-06-10T12:52:37+00:00","dateModified":"2019-06-12T11:09:59+00:00","breadcrumb":{"@id":"https:\/\/www.rijeka.hr\/it\/temi-per-i-cittadini\/sport-e-ricreazione\/sport-a-fiume\/la-rete-europea-delle-citta-per-lo-sport-e-lattivita-fisica-le-citta-per-lo-sport\/#breadcrumb"},"inLanguage":"it-IT","potentialAction":[{"@type":"ReadAction","target":["https:\/\/www.rijeka.hr\/it\/temi-per-i-cittadini\/sport-e-ricreazione\/sport-a-fiume\/la-rete-europea-delle-citta-per-lo-sport-e-lattivita-fisica-le-citta-per-lo-sport\/"]}]},{"@type":"BreadcrumbList","@id":"https:\/\/www.rijeka.hr\/it\/temi-per-i-cittadini\/sport-e-ricreazione\/sport-a-fiume\/la-rete-europea-delle-citta-per-lo-sport-e-lattivita-fisica-le-citta-per-lo-sport\/#breadcrumb","itemListElement":[{"@type":"ListItem","position":1,"name":"Po\u010detna stranica","item":"https:\/\/www.rijeka.hr\/it\/"},{"@type":"ListItem","position":2,"name":"Temi per i cittadini","item":"https:\/\/www.rijeka.hr\/it\/temi-per-i-cittadini\/"},{"@type":"ListItem","position":3,"name":"Sport e ricreazione","item":"https:\/\/www.rijeka.hr\/it\/temi-per-i-cittadini\/sport-e-ricreazione\/"},{"@type":"ListItem","position":4,"name":"Sport a Fiume","item":"https:\/\/www.rijeka.hr\/it\/temi-per-i-cittadini\/sport-e-ricreazione\/sport-a-fiume\/"},{"@type":"ListItem","position":5,"name":"La rete europea delle citt\u00e0 per lo sport e l\u2019attivit\u00e0 fisica \u201cLe citt\u00e0 per lo sport\u201d"}]},{"@type":"WebSite","@id":"https:\/\/www.rijeka.hr\/it\/#website","url":"https:\/\/www.rijeka.hr\/it\/","name":"Citt\u00e0 di Fiume","description":"Portale web della Citta&#039; di Fiume","potentialAction":[{"@type":"SearchAction","target":{"@type":"EntryPoint","urlTemplate":"https:\/\/www.rijeka.hr\/it\/?s={search_term_string}"},"query-input":{"@type":"PropertyValueSpecification","valueRequired":true,"valueName":"search_term_string"}}],"inLanguage":"it-IT"}]}},"_links":{"self":[{"href":"https:\/\/www.rijeka.hr\/it\/wp-json\/wp\/v2\/pages\/8693","targetHints":{"allow":["GET"]}}],"collection":[{"href":"https:\/\/www.rijeka.hr\/it\/wp-json\/wp\/v2\/pages"}],"about":[{"href":"https:\/\/www.rijeka.hr\/it\/wp-json\/wp\/v2\/types\/page"}],"author":[{"embeddable":true,"href":"https:\/\/www.rijeka.hr\/it\/wp-json\/wp\/v2\/users\/6"}],"replies":[{"embeddable":true,"href":"https:\/\/www.rijeka.hr\/it\/wp-json\/wp\/v2\/comments?post=8693"}],"version-history":[{"count":10,"href":"https:\/\/www.rijeka.hr\/it\/wp-json\/wp\/v2\/pages\/8693\/revisions"}],"predecessor-version":[{"id":8695,"href":"https:\/\/www.rijeka.hr\/it\/wp-json\/wp\/v2\/pages\/8693\/revisions\/8695"}],"up":[{"embeddable":true,"href":"https:\/\/www.rijeka.hr\/it\/wp-json\/wp\/v2\/pages\/328"}],"wp:attachment":[{"href":"https:\/\/www.rijeka.hr\/it\/wp-json\/wp\/v2\/media?parent=8693"}],"wp:term":[{"taxonomy":"post_tag","embeddable":true,"href":"https:\/\/www.rijeka.hr\/it\/wp-json\/wp\/v2\/tags?post=8693"}],"curies":[{"name":"wp","href":"https:\/\/api.w.org\/{rel}","templated":true}]}}