{"id":874,"date":"2016-08-03T14:21:43","date_gmt":"2016-08-03T12:21:43","guid":{"rendered":"https:\/\/www.rijeka.hr\/it\/?page_id=874"},"modified":"2024-01-24T15:56:16","modified_gmt":"2024-01-24T14:56:16","slug":"animali-abbandonati","status":"publish","type":"page","link":"https:\/\/www.rijeka.hr\/it\/temi-per-i-cittadini\/famiglia-e-assistenza-sociale\/animali-di-affezione\/animali-abbandonati\/","title":{"rendered":"Animali abbandonati"},"content":{"rendered":"<p>La modalit\u00e0 di trattamento dei cani non registrati e animali abbandonati e smarriti sul territorio della citt\u00e0 di Fiume \u00e8 stata regolata dalla Delibera sulle condizioni e sulle modalit\u00e0 di detenzione di animali di affezione, sulle modalit\u00e0 di controllo della loro riproduzione, sulle condizioni e sulle modalit\u00e0 di detenzione di cani e sulle modalit\u00e0 di trattamento di animali abbandonati e smarriti\u00a0 (&#8220;Gazzetta ufficiale della Regione litoraneo-montana&#8221; numero <strong><a href=\"http:\/\/www.sn.pgz.hr\/default.asp?Link=odluke&amp;id=18124\" target=\"_blank\" rel=\"noopener\">44\/09<\/a><\/strong>\u00a0e \u201cGazzetta ufficiale della Citt\u00e0 di Fiume\u201c numero <strong><a href=\"http:\/\/sn.rijeka.hr\/2014\/03\/odluka-o-izmjenama-i-dopunama-odluke-o-uvjetima-i-nacinu-drzanja-kucnih-ljubimaca-nacinu-kontrole-njihova-razmnozavanja-uvjetima-i-nacinu-drzanja-vezanih-pasa-te-nacinu-postupanja-s-napustenim-i-izg\/\" target=\"_blank\" rel=\"noopener\">4\/14)<\/a><\/strong>.<\/p>\n<p><strong>Nel caso di incuria, maltrattamento e uccisione dell\u2019animale va presentata la denuncia al competente ispezione veterinaria per iscritto dove bisogna specificare quanto pi\u00f9 dettagli che indichino l\u2019infrazione della Legge sulla tutela degli animali<\/strong>, <strong>sarebbe opportuno inoltre allegare fotografie e video. Se trovate un animale smarrito bisogna rivolgersi alla polizia comunale e se possibile trattenere l\u2019animale.<\/strong><\/p>\n<p>La polizia comunale invita il servizio autorizzato che si prende cura dell\u2019animale e in base ai segni d\u2019identificazione (marchio, microchip) cerca di trovare il proprietario. Se l\u2019animale non ha nessun segno d\u2019identificazione viene sistemato nel<strong><a href=\"http:\/\/vetstri.hr\/skloniste-za-zivotinje\/\" target=\"_blank\" rel=\"noopener\"> Rifugio per animali Li\u010d<\/a><\/strong>, della <strong><a href=\"http:\/\/vetstri.hr\/skloniste-za-zivotinje\/\" target=\"_blank\" rel=\"noopener\">Stazione veterinaria di Fiume<\/a><\/strong>. L\u2019animale rimane nel rifugio sotto sorveglianza del servizio veterinario fino alla sua adozione. Dopo l\u2019arrivo al rifugio, l\u2019animale viene messo in quarantena. Una volta passato il periodo di quarantena, gli animali vengono pubblicizzati sul sito web e su Facebook del rifugio con l\u2019obiettivo di essere adottati.<\/p>\n<p>Il rifugio per animali Li\u010d, della Stazione veterinaria Fiume si trova nel Gorski kotar a una distanza di 40 km da Fiume. Nel rifugio dimorano gli animali ritrovati nel territorio dei comuni e delle citt\u00e0 con cui la Stazione veterinaria di Fiume ha firmato il contratto per il collocamento degli animali abbandonati in rifugio. I comuni e le citt\u00e0 pagano la dimora degli animali nel rifugio per solo due mesi. Dopo la scadenza di questo termine, ai sensi della legge, tutti gli animali non adottati nel periodo di due mesi devono essere eutanasiati. In questo consiste la differenza tra rifugio e asilo. <strong>La Citt\u00e0 di Fiume fa appello ad associazioni per la tutela degli animali e ai cittadini, a prescindere della loro residenza, di adottare animali abbandonati sistemati nel Rifugio se hanno le possibilit\u00e0 di adottare un animale.<\/strong><\/p>\n<h3>Associazioni che si occupano della tutela degli animali<\/h3>\n<p>Qui di seguito potete sapere i contatti dei promotori dei progetti e programmi con cui prestiamo l\u2019assistenza e a cui potete aderire su base volontaria se amate gli animali e se volete aiutare. Non dimenticate che aiutando qualcuno aiutiamo noi stessi. Il Dipartimento municipale per la sanit\u00e0 e la previdenza sociale sovvenziona programmi delle associazioni che si prendono cura degli animali.<\/p>\n<p><strong><a href=\"http:\/\/www.udruga-mijau.hr\/\" target=\"_blank\" rel=\"noopener\">L\u2019associazione per il benessere e la tutela dei gatti &#8220;MIJAU&#8221;<\/a><\/strong> continuamente, anno dopo anno, promuove il progetto di sterilizzazione dei gatti liberi che vivono sul territorio cittadino. La scopo del progetto \u00e8 quello di prevenire la riproduzione incontrollata e limitare la propagazione delle malattie infettive dei gatti, che possono essere trasmesse anche all\u2019uomo e di avere un ambiente pulito senza animali malati.<\/p>\n<p><strong><a href=\"https:\/\/www.facebook.com\/zz.rijeka\/\" target=\"_blank\" rel=\"noopener\">La societ\u00e0 per la tutela degli animali \u201cRijeka\u201d<\/a>,<\/strong> <strong>l\u2019associazione degli amici degli animali \u201cCapica\u201d di Fiume e l\u2019Associazione fiumana degli amici degli animali<\/strong> attuano la sterilizzazione di animali abbandonati, fanno da mediatore nell\u2019adozione degli animali, organizzano conferenze e distribuiscono materiali educativi, organizzano iniziative umanitarie e lavori socialmente utili. Inoltre, si prendono cura degli animali sistemati in rifugi non registrati.<\/p>\n","protected":false},"excerpt":{"rendered":"<p>La modalit\u00e0 di trattamento dei cani non registrati e animali abbandonati e smarriti sul territorio della citt\u00e0 di Fiume \u00e8 stata regolata dalla Delibera sulle condizioni e sulle modalit\u00e0 di detenzione di animali di affezione, sulle modalit\u00e0 di controllo della loro riproduzione, sulle condizioni e sulle modalit\u00e0 di detenzione di cani e sulle modalit\u00e0 di&#8230;<\/p>\n","protected":false},"author":6,"featured_media":0,"parent":258,"menu_order":0,"comment_status":"closed","ping_status":"closed","template":"","meta":{"_acf_changed":false,"_trash_the_other_posts":false,"footnotes":"","_links_to":"","_links_to_target":""},"tags":[],"class_list":["post-874","page","type-page","status-publish","hentry"],"acf":[],"yoast_head":"<!-- This site is optimized with the Yoast SEO plugin v24.4 - https:\/\/yoast.com\/wordpress\/plugins\/seo\/ -->\n<title>Animali abbandonati - Citt\u00e0 di Fiume<\/title>\n<meta name=\"robots\" content=\"index, follow, max-snippet:-1, max-image-preview:large, max-video-preview:-1\" \/>\n<link rel=\"canonical\" href=\"https:\/\/www.rijeka.hr\/it\/temi-per-i-cittadini\/famiglia-e-assistenza-sociale\/animali-di-affezione\/animali-abbandonati\/\" \/>\n<meta property=\"og:locale\" content=\"it_IT\" \/>\n<meta property=\"og:type\" content=\"article\" \/>\n<meta property=\"og:title\" content=\"Animali abbandonati - Citt\u00e0 di Fiume\" \/>\n<meta property=\"og:description\" content=\"La modalit\u00e0 di trattamento dei cani non registrati e animali abbandonati e smarriti sul territorio della citt\u00e0 di Fiume \u00e8 stata regolata dalla Delibera sulle condizioni e sulle modalit\u00e0 di detenzione di animali di affezione, sulle modalit\u00e0 di controllo della loro riproduzione, sulle condizioni e sulle modalit\u00e0 di detenzione di cani e sulle modalit\u00e0 di...\" \/>\n<meta property=\"og:url\" content=\"https:\/\/www.rijeka.hr\/it\/temi-per-i-cittadini\/famiglia-e-assistenza-sociale\/animali-di-affezione\/animali-abbandonati\/\" \/>\n<meta property=\"og:site_name\" content=\"Citt\u00e0 di Fiume\" \/>\n<meta property=\"article:modified_time\" content=\"2024-01-24T14:56:16+00:00\" \/>\n<meta name=\"twitter:card\" content=\"summary_large_image\" \/>\n<meta name=\"twitter:label1\" content=\"Est. reading time\" \/>\n\t<meta name=\"twitter:data1\" content=\"3 minutes\" \/>\n<script type=\"application\/ld+json\" class=\"yoast-schema-graph\">{\"@context\":\"https:\/\/schema.org\",\"@graph\":[{\"@type\":\"WebPage\",\"@id\":\"https:\/\/www.rijeka.hr\/it\/temi-per-i-cittadini\/famiglia-e-assistenza-sociale\/animali-di-affezione\/animali-abbandonati\/\",\"url\":\"https:\/\/www.rijeka.hr\/it\/temi-per-i-cittadini\/famiglia-e-assistenza-sociale\/animali-di-affezione\/animali-abbandonati\/\",\"name\":\"Animali abbandonati - Citt\u00e0 di Fiume\",\"isPartOf\":{\"@id\":\"https:\/\/www.rijeka.hr\/it\/#website\"},\"datePublished\":\"2016-08-03T12:21:43+00:00\",\"dateModified\":\"2024-01-24T14:56:16+00:00\",\"breadcrumb\":{\"@id\":\"https:\/\/www.rijeka.hr\/it\/temi-per-i-cittadini\/famiglia-e-assistenza-sociale\/animali-di-affezione\/animali-abbandonati\/#breadcrumb\"},\"inLanguage\":\"it-IT\",\"potentialAction\":[{\"@type\":\"ReadAction\",\"target\":[\"https:\/\/www.rijeka.hr\/it\/temi-per-i-cittadini\/famiglia-e-assistenza-sociale\/animali-di-affezione\/animali-abbandonati\/\"]}]},{\"@type\":\"BreadcrumbList\",\"@id\":\"https:\/\/www.rijeka.hr\/it\/temi-per-i-cittadini\/famiglia-e-assistenza-sociale\/animali-di-affezione\/animali-abbandonati\/#breadcrumb\",\"itemListElement\":[{\"@type\":\"ListItem\",\"position\":1,\"name\":\"Po\u010detna stranica\",\"item\":\"https:\/\/www.rijeka.hr\/it\/\"},{\"@type\":\"ListItem\",\"position\":2,\"name\":\"Temi per i cittadini\",\"item\":\"https:\/\/www.rijeka.hr\/it\/temi-per-i-cittadini\/\"},{\"@type\":\"ListItem\",\"position\":3,\"name\":\"Famiglia e previdenza sociale\",\"item\":\"https:\/\/www.rijeka.hr\/it\/temi-per-i-cittadini\/famiglia-e-assistenza-sociale\/\"},{\"@type\":\"ListItem\",\"position\":4,\"name\":\"Animali di affezione\",\"item\":\"https:\/\/www.rijeka.hr\/it\/temi-per-i-cittadini\/famiglia-e-assistenza-sociale\/animali-di-affezione\/\"},{\"@type\":\"ListItem\",\"position\":5,\"name\":\"Animali abbandonati\"}]},{\"@type\":\"WebSite\",\"@id\":\"https:\/\/www.rijeka.hr\/it\/#website\",\"url\":\"https:\/\/www.rijeka.hr\/it\/\",\"name\":\"Citt\u00e0 di Fiume\",\"description\":\"Portale web della Citta&#039; di Fiume\",\"potentialAction\":[{\"@type\":\"SearchAction\",\"target\":{\"@type\":\"EntryPoint\",\"urlTemplate\":\"https:\/\/www.rijeka.hr\/it\/?s={search_term_string}\"},\"query-input\":{\"@type\":\"PropertyValueSpecification\",\"valueRequired\":true,\"valueName\":\"search_term_string\"}}],\"inLanguage\":\"it-IT\"}]}<\/script>\n<!-- \/ Yoast SEO plugin. -->","yoast_head_json":{"title":"Animali abbandonati - Citt\u00e0 di Fiume","robots":{"index":"index","follow":"follow","max-snippet":"max-snippet:-1","max-image-preview":"max-image-preview:large","max-video-preview":"max-video-preview:-1"},"canonical":"https:\/\/www.rijeka.hr\/it\/temi-per-i-cittadini\/famiglia-e-assistenza-sociale\/animali-di-affezione\/animali-abbandonati\/","og_locale":"it_IT","og_type":"article","og_title":"Animali abbandonati - Citt\u00e0 di Fiume","og_description":"La modalit\u00e0 di trattamento dei cani non registrati e animali abbandonati e smarriti sul territorio della citt\u00e0 di Fiume \u00e8 stata regolata dalla Delibera sulle condizioni e sulle modalit\u00e0 di detenzione di animali di affezione, sulle modalit\u00e0 di controllo della loro riproduzione, sulle condizioni e sulle modalit\u00e0 di detenzione di cani e sulle modalit\u00e0 di...","og_url":"https:\/\/www.rijeka.hr\/it\/temi-per-i-cittadini\/famiglia-e-assistenza-sociale\/animali-di-affezione\/animali-abbandonati\/","og_site_name":"Citt\u00e0 di Fiume","article_modified_time":"2024-01-24T14:56:16+00:00","twitter_card":"summary_large_image","twitter_misc":{"Est. reading time":"3 minutes"},"schema":{"@context":"https:\/\/schema.org","@graph":[{"@type":"WebPage","@id":"https:\/\/www.rijeka.hr\/it\/temi-per-i-cittadini\/famiglia-e-assistenza-sociale\/animali-di-affezione\/animali-abbandonati\/","url":"https:\/\/www.rijeka.hr\/it\/temi-per-i-cittadini\/famiglia-e-assistenza-sociale\/animali-di-affezione\/animali-abbandonati\/","name":"Animali abbandonati - Citt\u00e0 di Fiume","isPartOf":{"@id":"https:\/\/www.rijeka.hr\/it\/#website"},"datePublished":"2016-08-03T12:21:43+00:00","dateModified":"2024-01-24T14:56:16+00:00","breadcrumb":{"@id":"https:\/\/www.rijeka.hr\/it\/temi-per-i-cittadini\/famiglia-e-assistenza-sociale\/animali-di-affezione\/animali-abbandonati\/#breadcrumb"},"inLanguage":"it-IT","potentialAction":[{"@type":"ReadAction","target":["https:\/\/www.rijeka.hr\/it\/temi-per-i-cittadini\/famiglia-e-assistenza-sociale\/animali-di-affezione\/animali-abbandonati\/"]}]},{"@type":"BreadcrumbList","@id":"https:\/\/www.rijeka.hr\/it\/temi-per-i-cittadini\/famiglia-e-assistenza-sociale\/animali-di-affezione\/animali-abbandonati\/#breadcrumb","itemListElement":[{"@type":"ListItem","position":1,"name":"Po\u010detna stranica","item":"https:\/\/www.rijeka.hr\/it\/"},{"@type":"ListItem","position":2,"name":"Temi per i cittadini","item":"https:\/\/www.rijeka.hr\/it\/temi-per-i-cittadini\/"},{"@type":"ListItem","position":3,"name":"Famiglia e previdenza sociale","item":"https:\/\/www.rijeka.hr\/it\/temi-per-i-cittadini\/famiglia-e-assistenza-sociale\/"},{"@type":"ListItem","position":4,"name":"Animali di affezione","item":"https:\/\/www.rijeka.hr\/it\/temi-per-i-cittadini\/famiglia-e-assistenza-sociale\/animali-di-affezione\/"},{"@type":"ListItem","position":5,"name":"Animali abbandonati"}]},{"@type":"WebSite","@id":"https:\/\/www.rijeka.hr\/it\/#website","url":"https:\/\/www.rijeka.hr\/it\/","name":"Citt\u00e0 di Fiume","description":"Portale web della Citta&#039; di Fiume","potentialAction":[{"@type":"SearchAction","target":{"@type":"EntryPoint","urlTemplate":"https:\/\/www.rijeka.hr\/it\/?s={search_term_string}"},"query-input":{"@type":"PropertyValueSpecification","valueRequired":true,"valueName":"search_term_string"}}],"inLanguage":"it-IT"}]}},"_links":{"self":[{"href":"https:\/\/www.rijeka.hr\/it\/wp-json\/wp\/v2\/pages\/874","targetHints":{"allow":["GET"]}}],"collection":[{"href":"https:\/\/www.rijeka.hr\/it\/wp-json\/wp\/v2\/pages"}],"about":[{"href":"https:\/\/www.rijeka.hr\/it\/wp-json\/wp\/v2\/types\/page"}],"author":[{"embeddable":true,"href":"https:\/\/www.rijeka.hr\/it\/wp-json\/wp\/v2\/users\/6"}],"replies":[{"embeddable":true,"href":"https:\/\/www.rijeka.hr\/it\/wp-json\/wp\/v2\/comments?post=874"}],"version-history":[{"count":4,"href":"https:\/\/www.rijeka.hr\/it\/wp-json\/wp\/v2\/pages\/874\/revisions"}],"predecessor-version":[{"id":7105,"href":"https:\/\/www.rijeka.hr\/it\/wp-json\/wp\/v2\/pages\/874\/revisions\/7105"}],"up":[{"embeddable":true,"href":"https:\/\/www.rijeka.hr\/it\/wp-json\/wp\/v2\/pages\/258"}],"wp:attachment":[{"href":"https:\/\/www.rijeka.hr\/it\/wp-json\/wp\/v2\/media?parent=874"}],"wp:term":[{"taxonomy":"post_tag","embeddable":true,"href":"https:\/\/www.rijeka.hr\/it\/wp-json\/wp\/v2\/tags?post=874"}],"curies":[{"name":"wp","href":"https:\/\/api.w.org\/{rel}","templated":true}]}}