{"id":8856,"date":"2019-06-17T13:53:18","date_gmt":"2019-06-17T11:53:18","guid":{"rendered":"https:\/\/www.rijeka.hr\/it\/?page_id=8856"},"modified":"2021-01-13T10:01:31","modified_gmt":"2021-01-13T09:01:31","slug":"bocciodromo-brajda","status":"publish","type":"page","link":"https:\/\/www.rijeka.hr\/it\/temi-per-i-cittadini\/sport-e-ricreazione\/impianti-sportivi\/impianti-sportivi\/bocciodromo-brajda\/","title":{"rendered":"Bocciodromo \u201cBrajda\u201d"},"content":{"rendered":"<p>Il bocciodromo \u201cBrajda\u201d si trova nel rione di Braida all&#8217;indirizzo Pomerio 26. Il proprietario dello spazio \u00e8 la Citt\u00e0 di Fiume. Lo spazio \u00e8 gestito dal club bocciofilo \u201cBrajda\u201d.<\/p>\n<p><img decoding=\"async\" class=\"aligncenter size-medium wp-image-8990\" src=\"https:\/\/www.rijeka.hr\/it\/wp-content\/uploads\/sites\/3\/2019\/06\/Bo\u0107ali\u0161te-Brajda-1-300x225.jpg\" alt=\"\" \/><\/p>\n","protected":false},"excerpt":{"rendered":"<p>Il bocciodromo \u201cBrajda\u201d si trova nel rione di Braida all&#8217;indirizzo Pomerio 26. Il proprietario dello spazio \u00e8 la Citt\u00e0 di Fiume. Lo spazio \u00e8 gestito dal club bocciofilo \u201cBrajda\u201d.<\/p>\n","protected":false},"author":3,"featured_media":0,"parent":8847,"menu_order":0,"comment_status":"closed","ping_status":"closed","template":"","meta":{"_acf_changed":false,"_trash_the_other_posts":false,"footnotes":"","_links_to":"","_links_to_target":""},"tags":[],"class_list":["post-8856","page","type-page","status-publish","hentry"],"acf":[],"yoast_head":"<!-- This site is optimized with the Yoast SEO plugin v24.4 - https:\/\/yoast.com\/wordpress\/plugins\/seo\/ -->\n<title>Bocciodromo \u201cBrajda\u201d - Citt\u00e0 di Fiume<\/title>\n<meta name=\"robots\" content=\"index, follow, max-snippet:-1, max-image-preview:large, max-video-preview:-1\" \/>\n<link rel=\"canonical\" href=\"https:\/\/www.rijeka.hr\/it\/temi-per-i-cittadini\/sport-e-ricreazione\/impianti-sportivi\/impianti-sportivi\/bocciodromo-brajda\/\" \/>\n<meta property=\"og:locale\" content=\"it_IT\" \/>\n<meta property=\"og:type\" content=\"article\" \/>\n<meta property=\"og:title\" content=\"Bocciodromo \u201cBrajda\u201d - Citt\u00e0 di Fiume\" \/>\n<meta property=\"og:description\" content=\"Il bocciodromo \u201cBrajda\u201d si trova nel rione di Braida all&#8217;indirizzo Pomerio 26. Il proprietario dello spazio \u00e8 la Citt\u00e0 di Fiume. Lo spazio \u00e8 gestito dal club bocciofilo \u201cBrajda\u201d.\" \/>\n<meta property=\"og:url\" content=\"https:\/\/www.rijeka.hr\/it\/temi-per-i-cittadini\/sport-e-ricreazione\/impianti-sportivi\/impianti-sportivi\/bocciodromo-brajda\/\" \/>\n<meta property=\"og:site_name\" content=\"Citt\u00e0 di Fiume\" \/>\n<meta property=\"article:modified_time\" content=\"2021-01-13T09:01:31+00:00\" \/>\n<meta name=\"twitter:card\" content=\"summary_large_image\" \/>\n<script type=\"application\/ld+json\" class=\"yoast-schema-graph\">{\"@context\":\"https:\/\/schema.org\",\"@graph\":[{\"@type\":\"WebPage\",\"@id\":\"https:\/\/www.rijeka.hr\/it\/temi-per-i-cittadini\/sport-e-ricreazione\/impianti-sportivi\/impianti-sportivi\/bocciodromo-brajda\/\",\"url\":\"https:\/\/www.rijeka.hr\/it\/temi-per-i-cittadini\/sport-e-ricreazione\/impianti-sportivi\/impianti-sportivi\/bocciodromo-brajda\/\",\"name\":\"Bocciodromo \u201cBrajda\u201d - Citt\u00e0 di Fiume\",\"isPartOf\":{\"@id\":\"https:\/\/www.rijeka.hr\/it\/#website\"},\"datePublished\":\"2019-06-17T11:53:18+00:00\",\"dateModified\":\"2021-01-13T09:01:31+00:00\",\"breadcrumb\":{\"@id\":\"https:\/\/www.rijeka.hr\/it\/temi-per-i-cittadini\/sport-e-ricreazione\/impianti-sportivi\/impianti-sportivi\/bocciodromo-brajda\/#breadcrumb\"},\"inLanguage\":\"it-IT\",\"potentialAction\":[{\"@type\":\"ReadAction\",\"target\":[\"https:\/\/www.rijeka.hr\/it\/temi-per-i-cittadini\/sport-e-ricreazione\/impianti-sportivi\/impianti-sportivi\/bocciodromo-brajda\/\"]}]},{\"@type\":\"BreadcrumbList\",\"@id\":\"https:\/\/www.rijeka.hr\/it\/temi-per-i-cittadini\/sport-e-ricreazione\/impianti-sportivi\/impianti-sportivi\/bocciodromo-brajda\/#breadcrumb\",\"itemListElement\":[{\"@type\":\"ListItem\",\"position\":1,\"name\":\"Po\u010detna stranica\",\"item\":\"https:\/\/www.rijeka.hr\/it\/\"},{\"@type\":\"ListItem\",\"position\":2,\"name\":\"Temi per i cittadini\",\"item\":\"https:\/\/www.rijeka.hr\/it\/temi-per-i-cittadini\/\"},{\"@type\":\"ListItem\",\"position\":3,\"name\":\"Sport e ricreazione\",\"item\":\"https:\/\/www.rijeka.hr\/it\/temi-per-i-cittadini\/sport-e-ricreazione\/\"},{\"@type\":\"ListItem\",\"position\":4,\"name\":\"Infrastruttura sportiva\",\"item\":\"https:\/\/www.rijeka.hr\/it\/temi-per-i-cittadini\/sport-e-ricreazione\/impianti-sportivi\/\"},{\"@type\":\"ListItem\",\"position\":5,\"name\":\"Impianti sportivi\",\"item\":\"https:\/\/www.rijeka.hr\/it\/temi-per-i-cittadini\/sport-e-ricreazione\/impianti-sportivi\/impianti-sportivi\/\"},{\"@type\":\"ListItem\",\"position\":6,\"name\":\"Bocciodromo \u201cBrajda\u201d\"}]},{\"@type\":\"WebSite\",\"@id\":\"https:\/\/www.rijeka.hr\/it\/#website\",\"url\":\"https:\/\/www.rijeka.hr\/it\/\",\"name\":\"Citt\u00e0 di Fiume\",\"description\":\"Portale web della Citta&#039; di Fiume\",\"potentialAction\":[{\"@type\":\"SearchAction\",\"target\":{\"@type\":\"EntryPoint\",\"urlTemplate\":\"https:\/\/www.rijeka.hr\/it\/?s={search_term_string}\"},\"query-input\":{\"@type\":\"PropertyValueSpecification\",\"valueRequired\":true,\"valueName\":\"search_term_string\"}}],\"inLanguage\":\"it-IT\"}]}<\/script>\n<!-- \/ Yoast SEO plugin. -->","yoast_head_json":{"title":"Bocciodromo \u201cBrajda\u201d - Citt\u00e0 di Fiume","robots":{"index":"index","follow":"follow","max-snippet":"max-snippet:-1","max-image-preview":"max-image-preview:large","max-video-preview":"max-video-preview:-1"},"canonical":"https:\/\/www.rijeka.hr\/it\/temi-per-i-cittadini\/sport-e-ricreazione\/impianti-sportivi\/impianti-sportivi\/bocciodromo-brajda\/","og_locale":"it_IT","og_type":"article","og_title":"Bocciodromo \u201cBrajda\u201d - Citt\u00e0 di Fiume","og_description":"Il bocciodromo \u201cBrajda\u201d si trova nel rione di Braida all&#8217;indirizzo Pomerio 26. Il proprietario dello spazio \u00e8 la Citt\u00e0 di Fiume. Lo spazio \u00e8 gestito dal club bocciofilo \u201cBrajda\u201d.","og_url":"https:\/\/www.rijeka.hr\/it\/temi-per-i-cittadini\/sport-e-ricreazione\/impianti-sportivi\/impianti-sportivi\/bocciodromo-brajda\/","og_site_name":"Citt\u00e0 di Fiume","article_modified_time":"2021-01-13T09:01:31+00:00","twitter_card":"summary_large_image","schema":{"@context":"https:\/\/schema.org","@graph":[{"@type":"WebPage","@id":"https:\/\/www.rijeka.hr\/it\/temi-per-i-cittadini\/sport-e-ricreazione\/impianti-sportivi\/impianti-sportivi\/bocciodromo-brajda\/","url":"https:\/\/www.rijeka.hr\/it\/temi-per-i-cittadini\/sport-e-ricreazione\/impianti-sportivi\/impianti-sportivi\/bocciodromo-brajda\/","name":"Bocciodromo \u201cBrajda\u201d - Citt\u00e0 di Fiume","isPartOf":{"@id":"https:\/\/www.rijeka.hr\/it\/#website"},"datePublished":"2019-06-17T11:53:18+00:00","dateModified":"2021-01-13T09:01:31+00:00","breadcrumb":{"@id":"https:\/\/www.rijeka.hr\/it\/temi-per-i-cittadini\/sport-e-ricreazione\/impianti-sportivi\/impianti-sportivi\/bocciodromo-brajda\/#breadcrumb"},"inLanguage":"it-IT","potentialAction":[{"@type":"ReadAction","target":["https:\/\/www.rijeka.hr\/it\/temi-per-i-cittadini\/sport-e-ricreazione\/impianti-sportivi\/impianti-sportivi\/bocciodromo-brajda\/"]}]},{"@type":"BreadcrumbList","@id":"https:\/\/www.rijeka.hr\/it\/temi-per-i-cittadini\/sport-e-ricreazione\/impianti-sportivi\/impianti-sportivi\/bocciodromo-brajda\/#breadcrumb","itemListElement":[{"@type":"ListItem","position":1,"name":"Po\u010detna stranica","item":"https:\/\/www.rijeka.hr\/it\/"},{"@type":"ListItem","position":2,"name":"Temi per i cittadini","item":"https:\/\/www.rijeka.hr\/it\/temi-per-i-cittadini\/"},{"@type":"ListItem","position":3,"name":"Sport e ricreazione","item":"https:\/\/www.rijeka.hr\/it\/temi-per-i-cittadini\/sport-e-ricreazione\/"},{"@type":"ListItem","position":4,"name":"Infrastruttura sportiva","item":"https:\/\/www.rijeka.hr\/it\/temi-per-i-cittadini\/sport-e-ricreazione\/impianti-sportivi\/"},{"@type":"ListItem","position":5,"name":"Impianti sportivi","item":"https:\/\/www.rijeka.hr\/it\/temi-per-i-cittadini\/sport-e-ricreazione\/impianti-sportivi\/impianti-sportivi\/"},{"@type":"ListItem","position":6,"name":"Bocciodromo \u201cBrajda\u201d"}]},{"@type":"WebSite","@id":"https:\/\/www.rijeka.hr\/it\/#website","url":"https:\/\/www.rijeka.hr\/it\/","name":"Citt\u00e0 di Fiume","description":"Portale web della Citta&#039; di Fiume","potentialAction":[{"@type":"SearchAction","target":{"@type":"EntryPoint","urlTemplate":"https:\/\/www.rijeka.hr\/it\/?s={search_term_string}"},"query-input":{"@type":"PropertyValueSpecification","valueRequired":true,"valueName":"search_term_string"}}],"inLanguage":"it-IT"}]}},"_links":{"self":[{"href":"https:\/\/www.rijeka.hr\/it\/wp-json\/wp\/v2\/pages\/8856","targetHints":{"allow":["GET"]}}],"collection":[{"href":"https:\/\/www.rijeka.hr\/it\/wp-json\/wp\/v2\/pages"}],"about":[{"href":"https:\/\/www.rijeka.hr\/it\/wp-json\/wp\/v2\/types\/page"}],"author":[{"embeddable":true,"href":"https:\/\/www.rijeka.hr\/it\/wp-json\/wp\/v2\/users\/3"}],"replies":[{"embeddable":true,"href":"https:\/\/www.rijeka.hr\/it\/wp-json\/wp\/v2\/comments?post=8856"}],"version-history":[{"count":4,"href":"https:\/\/www.rijeka.hr\/it\/wp-json\/wp\/v2\/pages\/8856\/revisions"}],"predecessor-version":[{"id":8994,"href":"https:\/\/www.rijeka.hr\/it\/wp-json\/wp\/v2\/pages\/8856\/revisions\/8994"}],"up":[{"embeddable":true,"href":"https:\/\/www.rijeka.hr\/it\/wp-json\/wp\/v2\/pages\/8847"}],"wp:attachment":[{"href":"https:\/\/www.rijeka.hr\/it\/wp-json\/wp\/v2\/media?parent=8856"}],"wp:term":[{"taxonomy":"post_tag","embeddable":true,"href":"https:\/\/www.rijeka.hr\/it\/wp-json\/wp\/v2\/tags?post=8856"}],"curies":[{"name":"wp","href":"https:\/\/api.w.org\/{rel}","templated":true}]}}