{"id":8866,"date":"2019-06-17T14:58:50","date_gmt":"2019-06-17T12:58:50","guid":{"rendered":"https:\/\/www.rijeka.hr\/it\/?page_id=8866"},"modified":"2021-01-13T10:05:52","modified_gmt":"2021-01-13T09:05:52","slug":"palasport-della-gioventu","status":"publish","type":"page","link":"https:\/\/www.rijeka.hr\/it\/temi-per-i-cittadini\/sport-e-ricreazione\/impianti-sportivi\/impianti-sportivi\/palasport-della-gioventu\/","title":{"rendered":"Palazetto dello sport di Tersatto"},"content":{"rendered":"<p>Il Palazzetto dello sport di Tersatto \u00e8 stato costruito nel 1973. La superficie del pianterreno ammonta a 1.260 mq. Il palazzeto dello sport \u00e8 destinato principalmente ai seguenti sport: pallamano, pallacanestro, pallavolo, judo, sollevamento pesi, karate, badminton, biliardo. Inoltre, il palasport viene utilizzato per concerti, fiere, tribune, tornei, spettacoli, attivit\u00e0 ricreative, ecc.<\/p>\n<p>Il Palazzetto dello sport di Tersatto ospita inoltre un ambulatorio medico sportivo. La tribuna ha una capacit\u00e0 di 2.960 posti a sedere e 1.000 posti in piedi.<\/p>\n<div id='gallery-1' class='gallery galleryid-8866 gallery-columns-3 gallery-size-thumbnail'><dl class='gallery-item'>\n            <dt class='gallery-icon landscape'>\n                <a href='https:\/\/www.rijeka.hr\/it\/wp-content\/uploads\/sites\/3\/2019\/06\/Dvorana-mladosti-Trsat-250x250.jpg' title=\"\" data-rl_title=\"\" class=\"rl-gallery-link\" data-rl_caption=\"\" data-rel=\"lightbox-gallery-1\"><img loading=\"lazy\" decoding=\"async\" width=\"250\" height=\"250\" src=\"https:\/\/www.rijeka.hr\/it\/wp-content\/uploads\/sites\/3\/2019\/06\/Dvorana-mladosti-Trsat-250x250.jpg\" class=\"attachment-thumbnail size-thumbnail\" alt=\"\" srcset=\"https:\/\/www.rijeka.hr\/it\/wp-content\/uploads\/sites\/3\/2019\/06\/Dvorana-mladosti-Trsat-250x250.jpg 250w, https:\/\/www.rijeka.hr\/it\/wp-content\/uploads\/sites\/3\/2019\/06\/Dvorana-mladosti-Trsat-250x250-200x200.jpg 200w\" sizes=\"(max-width: 250px) 100vw, 250px\" \/><\/a>\n            <\/dt><\/dl><dl class='gallery-item'>\n            <dt class='gallery-icon landscape'>\n                <a href='https:\/\/www.rijeka.hr\/it\/wp-content\/uploads\/sites\/3\/2019\/06\/Dvorana-mladosti-Trsat-3-250x250.jpg' title=\"\" data-rl_title=\"\" class=\"rl-gallery-link\" data-rl_caption=\"\" data-rel=\"lightbox-gallery-1\"><img loading=\"lazy\" decoding=\"async\" width=\"250\" height=\"250\" src=\"https:\/\/www.rijeka.hr\/it\/wp-content\/uploads\/sites\/3\/2019\/06\/Dvorana-mladosti-Trsat-3-250x250.jpg\" class=\"attachment-thumbnail size-thumbnail\" alt=\"\" srcset=\"https:\/\/www.rijeka.hr\/it\/wp-content\/uploads\/sites\/3\/2019\/06\/Dvorana-mladosti-Trsat-3-250x250.jpg 250w, https:\/\/www.rijeka.hr\/it\/wp-content\/uploads\/sites\/3\/2019\/06\/Dvorana-mladosti-Trsat-3-250x250-200x200.jpg 200w\" sizes=\"(max-width: 250px) 100vw, 250px\" \/><\/a>\n            <\/dt><\/dl>\n            <br style='clear: both' \/>\n        <\/div>\n\n","protected":false},"excerpt":{"rendered":"<p>Il Palazzetto dello sport di Tersatto \u00e8 stato costruito nel 1973. La superficie del pianterreno ammonta a 1.260 mq. Il palazzeto dello sport \u00e8 destinato principalmente ai seguenti sport: pallamano, pallacanestro, pallavolo, judo, sollevamento pesi, karate, badminton, biliardo. Inoltre, il palasport viene utilizzato per concerti, fiere, tribune, tornei, spettacoli, attivit\u00e0 ricreative, ecc. Il Palazzetto dello&#8230;<\/p>\n","protected":false},"author":3,"featured_media":0,"parent":8847,"menu_order":0,"comment_status":"closed","ping_status":"closed","template":"","meta":{"_acf_changed":false,"_trash_the_other_posts":false,"footnotes":"","_links_to":"","_links_to_target":""},"tags":[],"class_list":["post-8866","page","type-page","status-publish","hentry"],"acf":[],"yoast_head":"<!-- This site is optimized with the Yoast SEO plugin v24.4 - https:\/\/yoast.com\/wordpress\/plugins\/seo\/ -->\n<title>Palazetto dello sport di Tersatto - Citt\u00e0 di Fiume<\/title>\n<meta name=\"robots\" content=\"index, follow, max-snippet:-1, max-image-preview:large, max-video-preview:-1\" \/>\n<link rel=\"canonical\" href=\"https:\/\/www.rijeka.hr\/it\/temi-per-i-cittadini\/sport-e-ricreazione\/impianti-sportivi\/impianti-sportivi\/palasport-della-gioventu\/\" \/>\n<meta property=\"og:locale\" content=\"it_IT\" \/>\n<meta property=\"og:type\" content=\"article\" \/>\n<meta property=\"og:title\" content=\"Palazetto dello sport di Tersatto - Citt\u00e0 di Fiume\" \/>\n<meta property=\"og:description\" content=\"Il Palazzetto dello sport di Tersatto \u00e8 stato costruito nel 1973. La superficie del pianterreno ammonta a 1.260 mq. Il palazzeto dello sport \u00e8 destinato principalmente ai seguenti sport: pallamano, pallacanestro, pallavolo, judo, sollevamento pesi, karate, badminton, biliardo. Inoltre, il palasport viene utilizzato per concerti, fiere, tribune, tornei, spettacoli, attivit\u00e0 ricreative, ecc. Il Palazzetto dello...\" \/>\n<meta property=\"og:url\" content=\"https:\/\/www.rijeka.hr\/it\/temi-per-i-cittadini\/sport-e-ricreazione\/impianti-sportivi\/impianti-sportivi\/palasport-della-gioventu\/\" \/>\n<meta property=\"og:site_name\" content=\"Citt\u00e0 di Fiume\" \/>\n<meta property=\"article:modified_time\" content=\"2021-01-13T09:05:52+00:00\" \/>\n<meta property=\"og:image\" content=\"https:\/\/www.rijeka.hr\/it\/wp-content\/uploads\/sites\/3\/2019\/06\/Dvorana-mladosti-Trsat-250x250.jpg\" \/>\n<meta name=\"twitter:card\" content=\"summary_large_image\" \/>\n<script type=\"application\/ld+json\" class=\"yoast-schema-graph\">{\"@context\":\"https:\/\/schema.org\",\"@graph\":[{\"@type\":\"WebPage\",\"@id\":\"https:\/\/www.rijeka.hr\/it\/temi-per-i-cittadini\/sport-e-ricreazione\/impianti-sportivi\/impianti-sportivi\/palasport-della-gioventu\/\",\"url\":\"https:\/\/www.rijeka.hr\/it\/temi-per-i-cittadini\/sport-e-ricreazione\/impianti-sportivi\/impianti-sportivi\/palasport-della-gioventu\/\",\"name\":\"Palazetto dello sport di Tersatto - Citt\u00e0 di Fiume\",\"isPartOf\":{\"@id\":\"https:\/\/www.rijeka.hr\/it\/#website\"},\"datePublished\":\"2019-06-17T12:58:50+00:00\",\"dateModified\":\"2021-01-13T09:05:52+00:00\",\"breadcrumb\":{\"@id\":\"https:\/\/www.rijeka.hr\/it\/temi-per-i-cittadini\/sport-e-ricreazione\/impianti-sportivi\/impianti-sportivi\/palasport-della-gioventu\/#breadcrumb\"},\"inLanguage\":\"it-IT\",\"potentialAction\":[{\"@type\":\"ReadAction\",\"target\":[\"https:\/\/www.rijeka.hr\/it\/temi-per-i-cittadini\/sport-e-ricreazione\/impianti-sportivi\/impianti-sportivi\/palasport-della-gioventu\/\"]}]},{\"@type\":\"BreadcrumbList\",\"@id\":\"https:\/\/www.rijeka.hr\/it\/temi-per-i-cittadini\/sport-e-ricreazione\/impianti-sportivi\/impianti-sportivi\/palasport-della-gioventu\/#breadcrumb\",\"itemListElement\":[{\"@type\":\"ListItem\",\"position\":1,\"name\":\"Po\u010detna stranica\",\"item\":\"https:\/\/www.rijeka.hr\/it\/\"},{\"@type\":\"ListItem\",\"position\":2,\"name\":\"Temi per i cittadini\",\"item\":\"https:\/\/www.rijeka.hr\/it\/temi-per-i-cittadini\/\"},{\"@type\":\"ListItem\",\"position\":3,\"name\":\"Sport e ricreazione\",\"item\":\"https:\/\/www.rijeka.hr\/it\/temi-per-i-cittadini\/sport-e-ricreazione\/\"},{\"@type\":\"ListItem\",\"position\":4,\"name\":\"Infrastruttura sportiva\",\"item\":\"https:\/\/www.rijeka.hr\/it\/temi-per-i-cittadini\/sport-e-ricreazione\/impianti-sportivi\/\"},{\"@type\":\"ListItem\",\"position\":5,\"name\":\"Impianti sportivi\",\"item\":\"https:\/\/www.rijeka.hr\/it\/temi-per-i-cittadini\/sport-e-ricreazione\/impianti-sportivi\/impianti-sportivi\/\"},{\"@type\":\"ListItem\",\"position\":6,\"name\":\"Palazetto dello sport di Tersatto\"}]},{\"@type\":\"WebSite\",\"@id\":\"https:\/\/www.rijeka.hr\/it\/#website\",\"url\":\"https:\/\/www.rijeka.hr\/it\/\",\"name\":\"Citt\u00e0 di Fiume\",\"description\":\"Portale web della Citta&#039; di Fiume\",\"potentialAction\":[{\"@type\":\"SearchAction\",\"target\":{\"@type\":\"EntryPoint\",\"urlTemplate\":\"https:\/\/www.rijeka.hr\/it\/?s={search_term_string}\"},\"query-input\":{\"@type\":\"PropertyValueSpecification\",\"valueRequired\":true,\"valueName\":\"search_term_string\"}}],\"inLanguage\":\"it-IT\"}]}<\/script>\n<!-- \/ Yoast SEO plugin. -->","yoast_head_json":{"title":"Palazetto dello sport di Tersatto - Citt\u00e0 di Fiume","robots":{"index":"index","follow":"follow","max-snippet":"max-snippet:-1","max-image-preview":"max-image-preview:large","max-video-preview":"max-video-preview:-1"},"canonical":"https:\/\/www.rijeka.hr\/it\/temi-per-i-cittadini\/sport-e-ricreazione\/impianti-sportivi\/impianti-sportivi\/palasport-della-gioventu\/","og_locale":"it_IT","og_type":"article","og_title":"Palazetto dello sport di Tersatto - Citt\u00e0 di Fiume","og_description":"Il Palazzetto dello sport di Tersatto \u00e8 stato costruito nel 1973. La superficie del pianterreno ammonta a 1.260 mq. Il palazzeto dello sport \u00e8 destinato principalmente ai seguenti sport: pallamano, pallacanestro, pallavolo, judo, sollevamento pesi, karate, badminton, biliardo. Inoltre, il palasport viene utilizzato per concerti, fiere, tribune, tornei, spettacoli, attivit\u00e0 ricreative, ecc. Il Palazzetto dello...","og_url":"https:\/\/www.rijeka.hr\/it\/temi-per-i-cittadini\/sport-e-ricreazione\/impianti-sportivi\/impianti-sportivi\/palasport-della-gioventu\/","og_site_name":"Citt\u00e0 di Fiume","article_modified_time":"2021-01-13T09:05:52+00:00","og_image":[{"url":"https:\/\/www.rijeka.hr\/it\/wp-content\/uploads\/sites\/3\/2019\/06\/Dvorana-mladosti-Trsat-250x250.jpg","type":"","width":"","height":""}],"twitter_card":"summary_large_image","schema":{"@context":"https:\/\/schema.org","@graph":[{"@type":"WebPage","@id":"https:\/\/www.rijeka.hr\/it\/temi-per-i-cittadini\/sport-e-ricreazione\/impianti-sportivi\/impianti-sportivi\/palasport-della-gioventu\/","url":"https:\/\/www.rijeka.hr\/it\/temi-per-i-cittadini\/sport-e-ricreazione\/impianti-sportivi\/impianti-sportivi\/palasport-della-gioventu\/","name":"Palazetto dello sport di Tersatto - Citt\u00e0 di Fiume","isPartOf":{"@id":"https:\/\/www.rijeka.hr\/it\/#website"},"datePublished":"2019-06-17T12:58:50+00:00","dateModified":"2021-01-13T09:05:52+00:00","breadcrumb":{"@id":"https:\/\/www.rijeka.hr\/it\/temi-per-i-cittadini\/sport-e-ricreazione\/impianti-sportivi\/impianti-sportivi\/palasport-della-gioventu\/#breadcrumb"},"inLanguage":"it-IT","potentialAction":[{"@type":"ReadAction","target":["https:\/\/www.rijeka.hr\/it\/temi-per-i-cittadini\/sport-e-ricreazione\/impianti-sportivi\/impianti-sportivi\/palasport-della-gioventu\/"]}]},{"@type":"BreadcrumbList","@id":"https:\/\/www.rijeka.hr\/it\/temi-per-i-cittadini\/sport-e-ricreazione\/impianti-sportivi\/impianti-sportivi\/palasport-della-gioventu\/#breadcrumb","itemListElement":[{"@type":"ListItem","position":1,"name":"Po\u010detna stranica","item":"https:\/\/www.rijeka.hr\/it\/"},{"@type":"ListItem","position":2,"name":"Temi per i cittadini","item":"https:\/\/www.rijeka.hr\/it\/temi-per-i-cittadini\/"},{"@type":"ListItem","position":3,"name":"Sport e ricreazione","item":"https:\/\/www.rijeka.hr\/it\/temi-per-i-cittadini\/sport-e-ricreazione\/"},{"@type":"ListItem","position":4,"name":"Infrastruttura sportiva","item":"https:\/\/www.rijeka.hr\/it\/temi-per-i-cittadini\/sport-e-ricreazione\/impianti-sportivi\/"},{"@type":"ListItem","position":5,"name":"Impianti sportivi","item":"https:\/\/www.rijeka.hr\/it\/temi-per-i-cittadini\/sport-e-ricreazione\/impianti-sportivi\/impianti-sportivi\/"},{"@type":"ListItem","position":6,"name":"Palazetto dello sport di Tersatto"}]},{"@type":"WebSite","@id":"https:\/\/www.rijeka.hr\/it\/#website","url":"https:\/\/www.rijeka.hr\/it\/","name":"Citt\u00e0 di Fiume","description":"Portale web della Citta&#039; di Fiume","potentialAction":[{"@type":"SearchAction","target":{"@type":"EntryPoint","urlTemplate":"https:\/\/www.rijeka.hr\/it\/?s={search_term_string}"},"query-input":{"@type":"PropertyValueSpecification","valueRequired":true,"valueName":"search_term_string"}}],"inLanguage":"it-IT"}]}},"_links":{"self":[{"href":"https:\/\/www.rijeka.hr\/it\/wp-json\/wp\/v2\/pages\/8866","targetHints":{"allow":["GET"]}}],"collection":[{"href":"https:\/\/www.rijeka.hr\/it\/wp-json\/wp\/v2\/pages"}],"about":[{"href":"https:\/\/www.rijeka.hr\/it\/wp-json\/wp\/v2\/types\/page"}],"author":[{"embeddable":true,"href":"https:\/\/www.rijeka.hr\/it\/wp-json\/wp\/v2\/users\/3"}],"replies":[{"embeddable":true,"href":"https:\/\/www.rijeka.hr\/it\/wp-json\/wp\/v2\/comments?post=8866"}],"version-history":[{"count":5,"href":"https:\/\/www.rijeka.hr\/it\/wp-json\/wp\/v2\/pages\/8866\/revisions"}],"predecessor-version":[{"id":9036,"href":"https:\/\/www.rijeka.hr\/it\/wp-json\/wp\/v2\/pages\/8866\/revisions\/9036"}],"up":[{"embeddable":true,"href":"https:\/\/www.rijeka.hr\/it\/wp-json\/wp\/v2\/pages\/8847"}],"wp:attachment":[{"href":"https:\/\/www.rijeka.hr\/it\/wp-json\/wp\/v2\/media?parent=8866"}],"wp:term":[{"taxonomy":"post_tag","embeddable":true,"href":"https:\/\/www.rijeka.hr\/it\/wp-json\/wp\/v2\/tags?post=8866"}],"curies":[{"name":"wp","href":"https:\/\/api.w.org\/{rel}","templated":true}]}}