{"id":8881,"date":"2019-06-18T10:00:56","date_gmt":"2019-06-18T08:00:56","guid":{"rendered":"https:\/\/www.rijeka.hr\/it\/?page_id=8881"},"modified":"2021-01-13T10:14:15","modified_gmt":"2021-01-13T09:14:15","slug":"centro-sportivo-e-ricreativo-belveder","status":"publish","type":"page","link":"https:\/\/www.rijeka.hr\/it\/temi-per-i-cittadini\/sport-e-ricreazione\/impianti-sportivi\/impianti-sportivi\/centro-sportivo-e-ricreativo-belveder\/","title":{"rendered":"Centro sportivo e ricreativo Belveder"},"content":{"rendered":"<p>Il Centro sportivo e ricreativo Belveder \u00e8 stato costruito nel 1936 ed \u00e8 incluso nella tutelata zona culturale dal Ministero della Cultura della Repubblica di Croazia.<\/p>\n<p>Il centro \u00e8 principalmente destinato ai seguenti sport: calcio, rugby, ginnastica, karate e pugilato. Inoltre il centro Belveder viene occasionalmente utilizzato per la ricreazione.<\/p>\n<p>La parte principale della struttura consiste in un campo da calcio, una palestra e una piccola sala ricreativa, mentre le strutture ausiliarie comprendono uno spogliatoio, un ufficio per un socio, un centro fitness e una clinica chiropratica. All&#8217;interno del Centro c&#8217;\u00e8 un ristorante e aree di vendita. Le tribune hanno una capacit\u00e0 di 2.000 posti a sedere, mentre la palestra ha 100 posti in piedi.<\/p>\n<p>Le dimensioni del manto erboso artificiale sono di 100 mx 60 m ed \u00e8 conforme agli standard delle competizioni che vengono organizzate dalla Federcalcio della Regione litoraneo montana.<\/p>\n<p>Sul campo \u00e8 stata installata l&#8217;erba sintetica di una superficie totale di 6.920 mq prodotta da Lano sports NV, PROFOOT MXSi 20 40-TPE IS 25 (13 \/ M \/ 58766-1).<\/p>\n<p>Tutti i campi da calcio con erba sintetica &#8211; lo stadio ausiliario dello stadio di Cantrida, il campo da calcio &#8220;Robert Komen&#8221; e il centro sportivo e ricreativo Belveder &#8211; sono stati in linea con i pi\u00f9 alti standard della FIFA.<\/p>\n<div id='gallery-1' class='gallery galleryid-8881 gallery-columns-3 gallery-size-thumbnail'><dl class='gallery-item'>\n            <dt class='gallery-icon landscape'>\n                <a href='https:\/\/www.rijeka.hr\/it\/wp-content\/uploads\/sites\/3\/2019\/07\/Sportsko-rekreacijski-centar-Belveder-2-250x250.jpg' title=\"\" data-rl_title=\"\" class=\"rl-gallery-link\" data-rl_caption=\"\" data-rel=\"lightbox-gallery-1\"><img loading=\"lazy\" decoding=\"async\" width=\"250\" height=\"250\" src=\"https:\/\/www.rijeka.hr\/it\/wp-content\/uploads\/sites\/3\/2019\/07\/Sportsko-rekreacijski-centar-Belveder-2-250x250.jpg\" class=\"attachment-thumbnail size-thumbnail\" alt=\"\" srcset=\"https:\/\/www.rijeka.hr\/it\/wp-content\/uploads\/sites\/3\/2019\/07\/Sportsko-rekreacijski-centar-Belveder-2-250x250.jpg 250w, https:\/\/www.rijeka.hr\/it\/wp-content\/uploads\/sites\/3\/2019\/07\/Sportsko-rekreacijski-centar-Belveder-2-250x250-200x200.jpg 200w\" sizes=\"(max-width: 250px) 100vw, 250px\" \/><\/a>\n            <\/dt><\/dl><dl class='gallery-item'>\n            <dt class='gallery-icon landscape'>\n                <a href='https:\/\/www.rijeka.hr\/it\/wp-content\/uploads\/sites\/3\/2019\/07\/Sportsko-rekreacijski-centar-Belveder-3-250x250.jpg' title=\"\" data-rl_title=\"\" class=\"rl-gallery-link\" data-rl_caption=\"\" data-rel=\"lightbox-gallery-1\"><img loading=\"lazy\" decoding=\"async\" width=\"250\" height=\"250\" src=\"https:\/\/www.rijeka.hr\/it\/wp-content\/uploads\/sites\/3\/2019\/07\/Sportsko-rekreacijski-centar-Belveder-3-250x250.jpg\" class=\"attachment-thumbnail size-thumbnail\" alt=\"\" srcset=\"https:\/\/www.rijeka.hr\/it\/wp-content\/uploads\/sites\/3\/2019\/07\/Sportsko-rekreacijski-centar-Belveder-3-250x250.jpg 250w, https:\/\/www.rijeka.hr\/it\/wp-content\/uploads\/sites\/3\/2019\/07\/Sportsko-rekreacijski-centar-Belveder-3-250x250-200x200.jpg 200w\" sizes=\"(max-width: 250px) 100vw, 250px\" \/><\/a>\n            <\/dt><\/dl><dl class='gallery-item'>\n            <dt class='gallery-icon landscape'>\n                <a href='https:\/\/www.rijeka.hr\/it\/wp-content\/uploads\/sites\/3\/2019\/07\/Sportsko-rekreacijski-centar-Belveder-1-250x250.jpg' title=\"\" data-rl_title=\"\" class=\"rl-gallery-link\" data-rl_caption=\"\" data-rel=\"lightbox-gallery-1\"><img loading=\"lazy\" decoding=\"async\" width=\"250\" height=\"250\" src=\"https:\/\/www.rijeka.hr\/it\/wp-content\/uploads\/sites\/3\/2019\/07\/Sportsko-rekreacijski-centar-Belveder-1-250x250.jpg\" class=\"attachment-thumbnail size-thumbnail\" alt=\"\" srcset=\"https:\/\/www.rijeka.hr\/it\/wp-content\/uploads\/sites\/3\/2019\/07\/Sportsko-rekreacijski-centar-Belveder-1-250x250.jpg 250w, https:\/\/www.rijeka.hr\/it\/wp-content\/uploads\/sites\/3\/2019\/07\/Sportsko-rekreacijski-centar-Belveder-1-250x250-200x200.jpg 200w\" sizes=\"(max-width: 250px) 100vw, 250px\" \/><\/a>\n            <\/dt><\/dl><br style=\"clear: both\" \/>\n        <\/div>\n\n","protected":false},"excerpt":{"rendered":"<p>Il Centro sportivo e ricreativo Belveder \u00e8 stato costruito nel 1936 ed \u00e8 incluso nella tutelata zona culturale dal Ministero della Cultura della Repubblica di Croazia. Il centro \u00e8 principalmente destinato ai seguenti sport: calcio, rugby, ginnastica, karate e pugilato. Inoltre il centro Belveder viene occasionalmente utilizzato per la ricreazione. La parte principale della struttura&#8230;<\/p>\n","protected":false},"author":3,"featured_media":0,"parent":8847,"menu_order":0,"comment_status":"closed","ping_status":"closed","template":"","meta":{"_acf_changed":false,"_trash_the_other_posts":false,"footnotes":"","_links_to":"","_links_to_target":""},"tags":[],"class_list":["post-8881","page","type-page","status-publish","hentry"],"acf":[],"yoast_head":"<!-- This site is optimized with the Yoast SEO plugin v24.4 - https:\/\/yoast.com\/wordpress\/plugins\/seo\/ -->\n<title>Centro sportivo e ricreativo Belveder - Citt\u00e0 di Fiume<\/title>\n<meta name=\"robots\" content=\"index, follow, max-snippet:-1, max-image-preview:large, max-video-preview:-1\" \/>\n<link rel=\"canonical\" href=\"https:\/\/www.rijeka.hr\/it\/temi-per-i-cittadini\/sport-e-ricreazione\/impianti-sportivi\/impianti-sportivi\/centro-sportivo-e-ricreativo-belveder\/\" \/>\n<meta property=\"og:locale\" content=\"it_IT\" \/>\n<meta property=\"og:type\" content=\"article\" \/>\n<meta property=\"og:title\" content=\"Centro sportivo e ricreativo Belveder - Citt\u00e0 di Fiume\" \/>\n<meta property=\"og:description\" content=\"Il Centro sportivo e ricreativo Belveder \u00e8 stato costruito nel 1936 ed \u00e8 incluso nella tutelata zona culturale dal Ministero della Cultura della Repubblica di Croazia. Il centro \u00e8 principalmente destinato ai seguenti sport: calcio, rugby, ginnastica, karate e pugilato. Inoltre il centro Belveder viene occasionalmente utilizzato per la ricreazione. La parte principale della struttura...\" \/>\n<meta property=\"og:url\" content=\"https:\/\/www.rijeka.hr\/it\/temi-per-i-cittadini\/sport-e-ricreazione\/impianti-sportivi\/impianti-sportivi\/centro-sportivo-e-ricreativo-belveder\/\" \/>\n<meta property=\"og:site_name\" content=\"Citt\u00e0 di Fiume\" \/>\n<meta property=\"article:modified_time\" content=\"2021-01-13T09:14:15+00:00\" \/>\n<meta property=\"og:image\" content=\"https:\/\/www.rijeka.hr\/it\/wp-content\/uploads\/sites\/3\/2019\/07\/Sportsko-rekreacijski-centar-Belveder-2-250x250.jpg\" \/>\n<meta name=\"twitter:card\" content=\"summary_large_image\" \/>\n<meta name=\"twitter:label1\" content=\"Est. reading time\" \/>\n\t<meta name=\"twitter:data1\" content=\"1 minute\" \/>\n<script type=\"application\/ld+json\" class=\"yoast-schema-graph\">{\"@context\":\"https:\/\/schema.org\",\"@graph\":[{\"@type\":\"WebPage\",\"@id\":\"https:\/\/www.rijeka.hr\/it\/temi-per-i-cittadini\/sport-e-ricreazione\/impianti-sportivi\/impianti-sportivi\/centro-sportivo-e-ricreativo-belveder\/\",\"url\":\"https:\/\/www.rijeka.hr\/it\/temi-per-i-cittadini\/sport-e-ricreazione\/impianti-sportivi\/impianti-sportivi\/centro-sportivo-e-ricreativo-belveder\/\",\"name\":\"Centro sportivo e ricreativo Belveder - Citt\u00e0 di Fiume\",\"isPartOf\":{\"@id\":\"https:\/\/www.rijeka.hr\/it\/#website\"},\"datePublished\":\"2019-06-18T08:00:56+00:00\",\"dateModified\":\"2021-01-13T09:14:15+00:00\",\"breadcrumb\":{\"@id\":\"https:\/\/www.rijeka.hr\/it\/temi-per-i-cittadini\/sport-e-ricreazione\/impianti-sportivi\/impianti-sportivi\/centro-sportivo-e-ricreativo-belveder\/#breadcrumb\"},\"inLanguage\":\"it-IT\",\"potentialAction\":[{\"@type\":\"ReadAction\",\"target\":[\"https:\/\/www.rijeka.hr\/it\/temi-per-i-cittadini\/sport-e-ricreazione\/impianti-sportivi\/impianti-sportivi\/centro-sportivo-e-ricreativo-belveder\/\"]}]},{\"@type\":\"BreadcrumbList\",\"@id\":\"https:\/\/www.rijeka.hr\/it\/temi-per-i-cittadini\/sport-e-ricreazione\/impianti-sportivi\/impianti-sportivi\/centro-sportivo-e-ricreativo-belveder\/#breadcrumb\",\"itemListElement\":[{\"@type\":\"ListItem\",\"position\":1,\"name\":\"Po\u010detna stranica\",\"item\":\"https:\/\/www.rijeka.hr\/it\/\"},{\"@type\":\"ListItem\",\"position\":2,\"name\":\"Temi per i cittadini\",\"item\":\"https:\/\/www.rijeka.hr\/it\/temi-per-i-cittadini\/\"},{\"@type\":\"ListItem\",\"position\":3,\"name\":\"Sport e ricreazione\",\"item\":\"https:\/\/www.rijeka.hr\/it\/temi-per-i-cittadini\/sport-e-ricreazione\/\"},{\"@type\":\"ListItem\",\"position\":4,\"name\":\"Infrastruttura sportiva\",\"item\":\"https:\/\/www.rijeka.hr\/it\/temi-per-i-cittadini\/sport-e-ricreazione\/impianti-sportivi\/\"},{\"@type\":\"ListItem\",\"position\":5,\"name\":\"Impianti sportivi\",\"item\":\"https:\/\/www.rijeka.hr\/it\/temi-per-i-cittadini\/sport-e-ricreazione\/impianti-sportivi\/impianti-sportivi\/\"},{\"@type\":\"ListItem\",\"position\":6,\"name\":\"Centro sportivo e ricreativo Belveder\"}]},{\"@type\":\"WebSite\",\"@id\":\"https:\/\/www.rijeka.hr\/it\/#website\",\"url\":\"https:\/\/www.rijeka.hr\/it\/\",\"name\":\"Citt\u00e0 di Fiume\",\"description\":\"Portale web della Citta&#039; di Fiume\",\"potentialAction\":[{\"@type\":\"SearchAction\",\"target\":{\"@type\":\"EntryPoint\",\"urlTemplate\":\"https:\/\/www.rijeka.hr\/it\/?s={search_term_string}\"},\"query-input\":{\"@type\":\"PropertyValueSpecification\",\"valueRequired\":true,\"valueName\":\"search_term_string\"}}],\"inLanguage\":\"it-IT\"}]}<\/script>\n<!-- \/ Yoast SEO plugin. -->","yoast_head_json":{"title":"Centro sportivo e ricreativo Belveder - Citt\u00e0 di Fiume","robots":{"index":"index","follow":"follow","max-snippet":"max-snippet:-1","max-image-preview":"max-image-preview:large","max-video-preview":"max-video-preview:-1"},"canonical":"https:\/\/www.rijeka.hr\/it\/temi-per-i-cittadini\/sport-e-ricreazione\/impianti-sportivi\/impianti-sportivi\/centro-sportivo-e-ricreativo-belveder\/","og_locale":"it_IT","og_type":"article","og_title":"Centro sportivo e ricreativo Belveder - Citt\u00e0 di Fiume","og_description":"Il Centro sportivo e ricreativo Belveder \u00e8 stato costruito nel 1936 ed \u00e8 incluso nella tutelata zona culturale dal Ministero della Cultura della Repubblica di Croazia. Il centro \u00e8 principalmente destinato ai seguenti sport: calcio, rugby, ginnastica, karate e pugilato. Inoltre il centro Belveder viene occasionalmente utilizzato per la ricreazione. La parte principale della struttura...","og_url":"https:\/\/www.rijeka.hr\/it\/temi-per-i-cittadini\/sport-e-ricreazione\/impianti-sportivi\/impianti-sportivi\/centro-sportivo-e-ricreativo-belveder\/","og_site_name":"Citt\u00e0 di Fiume","article_modified_time":"2021-01-13T09:14:15+00:00","og_image":[{"url":"https:\/\/www.rijeka.hr\/it\/wp-content\/uploads\/sites\/3\/2019\/07\/Sportsko-rekreacijski-centar-Belveder-2-250x250.jpg","type":"","width":"","height":""}],"twitter_card":"summary_large_image","twitter_misc":{"Est. reading time":"1 minute"},"schema":{"@context":"https:\/\/schema.org","@graph":[{"@type":"WebPage","@id":"https:\/\/www.rijeka.hr\/it\/temi-per-i-cittadini\/sport-e-ricreazione\/impianti-sportivi\/impianti-sportivi\/centro-sportivo-e-ricreativo-belveder\/","url":"https:\/\/www.rijeka.hr\/it\/temi-per-i-cittadini\/sport-e-ricreazione\/impianti-sportivi\/impianti-sportivi\/centro-sportivo-e-ricreativo-belveder\/","name":"Centro sportivo e ricreativo Belveder - Citt\u00e0 di Fiume","isPartOf":{"@id":"https:\/\/www.rijeka.hr\/it\/#website"},"datePublished":"2019-06-18T08:00:56+00:00","dateModified":"2021-01-13T09:14:15+00:00","breadcrumb":{"@id":"https:\/\/www.rijeka.hr\/it\/temi-per-i-cittadini\/sport-e-ricreazione\/impianti-sportivi\/impianti-sportivi\/centro-sportivo-e-ricreativo-belveder\/#breadcrumb"},"inLanguage":"it-IT","potentialAction":[{"@type":"ReadAction","target":["https:\/\/www.rijeka.hr\/it\/temi-per-i-cittadini\/sport-e-ricreazione\/impianti-sportivi\/impianti-sportivi\/centro-sportivo-e-ricreativo-belveder\/"]}]},{"@type":"BreadcrumbList","@id":"https:\/\/www.rijeka.hr\/it\/temi-per-i-cittadini\/sport-e-ricreazione\/impianti-sportivi\/impianti-sportivi\/centro-sportivo-e-ricreativo-belveder\/#breadcrumb","itemListElement":[{"@type":"ListItem","position":1,"name":"Po\u010detna stranica","item":"https:\/\/www.rijeka.hr\/it\/"},{"@type":"ListItem","position":2,"name":"Temi per i cittadini","item":"https:\/\/www.rijeka.hr\/it\/temi-per-i-cittadini\/"},{"@type":"ListItem","position":3,"name":"Sport e ricreazione","item":"https:\/\/www.rijeka.hr\/it\/temi-per-i-cittadini\/sport-e-ricreazione\/"},{"@type":"ListItem","position":4,"name":"Infrastruttura sportiva","item":"https:\/\/www.rijeka.hr\/it\/temi-per-i-cittadini\/sport-e-ricreazione\/impianti-sportivi\/"},{"@type":"ListItem","position":5,"name":"Impianti sportivi","item":"https:\/\/www.rijeka.hr\/it\/temi-per-i-cittadini\/sport-e-ricreazione\/impianti-sportivi\/impianti-sportivi\/"},{"@type":"ListItem","position":6,"name":"Centro sportivo e ricreativo Belveder"}]},{"@type":"WebSite","@id":"https:\/\/www.rijeka.hr\/it\/#website","url":"https:\/\/www.rijeka.hr\/it\/","name":"Citt\u00e0 di Fiume","description":"Portale web della Citta&#039; di Fiume","potentialAction":[{"@type":"SearchAction","target":{"@type":"EntryPoint","urlTemplate":"https:\/\/www.rijeka.hr\/it\/?s={search_term_string}"},"query-input":{"@type":"PropertyValueSpecification","valueRequired":true,"valueName":"search_term_string"}}],"inLanguage":"it-IT"}]}},"_links":{"self":[{"href":"https:\/\/www.rijeka.hr\/it\/wp-json\/wp\/v2\/pages\/8881","targetHints":{"allow":["GET"]}}],"collection":[{"href":"https:\/\/www.rijeka.hr\/it\/wp-json\/wp\/v2\/pages"}],"about":[{"href":"https:\/\/www.rijeka.hr\/it\/wp-json\/wp\/v2\/types\/page"}],"author":[{"embeddable":true,"href":"https:\/\/www.rijeka.hr\/it\/wp-json\/wp\/v2\/users\/3"}],"replies":[{"embeddable":true,"href":"https:\/\/www.rijeka.hr\/it\/wp-json\/wp\/v2\/comments?post=8881"}],"version-history":[{"count":6,"href":"https:\/\/www.rijeka.hr\/it\/wp-json\/wp\/v2\/pages\/8881\/revisions"}],"predecessor-version":[{"id":9178,"href":"https:\/\/www.rijeka.hr\/it\/wp-json\/wp\/v2\/pages\/8881\/revisions\/9178"}],"up":[{"embeddable":true,"href":"https:\/\/www.rijeka.hr\/it\/wp-json\/wp\/v2\/pages\/8847"}],"wp:attachment":[{"href":"https:\/\/www.rijeka.hr\/it\/wp-json\/wp\/v2\/media?parent=8881"}],"wp:term":[{"taxonomy":"post_tag","embeddable":true,"href":"https:\/\/www.rijeka.hr\/it\/wp-json\/wp\/v2\/tags?post=8881"}],"curies":[{"name":"wp","href":"https:\/\/api.w.org\/{rel}","templated":true}]}}