{"id":8891,"date":"2019-06-18T10:26:09","date_gmt":"2019-06-18T08:26:09","guid":{"rendered":"https:\/\/www.rijeka.hr\/it\/?page_id=8891"},"modified":"2021-01-25T11:15:41","modified_gmt":"2021-01-25T10:15:41","slug":"palestra-del-club-di-tennistavolo-quarnero","status":"publish","type":"page","link":"https:\/\/www.rijeka.hr\/it\/temi-per-i-cittadini\/sport-e-ricreazione\/impianti-sportivi\/impianti-sportivi\/palestra-del-club-di-tennistavolo-quarnero\/","title":{"rendered":"Palestra del club di tennistavolo &#8220;Kvarner&#8221;"},"content":{"rendered":"<p>.La palestra del club di tennistavolo &#8220;Kvarner&#8221; si trova all&#8217;indirizzo Ivan De\u017eman 3. Il proprietario della palestra \u00e8 la Citt\u00e0 di Fiume ed \u00e8 gestita dal club di tennistavolo &#8220;Kvarner&#8221;.<\/p>\n<p>La palestra serve principalmente per il tennistavolo.<\/p>\n","protected":false},"excerpt":{"rendered":"<p>.La palestra del club di tennistavolo &#8220;Kvarner&#8221; si trova all&#8217;indirizzo Ivan De\u017eman 3. Il proprietario della palestra \u00e8 la Citt\u00e0 di Fiume ed \u00e8 gestita dal club di tennistavolo &#8220;Kvarner&#8221;. La palestra serve principalmente per il tennistavolo.<\/p>\n","protected":false},"author":3,"featured_media":0,"parent":8847,"menu_order":0,"comment_status":"closed","ping_status":"closed","template":"","meta":{"_acf_changed":false,"_trash_the_other_posts":false,"footnotes":"","_links_to":"","_links_to_target":""},"tags":[],"class_list":["post-8891","page","type-page","status-publish","hentry"],"acf":[],"yoast_head":"<!-- This site is optimized with the Yoast SEO plugin v24.4 - https:\/\/yoast.com\/wordpress\/plugins\/seo\/ -->\n<title>Palestra del club di tennistavolo &quot;Kvarner&quot; - Citt\u00e0 di Fiume<\/title>\n<meta name=\"robots\" content=\"index, follow, max-snippet:-1, max-image-preview:large, max-video-preview:-1\" \/>\n<link rel=\"canonical\" href=\"https:\/\/www.rijeka.hr\/it\/temi-per-i-cittadini\/sport-e-ricreazione\/impianti-sportivi\/impianti-sportivi\/palestra-del-club-di-tennistavolo-quarnero\/\" \/>\n<meta property=\"og:locale\" content=\"it_IT\" \/>\n<meta property=\"og:type\" content=\"article\" \/>\n<meta property=\"og:title\" content=\"Palestra del club di tennistavolo &quot;Kvarner&quot; - Citt\u00e0 di Fiume\" \/>\n<meta property=\"og:description\" content=\".La palestra del club di tennistavolo &#8220;Kvarner&#8221; si trova all&#8217;indirizzo Ivan De\u017eman 3. Il proprietario della palestra \u00e8 la Citt\u00e0 di Fiume ed \u00e8 gestita dal club di tennistavolo &#8220;Kvarner&#8221;. La palestra serve principalmente per il tennistavolo.\" \/>\n<meta property=\"og:url\" content=\"https:\/\/www.rijeka.hr\/it\/temi-per-i-cittadini\/sport-e-ricreazione\/impianti-sportivi\/impianti-sportivi\/palestra-del-club-di-tennistavolo-quarnero\/\" \/>\n<meta property=\"og:site_name\" content=\"Citt\u00e0 di Fiume\" \/>\n<meta property=\"article:modified_time\" content=\"2021-01-25T10:15:41+00:00\" \/>\n<meta name=\"twitter:card\" content=\"summary_large_image\" \/>\n<script type=\"application\/ld+json\" class=\"yoast-schema-graph\">{\"@context\":\"https:\/\/schema.org\",\"@graph\":[{\"@type\":\"WebPage\",\"@id\":\"https:\/\/www.rijeka.hr\/it\/temi-per-i-cittadini\/sport-e-ricreazione\/impianti-sportivi\/impianti-sportivi\/palestra-del-club-di-tennistavolo-quarnero\/\",\"url\":\"https:\/\/www.rijeka.hr\/it\/temi-per-i-cittadini\/sport-e-ricreazione\/impianti-sportivi\/impianti-sportivi\/palestra-del-club-di-tennistavolo-quarnero\/\",\"name\":\"Palestra del club di tennistavolo \\\"Kvarner\\\" - Citt\u00e0 di Fiume\",\"isPartOf\":{\"@id\":\"https:\/\/www.rijeka.hr\/it\/#website\"},\"datePublished\":\"2019-06-18T08:26:09+00:00\",\"dateModified\":\"2021-01-25T10:15:41+00:00\",\"breadcrumb\":{\"@id\":\"https:\/\/www.rijeka.hr\/it\/temi-per-i-cittadini\/sport-e-ricreazione\/impianti-sportivi\/impianti-sportivi\/palestra-del-club-di-tennistavolo-quarnero\/#breadcrumb\"},\"inLanguage\":\"it-IT\",\"potentialAction\":[{\"@type\":\"ReadAction\",\"target\":[\"https:\/\/www.rijeka.hr\/it\/temi-per-i-cittadini\/sport-e-ricreazione\/impianti-sportivi\/impianti-sportivi\/palestra-del-club-di-tennistavolo-quarnero\/\"]}]},{\"@type\":\"BreadcrumbList\",\"@id\":\"https:\/\/www.rijeka.hr\/it\/temi-per-i-cittadini\/sport-e-ricreazione\/impianti-sportivi\/impianti-sportivi\/palestra-del-club-di-tennistavolo-quarnero\/#breadcrumb\",\"itemListElement\":[{\"@type\":\"ListItem\",\"position\":1,\"name\":\"Po\u010detna stranica\",\"item\":\"https:\/\/www.rijeka.hr\/it\/\"},{\"@type\":\"ListItem\",\"position\":2,\"name\":\"Temi per i cittadini\",\"item\":\"https:\/\/www.rijeka.hr\/it\/temi-per-i-cittadini\/\"},{\"@type\":\"ListItem\",\"position\":3,\"name\":\"Sport e ricreazione\",\"item\":\"https:\/\/www.rijeka.hr\/it\/temi-per-i-cittadini\/sport-e-ricreazione\/\"},{\"@type\":\"ListItem\",\"position\":4,\"name\":\"Infrastruttura sportiva\",\"item\":\"https:\/\/www.rijeka.hr\/it\/temi-per-i-cittadini\/sport-e-ricreazione\/impianti-sportivi\/\"},{\"@type\":\"ListItem\",\"position\":5,\"name\":\"Impianti sportivi\",\"item\":\"https:\/\/www.rijeka.hr\/it\/temi-per-i-cittadini\/sport-e-ricreazione\/impianti-sportivi\/impianti-sportivi\/\"},{\"@type\":\"ListItem\",\"position\":6,\"name\":\"Palestra del club di tennistavolo &#8220;Kvarner&#8221;\"}]},{\"@type\":\"WebSite\",\"@id\":\"https:\/\/www.rijeka.hr\/it\/#website\",\"url\":\"https:\/\/www.rijeka.hr\/it\/\",\"name\":\"Citt\u00e0 di Fiume\",\"description\":\"Portale web della Citta&#039; di Fiume\",\"potentialAction\":[{\"@type\":\"SearchAction\",\"target\":{\"@type\":\"EntryPoint\",\"urlTemplate\":\"https:\/\/www.rijeka.hr\/it\/?s={search_term_string}\"},\"query-input\":{\"@type\":\"PropertyValueSpecification\",\"valueRequired\":true,\"valueName\":\"search_term_string\"}}],\"inLanguage\":\"it-IT\"}]}<\/script>\n<!-- \/ Yoast SEO plugin. -->","yoast_head_json":{"title":"Palestra del club di tennistavolo \"Kvarner\" - Citt\u00e0 di Fiume","robots":{"index":"index","follow":"follow","max-snippet":"max-snippet:-1","max-image-preview":"max-image-preview:large","max-video-preview":"max-video-preview:-1"},"canonical":"https:\/\/www.rijeka.hr\/it\/temi-per-i-cittadini\/sport-e-ricreazione\/impianti-sportivi\/impianti-sportivi\/palestra-del-club-di-tennistavolo-quarnero\/","og_locale":"it_IT","og_type":"article","og_title":"Palestra del club di tennistavolo \"Kvarner\" - Citt\u00e0 di Fiume","og_description":".La palestra del club di tennistavolo &#8220;Kvarner&#8221; si trova all&#8217;indirizzo Ivan De\u017eman 3. Il proprietario della palestra \u00e8 la Citt\u00e0 di Fiume ed \u00e8 gestita dal club di tennistavolo &#8220;Kvarner&#8221;. La palestra serve principalmente per il tennistavolo.","og_url":"https:\/\/www.rijeka.hr\/it\/temi-per-i-cittadini\/sport-e-ricreazione\/impianti-sportivi\/impianti-sportivi\/palestra-del-club-di-tennistavolo-quarnero\/","og_site_name":"Citt\u00e0 di Fiume","article_modified_time":"2021-01-25T10:15:41+00:00","twitter_card":"summary_large_image","schema":{"@context":"https:\/\/schema.org","@graph":[{"@type":"WebPage","@id":"https:\/\/www.rijeka.hr\/it\/temi-per-i-cittadini\/sport-e-ricreazione\/impianti-sportivi\/impianti-sportivi\/palestra-del-club-di-tennistavolo-quarnero\/","url":"https:\/\/www.rijeka.hr\/it\/temi-per-i-cittadini\/sport-e-ricreazione\/impianti-sportivi\/impianti-sportivi\/palestra-del-club-di-tennistavolo-quarnero\/","name":"Palestra del club di tennistavolo \"Kvarner\" - Citt\u00e0 di Fiume","isPartOf":{"@id":"https:\/\/www.rijeka.hr\/it\/#website"},"datePublished":"2019-06-18T08:26:09+00:00","dateModified":"2021-01-25T10:15:41+00:00","breadcrumb":{"@id":"https:\/\/www.rijeka.hr\/it\/temi-per-i-cittadini\/sport-e-ricreazione\/impianti-sportivi\/impianti-sportivi\/palestra-del-club-di-tennistavolo-quarnero\/#breadcrumb"},"inLanguage":"it-IT","potentialAction":[{"@type":"ReadAction","target":["https:\/\/www.rijeka.hr\/it\/temi-per-i-cittadini\/sport-e-ricreazione\/impianti-sportivi\/impianti-sportivi\/palestra-del-club-di-tennistavolo-quarnero\/"]}]},{"@type":"BreadcrumbList","@id":"https:\/\/www.rijeka.hr\/it\/temi-per-i-cittadini\/sport-e-ricreazione\/impianti-sportivi\/impianti-sportivi\/palestra-del-club-di-tennistavolo-quarnero\/#breadcrumb","itemListElement":[{"@type":"ListItem","position":1,"name":"Po\u010detna stranica","item":"https:\/\/www.rijeka.hr\/it\/"},{"@type":"ListItem","position":2,"name":"Temi per i cittadini","item":"https:\/\/www.rijeka.hr\/it\/temi-per-i-cittadini\/"},{"@type":"ListItem","position":3,"name":"Sport e ricreazione","item":"https:\/\/www.rijeka.hr\/it\/temi-per-i-cittadini\/sport-e-ricreazione\/"},{"@type":"ListItem","position":4,"name":"Infrastruttura sportiva","item":"https:\/\/www.rijeka.hr\/it\/temi-per-i-cittadini\/sport-e-ricreazione\/impianti-sportivi\/"},{"@type":"ListItem","position":5,"name":"Impianti sportivi","item":"https:\/\/www.rijeka.hr\/it\/temi-per-i-cittadini\/sport-e-ricreazione\/impianti-sportivi\/impianti-sportivi\/"},{"@type":"ListItem","position":6,"name":"Palestra del club di tennistavolo &#8220;Kvarner&#8221;"}]},{"@type":"WebSite","@id":"https:\/\/www.rijeka.hr\/it\/#website","url":"https:\/\/www.rijeka.hr\/it\/","name":"Citt\u00e0 di Fiume","description":"Portale web della Citta&#039; di Fiume","potentialAction":[{"@type":"SearchAction","target":{"@type":"EntryPoint","urlTemplate":"https:\/\/www.rijeka.hr\/it\/?s={search_term_string}"},"query-input":{"@type":"PropertyValueSpecification","valueRequired":true,"valueName":"search_term_string"}}],"inLanguage":"it-IT"}]}},"_links":{"self":[{"href":"https:\/\/www.rijeka.hr\/it\/wp-json\/wp\/v2\/pages\/8891","targetHints":{"allow":["GET"]}}],"collection":[{"href":"https:\/\/www.rijeka.hr\/it\/wp-json\/wp\/v2\/pages"}],"about":[{"href":"https:\/\/www.rijeka.hr\/it\/wp-json\/wp\/v2\/types\/page"}],"author":[{"embeddable":true,"href":"https:\/\/www.rijeka.hr\/it\/wp-json\/wp\/v2\/users\/3"}],"replies":[{"embeddable":true,"href":"https:\/\/www.rijeka.hr\/it\/wp-json\/wp\/v2\/comments?post=8891"}],"version-history":[{"count":4,"href":"https:\/\/www.rijeka.hr\/it\/wp-json\/wp\/v2\/pages\/8891\/revisions"}],"predecessor-version":[{"id":9369,"href":"https:\/\/www.rijeka.hr\/it\/wp-json\/wp\/v2\/pages\/8891\/revisions\/9369"}],"up":[{"embeddable":true,"href":"https:\/\/www.rijeka.hr\/it\/wp-json\/wp\/v2\/pages\/8847"}],"wp:attachment":[{"href":"https:\/\/www.rijeka.hr\/it\/wp-json\/wp\/v2\/media?parent=8891"}],"wp:term":[{"taxonomy":"post_tag","embeddable":true,"href":"https:\/\/www.rijeka.hr\/it\/wp-json\/wp\/v2\/tags?post=8891"}],"curies":[{"name":"wp","href":"https:\/\/api.w.org\/{rel}","templated":true}]}}