{"id":8901,"date":"2019-06-18T10:31:01","date_gmt":"2019-06-18T08:31:01","guid":{"rendered":"https:\/\/www.rijeka.hr\/it\/?page_id=8901"},"modified":"2021-01-13T10:20:04","modified_gmt":"2021-01-13T09:20:04","slug":"centro-tennis-marceljeva-draga","status":"publish","type":"page","link":"https:\/\/www.rijeka.hr\/it\/temi-per-i-cittadini\/sport-e-ricreazione\/impianti-sportivi\/impianti-sportivi\/centro-tennis-marceljeva-draga\/","title":{"rendered":"Centro tennis Mar\u010deljeva Draga"},"content":{"rendered":"<p>Il centro tennis &#8220;Mar\u010deljeva Draga&#8221; si trova all&#8217;indirizzo: Edo Jardas 27 a. Il proprietario dell\u2019impianto \u00e8 la Citt\u00e0 di Fiume. L\u2019impianto \u00e8 gestito dal tennis club &#8220;Kvarner&#8221;. Il centro tennis con 8 campi da tennis \u00e8 state costruito nel 1988.<\/p>\n<p>Le tribune hanno una capienza di 300 posti a sedere.<\/p>\n","protected":false},"excerpt":{"rendered":"<p>Il centro tennis &#8220;Mar\u010deljeva Draga&#8221; si trova all&#8217;indirizzo: Edo Jardas 27 a. Il proprietario dell\u2019impianto \u00e8 la Citt\u00e0 di Fiume. L\u2019impianto \u00e8 gestito dal tennis club &#8220;Kvarner&#8221;. Il centro tennis con 8 campi da tennis \u00e8 state costruito nel 1988. Le tribune hanno una capienza di 300 posti a sedere.<\/p>\n","protected":false},"author":3,"featured_media":0,"parent":8847,"menu_order":0,"comment_status":"closed","ping_status":"closed","template":"","meta":{"_acf_changed":false,"_trash_the_other_posts":false,"footnotes":"","_links_to":"","_links_to_target":""},"tags":[],"class_list":["post-8901","page","type-page","status-publish","hentry"],"acf":[],"yoast_head":"<!-- This site is optimized with the Yoast SEO plugin v24.4 - https:\/\/yoast.com\/wordpress\/plugins\/seo\/ -->\n<title>Centro tennis Mar\u010deljeva Draga - Citt\u00e0 di Fiume<\/title>\n<meta name=\"robots\" content=\"index, follow, max-snippet:-1, max-image-preview:large, max-video-preview:-1\" \/>\n<link rel=\"canonical\" href=\"https:\/\/www.rijeka.hr\/it\/temi-per-i-cittadini\/sport-e-ricreazione\/impianti-sportivi\/impianti-sportivi\/centro-tennis-marceljeva-draga\/\" \/>\n<meta property=\"og:locale\" content=\"it_IT\" \/>\n<meta property=\"og:type\" content=\"article\" \/>\n<meta property=\"og:title\" content=\"Centro tennis Mar\u010deljeva Draga - Citt\u00e0 di Fiume\" \/>\n<meta property=\"og:description\" content=\"Il centro tennis &#8220;Mar\u010deljeva Draga&#8221; si trova all&#8217;indirizzo: Edo Jardas 27 a. Il proprietario dell\u2019impianto \u00e8 la Citt\u00e0 di Fiume. L\u2019impianto \u00e8 gestito dal tennis club &#8220;Kvarner&#8221;. Il centro tennis con 8 campi da tennis \u00e8 state costruito nel 1988. Le tribune hanno una capienza di 300 posti a sedere.\" \/>\n<meta property=\"og:url\" content=\"https:\/\/www.rijeka.hr\/it\/temi-per-i-cittadini\/sport-e-ricreazione\/impianti-sportivi\/impianti-sportivi\/centro-tennis-marceljeva-draga\/\" \/>\n<meta property=\"og:site_name\" content=\"Citt\u00e0 di Fiume\" \/>\n<meta property=\"article:modified_time\" content=\"2021-01-13T09:20:04+00:00\" \/>\n<meta name=\"twitter:card\" content=\"summary_large_image\" \/>\n<script type=\"application\/ld+json\" class=\"yoast-schema-graph\">{\"@context\":\"https:\/\/schema.org\",\"@graph\":[{\"@type\":\"WebPage\",\"@id\":\"https:\/\/www.rijeka.hr\/it\/temi-per-i-cittadini\/sport-e-ricreazione\/impianti-sportivi\/impianti-sportivi\/centro-tennis-marceljeva-draga\/\",\"url\":\"https:\/\/www.rijeka.hr\/it\/temi-per-i-cittadini\/sport-e-ricreazione\/impianti-sportivi\/impianti-sportivi\/centro-tennis-marceljeva-draga\/\",\"name\":\"Centro tennis Mar\u010deljeva Draga - Citt\u00e0 di Fiume\",\"isPartOf\":{\"@id\":\"https:\/\/www.rijeka.hr\/it\/#website\"},\"datePublished\":\"2019-06-18T08:31:01+00:00\",\"dateModified\":\"2021-01-13T09:20:04+00:00\",\"breadcrumb\":{\"@id\":\"https:\/\/www.rijeka.hr\/it\/temi-per-i-cittadini\/sport-e-ricreazione\/impianti-sportivi\/impianti-sportivi\/centro-tennis-marceljeva-draga\/#breadcrumb\"},\"inLanguage\":\"it-IT\",\"potentialAction\":[{\"@type\":\"ReadAction\",\"target\":[\"https:\/\/www.rijeka.hr\/it\/temi-per-i-cittadini\/sport-e-ricreazione\/impianti-sportivi\/impianti-sportivi\/centro-tennis-marceljeva-draga\/\"]}]},{\"@type\":\"BreadcrumbList\",\"@id\":\"https:\/\/www.rijeka.hr\/it\/temi-per-i-cittadini\/sport-e-ricreazione\/impianti-sportivi\/impianti-sportivi\/centro-tennis-marceljeva-draga\/#breadcrumb\",\"itemListElement\":[{\"@type\":\"ListItem\",\"position\":1,\"name\":\"Po\u010detna stranica\",\"item\":\"https:\/\/www.rijeka.hr\/it\/\"},{\"@type\":\"ListItem\",\"position\":2,\"name\":\"Temi per i cittadini\",\"item\":\"https:\/\/www.rijeka.hr\/it\/temi-per-i-cittadini\/\"},{\"@type\":\"ListItem\",\"position\":3,\"name\":\"Sport e ricreazione\",\"item\":\"https:\/\/www.rijeka.hr\/it\/temi-per-i-cittadini\/sport-e-ricreazione\/\"},{\"@type\":\"ListItem\",\"position\":4,\"name\":\"Infrastruttura sportiva\",\"item\":\"https:\/\/www.rijeka.hr\/it\/temi-per-i-cittadini\/sport-e-ricreazione\/impianti-sportivi\/\"},{\"@type\":\"ListItem\",\"position\":5,\"name\":\"Impianti sportivi\",\"item\":\"https:\/\/www.rijeka.hr\/it\/temi-per-i-cittadini\/sport-e-ricreazione\/impianti-sportivi\/impianti-sportivi\/\"},{\"@type\":\"ListItem\",\"position\":6,\"name\":\"Centro tennis Mar\u010deljeva Draga\"}]},{\"@type\":\"WebSite\",\"@id\":\"https:\/\/www.rijeka.hr\/it\/#website\",\"url\":\"https:\/\/www.rijeka.hr\/it\/\",\"name\":\"Citt\u00e0 di Fiume\",\"description\":\"Portale web della Citta&#039; di Fiume\",\"potentialAction\":[{\"@type\":\"SearchAction\",\"target\":{\"@type\":\"EntryPoint\",\"urlTemplate\":\"https:\/\/www.rijeka.hr\/it\/?s={search_term_string}\"},\"query-input\":{\"@type\":\"PropertyValueSpecification\",\"valueRequired\":true,\"valueName\":\"search_term_string\"}}],\"inLanguage\":\"it-IT\"}]}<\/script>\n<!-- \/ Yoast SEO plugin. -->","yoast_head_json":{"title":"Centro tennis Mar\u010deljeva Draga - Citt\u00e0 di Fiume","robots":{"index":"index","follow":"follow","max-snippet":"max-snippet:-1","max-image-preview":"max-image-preview:large","max-video-preview":"max-video-preview:-1"},"canonical":"https:\/\/www.rijeka.hr\/it\/temi-per-i-cittadini\/sport-e-ricreazione\/impianti-sportivi\/impianti-sportivi\/centro-tennis-marceljeva-draga\/","og_locale":"it_IT","og_type":"article","og_title":"Centro tennis Mar\u010deljeva Draga - Citt\u00e0 di Fiume","og_description":"Il centro tennis &#8220;Mar\u010deljeva Draga&#8221; si trova all&#8217;indirizzo: Edo Jardas 27 a. Il proprietario dell\u2019impianto \u00e8 la Citt\u00e0 di Fiume. L\u2019impianto \u00e8 gestito dal tennis club &#8220;Kvarner&#8221;. Il centro tennis con 8 campi da tennis \u00e8 state costruito nel 1988. Le tribune hanno una capienza di 300 posti a sedere.","og_url":"https:\/\/www.rijeka.hr\/it\/temi-per-i-cittadini\/sport-e-ricreazione\/impianti-sportivi\/impianti-sportivi\/centro-tennis-marceljeva-draga\/","og_site_name":"Citt\u00e0 di Fiume","article_modified_time":"2021-01-13T09:20:04+00:00","twitter_card":"summary_large_image","schema":{"@context":"https:\/\/schema.org","@graph":[{"@type":"WebPage","@id":"https:\/\/www.rijeka.hr\/it\/temi-per-i-cittadini\/sport-e-ricreazione\/impianti-sportivi\/impianti-sportivi\/centro-tennis-marceljeva-draga\/","url":"https:\/\/www.rijeka.hr\/it\/temi-per-i-cittadini\/sport-e-ricreazione\/impianti-sportivi\/impianti-sportivi\/centro-tennis-marceljeva-draga\/","name":"Centro tennis Mar\u010deljeva Draga - Citt\u00e0 di Fiume","isPartOf":{"@id":"https:\/\/www.rijeka.hr\/it\/#website"},"datePublished":"2019-06-18T08:31:01+00:00","dateModified":"2021-01-13T09:20:04+00:00","breadcrumb":{"@id":"https:\/\/www.rijeka.hr\/it\/temi-per-i-cittadini\/sport-e-ricreazione\/impianti-sportivi\/impianti-sportivi\/centro-tennis-marceljeva-draga\/#breadcrumb"},"inLanguage":"it-IT","potentialAction":[{"@type":"ReadAction","target":["https:\/\/www.rijeka.hr\/it\/temi-per-i-cittadini\/sport-e-ricreazione\/impianti-sportivi\/impianti-sportivi\/centro-tennis-marceljeva-draga\/"]}]},{"@type":"BreadcrumbList","@id":"https:\/\/www.rijeka.hr\/it\/temi-per-i-cittadini\/sport-e-ricreazione\/impianti-sportivi\/impianti-sportivi\/centro-tennis-marceljeva-draga\/#breadcrumb","itemListElement":[{"@type":"ListItem","position":1,"name":"Po\u010detna stranica","item":"https:\/\/www.rijeka.hr\/it\/"},{"@type":"ListItem","position":2,"name":"Temi per i cittadini","item":"https:\/\/www.rijeka.hr\/it\/temi-per-i-cittadini\/"},{"@type":"ListItem","position":3,"name":"Sport e ricreazione","item":"https:\/\/www.rijeka.hr\/it\/temi-per-i-cittadini\/sport-e-ricreazione\/"},{"@type":"ListItem","position":4,"name":"Infrastruttura sportiva","item":"https:\/\/www.rijeka.hr\/it\/temi-per-i-cittadini\/sport-e-ricreazione\/impianti-sportivi\/"},{"@type":"ListItem","position":5,"name":"Impianti sportivi","item":"https:\/\/www.rijeka.hr\/it\/temi-per-i-cittadini\/sport-e-ricreazione\/impianti-sportivi\/impianti-sportivi\/"},{"@type":"ListItem","position":6,"name":"Centro tennis Mar\u010deljeva Draga"}]},{"@type":"WebSite","@id":"https:\/\/www.rijeka.hr\/it\/#website","url":"https:\/\/www.rijeka.hr\/it\/","name":"Citt\u00e0 di Fiume","description":"Portale web della Citta&#039; di Fiume","potentialAction":[{"@type":"SearchAction","target":{"@type":"EntryPoint","urlTemplate":"https:\/\/www.rijeka.hr\/it\/?s={search_term_string}"},"query-input":{"@type":"PropertyValueSpecification","valueRequired":true,"valueName":"search_term_string"}}],"inLanguage":"it-IT"}]}},"_links":{"self":[{"href":"https:\/\/www.rijeka.hr\/it\/wp-json\/wp\/v2\/pages\/8901","targetHints":{"allow":["GET"]}}],"collection":[{"href":"https:\/\/www.rijeka.hr\/it\/wp-json\/wp\/v2\/pages"}],"about":[{"href":"https:\/\/www.rijeka.hr\/it\/wp-json\/wp\/v2\/types\/page"}],"author":[{"embeddable":true,"href":"https:\/\/www.rijeka.hr\/it\/wp-json\/wp\/v2\/users\/3"}],"replies":[{"embeddable":true,"href":"https:\/\/www.rijeka.hr\/it\/wp-json\/wp\/v2\/comments?post=8901"}],"version-history":[{"count":4,"href":"https:\/\/www.rijeka.hr\/it\/wp-json\/wp\/v2\/pages\/8901\/revisions"}],"predecessor-version":[{"id":9377,"href":"https:\/\/www.rijeka.hr\/it\/wp-json\/wp\/v2\/pages\/8901\/revisions\/9377"}],"up":[{"embeddable":true,"href":"https:\/\/www.rijeka.hr\/it\/wp-json\/wp\/v2\/pages\/8847"}],"wp:attachment":[{"href":"https:\/\/www.rijeka.hr\/it\/wp-json\/wp\/v2\/media?parent=8901"}],"wp:term":[{"taxonomy":"post_tag","embeddable":true,"href":"https:\/\/www.rijeka.hr\/it\/wp-json\/wp\/v2\/tags?post=8901"}],"curies":[{"name":"wp","href":"https:\/\/api.w.org\/{rel}","templated":true}]}}