{"id":901,"date":"2016-08-03T15:24:03","date_gmt":"2016-08-03T13:24:03","guid":{"rendered":"https:\/\/www.rijeka.hr\/it\/?page_id=901"},"modified":"2026-01-14T14:43:52","modified_gmt":"2026-01-14T13:43:52","slug":"jednokratna-potpora-novorodence","status":"publish","type":"page","link":"https:\/\/www.rijeka.hr\/it\/misure-a-sostegno-della-natalita\/jednokratna-potpora-novorodence\/","title":{"rendered":"Sostegno unico per il neonato"},"content":{"rendered":"<p>Al fine di attuare le proprie misure di politica demografica, la citt\u00e0 di Fiume eroga un sussidio una tantum a ogni genitore, cittadino croato residente nel territorio della citt\u00e0 di Fiume e a cittadini stranieri o persone senza cittadinanza con la residenza permanente a Fiume. La citt\u00e0 di Fiume pagher\u00e0 il sussidio una tantum per gli accessori per i neonati pari a 660 euro per il primo figlio nato, 850 euro per il secondo figlio e 1.225 euro per il terzo e ogni figlio successivo.<\/p>\n<p>La richiesta pu\u00f2 essere presentata fino al compimento del primo anno di vita del bambino.<\/p>\n\n    <div class=\"featured-links\">\n\n        <ul>\n                                                <li class=\"type-url\"><a href=\"http:\/\/gov.rijeka.hr\/zahtjevi-i-obrasci\/zdravstvo-i-socijalna-skrb\/novcana-potpora-za-novorodjence\/147\">Domanda per il sostegno per il neonato<\/a><\/li>\n                                                                                                                                                                                                                                                                                                                                                                                                                                            <\/ul>\n \n    <\/div>\n\n    \n","protected":false},"excerpt":{"rendered":"<p>Al fine di attuare le proprie misure di politica demografica, la citt\u00e0 di Fiume eroga un sussidio una tantum a ogni genitore, cittadino croato residente nel territorio della citt\u00e0 di Fiume e a cittadini stranieri o persone senza cittadinanza con la residenza permanente a Fiume. La citt\u00e0 di Fiume pagher\u00e0 il sussidio una tantum per&#8230;<\/p>\n","protected":false},"author":6,"featured_media":0,"parent":770,"menu_order":0,"comment_status":"closed","ping_status":"closed","template":"","meta":{"_acf_changed":false,"_trash_the_other_posts":false,"footnotes":"","_links_to":"","_links_to_target":""},"tags":[],"class_list":["post-901","page","type-page","status-publish","hentry"],"acf":[],"yoast_head":"<!-- This site is optimized with the Yoast SEO plugin v24.4 - https:\/\/yoast.com\/wordpress\/plugins\/seo\/ -->\n<title>Sostegno unico per il neonato - Citt\u00e0 di Fiume<\/title>\n<meta name=\"robots\" content=\"index, follow, max-snippet:-1, max-image-preview:large, max-video-preview:-1\" \/>\n<link rel=\"canonical\" href=\"https:\/\/www.rijeka.hr\/it\/misure-a-sostegno-della-natalita\/jednokratna-potpora-novorodence\/\" \/>\n<meta property=\"og:locale\" content=\"it_IT\" \/>\n<meta property=\"og:type\" content=\"article\" \/>\n<meta property=\"og:title\" content=\"Sostegno unico per il neonato - Citt\u00e0 di Fiume\" \/>\n<meta property=\"og:description\" content=\"Al fine di attuare le proprie misure di politica demografica, la citt\u00e0 di Fiume eroga un sussidio una tantum a ogni genitore, cittadino croato residente nel territorio della citt\u00e0 di Fiume e a cittadini stranieri o persone senza cittadinanza con la residenza permanente a Fiume. La citt\u00e0 di Fiume pagher\u00e0 il sussidio una tantum per...\" \/>\n<meta property=\"og:url\" content=\"https:\/\/www.rijeka.hr\/it\/misure-a-sostegno-della-natalita\/jednokratna-potpora-novorodence\/\" \/>\n<meta property=\"og:site_name\" content=\"Citt\u00e0 di Fiume\" \/>\n<meta property=\"article:modified_time\" content=\"2026-01-14T13:43:52+00:00\" \/>\n<meta name=\"twitter:card\" content=\"summary_large_image\" \/>\n<meta name=\"twitter:label1\" content=\"Est. reading time\" \/>\n\t<meta name=\"twitter:data1\" content=\"1 minute\" \/>\n<script type=\"application\/ld+json\" class=\"yoast-schema-graph\">{\"@context\":\"https:\/\/schema.org\",\"@graph\":[{\"@type\":\"WebPage\",\"@id\":\"https:\/\/www.rijeka.hr\/it\/misure-a-sostegno-della-natalita\/jednokratna-potpora-novorodence\/\",\"url\":\"https:\/\/www.rijeka.hr\/it\/misure-a-sostegno-della-natalita\/jednokratna-potpora-novorodence\/\",\"name\":\"Sostegno unico per il neonato - Citt\u00e0 di Fiume\",\"isPartOf\":{\"@id\":\"https:\/\/www.rijeka.hr\/it\/#website\"},\"datePublished\":\"2016-08-03T13:24:03+00:00\",\"dateModified\":\"2026-01-14T13:43:52+00:00\",\"breadcrumb\":{\"@id\":\"https:\/\/www.rijeka.hr\/it\/misure-a-sostegno-della-natalita\/jednokratna-potpora-novorodence\/#breadcrumb\"},\"inLanguage\":\"it-IT\",\"potentialAction\":[{\"@type\":\"ReadAction\",\"target\":[\"https:\/\/www.rijeka.hr\/it\/misure-a-sostegno-della-natalita\/jednokratna-potpora-novorodence\/\"]}]},{\"@type\":\"BreadcrumbList\",\"@id\":\"https:\/\/www.rijeka.hr\/it\/misure-a-sostegno-della-natalita\/jednokratna-potpora-novorodence\/#breadcrumb\",\"itemListElement\":[{\"@type\":\"ListItem\",\"position\":1,\"name\":\"Po\u010detna stranica\",\"item\":\"https:\/\/www.rijeka.hr\/it\/\"},{\"@type\":\"ListItem\",\"position\":2,\"name\":\"Misure in favore della popolazione\",\"item\":\"https:\/\/www.rijeka.hr\/it\/misure-a-sostegno-della-natalita\/\"},{\"@type\":\"ListItem\",\"position\":3,\"name\":\"Sostegno unico per il neonato\"}]},{\"@type\":\"WebSite\",\"@id\":\"https:\/\/www.rijeka.hr\/it\/#website\",\"url\":\"https:\/\/www.rijeka.hr\/it\/\",\"name\":\"Citt\u00e0 di Fiume\",\"description\":\"Portale web della Citta&#039; di Fiume\",\"potentialAction\":[{\"@type\":\"SearchAction\",\"target\":{\"@type\":\"EntryPoint\",\"urlTemplate\":\"https:\/\/www.rijeka.hr\/it\/?s={search_term_string}\"},\"query-input\":{\"@type\":\"PropertyValueSpecification\",\"valueRequired\":true,\"valueName\":\"search_term_string\"}}],\"inLanguage\":\"it-IT\"}]}<\/script>\n<!-- \/ Yoast SEO plugin. -->","yoast_head_json":{"title":"Sostegno unico per il neonato - Citt\u00e0 di Fiume","robots":{"index":"index","follow":"follow","max-snippet":"max-snippet:-1","max-image-preview":"max-image-preview:large","max-video-preview":"max-video-preview:-1"},"canonical":"https:\/\/www.rijeka.hr\/it\/misure-a-sostegno-della-natalita\/jednokratna-potpora-novorodence\/","og_locale":"it_IT","og_type":"article","og_title":"Sostegno unico per il neonato - Citt\u00e0 di Fiume","og_description":"Al fine di attuare le proprie misure di politica demografica, la citt\u00e0 di Fiume eroga un sussidio una tantum a ogni genitore, cittadino croato residente nel territorio della citt\u00e0 di Fiume e a cittadini stranieri o persone senza cittadinanza con la residenza permanente a Fiume. La citt\u00e0 di Fiume pagher\u00e0 il sussidio una tantum per...","og_url":"https:\/\/www.rijeka.hr\/it\/misure-a-sostegno-della-natalita\/jednokratna-potpora-novorodence\/","og_site_name":"Citt\u00e0 di Fiume","article_modified_time":"2026-01-14T13:43:52+00:00","twitter_card":"summary_large_image","twitter_misc":{"Est. reading time":"1 minute"},"schema":{"@context":"https:\/\/schema.org","@graph":[{"@type":"WebPage","@id":"https:\/\/www.rijeka.hr\/it\/misure-a-sostegno-della-natalita\/jednokratna-potpora-novorodence\/","url":"https:\/\/www.rijeka.hr\/it\/misure-a-sostegno-della-natalita\/jednokratna-potpora-novorodence\/","name":"Sostegno unico per il neonato - Citt\u00e0 di Fiume","isPartOf":{"@id":"https:\/\/www.rijeka.hr\/it\/#website"},"datePublished":"2016-08-03T13:24:03+00:00","dateModified":"2026-01-14T13:43:52+00:00","breadcrumb":{"@id":"https:\/\/www.rijeka.hr\/it\/misure-a-sostegno-della-natalita\/jednokratna-potpora-novorodence\/#breadcrumb"},"inLanguage":"it-IT","potentialAction":[{"@type":"ReadAction","target":["https:\/\/www.rijeka.hr\/it\/misure-a-sostegno-della-natalita\/jednokratna-potpora-novorodence\/"]}]},{"@type":"BreadcrumbList","@id":"https:\/\/www.rijeka.hr\/it\/misure-a-sostegno-della-natalita\/jednokratna-potpora-novorodence\/#breadcrumb","itemListElement":[{"@type":"ListItem","position":1,"name":"Po\u010detna stranica","item":"https:\/\/www.rijeka.hr\/it\/"},{"@type":"ListItem","position":2,"name":"Misure in favore della popolazione","item":"https:\/\/www.rijeka.hr\/it\/misure-a-sostegno-della-natalita\/"},{"@type":"ListItem","position":3,"name":"Sostegno unico per il neonato"}]},{"@type":"WebSite","@id":"https:\/\/www.rijeka.hr\/it\/#website","url":"https:\/\/www.rijeka.hr\/it\/","name":"Citt\u00e0 di Fiume","description":"Portale web della Citta&#039; di Fiume","potentialAction":[{"@type":"SearchAction","target":{"@type":"EntryPoint","urlTemplate":"https:\/\/www.rijeka.hr\/it\/?s={search_term_string}"},"query-input":{"@type":"PropertyValueSpecification","valueRequired":true,"valueName":"search_term_string"}}],"inLanguage":"it-IT"}]}},"_links":{"self":[{"href":"https:\/\/www.rijeka.hr\/it\/wp-json\/wp\/v2\/pages\/901","targetHints":{"allow":["GET"]}}],"collection":[{"href":"https:\/\/www.rijeka.hr\/it\/wp-json\/wp\/v2\/pages"}],"about":[{"href":"https:\/\/www.rijeka.hr\/it\/wp-json\/wp\/v2\/types\/page"}],"author":[{"embeddable":true,"href":"https:\/\/www.rijeka.hr\/it\/wp-json\/wp\/v2\/users\/6"}],"replies":[{"embeddable":true,"href":"https:\/\/www.rijeka.hr\/it\/wp-json\/wp\/v2\/comments?post=901"}],"version-history":[{"count":6,"href":"https:\/\/www.rijeka.hr\/it\/wp-json\/wp\/v2\/pages\/901\/revisions"}],"predecessor-version":[{"id":20151,"href":"https:\/\/www.rijeka.hr\/it\/wp-json\/wp\/v2\/pages\/901\/revisions\/20151"}],"up":[{"embeddable":true,"href":"https:\/\/www.rijeka.hr\/it\/wp-json\/wp\/v2\/pages\/770"}],"wp:attachment":[{"href":"https:\/\/www.rijeka.hr\/it\/wp-json\/wp\/v2\/media?parent=901"}],"wp:term":[{"taxonomy":"post_tag","embeddable":true,"href":"https:\/\/www.rijeka.hr\/it\/wp-json\/wp\/v2\/tags?post=901"}],"curies":[{"name":"wp","href":"https:\/\/api.w.org\/{rel}","templated":true}]}}