{"id":914,"date":"2016-08-03T16:13:15","date_gmt":"2016-08-03T14:13:15","guid":{"rendered":"https:\/\/www.rijeka.hr\/it\/?page_id=914"},"modified":"2018-04-11T12:37:28","modified_gmt":"2018-04-11T10:37:28","slug":"vantaggi-difensori-della-guerra-patriottica","status":"publish","type":"page","link":"https:\/\/www.rijeka.hr\/it\/temi-per-i-cittadini\/famiglia-e-assistenza-sociale\/difensori-e-vittime-di-guerra\/vantaggi-difensori-della-guerra-patriottica\/","title":{"rendered":"Vantaggi per i difensori della Guerra patriottica"},"content":{"rendered":"<h3>Alloggio e edilizia<\/h3>\n<p>La Citt\u00e0 di Fiume fornisce assistenza in diversi modi al collocamento abitativo dei difensori e delle vittime della Guerra patriottica. In conformit\u00e0 ai requisiti prescritti, particolari per ogni categoria di supporto, i difensori, i membri delle loro famiglie e le vittime di guerra possono ottenere il diritto:<\/p>\n<ul>\n<li>all\u2019esenzione dal pagamento del <a href=\"https:\/\/www.rijeka.hr\/it\/temi-per-i-cittadini\/indennizzi-e-imposte\/contributo-comunale\/?noredirect=it_IT\">contributo comunale<\/a><\/li>\n<li>all\u2019esenzione dal pagamento <a href=\"https:\/\/www.rijeka.hr\/it\/indennizzo-comunale\/\">dell\u2019indennizzo comunale<\/a><\/li>\n<li>punti aggiuntivi durante l\u2019inserimento nella Graduatoria per alloggi da concedere in affitto<\/li>\n<li>punti aggiuntivi durante l\u2019inserimento nella Graduatoria per l\u2019acquisto di un appartamento costruito nell\u2019ambito del programma di edilizia abitativa agevolata<\/li>\n<li>acquisto degli appartament<a href=\"https:\/\/www.rijeka.hr\/teme-za-gradane\/stanovanje-i-gradnja\/komunalna-infrastruktura\/stambena-pitanja\/gradski-stanovi\/kupnja-gradskih-stanova\/\">i<\/a> di propriet\u00e0 della Citt\u00e0 di Fiume concessi in affitto agli invalidi militari croati di guerra e ai membri della famiglia di un difensore croato caduto, internato o scomparso<strong>\u00a0<\/strong><\/li>\n<li>per le necessit\u00e0 del collocamento abitativo dei difensori croati della Guerra patriottica e dei membri delle loro famiglie, la Citt\u00e0 ceder\u00e0 senza compenso un terreno edificabile in conformit\u00e0 alla legge che disciplina i diritti dei difensori croati della Guerra patriottica e dei membri delle loro famiglie<\/li>\n<\/ul>\n<h3>Affitto dei vani d\u2019affari<\/h3>\n<p>Difensori croati possono ottenere vantaggi quando partecipano ai concorsi per l\u2019affitto di vani d\u2019affari e rifugi secondo la legge che disciplina i diritti dei difensori croati della Guerra patriottica e dei membri delle loro famiglie.<\/p>\n<h3>Vantaggio nella ricerca di un impiego<strong><br \/>\n<\/strong><\/h3>\n<p>In conformit\u00e0 alla legge che disciplina i diritti dei difensori croati della Guerra patriottica e dei membri delle loro famiglie, i difensori e i membri delle loro famiglie ottengono vantaggi quando cercano un posto di lavoro nella Citt\u00e0 di Fiume.<\/p>\n\n    <div class=\"featured-links\">\n\n        <ul>\n                                                <li class=\"type-url\"><a href=\"https:\/\/www.rijeka.hr\/it\/temi-per-i-cittadini\/famiglia-e-assistenza-sociale\/disoccupati\/\">L\u2019impiego dei difensori e delle persone con disabilit\u00e0<\/a><\/li>\n                                                                                                                                                                                                                                                                                                                                                                                                                                            <\/ul>\n \n    <\/div>\n\n    \n<h3>Trasporto e parcheggio<\/h3>\n<ul>\n<li>Diritto all&#8217;abbonamento mensile gratuito sulle linee dentro le zone dove il servizio di trasporto pubblico presta la municipalizzata Autotrolej<\/li>\n<li>Diritto all\u2019abbonamento privilegiato per parcheggio (per invalidi croati militari della Guerra patriottica) ulteriori informazioni sul sito web della municipalizzata<a href=\"http:\/\/www.rijeka-plus.hr\/parkiranje\/blagajna\/\" target=\"_blank\" rel=\"noopener\"> Rijeka plus<\/a>.<\/li>\n<\/ul>\n<h3>Servizio ricerca<\/h3>\n<p>Il lavoro del servizio di ricerca della Croce Rossa \u00e8 principalmente incentrato sulla <a href=\"http:\/\/www.hck.hr\/hr\/kategorija\/kategorije-sluzba-trazenja-60\" target=\"_blank\" rel=\"noopener\">ricerca delle persone scomparse<\/a> durante la Guerra patriottica, e comprende inoltre la ricerca legata a conflitti armati nel mondo, incluse le questioni legate alla Seconda guerra mondiale (controlli e il rilascio di attestati del tempo trascorso come prigioniere di guerra e internato).<\/p>\n<p>&nbsp;<\/p>\n","protected":false},"excerpt":{"rendered":"<p>Alloggio e edilizia La Citt\u00e0 di Fiume fornisce assistenza in diversi modi al collocamento abitativo dei difensori e delle vittime della Guerra patriottica. In conformit\u00e0 ai requisiti prescritti, particolari per ogni categoria di supporto, i difensori, i membri delle loro famiglie e le vittime di guerra possono ottenere il diritto: all\u2019esenzione dal pagamento del contributo&#8230;<\/p>\n","protected":false},"author":6,"featured_media":0,"parent":176,"menu_order":0,"comment_status":"closed","ping_status":"closed","template":"","meta":{"_acf_changed":false,"_trash_the_other_posts":false,"footnotes":"","_links_to":"","_links_to_target":""},"tags":[287,103,202,193,289,187,288],"class_list":["post-914","page","type-page","status-publish","hentry","tag-appartamenti","tag-difensori","tag-impiego","tag-parcheggio","tag-persone-scomparse","tag-trasporto","tag-vani-daffari"],"acf":[],"yoast_head":"<!-- This site is optimized with the Yoast SEO plugin v24.4 - https:\/\/yoast.com\/wordpress\/plugins\/seo\/ -->\n<title>Vantaggi per i difensori della Guerra patriottica - Citt\u00e0 di Fiume<\/title>\n<meta name=\"robots\" content=\"index, follow, max-snippet:-1, max-image-preview:large, max-video-preview:-1\" \/>\n<link rel=\"canonical\" href=\"https:\/\/www.rijeka.hr\/it\/temi-per-i-cittadini\/famiglia-e-assistenza-sociale\/difensori-e-vittime-di-guerra\/vantaggi-difensori-della-guerra-patriottica\/\" \/>\n<meta property=\"og:locale\" content=\"it_IT\" \/>\n<meta property=\"og:type\" content=\"article\" \/>\n<meta property=\"og:title\" content=\"Vantaggi per i difensori della Guerra patriottica - Citt\u00e0 di Fiume\" \/>\n<meta property=\"og:description\" content=\"Alloggio e edilizia La Citt\u00e0 di Fiume fornisce assistenza in diversi modi al collocamento abitativo dei difensori e delle vittime della Guerra patriottica. In conformit\u00e0 ai requisiti prescritti, particolari per ogni categoria di supporto, i difensori, i membri delle loro famiglie e le vittime di guerra possono ottenere il diritto: all\u2019esenzione dal pagamento del contributo...\" \/>\n<meta property=\"og:url\" content=\"https:\/\/www.rijeka.hr\/it\/temi-per-i-cittadini\/famiglia-e-assistenza-sociale\/difensori-e-vittime-di-guerra\/vantaggi-difensori-della-guerra-patriottica\/\" \/>\n<meta property=\"og:site_name\" content=\"Citt\u00e0 di Fiume\" \/>\n<meta property=\"article:modified_time\" content=\"2018-04-11T10:37:28+00:00\" \/>\n<meta name=\"twitter:card\" content=\"summary_large_image\" \/>\n<meta name=\"twitter:label1\" content=\"Est. reading time\" \/>\n\t<meta name=\"twitter:data1\" content=\"2 minutes\" \/>\n<script type=\"application\/ld+json\" class=\"yoast-schema-graph\">{\"@context\":\"https:\/\/schema.org\",\"@graph\":[{\"@type\":\"WebPage\",\"@id\":\"https:\/\/www.rijeka.hr\/it\/temi-per-i-cittadini\/famiglia-e-assistenza-sociale\/difensori-e-vittime-di-guerra\/vantaggi-difensori-della-guerra-patriottica\/\",\"url\":\"https:\/\/www.rijeka.hr\/it\/temi-per-i-cittadini\/famiglia-e-assistenza-sociale\/difensori-e-vittime-di-guerra\/vantaggi-difensori-della-guerra-patriottica\/\",\"name\":\"Vantaggi per i difensori della Guerra patriottica - Citt\u00e0 di Fiume\",\"isPartOf\":{\"@id\":\"https:\/\/www.rijeka.hr\/it\/#website\"},\"datePublished\":\"2016-08-03T14:13:15+00:00\",\"dateModified\":\"2018-04-11T10:37:28+00:00\",\"breadcrumb\":{\"@id\":\"https:\/\/www.rijeka.hr\/it\/temi-per-i-cittadini\/famiglia-e-assistenza-sociale\/difensori-e-vittime-di-guerra\/vantaggi-difensori-della-guerra-patriottica\/#breadcrumb\"},\"inLanguage\":\"it-IT\",\"potentialAction\":[{\"@type\":\"ReadAction\",\"target\":[\"https:\/\/www.rijeka.hr\/it\/temi-per-i-cittadini\/famiglia-e-assistenza-sociale\/difensori-e-vittime-di-guerra\/vantaggi-difensori-della-guerra-patriottica\/\"]}]},{\"@type\":\"BreadcrumbList\",\"@id\":\"https:\/\/www.rijeka.hr\/it\/temi-per-i-cittadini\/famiglia-e-assistenza-sociale\/difensori-e-vittime-di-guerra\/vantaggi-difensori-della-guerra-patriottica\/#breadcrumb\",\"itemListElement\":[{\"@type\":\"ListItem\",\"position\":1,\"name\":\"Po\u010detna stranica\",\"item\":\"https:\/\/www.rijeka.hr\/it\/\"},{\"@type\":\"ListItem\",\"position\":2,\"name\":\"Temi per i cittadini\",\"item\":\"https:\/\/www.rijeka.hr\/it\/temi-per-i-cittadini\/\"},{\"@type\":\"ListItem\",\"position\":3,\"name\":\"Famiglia e previdenza sociale\",\"item\":\"https:\/\/www.rijeka.hr\/it\/temi-per-i-cittadini\/famiglia-e-assistenza-sociale\/\"},{\"@type\":\"ListItem\",\"position\":4,\"name\":\"Difensori e vittime di guerra\",\"item\":\"https:\/\/www.rijeka.hr\/it\/temi-per-i-cittadini\/famiglia-e-assistenza-sociale\/difensori-e-vittime-di-guerra\/\"},{\"@type\":\"ListItem\",\"position\":5,\"name\":\"Vantaggi per i difensori della Guerra patriottica\"}]},{\"@type\":\"WebSite\",\"@id\":\"https:\/\/www.rijeka.hr\/it\/#website\",\"url\":\"https:\/\/www.rijeka.hr\/it\/\",\"name\":\"Citt\u00e0 di Fiume\",\"description\":\"Portale web della Citta&#039; di Fiume\",\"potentialAction\":[{\"@type\":\"SearchAction\",\"target\":{\"@type\":\"EntryPoint\",\"urlTemplate\":\"https:\/\/www.rijeka.hr\/it\/?s={search_term_string}\"},\"query-input\":{\"@type\":\"PropertyValueSpecification\",\"valueRequired\":true,\"valueName\":\"search_term_string\"}}],\"inLanguage\":\"it-IT\"}]}<\/script>\n<!-- \/ Yoast SEO plugin. -->","yoast_head_json":{"title":"Vantaggi per i difensori della Guerra patriottica - Citt\u00e0 di Fiume","robots":{"index":"index","follow":"follow","max-snippet":"max-snippet:-1","max-image-preview":"max-image-preview:large","max-video-preview":"max-video-preview:-1"},"canonical":"https:\/\/www.rijeka.hr\/it\/temi-per-i-cittadini\/famiglia-e-assistenza-sociale\/difensori-e-vittime-di-guerra\/vantaggi-difensori-della-guerra-patriottica\/","og_locale":"it_IT","og_type":"article","og_title":"Vantaggi per i difensori della Guerra patriottica - Citt\u00e0 di Fiume","og_description":"Alloggio e edilizia La Citt\u00e0 di Fiume fornisce assistenza in diversi modi al collocamento abitativo dei difensori e delle vittime della Guerra patriottica. In conformit\u00e0 ai requisiti prescritti, particolari per ogni categoria di supporto, i difensori, i membri delle loro famiglie e le vittime di guerra possono ottenere il diritto: all\u2019esenzione dal pagamento del contributo...","og_url":"https:\/\/www.rijeka.hr\/it\/temi-per-i-cittadini\/famiglia-e-assistenza-sociale\/difensori-e-vittime-di-guerra\/vantaggi-difensori-della-guerra-patriottica\/","og_site_name":"Citt\u00e0 di Fiume","article_modified_time":"2018-04-11T10:37:28+00:00","twitter_card":"summary_large_image","twitter_misc":{"Est. reading time":"2 minutes"},"schema":{"@context":"https:\/\/schema.org","@graph":[{"@type":"WebPage","@id":"https:\/\/www.rijeka.hr\/it\/temi-per-i-cittadini\/famiglia-e-assistenza-sociale\/difensori-e-vittime-di-guerra\/vantaggi-difensori-della-guerra-patriottica\/","url":"https:\/\/www.rijeka.hr\/it\/temi-per-i-cittadini\/famiglia-e-assistenza-sociale\/difensori-e-vittime-di-guerra\/vantaggi-difensori-della-guerra-patriottica\/","name":"Vantaggi per i difensori della Guerra patriottica - Citt\u00e0 di Fiume","isPartOf":{"@id":"https:\/\/www.rijeka.hr\/it\/#website"},"datePublished":"2016-08-03T14:13:15+00:00","dateModified":"2018-04-11T10:37:28+00:00","breadcrumb":{"@id":"https:\/\/www.rijeka.hr\/it\/temi-per-i-cittadini\/famiglia-e-assistenza-sociale\/difensori-e-vittime-di-guerra\/vantaggi-difensori-della-guerra-patriottica\/#breadcrumb"},"inLanguage":"it-IT","potentialAction":[{"@type":"ReadAction","target":["https:\/\/www.rijeka.hr\/it\/temi-per-i-cittadini\/famiglia-e-assistenza-sociale\/difensori-e-vittime-di-guerra\/vantaggi-difensori-della-guerra-patriottica\/"]}]},{"@type":"BreadcrumbList","@id":"https:\/\/www.rijeka.hr\/it\/temi-per-i-cittadini\/famiglia-e-assistenza-sociale\/difensori-e-vittime-di-guerra\/vantaggi-difensori-della-guerra-patriottica\/#breadcrumb","itemListElement":[{"@type":"ListItem","position":1,"name":"Po\u010detna stranica","item":"https:\/\/www.rijeka.hr\/it\/"},{"@type":"ListItem","position":2,"name":"Temi per i cittadini","item":"https:\/\/www.rijeka.hr\/it\/temi-per-i-cittadini\/"},{"@type":"ListItem","position":3,"name":"Famiglia e previdenza sociale","item":"https:\/\/www.rijeka.hr\/it\/temi-per-i-cittadini\/famiglia-e-assistenza-sociale\/"},{"@type":"ListItem","position":4,"name":"Difensori e vittime di guerra","item":"https:\/\/www.rijeka.hr\/it\/temi-per-i-cittadini\/famiglia-e-assistenza-sociale\/difensori-e-vittime-di-guerra\/"},{"@type":"ListItem","position":5,"name":"Vantaggi per i difensori della Guerra patriottica"}]},{"@type":"WebSite","@id":"https:\/\/www.rijeka.hr\/it\/#website","url":"https:\/\/www.rijeka.hr\/it\/","name":"Citt\u00e0 di Fiume","description":"Portale web della Citta&#039; di Fiume","potentialAction":[{"@type":"SearchAction","target":{"@type":"EntryPoint","urlTemplate":"https:\/\/www.rijeka.hr\/it\/?s={search_term_string}"},"query-input":{"@type":"PropertyValueSpecification","valueRequired":true,"valueName":"search_term_string"}}],"inLanguage":"it-IT"}]}},"_links":{"self":[{"href":"https:\/\/www.rijeka.hr\/it\/wp-json\/wp\/v2\/pages\/914","targetHints":{"allow":["GET"]}}],"collection":[{"href":"https:\/\/www.rijeka.hr\/it\/wp-json\/wp\/v2\/pages"}],"about":[{"href":"https:\/\/www.rijeka.hr\/it\/wp-json\/wp\/v2\/types\/page"}],"author":[{"embeddable":true,"href":"https:\/\/www.rijeka.hr\/it\/wp-json\/wp\/v2\/users\/6"}],"replies":[{"embeddable":true,"href":"https:\/\/www.rijeka.hr\/it\/wp-json\/wp\/v2\/comments?post=914"}],"version-history":[{"count":24,"href":"https:\/\/www.rijeka.hr\/it\/wp-json\/wp\/v2\/pages\/914\/revisions"}],"predecessor-version":[{"id":6285,"href":"https:\/\/www.rijeka.hr\/it\/wp-json\/wp\/v2\/pages\/914\/revisions\/6285"}],"up":[{"embeddable":true,"href":"https:\/\/www.rijeka.hr\/it\/wp-json\/wp\/v2\/pages\/176"}],"wp:attachment":[{"href":"https:\/\/www.rijeka.hr\/it\/wp-json\/wp\/v2\/media?parent=914"}],"wp:term":[{"taxonomy":"post_tag","embeddable":true,"href":"https:\/\/www.rijeka.hr\/it\/wp-json\/wp\/v2\/tags?post=914"}],"curies":[{"name":"wp","href":"https:\/\/api.w.org\/{rel}","templated":true}]}}