{"id":929,"date":"2016-08-04T12:18:51","date_gmt":"2016-08-04T10:18:51","guid":{"rendered":"https:\/\/www.rijeka.hr\/it\/?page_id=929"},"modified":"2025-01-24T13:23:59","modified_gmt":"2025-01-24T12:23:59","slug":"tassa-sulle-case-vacanza","status":"publish","type":"page","link":"https:\/\/www.rijeka.hr\/it\/temi-per-i-cittadini\/indennizzi-e-imposte\/tassa-sulle-case-vacanza\/","title":{"rendered":"Tassa sulle case di vacanza"},"content":{"rendered":"<p><strong>L\u2019importo della tassa sulle case di vacanza: 15 kune per metro quadrato annuali<\/strong><\/p>\n<p>La tassa sulla casa di vacanza \u00e8 pagabile annualmente nell\u2019importo di 15,00 kune per un metro quadrato della superficie utile della casa di vacanza sull\u2019intero territorio cittadino.<\/p>\n<p>Si considera casa di vacanza ogni edificio oppure parte dell\u2019edificio o appartamento usati temporaneamente o a seconda della stagione. Non si considerano case di vacanza fattorie che servono per conservare attrezzature, macchine e altri attrezzi agricoli.<\/p>\n<p>La tassa sulle case di vacanza, ai sensi della Legge, non si paga sulle case di vacanza che non possono essere usate a causa di distruzioni belliche e sinistri naturali (alluvioni, incendi, terremoti) e durante il periodo in cui tali case ospitano esiliati e rifugiati, e per villaggi di vacanza di propriet\u00e0 delle unit\u00e0 di autogoverno locale e regionale che accolgono i bambini fino all\u2019et\u00e0 di 15 anni.<\/p>\n<p>La dichiarazione dei redditi viene presentata da tutti i contribuenti della tassa sulle case di vacanza dove rispetto alla esistente documentazione ufficiale della Citt\u00e0 di Fiume \u2013 Dipartimento delle Finance sono avvenuti cambiamenti che riguardano la superficie utile oppure la propriet\u00e0, e i nuovi proprietari della casa di vacanza entro il 31 marzo dell\u2019anno per cui viene determinata la tassa sulle case di vacanza.<\/p>\n<p>Il contribuente ha l\u2019obbligo di presentare alla Citt\u00e0 di Fiume \u2013 Dipartimento delle Finance la prova di ogni cambiamento che influisce sulla determinazione dell\u2019obbligo fiscale, entro 30 giorni dal cambiamento accaduto.<\/p>\n<p>Per la determinazione della tassa, riscossione, ricorso, rinnovo del procedimento, termine di prescrizione, esecuzione, come pure tutte le altre azioni procedurali, vengono applicate le disposizioni della Legge sull\u2019imposta generale (Gazzetta Ufficiale n. 115\/16,\u00a0106\/18 i 121\/19).<\/p>\n<p>La tassa sulle case di vacanza \u00e8 stata fissata dalla Legge sulle imposte locali (\u201cGazzetta Ufficiale\u201d n. 115\/16 e 101\/17) e dalla Delibera sulle imposte della Citt\u00e0 di Fiume (Gazzetta Ufficiale\u00a0della Citt\u00e0 di Fiume <a href=\"https:\/\/sn.rijeka.hr\/2019\/12\/odluka-o-porezima-grada-rijeke-2\/\" target=\"_blank\" rel=\"noopener\">22\/19<\/a>).<\/p>\n<p>Per l\u2019omessa dichiarazione con tutti i dati necessari per determinare la tassa, si prevedono multe per violenza nell\u2019importo che varia da 2000,00 fino a 25.000,00 kune, in conformit\u00e0 all\u2019articolo 56 della Legge sulle imposte locali.<\/p>\n<h2>Obrasci<\/h2>\n\n    <div class=\"featured-links\">\n\n        <ul>\n                                                <li class=\"type-url\"><a href=\"http:\/\/gov.rijeka.hr\/zahtjevi-i-obrasci\/financije\/prijava-poreza-na-kuce-za-odmor\/284\">Prijava poreza na ku\u0107e za odmor \u2013 online obrazac<\/a><\/li>\n                                                                <li class=\"type-url\"><a href=\"http:\/\/gov.rijeka.hr\/zahtjevi-i-obrasci\/financije\/prijava-cinjenica-bitnih-za-oporezivanje-za-gradske-poreze-grada-rijeke\/283\">Prijava \u010dinjenica bitnih za oporezivanje za gradske poreze Grada Rijeke<\/a><\/li>\n                                                                <li class=\"type-url\"><a href=\"http:\/\/gov.rijeka.hr\/zahtjevi-i-obrasci\/financije\/zahtjev-za-izdavanje-potvrde-o-stanju-duga-za-gradske-poreze-grada-rijeke\/275\">Izdavanje potvrde o stanju duga za gradske poreze Grada Rijeke<\/a><\/li>\n                                                                <li class=\"type-url\"><a href=\"#\">Obustava ovrhe na nov\u010danim sredstvima za gradske poreze<\/a><\/li>\n                                                                <li class=\"type-url\"><a href=\"http:\/\/gov.rijeka.hr\/zahtjevi-i-obrasci\/financije\/zahtjev-za-povrat-vise-ili-pogresno-uplacenih-sredstava\/278\">Zahtjev za povrat vi\u0161e ili pogre\u0161no upla\u0107enih sredstava<\/a><\/li>\n                                                                                                                                                                                                                                                                                                                            <\/ul>\n \n    <\/div>\n\n    \n<p>&nbsp;<\/p>\n","protected":false},"excerpt":{"rendered":"<p>L\u2019importo della tassa sulle case di vacanza: 15 kune per metro quadrato annuali La tassa sulla casa di vacanza \u00e8 pagabile annualmente nell\u2019importo di 15,00 kune per un metro quadrato della superficie utile della casa di vacanza sull\u2019intero territorio cittadino. Si considera casa di vacanza ogni edificio oppure parte dell\u2019edificio o appartamento usati temporaneamente o&#8230;<\/p>\n","protected":false},"author":6,"featured_media":0,"parent":924,"menu_order":0,"comment_status":"closed","ping_status":"closed","template":"","meta":{"_acf_changed":false,"_trash_the_other_posts":false,"footnotes":"","_links_to":"","_links_to_target":""},"tags":[305,304],"class_list":["post-929","page","type-page","status-publish","hentry","tag-casa-vacanze","tag-tassa"],"acf":[],"yoast_head":"<!-- This site is optimized with the Yoast SEO plugin v24.4 - https:\/\/yoast.com\/wordpress\/plugins\/seo\/ -->\n<title>Tassa sulle case di vacanza - Citt\u00e0 di Fiume<\/title>\n<meta name=\"robots\" content=\"index, follow, max-snippet:-1, max-image-preview:large, max-video-preview:-1\" \/>\n<link rel=\"canonical\" href=\"https:\/\/www.rijeka.hr\/it\/temi-per-i-cittadini\/indennizzi-e-imposte\/tassa-sulle-case-vacanza\/\" \/>\n<meta property=\"og:locale\" content=\"it_IT\" \/>\n<meta property=\"og:type\" content=\"article\" \/>\n<meta property=\"og:title\" content=\"Tassa sulle case di vacanza - Citt\u00e0 di Fiume\" \/>\n<meta property=\"og:description\" content=\"L\u2019importo della tassa sulle case di vacanza: 15 kune per metro quadrato annuali La tassa sulla casa di vacanza \u00e8 pagabile annualmente nell\u2019importo di 15,00 kune per un metro quadrato della superficie utile della casa di vacanza sull\u2019intero territorio cittadino. Si considera casa di vacanza ogni edificio oppure parte dell\u2019edificio o appartamento usati temporaneamente o...\" \/>\n<meta property=\"og:url\" content=\"https:\/\/www.rijeka.hr\/it\/temi-per-i-cittadini\/indennizzi-e-imposte\/tassa-sulle-case-vacanza\/\" \/>\n<meta property=\"og:site_name\" content=\"Citt\u00e0 di Fiume\" \/>\n<meta property=\"article:modified_time\" content=\"2025-01-24T12:23:59+00:00\" \/>\n<meta name=\"twitter:card\" content=\"summary_large_image\" \/>\n<meta name=\"twitter:label1\" content=\"Est. reading time\" \/>\n\t<meta name=\"twitter:data1\" content=\"2 minutes\" \/>\n<script type=\"application\/ld+json\" class=\"yoast-schema-graph\">{\"@context\":\"https:\/\/schema.org\",\"@graph\":[{\"@type\":\"WebPage\",\"@id\":\"https:\/\/www.rijeka.hr\/it\/temi-per-i-cittadini\/indennizzi-e-imposte\/tassa-sulle-case-vacanza\/\",\"url\":\"https:\/\/www.rijeka.hr\/it\/temi-per-i-cittadini\/indennizzi-e-imposte\/tassa-sulle-case-vacanza\/\",\"name\":\"Tassa sulle case di vacanza - Citt\u00e0 di Fiume\",\"isPartOf\":{\"@id\":\"https:\/\/www.rijeka.hr\/it\/#website\"},\"datePublished\":\"2016-08-04T10:18:51+00:00\",\"dateModified\":\"2025-01-24T12:23:59+00:00\",\"breadcrumb\":{\"@id\":\"https:\/\/www.rijeka.hr\/it\/temi-per-i-cittadini\/indennizzi-e-imposte\/tassa-sulle-case-vacanza\/#breadcrumb\"},\"inLanguage\":\"it-IT\",\"potentialAction\":[{\"@type\":\"ReadAction\",\"target\":[\"https:\/\/www.rijeka.hr\/it\/temi-per-i-cittadini\/indennizzi-e-imposte\/tassa-sulle-case-vacanza\/\"]}]},{\"@type\":\"BreadcrumbList\",\"@id\":\"https:\/\/www.rijeka.hr\/it\/temi-per-i-cittadini\/indennizzi-e-imposte\/tassa-sulle-case-vacanza\/#breadcrumb\",\"itemListElement\":[{\"@type\":\"ListItem\",\"position\":1,\"name\":\"Po\u010detna stranica\",\"item\":\"https:\/\/www.rijeka.hr\/it\/\"},{\"@type\":\"ListItem\",\"position\":2,\"name\":\"Temi per i cittadini\",\"item\":\"https:\/\/www.rijeka.hr\/it\/temi-per-i-cittadini\/\"},{\"@type\":\"ListItem\",\"position\":3,\"name\":\"Indennizzi e imposte\",\"item\":\"https:\/\/www.rijeka.hr\/it\/temi-per-i-cittadini\/indennizzi-e-imposte\/\"},{\"@type\":\"ListItem\",\"position\":4,\"name\":\"Tassa sulle case di vacanza\"}]},{\"@type\":\"WebSite\",\"@id\":\"https:\/\/www.rijeka.hr\/it\/#website\",\"url\":\"https:\/\/www.rijeka.hr\/it\/\",\"name\":\"Citt\u00e0 di Fiume\",\"description\":\"Portale web della Citta&#039; di Fiume\",\"potentialAction\":[{\"@type\":\"SearchAction\",\"target\":{\"@type\":\"EntryPoint\",\"urlTemplate\":\"https:\/\/www.rijeka.hr\/it\/?s={search_term_string}\"},\"query-input\":{\"@type\":\"PropertyValueSpecification\",\"valueRequired\":true,\"valueName\":\"search_term_string\"}}],\"inLanguage\":\"it-IT\"}]}<\/script>\n<!-- \/ Yoast SEO plugin. -->","yoast_head_json":{"title":"Tassa sulle case di vacanza - Citt\u00e0 di Fiume","robots":{"index":"index","follow":"follow","max-snippet":"max-snippet:-1","max-image-preview":"max-image-preview:large","max-video-preview":"max-video-preview:-1"},"canonical":"https:\/\/www.rijeka.hr\/it\/temi-per-i-cittadini\/indennizzi-e-imposte\/tassa-sulle-case-vacanza\/","og_locale":"it_IT","og_type":"article","og_title":"Tassa sulle case di vacanza - Citt\u00e0 di Fiume","og_description":"L\u2019importo della tassa sulle case di vacanza: 15 kune per metro quadrato annuali La tassa sulla casa di vacanza \u00e8 pagabile annualmente nell\u2019importo di 15,00 kune per un metro quadrato della superficie utile della casa di vacanza sull\u2019intero territorio cittadino. Si considera casa di vacanza ogni edificio oppure parte dell\u2019edificio o appartamento usati temporaneamente o...","og_url":"https:\/\/www.rijeka.hr\/it\/temi-per-i-cittadini\/indennizzi-e-imposte\/tassa-sulle-case-vacanza\/","og_site_name":"Citt\u00e0 di Fiume","article_modified_time":"2025-01-24T12:23:59+00:00","twitter_card":"summary_large_image","twitter_misc":{"Est. reading time":"2 minutes"},"schema":{"@context":"https:\/\/schema.org","@graph":[{"@type":"WebPage","@id":"https:\/\/www.rijeka.hr\/it\/temi-per-i-cittadini\/indennizzi-e-imposte\/tassa-sulle-case-vacanza\/","url":"https:\/\/www.rijeka.hr\/it\/temi-per-i-cittadini\/indennizzi-e-imposte\/tassa-sulle-case-vacanza\/","name":"Tassa sulle case di vacanza - Citt\u00e0 di Fiume","isPartOf":{"@id":"https:\/\/www.rijeka.hr\/it\/#website"},"datePublished":"2016-08-04T10:18:51+00:00","dateModified":"2025-01-24T12:23:59+00:00","breadcrumb":{"@id":"https:\/\/www.rijeka.hr\/it\/temi-per-i-cittadini\/indennizzi-e-imposte\/tassa-sulle-case-vacanza\/#breadcrumb"},"inLanguage":"it-IT","potentialAction":[{"@type":"ReadAction","target":["https:\/\/www.rijeka.hr\/it\/temi-per-i-cittadini\/indennizzi-e-imposte\/tassa-sulle-case-vacanza\/"]}]},{"@type":"BreadcrumbList","@id":"https:\/\/www.rijeka.hr\/it\/temi-per-i-cittadini\/indennizzi-e-imposte\/tassa-sulle-case-vacanza\/#breadcrumb","itemListElement":[{"@type":"ListItem","position":1,"name":"Po\u010detna stranica","item":"https:\/\/www.rijeka.hr\/it\/"},{"@type":"ListItem","position":2,"name":"Temi per i cittadini","item":"https:\/\/www.rijeka.hr\/it\/temi-per-i-cittadini\/"},{"@type":"ListItem","position":3,"name":"Indennizzi e imposte","item":"https:\/\/www.rijeka.hr\/it\/temi-per-i-cittadini\/indennizzi-e-imposte\/"},{"@type":"ListItem","position":4,"name":"Tassa sulle case di vacanza"}]},{"@type":"WebSite","@id":"https:\/\/www.rijeka.hr\/it\/#website","url":"https:\/\/www.rijeka.hr\/it\/","name":"Citt\u00e0 di Fiume","description":"Portale web della Citta&#039; di Fiume","potentialAction":[{"@type":"SearchAction","target":{"@type":"EntryPoint","urlTemplate":"https:\/\/www.rijeka.hr\/it\/?s={search_term_string}"},"query-input":{"@type":"PropertyValueSpecification","valueRequired":true,"valueName":"search_term_string"}}],"inLanguage":"it-IT"}]}},"_links":{"self":[{"href":"https:\/\/www.rijeka.hr\/it\/wp-json\/wp\/v2\/pages\/929","targetHints":{"allow":["GET"]}}],"collection":[{"href":"https:\/\/www.rijeka.hr\/it\/wp-json\/wp\/v2\/pages"}],"about":[{"href":"https:\/\/www.rijeka.hr\/it\/wp-json\/wp\/v2\/types\/page"}],"author":[{"embeddable":true,"href":"https:\/\/www.rijeka.hr\/it\/wp-json\/wp\/v2\/users\/6"}],"replies":[{"embeddable":true,"href":"https:\/\/www.rijeka.hr\/it\/wp-json\/wp\/v2\/comments?post=929"}],"version-history":[{"count":6,"href":"https:\/\/www.rijeka.hr\/it\/wp-json\/wp\/v2\/pages\/929\/revisions"}],"predecessor-version":[{"id":11831,"href":"https:\/\/www.rijeka.hr\/it\/wp-json\/wp\/v2\/pages\/929\/revisions\/11831"}],"up":[{"embeddable":true,"href":"https:\/\/www.rijeka.hr\/it\/wp-json\/wp\/v2\/pages\/924"}],"wp:attachment":[{"href":"https:\/\/www.rijeka.hr\/it\/wp-json\/wp\/v2\/media?parent=929"}],"wp:term":[{"taxonomy":"post_tag","embeddable":true,"href":"https:\/\/www.rijeka.hr\/it\/wp-json\/wp\/v2\/tags?post=929"}],"curies":[{"name":"wp","href":"https:\/\/api.w.org\/{rel}","templated":true}]}}