{"id":936,"date":"2016-08-04T12:23:47","date_gmt":"2016-08-04T10:23:47","guid":{"rendered":"https:\/\/www.rijeka.hr\/it\/?page_id=936"},"modified":"2025-01-24T13:23:44","modified_gmt":"2025-01-24T12:23:44","slug":"imposta-sui-consumi","status":"publish","type":"page","link":"https:\/\/www.rijeka.hr\/it\/temi-per-i-cittadini\/indennizzi-e-imposte\/imposta-sui-consumi\/","title":{"rendered":"Imposta sui consumi"},"content":{"rendered":"<p><strong>L\u2019aliquota dell\u2019imposta sui consumi: l&#8217;1,5 %<\/strong><\/p>\n<p>L\u2019imposta sui consumi viene pagata su consumi di bevande alcoliche (brandy, grappa e i superalcolici), vini naturali e speciali, birra e bevande analcoliche (succhi di frutta naturali come pure tutte le bevande rinfrescanti, analcoliche, aromatiche, gassate e acque minerali e gassate, tranne caff\u00e8 e t\u00e8) nel settore alberghiero.<\/p>\n<p>La base dell\u2019imposta sui consumi \u00e8 il prezzo di vendita delle bevande a cui queste si vendono nei ristoranti e bar, senza l\u2019imposta sul valore aggiuntivo, pagabile all\u2019aliquota del 1,5%.<\/p>\n<p>Il contribuente ha l\u2019obbligo di presentare il resoconto mensile sull\u2019imposta computa e versata compilando il modulo PP-MI-PO fino al 20esimo giorno del mese per il mese precedente che pu\u00f2 essere inviato all\u2019ufficio della Citt\u00e0 di Fiume, piazza Tito n. 3, per posta all\u2019indirizzo: Citt\u00e0 di Fiume, Dipartimento delle Finanze, via del Corso 16, Fiume o pi\u00f9 semplicemente e in modo pi\u00f9 veloce ed efficace, via moduli on-line. Il contribuente deve pagare l\u2019obbligo stabilito fino all\u2019ultimo giorno del mese per il mese precedente.<\/p>\n<p>Presso il proprio ufficio contabile, il contribuente dell\u2019imposta sui consumi deve avere disponibili tutti i dati necessari per determinare e pagare l\u2019imposta sui consumi.<\/p>\n<p>Il contribuente ha obbligo di inviare alla Citt\u00e0 \u2013 Dipartimento delle Finanze la prova di ogni modifica che influisce sulla determinazione dell\u2019obbligo fiscale, entro 15 giorni dal cambiamento accaduto.<\/p>\n<p>Per la determinazione dell\u2019imposta, della riscossione, del ricorso, del rinnovo del procedimento, del termine di prescrizione, dell&#8217;esecuzione, come pure tutte le altre azioni procedurali, vengono applicate le disposizioni della Legge sull\u2019imposta generale (Gazzetta Ufficiale n.115\/16, 106\/18 e 121\/19).<\/p>\n<p>L&#8217;imposta sui consumi \u00e8 stata fissata dalla Legge sulle imposte locali (&#8220;Gazzetta Ufficiale&#8221; n. 115\/16 e n. 101\/17) e dalla Delibera sulle imposte della Citt\u00e0 di Fiume (Gazzetta Ufficiale\u00a0della Citt\u00e0 di Fiume <a href=\"https:\/\/sn.rijeka.hr\/2019\/12\/odluka-o-porezima-grada-rijeke-2\/\" target=\"_blank\" rel=\"noopener\">22\/19<\/a>).<\/p>\n<p>Per l\u2019omessa dichiarazione con tutti i dati necessari per determinare la tassa, si prevedono multe per violenza nell\u2019importo che varia da 2000,00 fino a 25.000,00 kune, in conformit\u00e0 all\u2019articolo 56 della Legge sulle imposte locali.<\/p>\n<h3>Moduli<\/h3>\n\n    <div class=\"featured-links\">\n\n        <ul>\n                                                <li class=\"type-url\"><a href=\"http:\/\/gov.rijeka.hr\/zahtjevi-i-obrasci\/financije\/prijava-poreza-na-potrosnju-od-1-1-2015-godine\/286\">Prijava poreza na potro\u0161nju od 1.1.2015. godine \u2013 online obrazac i obrazac PP-MI-PO<\/a><\/li>\n                                                                <li class=\"type-url\"><a href=\"http:\/\/gov.rijeka.hr\/zahtjevi-i-obrasci\/financije\/prijava-cinjenica-bitnih-za-oporezivanje-za-gradske-poreze-grada-rijeke\/283\">Prijava \u010dinjenica bitnih za oporezivanje za gradske poreze Grada Rijeke<\/a><\/li>\n                                                                <li class=\"type-url\"><a href=\"http:\/\/gov.rijeka.hr\/zahtjevi-i-obrasci\/financije\/zahtjev-za-izdavanje-potvrde-o-stanju-duga-za-gradske-poreze-grada-rijeke\/275\">Izdavanje potvrde o stanju duga za gradske poreze Grada Rijeke<\/a><\/li>\n                                                                <li class=\"type-url\"><a href=\"#\">Obustava ovrhe na nov\u010danim sredstvima za gradske poreze<\/a><\/li>\n                                                                <li class=\"type-url\"><a href=\"http:\/\/rimis.rijeka.hr\/rimis\/index.asp?strID=4&amp;strPar=1599\">Zahtjev za povrat vi\u0161e ili pogre\u0161no upla\u0107enih sredstava<\/a><\/li>\n                                                                                                                                                                                                                                                                                                                            <\/ul>\n \n    <\/div>\n\n    \n<p>&nbsp;<\/p>\n","protected":false},"excerpt":{"rendered":"<p>L\u2019aliquota dell\u2019imposta sui consumi: l&#8217;1,5 % L\u2019imposta sui consumi viene pagata su consumi di bevande alcoliche (brandy, grappa e i superalcolici), vini naturali e speciali, birra e bevande analcoliche (succhi di frutta naturali come pure tutte le bevande rinfrescanti, analcoliche, aromatiche, gassate e acque minerali e gassate, tranne caff\u00e8 e t\u00e8) nel settore alberghiero. La&#8230;<\/p>\n","protected":false},"author":6,"featured_media":0,"parent":924,"menu_order":0,"comment_status":"closed","ping_status":"closed","template":"","meta":{"_acf_changed":false,"_trash_the_other_posts":false,"footnotes":"","_links_to":"","_links_to_target":""},"tags":[309,310,307,306,308],"class_list":["post-936","page","type-page","status-publish","hentry","tag-bevande-alcoliche","tag-bevande-analcoliche","tag-consumo","tag-imposta","tag-settore-alberghiero"],"acf":[],"yoast_head":"<!-- This site is optimized with the Yoast SEO plugin v24.4 - https:\/\/yoast.com\/wordpress\/plugins\/seo\/ -->\n<title>Imposta sui consumi - Citt\u00e0 di Fiume<\/title>\n<meta name=\"robots\" content=\"index, follow, max-snippet:-1, max-image-preview:large, max-video-preview:-1\" \/>\n<link rel=\"canonical\" href=\"https:\/\/www.rijeka.hr\/it\/temi-per-i-cittadini\/indennizzi-e-imposte\/imposta-sui-consumi\/\" \/>\n<meta property=\"og:locale\" content=\"it_IT\" \/>\n<meta property=\"og:type\" content=\"article\" \/>\n<meta property=\"og:title\" content=\"Imposta sui consumi - Citt\u00e0 di Fiume\" \/>\n<meta property=\"og:description\" content=\"L\u2019aliquota dell\u2019imposta sui consumi: l&#8217;1,5 % L\u2019imposta sui consumi viene pagata su consumi di bevande alcoliche (brandy, grappa e i superalcolici), vini naturali e speciali, birra e bevande analcoliche (succhi di frutta naturali come pure tutte le bevande rinfrescanti, analcoliche, aromatiche, gassate e acque minerali e gassate, tranne caff\u00e8 e t\u00e8) nel settore alberghiero. La...\" \/>\n<meta property=\"og:url\" content=\"https:\/\/www.rijeka.hr\/it\/temi-per-i-cittadini\/indennizzi-e-imposte\/imposta-sui-consumi\/\" \/>\n<meta property=\"og:site_name\" content=\"Citt\u00e0 di Fiume\" \/>\n<meta property=\"article:modified_time\" content=\"2025-01-24T12:23:44+00:00\" \/>\n<meta name=\"twitter:card\" content=\"summary_large_image\" \/>\n<meta name=\"twitter:label1\" content=\"Est. reading time\" \/>\n\t<meta name=\"twitter:data1\" content=\"2 minutes\" \/>\n<script type=\"application\/ld+json\" class=\"yoast-schema-graph\">{\"@context\":\"https:\/\/schema.org\",\"@graph\":[{\"@type\":\"WebPage\",\"@id\":\"https:\/\/www.rijeka.hr\/it\/temi-per-i-cittadini\/indennizzi-e-imposte\/imposta-sui-consumi\/\",\"url\":\"https:\/\/www.rijeka.hr\/it\/temi-per-i-cittadini\/indennizzi-e-imposte\/imposta-sui-consumi\/\",\"name\":\"Imposta sui consumi - Citt\u00e0 di Fiume\",\"isPartOf\":{\"@id\":\"https:\/\/www.rijeka.hr\/it\/#website\"},\"datePublished\":\"2016-08-04T10:23:47+00:00\",\"dateModified\":\"2025-01-24T12:23:44+00:00\",\"breadcrumb\":{\"@id\":\"https:\/\/www.rijeka.hr\/it\/temi-per-i-cittadini\/indennizzi-e-imposte\/imposta-sui-consumi\/#breadcrumb\"},\"inLanguage\":\"it-IT\",\"potentialAction\":[{\"@type\":\"ReadAction\",\"target\":[\"https:\/\/www.rijeka.hr\/it\/temi-per-i-cittadini\/indennizzi-e-imposte\/imposta-sui-consumi\/\"]}]},{\"@type\":\"BreadcrumbList\",\"@id\":\"https:\/\/www.rijeka.hr\/it\/temi-per-i-cittadini\/indennizzi-e-imposte\/imposta-sui-consumi\/#breadcrumb\",\"itemListElement\":[{\"@type\":\"ListItem\",\"position\":1,\"name\":\"Po\u010detna stranica\",\"item\":\"https:\/\/www.rijeka.hr\/it\/\"},{\"@type\":\"ListItem\",\"position\":2,\"name\":\"Temi per i cittadini\",\"item\":\"https:\/\/www.rijeka.hr\/it\/temi-per-i-cittadini\/\"},{\"@type\":\"ListItem\",\"position\":3,\"name\":\"Indennizzi e imposte\",\"item\":\"https:\/\/www.rijeka.hr\/it\/temi-per-i-cittadini\/indennizzi-e-imposte\/\"},{\"@type\":\"ListItem\",\"position\":4,\"name\":\"Imposta sui consumi\"}]},{\"@type\":\"WebSite\",\"@id\":\"https:\/\/www.rijeka.hr\/it\/#website\",\"url\":\"https:\/\/www.rijeka.hr\/it\/\",\"name\":\"Citt\u00e0 di Fiume\",\"description\":\"Portale web della Citta&#039; di Fiume\",\"potentialAction\":[{\"@type\":\"SearchAction\",\"target\":{\"@type\":\"EntryPoint\",\"urlTemplate\":\"https:\/\/www.rijeka.hr\/it\/?s={search_term_string}\"},\"query-input\":{\"@type\":\"PropertyValueSpecification\",\"valueRequired\":true,\"valueName\":\"search_term_string\"}}],\"inLanguage\":\"it-IT\"}]}<\/script>\n<!-- \/ Yoast SEO plugin. -->","yoast_head_json":{"title":"Imposta sui consumi - Citt\u00e0 di Fiume","robots":{"index":"index","follow":"follow","max-snippet":"max-snippet:-1","max-image-preview":"max-image-preview:large","max-video-preview":"max-video-preview:-1"},"canonical":"https:\/\/www.rijeka.hr\/it\/temi-per-i-cittadini\/indennizzi-e-imposte\/imposta-sui-consumi\/","og_locale":"it_IT","og_type":"article","og_title":"Imposta sui consumi - Citt\u00e0 di Fiume","og_description":"L\u2019aliquota dell\u2019imposta sui consumi: l&#8217;1,5 % L\u2019imposta sui consumi viene pagata su consumi di bevande alcoliche (brandy, grappa e i superalcolici), vini naturali e speciali, birra e bevande analcoliche (succhi di frutta naturali come pure tutte le bevande rinfrescanti, analcoliche, aromatiche, gassate e acque minerali e gassate, tranne caff\u00e8 e t\u00e8) nel settore alberghiero. La...","og_url":"https:\/\/www.rijeka.hr\/it\/temi-per-i-cittadini\/indennizzi-e-imposte\/imposta-sui-consumi\/","og_site_name":"Citt\u00e0 di Fiume","article_modified_time":"2025-01-24T12:23:44+00:00","twitter_card":"summary_large_image","twitter_misc":{"Est. reading time":"2 minutes"},"schema":{"@context":"https:\/\/schema.org","@graph":[{"@type":"WebPage","@id":"https:\/\/www.rijeka.hr\/it\/temi-per-i-cittadini\/indennizzi-e-imposte\/imposta-sui-consumi\/","url":"https:\/\/www.rijeka.hr\/it\/temi-per-i-cittadini\/indennizzi-e-imposte\/imposta-sui-consumi\/","name":"Imposta sui consumi - Citt\u00e0 di Fiume","isPartOf":{"@id":"https:\/\/www.rijeka.hr\/it\/#website"},"datePublished":"2016-08-04T10:23:47+00:00","dateModified":"2025-01-24T12:23:44+00:00","breadcrumb":{"@id":"https:\/\/www.rijeka.hr\/it\/temi-per-i-cittadini\/indennizzi-e-imposte\/imposta-sui-consumi\/#breadcrumb"},"inLanguage":"it-IT","potentialAction":[{"@type":"ReadAction","target":["https:\/\/www.rijeka.hr\/it\/temi-per-i-cittadini\/indennizzi-e-imposte\/imposta-sui-consumi\/"]}]},{"@type":"BreadcrumbList","@id":"https:\/\/www.rijeka.hr\/it\/temi-per-i-cittadini\/indennizzi-e-imposte\/imposta-sui-consumi\/#breadcrumb","itemListElement":[{"@type":"ListItem","position":1,"name":"Po\u010detna stranica","item":"https:\/\/www.rijeka.hr\/it\/"},{"@type":"ListItem","position":2,"name":"Temi per i cittadini","item":"https:\/\/www.rijeka.hr\/it\/temi-per-i-cittadini\/"},{"@type":"ListItem","position":3,"name":"Indennizzi e imposte","item":"https:\/\/www.rijeka.hr\/it\/temi-per-i-cittadini\/indennizzi-e-imposte\/"},{"@type":"ListItem","position":4,"name":"Imposta sui consumi"}]},{"@type":"WebSite","@id":"https:\/\/www.rijeka.hr\/it\/#website","url":"https:\/\/www.rijeka.hr\/it\/","name":"Citt\u00e0 di Fiume","description":"Portale web della Citta&#039; di Fiume","potentialAction":[{"@type":"SearchAction","target":{"@type":"EntryPoint","urlTemplate":"https:\/\/www.rijeka.hr\/it\/?s={search_term_string}"},"query-input":{"@type":"PropertyValueSpecification","valueRequired":true,"valueName":"search_term_string"}}],"inLanguage":"it-IT"}]}},"_links":{"self":[{"href":"https:\/\/www.rijeka.hr\/it\/wp-json\/wp\/v2\/pages\/936","targetHints":{"allow":["GET"]}}],"collection":[{"href":"https:\/\/www.rijeka.hr\/it\/wp-json\/wp\/v2\/pages"}],"about":[{"href":"https:\/\/www.rijeka.hr\/it\/wp-json\/wp\/v2\/types\/page"}],"author":[{"embeddable":true,"href":"https:\/\/www.rijeka.hr\/it\/wp-json\/wp\/v2\/users\/6"}],"replies":[{"embeddable":true,"href":"https:\/\/www.rijeka.hr\/it\/wp-json\/wp\/v2\/comments?post=936"}],"version-history":[{"count":6,"href":"https:\/\/www.rijeka.hr\/it\/wp-json\/wp\/v2\/pages\/936\/revisions"}],"predecessor-version":[{"id":11833,"href":"https:\/\/www.rijeka.hr\/it\/wp-json\/wp\/v2\/pages\/936\/revisions\/11833"}],"up":[{"embeddable":true,"href":"https:\/\/www.rijeka.hr\/it\/wp-json\/wp\/v2\/pages\/924"}],"wp:attachment":[{"href":"https:\/\/www.rijeka.hr\/it\/wp-json\/wp\/v2\/media?parent=936"}],"wp:term":[{"taxonomy":"post_tag","embeddable":true,"href":"https:\/\/www.rijeka.hr\/it\/wp-json\/wp\/v2\/tags?post=936"}],"curies":[{"name":"wp","href":"https:\/\/api.w.org\/{rel}","templated":true}]}}