{"id":938,"date":"2016-08-04T12:25:25","date_gmt":"2016-08-04T10:25:25","guid":{"rendered":"https:\/\/www.rijeka.hr\/it\/?page_id=938"},"modified":"2024-01-31T13:41:17","modified_gmt":"2024-01-31T12:41:17","slug":"contributo-comunale","status":"publish","type":"page","link":"https:\/\/www.rijeka.hr\/it\/temi-per-i-cittadini\/indennizzi-e-imposte\/contributo-comunale\/","title":{"rendered":"Contributo comunale"},"content":{"rendered":"<p><strong>L\u2019importo del contributo comunale: da 2,20 a 16,60 euro per il metro quadrato<\/strong><\/p>\n<p>Il contributo comunale \u00e8 un introito di bilancio cittadino, usato esclusivamente per finanziare la costruzione e la manutenzione delle infrastrutture comunali.<\/p>\n<p>Secondo la Decisione sul contributo comunale (Gazzetta ufficiale della Citt\u00e0 di Fiume \u00a0<a href=\"https:\/\/sn.rijeka.hr\/2019\/03\/odluka-o-komunalnom-doprinosu\/\">4\/19<\/a>) determinata in conformit\u00e0 alla Legge sull\u2019economia comunale (\u201cGazzetta Ufficiale \u00a0<a href=\"https:\/\/narodne-novine.nn.hr\/clanci\/sluzbeni\/2018_07_68_1393.html\">68\/18<\/a>\u00a0e\u00a0<a href=\"https:\/\/narodne-novine.nn.hr\/clanci\/sluzbeni\/2018_12_110_2138.html)\">110\/18<\/a>\u201d),\u00a0il contribuente del contributo comunale \u00e8 il proprietario del lotto edificabile su cui esiste un edificio legalizzato, o si costruisce o ricostruisce un edificio, ovvero l\u2019investitore.<\/p>\n<p>l contributo comunale, in conformit\u00e0 al Regolamento sulla modalit\u00e0 di definizione del volume dell\u2019edificio per il computo del contributo comunale (\u201cGazzetta ufficiale\u201d \u00a0<a href=\"https:\/\/narodne-novine.nn.hr\/clanci\/sluzbeni\/2019_02_15_304.html\">15\/19<\/a>)\u00a0), si computa in conformit\u00e0 al volume dell\u2019edificio che si costruisce (ricostruisce) oppure \u00e8 ormai costruito. Nei casi di demolizione dell\u2019edificio esistente per un\u2019edificazione nuova oppure nei casi di ristrutturazione e ampliamento, il contributo comunale si computa in base alla differenza di volume rispetto all\u2019edificio precedente.<\/p>\n<p>Il valore unitario del contributo comunale si definisce a seconda della zona di ubicazione del lotto edificabile. Il valore unitario del contributo comunale viene determinato moltiplicando il coefficiente di zona (Z) nella citt\u00e0 in cui si trova il terreno, determinata dalla delibera cittadina e l&#8217;importo del 10% del valore dei costi medi di costruzione di un metro cubo dell\u2019edificio nella Repubblica di Croazia, pubblicato dal ministro competente per la costruzione.\u00a0La tabella che dimostra i prezzi unitari del contributo comunale per metro cubo e il grafico delle zone per il computo del contributo comunale sono stati allegati a questo testo.<\/p>\n<p>Il contributo comunale viene pagato in un&#8217;unica soluzione, mentre in base alla domanda inviata per iscritto al contribuente pu\u00f2 essere concesso il pagamento rateale.<\/p>\n<p><strong>Sono esonerati dal pagamento del contributo comunale:<\/strong><\/p>\n<ul>\n<li>Invalidi militari croati della Guerra patriottica dal primo al decimo gruppo di invalidit\u00e0 e i familiari del caduto difensore croato della Guerra patriottica, definiti conformemente alla legge che regola i diritti dei difensori croati della Guerra patriottica e dei loro familiari, quando costruiscono un adeguato appartamento al fine di risolvere la propria esigenza abitativa,<\/li>\n<li>persone legali e fisiche quando costruiscono adeguati appartamenti attraverso il Ministero responsabile per l\u2019edilizia e la pianificazione territoriale,<\/li>\n<li>Invalidi militari croati della Guerra patriottica, che costruiscono, ampliano e\/oppure costruiscono annessi nei vani d\u2019affari del volume totale fino a 1.800 metri quadrati per l\u2019esercizio di un\u2019attivit\u00e0 economica indipendente.<\/li>\n<\/ul>\n<p>Ai sensi del presente articolo si considera adeguato l\u2019appartamento determinato dalla legge che regola i diritti dei difensori croati della Guerra patriottica e dei membri dei loro nuclei familiari.<\/p>\n<p>Nell\u2019occasione della presentazione della domanda per l\u2019esonero dal pagamento del contributo comunale al Dipartimento municipale per gli affari comunali, il contribuente ha l\u2019obbligo di consegnare la pertinente documentazione che verifica che sono soddisfatti i sopra specificati requisiti.<\/p>\n<p>Gli invalidi militari croati della Guerra patriottica e i familiari del caduto difensore croato che costruiscono un appartamento pi\u00f9 grande dell\u2019adeguato appartamento, pagano il contributo comunale in base alla differenza tra il volume dell\u2019appartamento che costruiscono e l\u2019adeguato appartamento.<\/p>\n<p>Gli invalidi militari croati della Guerra patriottica e i familiari del caduto difensore croato che possiedono un appartamento che non \u00e8 adeguato e costruiscono un adeguato appartamento o un appartamento pi\u00f9 grande di quello adeguato, pagano il contributo comunale in base alla differenza tra il volume dell\u2019appartamento adeguato e l\u2019appartamento che costruiscono, aumentato del volume dell\u2019appartamento che possiedono.<\/p>\n<p>Documentazione per l\u2019esonero dal pagamento del contributo comunale:<\/p>\n<ol>\n<li>domanda per l\u2019esonero dal pagamento del contributo comunale<\/li>\n<li>copia della carta di invalido di guerra \/ Decreto con il quale si riconosce permanentemente lo status di invalido militare croato della Guerra patriottica (Decreto di secondo grado relativo alla percentuale di invalidit\u00e0 (per invalidi militari croati della Guerra patriottica),<\/li>\n<li>nel caso del familiare di un difensore perito: per i caduti, deceduti, internati o scomparsi difensori Croati della Guerra patriottica \u2013 prova delle circostanze in cui \u00e8 avvenuto il sinistro, il certificato di morte per il perito difensore croato e la decisione sull\u2019eredit\u00e0 dopo la morte del perito difensore croato<\/li>\n<li>certificato concernente il numero dei componenti del nucleo familiare (copie dei certificati di nascita per tutti i componenti del nucleo familiare del richiedente, copia del certificato di matrimonio, ovvero la dichiarazione certificata che esiste una convivenza di fatto, firmata dal richiedente e dal partner di fatto).<\/li>\n<li>certificato di residenza, ovvero la residenza del richiedente e di tutti i componenti del nucleo familiare<\/li>\n<li>documentazione o la dichiarazione certificata la quale dimostra che l\u2019edificio \u00e8 stato costruito per risolvere la propria esigenza abitativa.<\/li>\n<li>documentazione o la dichiarazione certificata che dimostra che il contribuente e i componenti del nucleo familiare che vivono nel detto edificio (che vivranno nel neo-progettato edificio), non possiedono un appartamento adeguato o una casa nel territorio della Repubblica di Croazia oppure<\/li>\n<li>l\u2019estratto dell\u2019atto di propriet\u00e0 dei beni immobili di propriet\u00e0 del contribuente o di propriet\u00e0 dei componenti del nucleo familiare dal quale \u00e8 evidente la superficie dell\u2019appartamento <u>inadeguato<\/u> se questo esiste. (Certificato rilasciato dalla corte municipale, Dipartimento libri fondiari, competente a seconda della residenza del richiedente e dei componenti del suo nucleo familiare concernenti il fatto se il richiedente e i componenti del suo nucleo familiare sono\/non sono intavolati, sono stati intavolati\/non sono stati intavolati come proprietari o comproprietari della casa o dell\u2019appartamento dal 5 agosto 1990 fino ad oggi).<\/li>\n<\/ol>\n<h3>Documenti<\/h3>\n<ul>\n<li>Grafico che dimostra le zone del contributo comunale<\/li>\n<li>Prezzi unitari del contributo comunale per metro quadrato in kune<\/li>\n<\/ul>\n<h3>Domande<\/h3>\n\n    <div class=\"featured-links\">\n\n        <ul>\n                                                <li class=\"type-url\"><a href=\"#\">Adozione della decisione sulla determinazione dell\u2019importo di contributo comunale<\/a><\/li>\n                                                                <li class=\"type-url\"><a href=\"#\">Sospensione dell\u2019esecuzione forzata dei mezzi che derivano dal contributo comunale<\/a><\/li>\n                                                                                                                                                                                                                                                                                                                                                                                                                <\/ul>\n \n    <\/div>\n\n    \n","protected":false},"excerpt":{"rendered":"<p>L\u2019importo del contributo comunale: da 2,20 a 16,60 euro per il metro quadrato Il contributo comunale \u00e8 un introito di bilancio cittadino, usato esclusivamente per finanziare la costruzione e la manutenzione delle infrastrutture comunali. Secondo la Decisione sul contributo comunale (Gazzetta ufficiale della Citt\u00e0 di Fiume \u00a04\/19) determinata in conformit\u00e0 alla Legge sull\u2019economia comunale (\u201cGazzetta&#8230;<\/p>\n","protected":false},"author":6,"featured_media":0,"parent":924,"menu_order":0,"comment_status":"closed","ping_status":"closed","template":"","meta":{"_acf_changed":false,"_trash_the_other_posts":false,"footnotes":"","_links_to":"","_links_to_target":""},"tags":[294,295,103,296,125],"class_list":["post-938","page","type-page","status-publish","hentry","tag-contributo","tag-contributo-comunale","tag-difensori","tag-esecuzione-forzata","tag-infrastruttura-comunale"],"acf":[],"yoast_head":"<!-- This site is optimized with the Yoast SEO plugin v24.4 - https:\/\/yoast.com\/wordpress\/plugins\/seo\/ -->\n<title>Contributo comunale - Citt\u00e0 di Fiume<\/title>\n<meta name=\"robots\" content=\"index, follow, max-snippet:-1, max-image-preview:large, max-video-preview:-1\" \/>\n<link rel=\"canonical\" href=\"https:\/\/www.rijeka.hr\/it\/temi-per-i-cittadini\/indennizzi-e-imposte\/contributo-comunale\/\" \/>\n<meta property=\"og:locale\" content=\"it_IT\" \/>\n<meta property=\"og:type\" content=\"article\" \/>\n<meta property=\"og:title\" content=\"Contributo comunale - Citt\u00e0 di Fiume\" \/>\n<meta property=\"og:description\" content=\"L\u2019importo del contributo comunale: da 2,20 a 16,60 euro per il metro quadrato Il contributo comunale \u00e8 un introito di bilancio cittadino, usato esclusivamente per finanziare la costruzione e la manutenzione delle infrastrutture comunali. Secondo la Decisione sul contributo comunale (Gazzetta ufficiale della Citt\u00e0 di Fiume \u00a04\/19) determinata in conformit\u00e0 alla Legge sull\u2019economia comunale (\u201cGazzetta...\" \/>\n<meta property=\"og:url\" content=\"https:\/\/www.rijeka.hr\/it\/temi-per-i-cittadini\/indennizzi-e-imposte\/contributo-comunale\/\" \/>\n<meta property=\"og:site_name\" content=\"Citt\u00e0 di Fiume\" \/>\n<meta property=\"article:modified_time\" content=\"2024-01-31T12:41:17+00:00\" \/>\n<meta name=\"twitter:card\" content=\"summary_large_image\" \/>\n<meta name=\"twitter:label1\" content=\"Est. reading time\" \/>\n\t<meta name=\"twitter:data1\" content=\"5 minutes\" \/>\n<script type=\"application\/ld+json\" class=\"yoast-schema-graph\">{\"@context\":\"https:\/\/schema.org\",\"@graph\":[{\"@type\":\"WebPage\",\"@id\":\"https:\/\/www.rijeka.hr\/it\/temi-per-i-cittadini\/indennizzi-e-imposte\/contributo-comunale\/\",\"url\":\"https:\/\/www.rijeka.hr\/it\/temi-per-i-cittadini\/indennizzi-e-imposte\/contributo-comunale\/\",\"name\":\"Contributo comunale - Citt\u00e0 di Fiume\",\"isPartOf\":{\"@id\":\"https:\/\/www.rijeka.hr\/it\/#website\"},\"datePublished\":\"2016-08-04T10:25:25+00:00\",\"dateModified\":\"2024-01-31T12:41:17+00:00\",\"breadcrumb\":{\"@id\":\"https:\/\/www.rijeka.hr\/it\/temi-per-i-cittadini\/indennizzi-e-imposte\/contributo-comunale\/#breadcrumb\"},\"inLanguage\":\"it-IT\",\"potentialAction\":[{\"@type\":\"ReadAction\",\"target\":[\"https:\/\/www.rijeka.hr\/it\/temi-per-i-cittadini\/indennizzi-e-imposte\/contributo-comunale\/\"]}]},{\"@type\":\"BreadcrumbList\",\"@id\":\"https:\/\/www.rijeka.hr\/it\/temi-per-i-cittadini\/indennizzi-e-imposte\/contributo-comunale\/#breadcrumb\",\"itemListElement\":[{\"@type\":\"ListItem\",\"position\":1,\"name\":\"Po\u010detna stranica\",\"item\":\"https:\/\/www.rijeka.hr\/it\/\"},{\"@type\":\"ListItem\",\"position\":2,\"name\":\"Temi per i cittadini\",\"item\":\"https:\/\/www.rijeka.hr\/it\/temi-per-i-cittadini\/\"},{\"@type\":\"ListItem\",\"position\":3,\"name\":\"Indennizzi e imposte\",\"item\":\"https:\/\/www.rijeka.hr\/it\/temi-per-i-cittadini\/indennizzi-e-imposte\/\"},{\"@type\":\"ListItem\",\"position\":4,\"name\":\"Contributo comunale\"}]},{\"@type\":\"WebSite\",\"@id\":\"https:\/\/www.rijeka.hr\/it\/#website\",\"url\":\"https:\/\/www.rijeka.hr\/it\/\",\"name\":\"Citt\u00e0 di Fiume\",\"description\":\"Portale web della Citta&#039; di Fiume\",\"potentialAction\":[{\"@type\":\"SearchAction\",\"target\":{\"@type\":\"EntryPoint\",\"urlTemplate\":\"https:\/\/www.rijeka.hr\/it\/?s={search_term_string}\"},\"query-input\":{\"@type\":\"PropertyValueSpecification\",\"valueRequired\":true,\"valueName\":\"search_term_string\"}}],\"inLanguage\":\"it-IT\"}]}<\/script>\n<!-- \/ Yoast SEO plugin. -->","yoast_head_json":{"title":"Contributo comunale - Citt\u00e0 di Fiume","robots":{"index":"index","follow":"follow","max-snippet":"max-snippet:-1","max-image-preview":"max-image-preview:large","max-video-preview":"max-video-preview:-1"},"canonical":"https:\/\/www.rijeka.hr\/it\/temi-per-i-cittadini\/indennizzi-e-imposte\/contributo-comunale\/","og_locale":"it_IT","og_type":"article","og_title":"Contributo comunale - Citt\u00e0 di Fiume","og_description":"L\u2019importo del contributo comunale: da 2,20 a 16,60 euro per il metro quadrato Il contributo comunale \u00e8 un introito di bilancio cittadino, usato esclusivamente per finanziare la costruzione e la manutenzione delle infrastrutture comunali. Secondo la Decisione sul contributo comunale (Gazzetta ufficiale della Citt\u00e0 di Fiume \u00a04\/19) determinata in conformit\u00e0 alla Legge sull\u2019economia comunale (\u201cGazzetta...","og_url":"https:\/\/www.rijeka.hr\/it\/temi-per-i-cittadini\/indennizzi-e-imposte\/contributo-comunale\/","og_site_name":"Citt\u00e0 di Fiume","article_modified_time":"2024-01-31T12:41:17+00:00","twitter_card":"summary_large_image","twitter_misc":{"Est. reading time":"5 minutes"},"schema":{"@context":"https:\/\/schema.org","@graph":[{"@type":"WebPage","@id":"https:\/\/www.rijeka.hr\/it\/temi-per-i-cittadini\/indennizzi-e-imposte\/contributo-comunale\/","url":"https:\/\/www.rijeka.hr\/it\/temi-per-i-cittadini\/indennizzi-e-imposte\/contributo-comunale\/","name":"Contributo comunale - Citt\u00e0 di Fiume","isPartOf":{"@id":"https:\/\/www.rijeka.hr\/it\/#website"},"datePublished":"2016-08-04T10:25:25+00:00","dateModified":"2024-01-31T12:41:17+00:00","breadcrumb":{"@id":"https:\/\/www.rijeka.hr\/it\/temi-per-i-cittadini\/indennizzi-e-imposte\/contributo-comunale\/#breadcrumb"},"inLanguage":"it-IT","potentialAction":[{"@type":"ReadAction","target":["https:\/\/www.rijeka.hr\/it\/temi-per-i-cittadini\/indennizzi-e-imposte\/contributo-comunale\/"]}]},{"@type":"BreadcrumbList","@id":"https:\/\/www.rijeka.hr\/it\/temi-per-i-cittadini\/indennizzi-e-imposte\/contributo-comunale\/#breadcrumb","itemListElement":[{"@type":"ListItem","position":1,"name":"Po\u010detna stranica","item":"https:\/\/www.rijeka.hr\/it\/"},{"@type":"ListItem","position":2,"name":"Temi per i cittadini","item":"https:\/\/www.rijeka.hr\/it\/temi-per-i-cittadini\/"},{"@type":"ListItem","position":3,"name":"Indennizzi e imposte","item":"https:\/\/www.rijeka.hr\/it\/temi-per-i-cittadini\/indennizzi-e-imposte\/"},{"@type":"ListItem","position":4,"name":"Contributo comunale"}]},{"@type":"WebSite","@id":"https:\/\/www.rijeka.hr\/it\/#website","url":"https:\/\/www.rijeka.hr\/it\/","name":"Citt\u00e0 di Fiume","description":"Portale web della Citta&#039; di Fiume","potentialAction":[{"@type":"SearchAction","target":{"@type":"EntryPoint","urlTemplate":"https:\/\/www.rijeka.hr\/it\/?s={search_term_string}"},"query-input":{"@type":"PropertyValueSpecification","valueRequired":true,"valueName":"search_term_string"}}],"inLanguage":"it-IT"}]}},"_links":{"self":[{"href":"https:\/\/www.rijeka.hr\/it\/wp-json\/wp\/v2\/pages\/938","targetHints":{"allow":["GET"]}}],"collection":[{"href":"https:\/\/www.rijeka.hr\/it\/wp-json\/wp\/v2\/pages"}],"about":[{"href":"https:\/\/www.rijeka.hr\/it\/wp-json\/wp\/v2\/types\/page"}],"author":[{"embeddable":true,"href":"https:\/\/www.rijeka.hr\/it\/wp-json\/wp\/v2\/users\/6"}],"replies":[{"embeddable":true,"href":"https:\/\/www.rijeka.hr\/it\/wp-json\/wp\/v2\/comments?post=938"}],"version-history":[{"count":4,"href":"https:\/\/www.rijeka.hr\/it\/wp-json\/wp\/v2\/pages\/938\/revisions"}],"predecessor-version":[{"id":17228,"href":"https:\/\/www.rijeka.hr\/it\/wp-json\/wp\/v2\/pages\/938\/revisions\/17228"}],"up":[{"embeddable":true,"href":"https:\/\/www.rijeka.hr\/it\/wp-json\/wp\/v2\/pages\/924"}],"wp:attachment":[{"href":"https:\/\/www.rijeka.hr\/it\/wp-json\/wp\/v2\/media?parent=938"}],"wp:term":[{"taxonomy":"post_tag","embeddable":true,"href":"https:\/\/www.rijeka.hr\/it\/wp-json\/wp\/v2\/tags?post=938"}],"curies":[{"name":"wp","href":"https:\/\/api.w.org\/{rel}","templated":true}]}}