{"id":942,"date":"2016-08-04T12:28:44","date_gmt":"2016-08-04T10:28:44","guid":{"rendered":"https:\/\/www.rijeka.hr\/it\/?page_id=942"},"modified":"2025-07-15T14:01:41","modified_gmt":"2025-07-15T12:01:41","slug":"tassa-sui-monumenti-storici","status":"publish","type":"page","link":"https:\/\/www.rijeka.hr\/it\/temi-per-i-cittadini\/indennizzi-e-imposte\/tassa-sui-monumenti-storici\/","title":{"rendered":"Tassa sui monumenti storici"},"content":{"rendered":"<p><strong>La tassa sui monumenti storici ammonta a: 0.40 Euro e 0.53 Euro per metro quadrato della superficie del vano d\u2019affari<\/strong><br \/>\n(prima zona \u2013 0.53 Euro, seconda zona \u2013 0.40 Euro)<\/p>\n<p>La tassa sui monumenti storici \u00e8 un obbligo pecuniario pubblico, previsto dall\u2019articolo 116 della Legge sulla tutela e salvaguardia dei beni culturali (Gazzetta ufficiale n <a role=\"link\" href=\"https:\/\/narodne-novine.nn.hr\/clanci\/sluzbeni\/2024_12_145_2369.html\" target=\"_blank\" rel=\"noopener\">145\/24<\/a>), che deve essere versato dalle persone fisiche e giuridiche che svolgono l\u2019attivit\u00e0 economica in un bene culturale immobile oppure nel territorio del complesso storico-culturale (la cosiddetta tassa \u201cdiretta\u201d sui monumenti storici), ovvero dagli enti che svolgono attivit\u00e0 economiche previste dall\u2019articolo 117 della Legge sulla tutela e salvaguardia dei beni culturali in conformit\u00e0 alla Classificazione nazionale di attivit\u00e0 economiche (la cosiddetta tassa \u201cindiretta\u201c sui monumenti storici).<\/p>\n<p>In conformit\u00e0 della Legge, la Citt\u00e0 di Fiume ha emanato la Delibera sull\u2019importo della tassa sui monumenti storici, la quale stabilisce l\u2019importo dell\u2019obbligo per metro quadrato di superficie utile del vano d\u2019affari.<\/p>\n<h3>Chi sono i contribuenti?<\/h3>\n<p>La tassa sui monumenti storici che riguarda la Citt\u00e0 di Fiume come unit\u00e0 di autogoverno locale e i suoi enti \u00e8 la &#8220;tassa diretta sui monumenti\u201d, a differenza della tassa sui monumenti \u201cindiretta&#8221;, il cui obbligo viene stabilito dalla competente filiale dell\u2019Amministrazione fiscale.<\/p>\n<p>I contribuenti della tassa sui monumenti storici che viene pagata per metro quadrato di superficie utile del vano d\u2019affari, il cui obbligo viene determinato dalla Citt\u00e0 di Fiume, sono le persone fisiche e giuridiche che sono i contribuenti dell\u2019imposta sul reddito oppure dell\u2019imposta sul guadagno, che svolgono l&#8217;attivit\u00e0 economica nel bene culturale immobile oppure nel territorio dell complesso storico-culturale. Le persone fisiche e giuridiche che nella sua organizzazione hanno unit\u00e0 d\u2019affari che svolgono l&#8217;attivit\u00e0 economica (ogni luogo permanente per l&#8217;espletamento dell&#8217;attivit\u00e0 economica) nel bene culturale immobile oppure nel territorio del complesso storico-culturale, sono contribuenti della tassa sui monumenti per ogni unit\u00e0 d\u2019affari.<\/p>\n<h3>La base di pagamento<\/h3>\n<p>La base della tassa sui monumenti \u00e8 la superficie utile del vano d\u2019affari che si trova in un bene culturale immobile oppure nel territorio del complesso storico-culturale. Sulla base della Legge l\u2019importo della tassa pu\u00f2 ammontare da 0.13 a 0.53 euro mensili per metro quadrato della superficie utile del vano d\u2019affari che si trova in un bene culturale immobile oppure nel territorio del complesso storico\u2013culturale.<\/p>\n<h3>Il metodo di allocazione del ricavo derivante dalla tassa sui monumenti storici<\/h3>\n<p>Il ricavo raccolto a titolo della tassa sui monumenti pu\u00f2 essere utilizzato esclusivamente per la tutela e salvaguardia dei beni culturali, e viene ripartito nel rapporto del 60% a favore della citt\u00e0, dove la tassa \u00e8 stata ricavata e il 40% a favore del bilancio statale per la realizzazione del programma nazionale di tutela e salvaguardia dei beni culturali. I fondi derivanti dalla tassa sui monumenti storici che rimangono nel bilancio cittadino possono essere utilizzati esclusivamente per la tutela e la salvaguardia dei <a href=\"https:\/\/www.rijeka.hr\/teme-za-gradane\/kultura\/kulturna-bastina\/\" target=\"_blank\" rel=\"noopener noreferrer\">beni culturali<\/a>.<\/p>\n<h3>Zone soggette al pagamento della tassa<\/h3>\n<p>Secondo i dati sui tutelati beni culturali immobili e sui salvaguardati complessi storico-culturali nel comprensorio della Citt\u00e0 di Fiume che sulla base della documentazione valida dei registrati beni culturali immobili e dei complessi storico\u2013culturali del Dipartimento di Conservazione di Fiume, dell\u2019Amministrazione per la tutela dei beni culturali del Ministero della cultura della Repubblica di Croazia raccolta dal Dipartimento municipale per la cultura, nel comprensorio cittadino, oltre a edifici individualmente protetti, esistono tre complessi storico \u2013 culturali (complesso urbanistico della Citt\u00e0 di Fiume e i complessi storico-culturali del Cimitero di Cosala e del Cimitero di Tersatto).<\/p>\n<p>Rispettando inoltre l\u2019attrattiva delle individuali localit\u00e0 e la redditivit\u00e0 dell\u2019espletamento dell\u2019attivit\u00e0 economica in tali localit\u00e0, l\u2019unico importo della tassa per tutti i contribuenti sarebbe ingiusto, perch\u00e9 l\u2019intensit\u00e0 di attivit\u00e0 economica varia dall\u2019aria cittadina dove l\u2019attivit\u00e0 si svolge.<\/p>\n<p>Pertanto sono state determinate due zone:<\/p>\n<ul>\n<li>I zona \u2013 parte del centro cittadino e la parte pi\u00f9 attraente di Tersatto,<\/li>\n<li>II zona \u2013 altre zone cittadine<\/li>\n<\/ul>\n<p>La tassa sui monumenti storici nella prima zona ammonta a 0.53 Euro, mentre nella seconda zona a 0.40 Euro.<\/p>\n<p>Il contribuente che svolge un\u2019attivit\u00e0 tradizionale in un vano d\u2019affari situato nella prima zona paga la tassa sui monumenti storici nell\u2019importo di 0.40 Euro mensili per metro quadrato della superficie utile.<\/p>\n<h3>Moduli<\/h3>\n\n    <div class=\"featured-links\">\n\n        <ul>\n                                                <li class=\"type-url\"><a href=\"http:\/\/gov.rijeka.hr\/zahtjevi-i-obrasci\/komunalna-djelatnost\/prijava-podataka-za-utvrdjivanje-obveze-spomenicke-rente\/178\">Determinazione dell\u2019obbligo e dell\u2019importo di tassa sui monumenti storici<\/a><\/li>\n                                                                <li class=\"type-url\"><a href=\"http:\/\/gov.rijeka.hr\/zahtjevi-i-obrasci\/komunalna-djelatnost\/zahtjev-za-obrocno-placanje-duga-spomenicke-rente\/182\">Domanda di pagamento rateale del debito derivante dalla tassa sui monumenti storici<\/a><\/li>\n                                                                                                                                                                                                                                                                                                                                                                                                                <\/ul>\n \n    <\/div>\n\n    \n<p>&nbsp;<\/p>\n","protected":false},"excerpt":{"rendered":"<p>La tassa sui monumenti storici ammonta a: 0.40 Euro e 0.53 Euro per metro quadrato della superficie del vano d\u2019affari (prima zona \u2013 0.53 Euro, seconda zona \u2013 0.40 Euro) La tassa sui monumenti storici \u00e8 un obbligo pecuniario pubblico, previsto dall\u2019articolo 116 della Legge sulla tutela e salvaguardia dei beni culturali (Gazzetta ufficiale n&#8230;<\/p>\n","protected":false},"author":6,"featured_media":0,"parent":924,"menu_order":0,"comment_status":"closed","ping_status":"closed","template":"","meta":{"_acf_changed":false,"_trash_the_other_posts":false,"footnotes":"","_links_to":"","_links_to_target":""},"tags":[312,297,313,311,288],"class_list":["post-942","page","type-page","status-publish","hentry","tag-bene-culturale","tag-indennizzo","tag-insieme-storico-culturale","tag-tassa-sui-monumenti","tag-vani-daffari"],"acf":[],"yoast_head":"<!-- This site is optimized with the Yoast SEO plugin v24.4 - https:\/\/yoast.com\/wordpress\/plugins\/seo\/ -->\n<title>Tassa sui monumenti storici - Citt\u00e0 di Fiume<\/title>\n<meta name=\"robots\" content=\"index, follow, max-snippet:-1, max-image-preview:large, max-video-preview:-1\" \/>\n<link rel=\"canonical\" href=\"https:\/\/www.rijeka.hr\/it\/temi-per-i-cittadini\/indennizzi-e-imposte\/tassa-sui-monumenti-storici\/\" \/>\n<meta property=\"og:locale\" content=\"it_IT\" \/>\n<meta property=\"og:type\" content=\"article\" \/>\n<meta property=\"og:title\" content=\"Tassa sui monumenti storici - Citt\u00e0 di Fiume\" \/>\n<meta property=\"og:description\" content=\"La tassa sui monumenti storici ammonta a: 0.40 Euro e 0.53 Euro per metro quadrato della superficie del vano d\u2019affari (prima zona \u2013 0.53 Euro, seconda zona \u2013 0.40 Euro) La tassa sui monumenti storici \u00e8 un obbligo pecuniario pubblico, previsto dall\u2019articolo 116 della Legge sulla tutela e salvaguardia dei beni culturali (Gazzetta ufficiale n...\" \/>\n<meta property=\"og:url\" content=\"https:\/\/www.rijeka.hr\/it\/temi-per-i-cittadini\/indennizzi-e-imposte\/tassa-sui-monumenti-storici\/\" \/>\n<meta property=\"og:site_name\" content=\"Citt\u00e0 di Fiume\" \/>\n<meta property=\"article:modified_time\" content=\"2025-07-15T12:01:41+00:00\" \/>\n<meta name=\"twitter:card\" content=\"summary_large_image\" \/>\n<meta name=\"twitter:label1\" content=\"Est. reading time\" \/>\n\t<meta name=\"twitter:data1\" content=\"4 minutes\" \/>\n<script type=\"application\/ld+json\" class=\"yoast-schema-graph\">{\"@context\":\"https:\/\/schema.org\",\"@graph\":[{\"@type\":\"WebPage\",\"@id\":\"https:\/\/www.rijeka.hr\/it\/temi-per-i-cittadini\/indennizzi-e-imposte\/tassa-sui-monumenti-storici\/\",\"url\":\"https:\/\/www.rijeka.hr\/it\/temi-per-i-cittadini\/indennizzi-e-imposte\/tassa-sui-monumenti-storici\/\",\"name\":\"Tassa sui monumenti storici - Citt\u00e0 di Fiume\",\"isPartOf\":{\"@id\":\"https:\/\/www.rijeka.hr\/it\/#website\"},\"datePublished\":\"2016-08-04T10:28:44+00:00\",\"dateModified\":\"2025-07-15T12:01:41+00:00\",\"breadcrumb\":{\"@id\":\"https:\/\/www.rijeka.hr\/it\/temi-per-i-cittadini\/indennizzi-e-imposte\/tassa-sui-monumenti-storici\/#breadcrumb\"},\"inLanguage\":\"it-IT\",\"potentialAction\":[{\"@type\":\"ReadAction\",\"target\":[\"https:\/\/www.rijeka.hr\/it\/temi-per-i-cittadini\/indennizzi-e-imposte\/tassa-sui-monumenti-storici\/\"]}]},{\"@type\":\"BreadcrumbList\",\"@id\":\"https:\/\/www.rijeka.hr\/it\/temi-per-i-cittadini\/indennizzi-e-imposte\/tassa-sui-monumenti-storici\/#breadcrumb\",\"itemListElement\":[{\"@type\":\"ListItem\",\"position\":1,\"name\":\"Po\u010detna stranica\",\"item\":\"https:\/\/www.rijeka.hr\/it\/\"},{\"@type\":\"ListItem\",\"position\":2,\"name\":\"Temi per i cittadini\",\"item\":\"https:\/\/www.rijeka.hr\/it\/temi-per-i-cittadini\/\"},{\"@type\":\"ListItem\",\"position\":3,\"name\":\"Indennizzi e imposte\",\"item\":\"https:\/\/www.rijeka.hr\/it\/temi-per-i-cittadini\/indennizzi-e-imposte\/\"},{\"@type\":\"ListItem\",\"position\":4,\"name\":\"Tassa sui monumenti storici\"}]},{\"@type\":\"WebSite\",\"@id\":\"https:\/\/www.rijeka.hr\/it\/#website\",\"url\":\"https:\/\/www.rijeka.hr\/it\/\",\"name\":\"Citt\u00e0 di Fiume\",\"description\":\"Portale web della Citta&#039; di Fiume\",\"potentialAction\":[{\"@type\":\"SearchAction\",\"target\":{\"@type\":\"EntryPoint\",\"urlTemplate\":\"https:\/\/www.rijeka.hr\/it\/?s={search_term_string}\"},\"query-input\":{\"@type\":\"PropertyValueSpecification\",\"valueRequired\":true,\"valueName\":\"search_term_string\"}}],\"inLanguage\":\"it-IT\"}]}<\/script>\n<!-- \/ Yoast SEO plugin. -->","yoast_head_json":{"title":"Tassa sui monumenti storici - Citt\u00e0 di Fiume","robots":{"index":"index","follow":"follow","max-snippet":"max-snippet:-1","max-image-preview":"max-image-preview:large","max-video-preview":"max-video-preview:-1"},"canonical":"https:\/\/www.rijeka.hr\/it\/temi-per-i-cittadini\/indennizzi-e-imposte\/tassa-sui-monumenti-storici\/","og_locale":"it_IT","og_type":"article","og_title":"Tassa sui monumenti storici - Citt\u00e0 di Fiume","og_description":"La tassa sui monumenti storici ammonta a: 0.40 Euro e 0.53 Euro per metro quadrato della superficie del vano d\u2019affari (prima zona \u2013 0.53 Euro, seconda zona \u2013 0.40 Euro) La tassa sui monumenti storici \u00e8 un obbligo pecuniario pubblico, previsto dall\u2019articolo 116 della Legge sulla tutela e salvaguardia dei beni culturali (Gazzetta ufficiale n...","og_url":"https:\/\/www.rijeka.hr\/it\/temi-per-i-cittadini\/indennizzi-e-imposte\/tassa-sui-monumenti-storici\/","og_site_name":"Citt\u00e0 di Fiume","article_modified_time":"2025-07-15T12:01:41+00:00","twitter_card":"summary_large_image","twitter_misc":{"Est. reading time":"4 minutes"},"schema":{"@context":"https:\/\/schema.org","@graph":[{"@type":"WebPage","@id":"https:\/\/www.rijeka.hr\/it\/temi-per-i-cittadini\/indennizzi-e-imposte\/tassa-sui-monumenti-storici\/","url":"https:\/\/www.rijeka.hr\/it\/temi-per-i-cittadini\/indennizzi-e-imposte\/tassa-sui-monumenti-storici\/","name":"Tassa sui monumenti storici - Citt\u00e0 di Fiume","isPartOf":{"@id":"https:\/\/www.rijeka.hr\/it\/#website"},"datePublished":"2016-08-04T10:28:44+00:00","dateModified":"2025-07-15T12:01:41+00:00","breadcrumb":{"@id":"https:\/\/www.rijeka.hr\/it\/temi-per-i-cittadini\/indennizzi-e-imposte\/tassa-sui-monumenti-storici\/#breadcrumb"},"inLanguage":"it-IT","potentialAction":[{"@type":"ReadAction","target":["https:\/\/www.rijeka.hr\/it\/temi-per-i-cittadini\/indennizzi-e-imposte\/tassa-sui-monumenti-storici\/"]}]},{"@type":"BreadcrumbList","@id":"https:\/\/www.rijeka.hr\/it\/temi-per-i-cittadini\/indennizzi-e-imposte\/tassa-sui-monumenti-storici\/#breadcrumb","itemListElement":[{"@type":"ListItem","position":1,"name":"Po\u010detna stranica","item":"https:\/\/www.rijeka.hr\/it\/"},{"@type":"ListItem","position":2,"name":"Temi per i cittadini","item":"https:\/\/www.rijeka.hr\/it\/temi-per-i-cittadini\/"},{"@type":"ListItem","position":3,"name":"Indennizzi e imposte","item":"https:\/\/www.rijeka.hr\/it\/temi-per-i-cittadini\/indennizzi-e-imposte\/"},{"@type":"ListItem","position":4,"name":"Tassa sui monumenti storici"}]},{"@type":"WebSite","@id":"https:\/\/www.rijeka.hr\/it\/#website","url":"https:\/\/www.rijeka.hr\/it\/","name":"Citt\u00e0 di Fiume","description":"Portale web della Citta&#039; di Fiume","potentialAction":[{"@type":"SearchAction","target":{"@type":"EntryPoint","urlTemplate":"https:\/\/www.rijeka.hr\/it\/?s={search_term_string}"},"query-input":{"@type":"PropertyValueSpecification","valueRequired":true,"valueName":"search_term_string"}}],"inLanguage":"it-IT"}]}},"_links":{"self":[{"href":"https:\/\/www.rijeka.hr\/it\/wp-json\/wp\/v2\/pages\/942","targetHints":{"allow":["GET"]}}],"collection":[{"href":"https:\/\/www.rijeka.hr\/it\/wp-json\/wp\/v2\/pages"}],"about":[{"href":"https:\/\/www.rijeka.hr\/it\/wp-json\/wp\/v2\/types\/page"}],"author":[{"embeddable":true,"href":"https:\/\/www.rijeka.hr\/it\/wp-json\/wp\/v2\/users\/6"}],"replies":[{"embeddable":true,"href":"https:\/\/www.rijeka.hr\/it\/wp-json\/wp\/v2\/comments?post=942"}],"version-history":[{"count":6,"href":"https:\/\/www.rijeka.hr\/it\/wp-json\/wp\/v2\/pages\/942\/revisions"}],"predecessor-version":[{"id":19564,"href":"https:\/\/www.rijeka.hr\/it\/wp-json\/wp\/v2\/pages\/942\/revisions\/19564"}],"up":[{"embeddable":true,"href":"https:\/\/www.rijeka.hr\/it\/wp-json\/wp\/v2\/pages\/924"}],"wp:attachment":[{"href":"https:\/\/www.rijeka.hr\/it\/wp-json\/wp\/v2\/media?parent=942"}],"wp:term":[{"taxonomy":"post_tag","embeddable":true,"href":"https:\/\/www.rijeka.hr\/it\/wp-json\/wp\/v2\/tags?post=942"}],"curies":[{"name":"wp","href":"https:\/\/api.w.org\/{rel}","templated":true}]}}