{"id":9820,"date":"2019-12-13T14:58:17","date_gmt":"2019-12-13T13:58:17","guid":{"rendered":"https:\/\/www.rijeka.hr\/it\/?page_id=9820"},"modified":"2020-07-27T09:12:29","modified_gmt":"2020-07-27T07:12:29","slug":"ricreazione-sportiva-dei-pensionati-al-polo-natatorio-di-cantrida","status":"publish","type":"page","link":"https:\/\/www.rijeka.hr\/it\/temi-per-i-cittadini\/sport-e-ricreazione\/ricreazione-a-fiume\/ricreazione-sportiva-dei-pensionati-al-polo-natatorio-di-cantrida\/","title":{"rendered":"Ricreazione sportiva dei pensionati al Polo natatorio di Cantrida"},"content":{"rendered":"<p>Con l&#8217;obiettivo di migliorare la qualit\u00e0 della vita degli anziani, la Citt\u00e0 di Fiume, la municipalizzata &#8220;Rijeka Sport&#8221; e l&#8217;Associazione dei pensionati della citt\u00e0 di Fiume consentono ai suoi membri di utilizzare gratuitamente il Polo natatorio di Cantrida per programmi ricreativi destinati agli anziani, tre volte alla settimana.<\/p>\n<p>I membri dell&#8217;associazione possono prendere parte una volta alla settimana ad attivit\u00e0 ricreative organizzate dall\u2019Assosport fiumana e dall&#8217;Istituto formativo di sanit\u00e0 pubblica presso le piscine a Cantrida. La ricreazione organizzata comprende la misurazione della pressione sanguigna, varie lezioni tematiche e servizi di fisioterapista. Le piscine sono disponibili ai membri dell&#8217;associazione sotto la guida professionale e altri programmi ricreativi, che includono l&#8217;adozione di varie conoscenze e abilit\u00e0 (l&#8217;arte di cadere, muoversi, ecc.), nonch\u00e9 di trascorrere il loro tempo libero in piscine.<\/p>\n<p><strong>Contatto:<\/strong> Associazione dei pensionati della citt\u00e0 di Fiume, tel: 051 \/ 212-109, e-mail: &#x75;&#100;&#x72;&#x75;&#103;&#x61;&#x5f;&#117;&#x6d;&#x69;&#114;&#x6f;&#x76;l&#x6a;&#x65;n&#x69;&#107;a&#x40;&#114;i&#x2e;&#116;-&#x63;&#111;m&#x2e;&#104;r<\/p>\n","protected":false},"excerpt":{"rendered":"<p>Con l&#8217;obiettivo di migliorare la qualit\u00e0 della vita degli anziani, la Citt\u00e0 di Fiume, la municipalizzata &#8220;Rijeka Sport&#8221; e l&#8217;Associazione dei pensionati della citt\u00e0 di Fiume consentono ai suoi membri di utilizzare gratuitamente il Polo natatorio di Cantrida per programmi ricreativi destinati agli anziani, tre volte alla settimana. I membri dell&#8217;associazione possono prendere parte una&#8230;<\/p>\n","protected":false},"author":75,"featured_media":0,"parent":333,"menu_order":50,"comment_status":"closed","ping_status":"closed","template":"","meta":{"_acf_changed":false,"_trash_the_other_posts":false,"footnotes":"","_links_to":"","_links_to_target":""},"tags":[],"class_list":["post-9820","page","type-page","status-publish","hentry"],"acf":[],"yoast_head":"<!-- This site is optimized with the Yoast SEO plugin v24.4 - https:\/\/yoast.com\/wordpress\/plugins\/seo\/ -->\n<title>Ricreazione sportiva dei pensionati al Polo natatorio di Cantrida - Citt\u00e0 di Fiume<\/title>\n<meta name=\"robots\" content=\"index, follow, max-snippet:-1, max-image-preview:large, max-video-preview:-1\" \/>\n<link rel=\"canonical\" href=\"https:\/\/www.rijeka.hr\/it\/temi-per-i-cittadini\/sport-e-ricreazione\/ricreazione-a-fiume\/ricreazione-sportiva-dei-pensionati-al-polo-natatorio-di-cantrida\/\" \/>\n<meta property=\"og:locale\" content=\"it_IT\" \/>\n<meta property=\"og:type\" content=\"article\" \/>\n<meta property=\"og:title\" content=\"Ricreazione sportiva dei pensionati al Polo natatorio di Cantrida - Citt\u00e0 di Fiume\" \/>\n<meta property=\"og:description\" content=\"Con l&#8217;obiettivo di migliorare la qualit\u00e0 della vita degli anziani, la Citt\u00e0 di Fiume, la municipalizzata &#8220;Rijeka Sport&#8221; e l&#8217;Associazione dei pensionati della citt\u00e0 di Fiume consentono ai suoi membri di utilizzare gratuitamente il Polo natatorio di Cantrida per programmi ricreativi destinati agli anziani, tre volte alla settimana. I membri dell&#8217;associazione possono prendere parte una...\" \/>\n<meta property=\"og:url\" content=\"https:\/\/www.rijeka.hr\/it\/temi-per-i-cittadini\/sport-e-ricreazione\/ricreazione-a-fiume\/ricreazione-sportiva-dei-pensionati-al-polo-natatorio-di-cantrida\/\" \/>\n<meta property=\"og:site_name\" content=\"Citt\u00e0 di Fiume\" \/>\n<meta property=\"article:modified_time\" content=\"2020-07-27T07:12:29+00:00\" \/>\n<meta name=\"twitter:card\" content=\"summary_large_image\" \/>\n<meta name=\"twitter:label1\" content=\"Est. reading time\" \/>\n\t<meta name=\"twitter:data1\" content=\"1 minute\" \/>\n<script type=\"application\/ld+json\" class=\"yoast-schema-graph\">{\"@context\":\"https:\/\/schema.org\",\"@graph\":[{\"@type\":\"WebPage\",\"@id\":\"https:\/\/www.rijeka.hr\/it\/temi-per-i-cittadini\/sport-e-ricreazione\/ricreazione-a-fiume\/ricreazione-sportiva-dei-pensionati-al-polo-natatorio-di-cantrida\/\",\"url\":\"https:\/\/www.rijeka.hr\/it\/temi-per-i-cittadini\/sport-e-ricreazione\/ricreazione-a-fiume\/ricreazione-sportiva-dei-pensionati-al-polo-natatorio-di-cantrida\/\",\"name\":\"Ricreazione sportiva dei pensionati al Polo natatorio di Cantrida - Citt\u00e0 di Fiume\",\"isPartOf\":{\"@id\":\"https:\/\/www.rijeka.hr\/it\/#website\"},\"datePublished\":\"2019-12-13T13:58:17+00:00\",\"dateModified\":\"2020-07-27T07:12:29+00:00\",\"breadcrumb\":{\"@id\":\"https:\/\/www.rijeka.hr\/it\/temi-per-i-cittadini\/sport-e-ricreazione\/ricreazione-a-fiume\/ricreazione-sportiva-dei-pensionati-al-polo-natatorio-di-cantrida\/#breadcrumb\"},\"inLanguage\":\"it-IT\",\"potentialAction\":[{\"@type\":\"ReadAction\",\"target\":[\"https:\/\/www.rijeka.hr\/it\/temi-per-i-cittadini\/sport-e-ricreazione\/ricreazione-a-fiume\/ricreazione-sportiva-dei-pensionati-al-polo-natatorio-di-cantrida\/\"]}]},{\"@type\":\"BreadcrumbList\",\"@id\":\"https:\/\/www.rijeka.hr\/it\/temi-per-i-cittadini\/sport-e-ricreazione\/ricreazione-a-fiume\/ricreazione-sportiva-dei-pensionati-al-polo-natatorio-di-cantrida\/#breadcrumb\",\"itemListElement\":[{\"@type\":\"ListItem\",\"position\":1,\"name\":\"Po\u010detna stranica\",\"item\":\"https:\/\/www.rijeka.hr\/it\/\"},{\"@type\":\"ListItem\",\"position\":2,\"name\":\"Temi per i cittadini\",\"item\":\"https:\/\/www.rijeka.hr\/it\/temi-per-i-cittadini\/\"},{\"@type\":\"ListItem\",\"position\":3,\"name\":\"Sport e ricreazione\",\"item\":\"https:\/\/www.rijeka.hr\/it\/temi-per-i-cittadini\/sport-e-ricreazione\/\"},{\"@type\":\"ListItem\",\"position\":4,\"name\":\"Ricreazione a Fiume\",\"item\":\"https:\/\/www.rijeka.hr\/it\/temi-per-i-cittadini\/sport-e-ricreazione\/ricreazione-a-fiume\/\"},{\"@type\":\"ListItem\",\"position\":5,\"name\":\"Ricreazione sportiva dei pensionati al Polo natatorio di Cantrida\"}]},{\"@type\":\"WebSite\",\"@id\":\"https:\/\/www.rijeka.hr\/it\/#website\",\"url\":\"https:\/\/www.rijeka.hr\/it\/\",\"name\":\"Citt\u00e0 di Fiume\",\"description\":\"Portale web della Citta&#039; di Fiume\",\"potentialAction\":[{\"@type\":\"SearchAction\",\"target\":{\"@type\":\"EntryPoint\",\"urlTemplate\":\"https:\/\/www.rijeka.hr\/it\/?s={search_term_string}\"},\"query-input\":{\"@type\":\"PropertyValueSpecification\",\"valueRequired\":true,\"valueName\":\"search_term_string\"}}],\"inLanguage\":\"it-IT\"}]}<\/script>\n<!-- \/ Yoast SEO plugin. -->","yoast_head_json":{"title":"Ricreazione sportiva dei pensionati al Polo natatorio di Cantrida - Citt\u00e0 di Fiume","robots":{"index":"index","follow":"follow","max-snippet":"max-snippet:-1","max-image-preview":"max-image-preview:large","max-video-preview":"max-video-preview:-1"},"canonical":"https:\/\/www.rijeka.hr\/it\/temi-per-i-cittadini\/sport-e-ricreazione\/ricreazione-a-fiume\/ricreazione-sportiva-dei-pensionati-al-polo-natatorio-di-cantrida\/","og_locale":"it_IT","og_type":"article","og_title":"Ricreazione sportiva dei pensionati al Polo natatorio di Cantrida - Citt\u00e0 di Fiume","og_description":"Con l&#8217;obiettivo di migliorare la qualit\u00e0 della vita degli anziani, la Citt\u00e0 di Fiume, la municipalizzata &#8220;Rijeka Sport&#8221; e l&#8217;Associazione dei pensionati della citt\u00e0 di Fiume consentono ai suoi membri di utilizzare gratuitamente il Polo natatorio di Cantrida per programmi ricreativi destinati agli anziani, tre volte alla settimana. I membri dell&#8217;associazione possono prendere parte una...","og_url":"https:\/\/www.rijeka.hr\/it\/temi-per-i-cittadini\/sport-e-ricreazione\/ricreazione-a-fiume\/ricreazione-sportiva-dei-pensionati-al-polo-natatorio-di-cantrida\/","og_site_name":"Citt\u00e0 di Fiume","article_modified_time":"2020-07-27T07:12:29+00:00","twitter_card":"summary_large_image","twitter_misc":{"Est. reading time":"1 minute"},"schema":{"@context":"https:\/\/schema.org","@graph":[{"@type":"WebPage","@id":"https:\/\/www.rijeka.hr\/it\/temi-per-i-cittadini\/sport-e-ricreazione\/ricreazione-a-fiume\/ricreazione-sportiva-dei-pensionati-al-polo-natatorio-di-cantrida\/","url":"https:\/\/www.rijeka.hr\/it\/temi-per-i-cittadini\/sport-e-ricreazione\/ricreazione-a-fiume\/ricreazione-sportiva-dei-pensionati-al-polo-natatorio-di-cantrida\/","name":"Ricreazione sportiva dei pensionati al Polo natatorio di Cantrida - Citt\u00e0 di Fiume","isPartOf":{"@id":"https:\/\/www.rijeka.hr\/it\/#website"},"datePublished":"2019-12-13T13:58:17+00:00","dateModified":"2020-07-27T07:12:29+00:00","breadcrumb":{"@id":"https:\/\/www.rijeka.hr\/it\/temi-per-i-cittadini\/sport-e-ricreazione\/ricreazione-a-fiume\/ricreazione-sportiva-dei-pensionati-al-polo-natatorio-di-cantrida\/#breadcrumb"},"inLanguage":"it-IT","potentialAction":[{"@type":"ReadAction","target":["https:\/\/www.rijeka.hr\/it\/temi-per-i-cittadini\/sport-e-ricreazione\/ricreazione-a-fiume\/ricreazione-sportiva-dei-pensionati-al-polo-natatorio-di-cantrida\/"]}]},{"@type":"BreadcrumbList","@id":"https:\/\/www.rijeka.hr\/it\/temi-per-i-cittadini\/sport-e-ricreazione\/ricreazione-a-fiume\/ricreazione-sportiva-dei-pensionati-al-polo-natatorio-di-cantrida\/#breadcrumb","itemListElement":[{"@type":"ListItem","position":1,"name":"Po\u010detna stranica","item":"https:\/\/www.rijeka.hr\/it\/"},{"@type":"ListItem","position":2,"name":"Temi per i cittadini","item":"https:\/\/www.rijeka.hr\/it\/temi-per-i-cittadini\/"},{"@type":"ListItem","position":3,"name":"Sport e ricreazione","item":"https:\/\/www.rijeka.hr\/it\/temi-per-i-cittadini\/sport-e-ricreazione\/"},{"@type":"ListItem","position":4,"name":"Ricreazione a Fiume","item":"https:\/\/www.rijeka.hr\/it\/temi-per-i-cittadini\/sport-e-ricreazione\/ricreazione-a-fiume\/"},{"@type":"ListItem","position":5,"name":"Ricreazione sportiva dei pensionati al Polo natatorio di Cantrida"}]},{"@type":"WebSite","@id":"https:\/\/www.rijeka.hr\/it\/#website","url":"https:\/\/www.rijeka.hr\/it\/","name":"Citt\u00e0 di Fiume","description":"Portale web della Citta&#039; di Fiume","potentialAction":[{"@type":"SearchAction","target":{"@type":"EntryPoint","urlTemplate":"https:\/\/www.rijeka.hr\/it\/?s={search_term_string}"},"query-input":{"@type":"PropertyValueSpecification","valueRequired":true,"valueName":"search_term_string"}}],"inLanguage":"it-IT"}]}},"_links":{"self":[{"href":"https:\/\/www.rijeka.hr\/it\/wp-json\/wp\/v2\/pages\/9820","targetHints":{"allow":["GET"]}}],"collection":[{"href":"https:\/\/www.rijeka.hr\/it\/wp-json\/wp\/v2\/pages"}],"about":[{"href":"https:\/\/www.rijeka.hr\/it\/wp-json\/wp\/v2\/types\/page"}],"author":[{"embeddable":true,"href":"https:\/\/www.rijeka.hr\/it\/wp-json\/wp\/v2\/users\/75"}],"replies":[{"embeddable":true,"href":"https:\/\/www.rijeka.hr\/it\/wp-json\/wp\/v2\/comments?post=9820"}],"version-history":[{"count":3,"href":"https:\/\/www.rijeka.hr\/it\/wp-json\/wp\/v2\/pages\/9820\/revisions"}],"predecessor-version":[{"id":9823,"href":"https:\/\/www.rijeka.hr\/it\/wp-json\/wp\/v2\/pages\/9820\/revisions\/9823"}],"up":[{"embeddable":true,"href":"https:\/\/www.rijeka.hr\/it\/wp-json\/wp\/v2\/pages\/333"}],"wp:attachment":[{"href":"https:\/\/www.rijeka.hr\/it\/wp-json\/wp\/v2\/media?parent=9820"}],"wp:term":[{"taxonomy":"post_tag","embeddable":true,"href":"https:\/\/www.rijeka.hr\/it\/wp-json\/wp\/v2\/tags?post=9820"}],"curies":[{"name":"wp","href":"https:\/\/api.w.org\/{rel}","templated":true}]}}