{"id":9824,"date":"2019-12-13T15:07:36","date_gmt":"2019-12-13T14:07:36","guid":{"rendered":"https:\/\/www.rijeka.hr\/it\/?page_id=9824"},"modified":"2019-12-13T15:26:01","modified_gmt":"2019-12-13T14:26:01","slug":"esercizi-organizzati-per-anziani-di-eta-superiore-ai-65-anni","status":"publish","type":"page","link":"https:\/\/www.rijeka.hr\/it\/temi-per-i-cittadini\/famiglia-e-assistenza-sociale\/salute\/servizi-sanitari-eo-servizi-consultivi\/esercizi-organizzati-per-anziani-di-eta-superiore-ai-65-anni\/","title":{"rendered":"Esercizi organizzati per anziani di et\u00e0 superiore ai 65 anni"},"content":{"rendered":"<p>La Cattedra di Medicina Sociale ed Epidemiologia della Facolt\u00e0 di Medicina di Fiume organizza esercizi per anziani in collaborazione con la Facolt\u00e0 di studi sanitari e il sostegno della Citt\u00e0 di Fiume. I gruppi di esercenti sono guidati da studenti universitari di Fisioterapia che hanno subito un corso di formazione per la gestione di esercizi per persone anziane. Un programma di esercizi adattato ha un effetto benefico su articolazioni e colonna vertebrale, cuore e sistema circolatorio, circolazione, digestione, sistemi ormonali e nervosi ed elimina la fatica e il cattivo umore. Il programma controlla anche il progresso e l&#8217;efficacia degli esercizi. L&#8217;esercizio fisico \u00e8 gratuito per le persone di et\u00e0 superiore ai 65 anni presso i comitati di quartiere \u0160kurinje, Potok e Mlaka e presso la Facolt\u00e0 di studi sanitari.<\/p>\n<p><strong>Contatto<\/strong>: mob. 091\/132 0422 &#8211; Dipartimento di medicina sociale ed epidemiologia, Universit\u00e0 di Fiume<\/p>\n","protected":false},"excerpt":{"rendered":"<p>La Cattedra di Medicina Sociale ed Epidemiologia della Facolt\u00e0 di Medicina di Fiume organizza esercizi per anziani in collaborazione con la Facolt\u00e0 di studi sanitari e il sostegno della Citt\u00e0 di Fiume. I gruppi di esercenti sono guidati da studenti universitari di Fisioterapia che hanno subito un corso di formazione per la gestione di esercizi&#8230;<\/p>\n","protected":false},"author":75,"featured_media":0,"parent":69,"menu_order":0,"comment_status":"closed","ping_status":"closed","template":"","meta":{"_acf_changed":false,"_trash_the_other_posts":false,"footnotes":"","_links_to":"","_links_to_target":""},"tags":[],"class_list":["post-9824","page","type-page","status-publish","hentry"],"acf":[],"yoast_head":"<!-- This site is optimized with the Yoast SEO plugin v24.4 - https:\/\/yoast.com\/wordpress\/plugins\/seo\/ -->\n<title>Esercizi organizzati per anziani di et\u00e0 superiore ai 65 anni - Citt\u00e0 di Fiume<\/title>\n<meta name=\"robots\" content=\"index, follow, max-snippet:-1, max-image-preview:large, max-video-preview:-1\" \/>\n<link rel=\"canonical\" href=\"https:\/\/www.rijeka.hr\/it\/temi-per-i-cittadini\/famiglia-e-assistenza-sociale\/salute\/servizi-sanitari-eo-servizi-consultivi\/esercizi-organizzati-per-anziani-di-eta-superiore-ai-65-anni\/\" \/>\n<meta property=\"og:locale\" content=\"it_IT\" \/>\n<meta property=\"og:type\" content=\"article\" \/>\n<meta property=\"og:title\" content=\"Esercizi organizzati per anziani di et\u00e0 superiore ai 65 anni - Citt\u00e0 di Fiume\" \/>\n<meta property=\"og:description\" content=\"La Cattedra di Medicina Sociale ed Epidemiologia della Facolt\u00e0 di Medicina di Fiume organizza esercizi per anziani in collaborazione con la Facolt\u00e0 di studi sanitari e il sostegno della Citt\u00e0 di Fiume. I gruppi di esercenti sono guidati da studenti universitari di Fisioterapia che hanno subito un corso di formazione per la gestione di esercizi...\" \/>\n<meta property=\"og:url\" content=\"https:\/\/www.rijeka.hr\/it\/temi-per-i-cittadini\/famiglia-e-assistenza-sociale\/salute\/servizi-sanitari-eo-servizi-consultivi\/esercizi-organizzati-per-anziani-di-eta-superiore-ai-65-anni\/\" \/>\n<meta property=\"og:site_name\" content=\"Citt\u00e0 di Fiume\" \/>\n<meta property=\"article:modified_time\" content=\"2019-12-13T14:26:01+00:00\" \/>\n<meta name=\"twitter:card\" content=\"summary_large_image\" \/>\n<meta name=\"twitter:label1\" content=\"Est. reading time\" \/>\n\t<meta name=\"twitter:data1\" content=\"1 minute\" \/>\n<script type=\"application\/ld+json\" class=\"yoast-schema-graph\">{\"@context\":\"https:\/\/schema.org\",\"@graph\":[{\"@type\":\"WebPage\",\"@id\":\"https:\/\/www.rijeka.hr\/it\/temi-per-i-cittadini\/famiglia-e-assistenza-sociale\/salute\/servizi-sanitari-eo-servizi-consultivi\/esercizi-organizzati-per-anziani-di-eta-superiore-ai-65-anni\/\",\"url\":\"https:\/\/www.rijeka.hr\/it\/temi-per-i-cittadini\/famiglia-e-assistenza-sociale\/salute\/servizi-sanitari-eo-servizi-consultivi\/esercizi-organizzati-per-anziani-di-eta-superiore-ai-65-anni\/\",\"name\":\"Esercizi organizzati per anziani di et\u00e0 superiore ai 65 anni - Citt\u00e0 di Fiume\",\"isPartOf\":{\"@id\":\"https:\/\/www.rijeka.hr\/it\/#website\"},\"datePublished\":\"2019-12-13T14:07:36+00:00\",\"dateModified\":\"2019-12-13T14:26:01+00:00\",\"breadcrumb\":{\"@id\":\"https:\/\/www.rijeka.hr\/it\/temi-per-i-cittadini\/famiglia-e-assistenza-sociale\/salute\/servizi-sanitari-eo-servizi-consultivi\/esercizi-organizzati-per-anziani-di-eta-superiore-ai-65-anni\/#breadcrumb\"},\"inLanguage\":\"it-IT\",\"potentialAction\":[{\"@type\":\"ReadAction\",\"target\":[\"https:\/\/www.rijeka.hr\/it\/temi-per-i-cittadini\/famiglia-e-assistenza-sociale\/salute\/servizi-sanitari-eo-servizi-consultivi\/esercizi-organizzati-per-anziani-di-eta-superiore-ai-65-anni\/\"]}]},{\"@type\":\"BreadcrumbList\",\"@id\":\"https:\/\/www.rijeka.hr\/it\/temi-per-i-cittadini\/famiglia-e-assistenza-sociale\/salute\/servizi-sanitari-eo-servizi-consultivi\/esercizi-organizzati-per-anziani-di-eta-superiore-ai-65-anni\/#breadcrumb\",\"itemListElement\":[{\"@type\":\"ListItem\",\"position\":1,\"name\":\"Po\u010detna stranica\",\"item\":\"https:\/\/www.rijeka.hr\/it\/\"},{\"@type\":\"ListItem\",\"position\":2,\"name\":\"Temi per i cittadini\",\"item\":\"https:\/\/www.rijeka.hr\/it\/temi-per-i-cittadini\/\"},{\"@type\":\"ListItem\",\"position\":3,\"name\":\"Famiglia e previdenza sociale\",\"item\":\"https:\/\/www.rijeka.hr\/it\/temi-per-i-cittadini\/famiglia-e-assistenza-sociale\/\"},{\"@type\":\"ListItem\",\"position\":4,\"name\":\"Sanit\u00e0\",\"item\":\"https:\/\/www.rijeka.hr\/it\/temi-per-i-cittadini\/famiglia-e-assistenza-sociale\/salute\/\"},{\"@type\":\"ListItem\",\"position\":5,\"name\":\"Servizi sanitari e\/o servizi consultivi\",\"item\":\"https:\/\/www.rijeka.hr\/it\/temi-per-i-cittadini\/famiglia-e-assistenza-sociale\/salute\/servizi-sanitari-eo-servizi-consultivi\/\"},{\"@type\":\"ListItem\",\"position\":6,\"name\":\"Esercizi organizzati per anziani di et\u00e0 superiore ai 65 anni\"}]},{\"@type\":\"WebSite\",\"@id\":\"https:\/\/www.rijeka.hr\/it\/#website\",\"url\":\"https:\/\/www.rijeka.hr\/it\/\",\"name\":\"Citt\u00e0 di Fiume\",\"description\":\"Portale web della Citta&#039; di Fiume\",\"potentialAction\":[{\"@type\":\"SearchAction\",\"target\":{\"@type\":\"EntryPoint\",\"urlTemplate\":\"https:\/\/www.rijeka.hr\/it\/?s={search_term_string}\"},\"query-input\":{\"@type\":\"PropertyValueSpecification\",\"valueRequired\":true,\"valueName\":\"search_term_string\"}}],\"inLanguage\":\"it-IT\"}]}<\/script>\n<!-- \/ Yoast SEO plugin. -->","yoast_head_json":{"title":"Esercizi organizzati per anziani di et\u00e0 superiore ai 65 anni - Citt\u00e0 di Fiume","robots":{"index":"index","follow":"follow","max-snippet":"max-snippet:-1","max-image-preview":"max-image-preview:large","max-video-preview":"max-video-preview:-1"},"canonical":"https:\/\/www.rijeka.hr\/it\/temi-per-i-cittadini\/famiglia-e-assistenza-sociale\/salute\/servizi-sanitari-eo-servizi-consultivi\/esercizi-organizzati-per-anziani-di-eta-superiore-ai-65-anni\/","og_locale":"it_IT","og_type":"article","og_title":"Esercizi organizzati per anziani di et\u00e0 superiore ai 65 anni - Citt\u00e0 di Fiume","og_description":"La Cattedra di Medicina Sociale ed Epidemiologia della Facolt\u00e0 di Medicina di Fiume organizza esercizi per anziani in collaborazione con la Facolt\u00e0 di studi sanitari e il sostegno della Citt\u00e0 di Fiume. I gruppi di esercenti sono guidati da studenti universitari di Fisioterapia che hanno subito un corso di formazione per la gestione di esercizi...","og_url":"https:\/\/www.rijeka.hr\/it\/temi-per-i-cittadini\/famiglia-e-assistenza-sociale\/salute\/servizi-sanitari-eo-servizi-consultivi\/esercizi-organizzati-per-anziani-di-eta-superiore-ai-65-anni\/","og_site_name":"Citt\u00e0 di Fiume","article_modified_time":"2019-12-13T14:26:01+00:00","twitter_card":"summary_large_image","twitter_misc":{"Est. reading time":"1 minute"},"schema":{"@context":"https:\/\/schema.org","@graph":[{"@type":"WebPage","@id":"https:\/\/www.rijeka.hr\/it\/temi-per-i-cittadini\/famiglia-e-assistenza-sociale\/salute\/servizi-sanitari-eo-servizi-consultivi\/esercizi-organizzati-per-anziani-di-eta-superiore-ai-65-anni\/","url":"https:\/\/www.rijeka.hr\/it\/temi-per-i-cittadini\/famiglia-e-assistenza-sociale\/salute\/servizi-sanitari-eo-servizi-consultivi\/esercizi-organizzati-per-anziani-di-eta-superiore-ai-65-anni\/","name":"Esercizi organizzati per anziani di et\u00e0 superiore ai 65 anni - Citt\u00e0 di Fiume","isPartOf":{"@id":"https:\/\/www.rijeka.hr\/it\/#website"},"datePublished":"2019-12-13T14:07:36+00:00","dateModified":"2019-12-13T14:26:01+00:00","breadcrumb":{"@id":"https:\/\/www.rijeka.hr\/it\/temi-per-i-cittadini\/famiglia-e-assistenza-sociale\/salute\/servizi-sanitari-eo-servizi-consultivi\/esercizi-organizzati-per-anziani-di-eta-superiore-ai-65-anni\/#breadcrumb"},"inLanguage":"it-IT","potentialAction":[{"@type":"ReadAction","target":["https:\/\/www.rijeka.hr\/it\/temi-per-i-cittadini\/famiglia-e-assistenza-sociale\/salute\/servizi-sanitari-eo-servizi-consultivi\/esercizi-organizzati-per-anziani-di-eta-superiore-ai-65-anni\/"]}]},{"@type":"BreadcrumbList","@id":"https:\/\/www.rijeka.hr\/it\/temi-per-i-cittadini\/famiglia-e-assistenza-sociale\/salute\/servizi-sanitari-eo-servizi-consultivi\/esercizi-organizzati-per-anziani-di-eta-superiore-ai-65-anni\/#breadcrumb","itemListElement":[{"@type":"ListItem","position":1,"name":"Po\u010detna stranica","item":"https:\/\/www.rijeka.hr\/it\/"},{"@type":"ListItem","position":2,"name":"Temi per i cittadini","item":"https:\/\/www.rijeka.hr\/it\/temi-per-i-cittadini\/"},{"@type":"ListItem","position":3,"name":"Famiglia e previdenza sociale","item":"https:\/\/www.rijeka.hr\/it\/temi-per-i-cittadini\/famiglia-e-assistenza-sociale\/"},{"@type":"ListItem","position":4,"name":"Sanit\u00e0","item":"https:\/\/www.rijeka.hr\/it\/temi-per-i-cittadini\/famiglia-e-assistenza-sociale\/salute\/"},{"@type":"ListItem","position":5,"name":"Servizi sanitari e\/o servizi consultivi","item":"https:\/\/www.rijeka.hr\/it\/temi-per-i-cittadini\/famiglia-e-assistenza-sociale\/salute\/servizi-sanitari-eo-servizi-consultivi\/"},{"@type":"ListItem","position":6,"name":"Esercizi organizzati per anziani di et\u00e0 superiore ai 65 anni"}]},{"@type":"WebSite","@id":"https:\/\/www.rijeka.hr\/it\/#website","url":"https:\/\/www.rijeka.hr\/it\/","name":"Citt\u00e0 di Fiume","description":"Portale web della Citta&#039; di Fiume","potentialAction":[{"@type":"SearchAction","target":{"@type":"EntryPoint","urlTemplate":"https:\/\/www.rijeka.hr\/it\/?s={search_term_string}"},"query-input":{"@type":"PropertyValueSpecification","valueRequired":true,"valueName":"search_term_string"}}],"inLanguage":"it-IT"}]}},"_links":{"self":[{"href":"https:\/\/www.rijeka.hr\/it\/wp-json\/wp\/v2\/pages\/9824","targetHints":{"allow":["GET"]}}],"collection":[{"href":"https:\/\/www.rijeka.hr\/it\/wp-json\/wp\/v2\/pages"}],"about":[{"href":"https:\/\/www.rijeka.hr\/it\/wp-json\/wp\/v2\/types\/page"}],"author":[{"embeddable":true,"href":"https:\/\/www.rijeka.hr\/it\/wp-json\/wp\/v2\/users\/75"}],"replies":[{"embeddable":true,"href":"https:\/\/www.rijeka.hr\/it\/wp-json\/wp\/v2\/comments?post=9824"}],"version-history":[{"count":3,"href":"https:\/\/www.rijeka.hr\/it\/wp-json\/wp\/v2\/pages\/9824\/revisions"}],"predecessor-version":[{"id":9826,"href":"https:\/\/www.rijeka.hr\/it\/wp-json\/wp\/v2\/pages\/9824\/revisions\/9826"}],"up":[{"embeddable":true,"href":"https:\/\/www.rijeka.hr\/it\/wp-json\/wp\/v2\/pages\/69"}],"wp:attachment":[{"href":"https:\/\/www.rijeka.hr\/it\/wp-json\/wp\/v2\/media?parent=9824"}],"wp:term":[{"taxonomy":"post_tag","embeddable":true,"href":"https:\/\/www.rijeka.hr\/it\/wp-json\/wp\/v2\/tags?post=9824"}],"curies":[{"name":"wp","href":"https:\/\/api.w.org\/{rel}","templated":true}]}}