{"id":9875,"date":"2020-01-09T13:40:58","date_gmt":"2020-01-09T12:40:58","guid":{"rendered":"https:\/\/www.rijeka.hr\/it\/?page_id=9875"},"modified":"2023-01-23T14:51:47","modified_gmt":"2023-01-23T13:51:47","slug":"contributo-di-costruzione-per-le-strutture-di-gestione-dei-rifiuti-urbani","status":"publish","type":"page","link":"https:\/\/www.rijeka.hr\/it\/temi-per-i-cittadini\/indennizzi-e-imposte\/contributo-di-costruzione-per-le-strutture-di-gestione-dei-rifiuti-urbani\/","title":{"rendered":"Contributo di costruzione per le strutture di gestione dei rifiuti urbani"},"content":{"rendered":"<p>Il contributo di costruzione per le strutture di gestione dei rifiuti urbani viene calcolato dalla municipalizzata \u010cisto\u0107a, a nome e per conto della citt\u00e0 di Fiume.<\/p>\n<p>La tassa viene determinata su base annuale. Nel 2020, il contributo di costruzione per le strutture di gestione dei rifiuti urbani sul territorio della citt\u00e0 di Fiume \u00e8 determinata per litro di rifiuti urbani misti per un importo mensile di 0,018 kune \/ lit per i nuclei famigliari e 0,049 kune \/ lit per le persone giuridiche e le persone fisiche \u2013 artigiani.<\/p>\n","protected":false},"excerpt":{"rendered":"<p>Il contributo di costruzione per le strutture di gestione dei rifiuti urbani viene calcolato dalla municipalizzata \u010cisto\u0107a, a nome e per conto della citt\u00e0 di Fiume. La tassa viene determinata su base annuale. Nel 2020, il contributo di costruzione per le strutture di gestione dei rifiuti urbani sul territorio della citt\u00e0 di Fiume \u00e8 determinata&#8230;<\/p>\n","protected":false},"author":5,"featured_media":0,"parent":924,"menu_order":0,"comment_status":"closed","ping_status":"closed","template":"","meta":{"_acf_changed":false,"_trash_the_other_posts":false,"footnotes":"","_links_to":"","_links_to_target":""},"tags":[],"class_list":["post-9875","page","type-page","status-publish","hentry"],"acf":[],"yoast_head":"<!-- This site is optimized with the Yoast SEO plugin v24.4 - https:\/\/yoast.com\/wordpress\/plugins\/seo\/ -->\n<title>Contributo di costruzione per le strutture di gestione dei rifiuti urbani - Citt\u00e0 di Fiume<\/title>\n<meta name=\"robots\" content=\"index, follow, max-snippet:-1, max-image-preview:large, max-video-preview:-1\" \/>\n<link rel=\"canonical\" href=\"https:\/\/www.rijeka.hr\/it\/temi-per-i-cittadini\/indennizzi-e-imposte\/contributo-di-costruzione-per-le-strutture-di-gestione-dei-rifiuti-urbani\/\" \/>\n<meta property=\"og:locale\" content=\"it_IT\" \/>\n<meta property=\"og:type\" content=\"article\" \/>\n<meta property=\"og:title\" content=\"Contributo di costruzione per le strutture di gestione dei rifiuti urbani - Citt\u00e0 di Fiume\" \/>\n<meta property=\"og:description\" content=\"Il contributo di costruzione per le strutture di gestione dei rifiuti urbani viene calcolato dalla municipalizzata \u010cisto\u0107a, a nome e per conto della citt\u00e0 di Fiume. La tassa viene determinata su base annuale. Nel 2020, il contributo di costruzione per le strutture di gestione dei rifiuti urbani sul territorio della citt\u00e0 di Fiume \u00e8 determinata...\" \/>\n<meta property=\"og:url\" content=\"https:\/\/www.rijeka.hr\/it\/temi-per-i-cittadini\/indennizzi-e-imposte\/contributo-di-costruzione-per-le-strutture-di-gestione-dei-rifiuti-urbani\/\" \/>\n<meta property=\"og:site_name\" content=\"Citt\u00e0 di Fiume\" \/>\n<meta property=\"article:modified_time\" content=\"2023-01-23T13:51:47+00:00\" \/>\n<meta name=\"twitter:card\" content=\"summary_large_image\" \/>\n<script type=\"application\/ld+json\" class=\"yoast-schema-graph\">{\"@context\":\"https:\/\/schema.org\",\"@graph\":[{\"@type\":\"WebPage\",\"@id\":\"https:\/\/www.rijeka.hr\/it\/temi-per-i-cittadini\/indennizzi-e-imposte\/contributo-di-costruzione-per-le-strutture-di-gestione-dei-rifiuti-urbani\/\",\"url\":\"https:\/\/www.rijeka.hr\/it\/temi-per-i-cittadini\/indennizzi-e-imposte\/contributo-di-costruzione-per-le-strutture-di-gestione-dei-rifiuti-urbani\/\",\"name\":\"Contributo di costruzione per le strutture di gestione dei rifiuti urbani - Citt\u00e0 di Fiume\",\"isPartOf\":{\"@id\":\"https:\/\/www.rijeka.hr\/it\/#website\"},\"datePublished\":\"2020-01-09T12:40:58+00:00\",\"dateModified\":\"2023-01-23T13:51:47+00:00\",\"breadcrumb\":{\"@id\":\"https:\/\/www.rijeka.hr\/it\/temi-per-i-cittadini\/indennizzi-e-imposte\/contributo-di-costruzione-per-le-strutture-di-gestione-dei-rifiuti-urbani\/#breadcrumb\"},\"inLanguage\":\"it-IT\",\"potentialAction\":[{\"@type\":\"ReadAction\",\"target\":[\"https:\/\/www.rijeka.hr\/it\/temi-per-i-cittadini\/indennizzi-e-imposte\/contributo-di-costruzione-per-le-strutture-di-gestione-dei-rifiuti-urbani\/\"]}]},{\"@type\":\"BreadcrumbList\",\"@id\":\"https:\/\/www.rijeka.hr\/it\/temi-per-i-cittadini\/indennizzi-e-imposte\/contributo-di-costruzione-per-le-strutture-di-gestione-dei-rifiuti-urbani\/#breadcrumb\",\"itemListElement\":[{\"@type\":\"ListItem\",\"position\":1,\"name\":\"Po\u010detna stranica\",\"item\":\"https:\/\/www.rijeka.hr\/it\/\"},{\"@type\":\"ListItem\",\"position\":2,\"name\":\"Temi per i cittadini\",\"item\":\"https:\/\/www.rijeka.hr\/it\/temi-per-i-cittadini\/\"},{\"@type\":\"ListItem\",\"position\":3,\"name\":\"Indennizzi e imposte\",\"item\":\"https:\/\/www.rijeka.hr\/it\/temi-per-i-cittadini\/indennizzi-e-imposte\/\"},{\"@type\":\"ListItem\",\"position\":4,\"name\":\"Contributo di costruzione per le strutture di gestione dei rifiuti urbani\"}]},{\"@type\":\"WebSite\",\"@id\":\"https:\/\/www.rijeka.hr\/it\/#website\",\"url\":\"https:\/\/www.rijeka.hr\/it\/\",\"name\":\"Citt\u00e0 di Fiume\",\"description\":\"Portale web della Citta&#039; di Fiume\",\"potentialAction\":[{\"@type\":\"SearchAction\",\"target\":{\"@type\":\"EntryPoint\",\"urlTemplate\":\"https:\/\/www.rijeka.hr\/it\/?s={search_term_string}\"},\"query-input\":{\"@type\":\"PropertyValueSpecification\",\"valueRequired\":true,\"valueName\":\"search_term_string\"}}],\"inLanguage\":\"it-IT\"}]}<\/script>\n<!-- \/ Yoast SEO plugin. -->","yoast_head_json":{"title":"Contributo di costruzione per le strutture di gestione dei rifiuti urbani - Citt\u00e0 di Fiume","robots":{"index":"index","follow":"follow","max-snippet":"max-snippet:-1","max-image-preview":"max-image-preview:large","max-video-preview":"max-video-preview:-1"},"canonical":"https:\/\/www.rijeka.hr\/it\/temi-per-i-cittadini\/indennizzi-e-imposte\/contributo-di-costruzione-per-le-strutture-di-gestione-dei-rifiuti-urbani\/","og_locale":"it_IT","og_type":"article","og_title":"Contributo di costruzione per le strutture di gestione dei rifiuti urbani - Citt\u00e0 di Fiume","og_description":"Il contributo di costruzione per le strutture di gestione dei rifiuti urbani viene calcolato dalla municipalizzata \u010cisto\u0107a, a nome e per conto della citt\u00e0 di Fiume. La tassa viene determinata su base annuale. Nel 2020, il contributo di costruzione per le strutture di gestione dei rifiuti urbani sul territorio della citt\u00e0 di Fiume \u00e8 determinata...","og_url":"https:\/\/www.rijeka.hr\/it\/temi-per-i-cittadini\/indennizzi-e-imposte\/contributo-di-costruzione-per-le-strutture-di-gestione-dei-rifiuti-urbani\/","og_site_name":"Citt\u00e0 di Fiume","article_modified_time":"2023-01-23T13:51:47+00:00","twitter_card":"summary_large_image","schema":{"@context":"https:\/\/schema.org","@graph":[{"@type":"WebPage","@id":"https:\/\/www.rijeka.hr\/it\/temi-per-i-cittadini\/indennizzi-e-imposte\/contributo-di-costruzione-per-le-strutture-di-gestione-dei-rifiuti-urbani\/","url":"https:\/\/www.rijeka.hr\/it\/temi-per-i-cittadini\/indennizzi-e-imposte\/contributo-di-costruzione-per-le-strutture-di-gestione-dei-rifiuti-urbani\/","name":"Contributo di costruzione per le strutture di gestione dei rifiuti urbani - Citt\u00e0 di Fiume","isPartOf":{"@id":"https:\/\/www.rijeka.hr\/it\/#website"},"datePublished":"2020-01-09T12:40:58+00:00","dateModified":"2023-01-23T13:51:47+00:00","breadcrumb":{"@id":"https:\/\/www.rijeka.hr\/it\/temi-per-i-cittadini\/indennizzi-e-imposte\/contributo-di-costruzione-per-le-strutture-di-gestione-dei-rifiuti-urbani\/#breadcrumb"},"inLanguage":"it-IT","potentialAction":[{"@type":"ReadAction","target":["https:\/\/www.rijeka.hr\/it\/temi-per-i-cittadini\/indennizzi-e-imposte\/contributo-di-costruzione-per-le-strutture-di-gestione-dei-rifiuti-urbani\/"]}]},{"@type":"BreadcrumbList","@id":"https:\/\/www.rijeka.hr\/it\/temi-per-i-cittadini\/indennizzi-e-imposte\/contributo-di-costruzione-per-le-strutture-di-gestione-dei-rifiuti-urbani\/#breadcrumb","itemListElement":[{"@type":"ListItem","position":1,"name":"Po\u010detna stranica","item":"https:\/\/www.rijeka.hr\/it\/"},{"@type":"ListItem","position":2,"name":"Temi per i cittadini","item":"https:\/\/www.rijeka.hr\/it\/temi-per-i-cittadini\/"},{"@type":"ListItem","position":3,"name":"Indennizzi e imposte","item":"https:\/\/www.rijeka.hr\/it\/temi-per-i-cittadini\/indennizzi-e-imposte\/"},{"@type":"ListItem","position":4,"name":"Contributo di costruzione per le strutture di gestione dei rifiuti urbani"}]},{"@type":"WebSite","@id":"https:\/\/www.rijeka.hr\/it\/#website","url":"https:\/\/www.rijeka.hr\/it\/","name":"Citt\u00e0 di Fiume","description":"Portale web della Citta&#039; di Fiume","potentialAction":[{"@type":"SearchAction","target":{"@type":"EntryPoint","urlTemplate":"https:\/\/www.rijeka.hr\/it\/?s={search_term_string}"},"query-input":{"@type":"PropertyValueSpecification","valueRequired":true,"valueName":"search_term_string"}}],"inLanguage":"it-IT"}]}},"_links":{"self":[{"href":"https:\/\/www.rijeka.hr\/it\/wp-json\/wp\/v2\/pages\/9875","targetHints":{"allow":["GET"]}}],"collection":[{"href":"https:\/\/www.rijeka.hr\/it\/wp-json\/wp\/v2\/pages"}],"about":[{"href":"https:\/\/www.rijeka.hr\/it\/wp-json\/wp\/v2\/types\/page"}],"author":[{"embeddable":true,"href":"https:\/\/www.rijeka.hr\/it\/wp-json\/wp\/v2\/users\/5"}],"replies":[{"embeddable":true,"href":"https:\/\/www.rijeka.hr\/it\/wp-json\/wp\/v2\/comments?post=9875"}],"version-history":[{"count":5,"href":"https:\/\/www.rijeka.hr\/it\/wp-json\/wp\/v2\/pages\/9875\/revisions"}],"predecessor-version":[{"id":9881,"href":"https:\/\/www.rijeka.hr\/it\/wp-json\/wp\/v2\/pages\/9875\/revisions\/9881"}],"up":[{"embeddable":true,"href":"https:\/\/www.rijeka.hr\/it\/wp-json\/wp\/v2\/pages\/924"}],"wp:attachment":[{"href":"https:\/\/www.rijeka.hr\/it\/wp-json\/wp\/v2\/media?parent=9875"}],"wp:term":[{"taxonomy":"post_tag","embeddable":true,"href":"https:\/\/www.rijeka.hr\/it\/wp-json\/wp\/v2\/tags?post=9875"}],"curies":[{"name":"wp","href":"https:\/\/api.w.org\/{rel}","templated":true}]}}