{"id":996,"date":"2016-08-08T10:33:24","date_gmt":"2016-08-08T08:33:24","guid":{"rendered":"https:\/\/www.rijeka.hr\/it\/?page_id=996"},"modified":"2021-08-12T12:30:29","modified_gmt":"2021-08-12T10:30:29","slug":"tutela-della-salute","status":"publish","type":"page","link":"https:\/\/www.rijeka.hr\/it\/temi-per-i-cittadini\/famiglia-e-assistenza-sociale\/anziani-e-pensionati\/tutela-della-salute\/","title":{"rendered":"Tutela sanitaria e psicosociale degli anziani"},"content":{"rendered":"<p>Nonostante molti problemi di salute che spesso accompagnano l\u2019et\u00e0 anziana, ci sono sempre pi\u00f9 prove al contrario, che le persone anziane abbiano pi\u00f9 forza fisica e psichica di quello che noi possiamo immaginare. Uno degli obiettivi della Citt\u00e0 di Fiume \u00e8 quello di assistere loro di restare in buona salute il pi\u00f9 a lungo possibile.<\/p>\n<p><strong><a href=\"https:\/\/www.rijeka.hr\/teme-za-gradane\/obitelj-i-drustvena-skrb\/zdravstvo\/zdravi-zivotni-stilovi-navike\/\">Stili di vita sani <\/a><\/strong>\u00a0(movimento, ricreazione, alimentazione corretta ecc.) aiutano a mantenere la salute e migliorare i problemi esistenti. Cos\u00ec a Fiume sono disponibili vari programmi, destinati, tra l\u2019altro, alla terza et\u00e0, il cui scopo \u00e8 quello di mantenere la salute e la qualit\u00e0 di vita.<\/p>\n<p>Di seguito sono disponibili ulteriori informazioni sui <strong>programmi e progetti<\/strong> dedicati alle persone anziane e sulle associazioni, istituzioni e persone individuali che organizzano tali programmi e progetti. Una parte di questi programmi vengono finanziati o assistiti, in altri modi, dalla Citt\u00e0 di Fiume, e sono, pertanto, completamente o parzialmente gratuiti per i cittadini.<\/p>\n<ul>\n<li>L\u2019associazione dei pensionati della citt\u00e0 di Fiume \u2013 <a href=\"https:\/\/www.rijeka.hr\/teme-za-gradane\/obitelj-i-drustvena-skrb\/socijalna-skrb\/socijalne-usluge-i-laicke-potpore\/klubovi-umirovljenike-starije-osobe\/\"><strong>club dei pensionati <\/strong><\/a>e il servizio dei pasti sovvenzionato per i pensionati e il <strong><a href=\"http:\/\/penzici.rijeka.hr\/ostati-zdrav\/\">programma di ricreazione <\/a><\/strong><\/li>\n<li>La casa dell\u2019anziano di Cantrida, Fiume \u2013 club degli anziani e il servizio sovvenzionato di assistenza domiciliare<\/li>\n<li>L\u2019ambulatorio di medicina fisica e riabilitazione, Mile Batini\u0107, dott. med. \u2013 ginnastica per migliorare la salute psicofisica delle persone in et\u00e0 media e anziana<\/li>\n<li>Universit\u00e0 degli studi di Fiume. Il servizio di apprendimento permanente &#8211; corsi presso <a href=\"https:\/\/www.rijeka.hr\/teme-za-gradane\/obitelj-i-drustvena-skrb\/socijalna-skrb\/socijalne-usluge-i-laicke-potpore\/sveuciliste-3-dob\/\"><strong>l\u2019Universit\u00e0 della terza et\u00e0<\/strong><\/a><\/li>\n<li>Facolt\u00e0 di medicina di Fiume \u2013 Oltre al programma Con l\u2019allenamento e un\u2019alimentazione corretta contro il diabete e l\u2019osteoporosi promuove anche i progetti <strong>\u00a0<a href=\"https:\/\/www.rijeka.hr\/teme-za-gradane\/obitelj-i-drustvena-skrb\/zdravstvo\/zdravstvene-iili-savjetodavne-usluge\/kapi-zivota-dani-zdravlja\/\">Le Giornate della salute <\/a><\/strong>\u00a0e\u00a0<strong><a href=\"https:\/\/www.rijeka.hr\/teme-za-gradane\/obitelj-i-drustvena-skrb\/zdravstvo\/zdravstvene-iili-savjetodavne-usluge\/kapi-zivota-dani-zdravlja\/\">Le gocce della vita<\/a><\/strong>\u00a0\u2013 la misurazione della pressione sanguigna e del tasso di glucosio presente nel sangue.<\/li>\n<li>La Citt\u00e0 di Fiume promuove il progetto delle <strong><a href=\"https:\/\/www.rijeka.hr\/teme-za-gradane\/sport-i-rekreacija\/setnice-i-parkovi\/projekt-rijecke-setnice\/\">Passeggiate fiumane <\/a><\/strong>e l\u2019iniziativa <strong><a href=\"https:\/\/www.rijeka.hr\/teme-za-gradane\/obitelj-i-drustvena-skrb\/zdravstvo\/zdravstvene-iili-savjetodavne-usluge\/kampanja-rijeka-kretanju\/\">Fiume in movimento <\/a><\/strong><\/li>\n<li>Yoga nella vita quotidiana di Fiume \u2013 il progetto <strong><a href=\"http:\/\/www.dvorana-kulture.hr\/aktivnosti\/stalne-aktivnosti\">Yoga 50+<\/a> <\/strong>allo scopo di migliorare la salute, prevenire e mantenere l\u2019ottimo stato psicofisico della popolazione degli over 50, nell\u2019ambito del progetto \u201cFiume \u2013 citt\u00e0 sana\u201d, l\u2019Associazione Yoga nella vita quotidiana di Fiume nella \u00a0<a href=\"http:\/\/www.dvorana-kulture.hr\/\">Sala della cultura nel rione di Pe\u0107ine <\/a>mantiene il programma di yoga per le persone pi\u00f9 anziane.<\/li>\n<li>L\u2019associazione cittadina della Croce Rossa di Fiume &#8211; <strong><a href=\"https:\/\/www.rijeka.hr\/teme-za-gradane\/obitelj-i-drustvena-skrb\/zdravstvo\/zdravstvene-iili-savjetodavne-usluge\/zdravstveno-prosvjecivanje-mjesnim-odborima\/\">L\u2019istruzione sanitaria<\/a><\/strong>\u00a0 negli comitati di quartiere<\/li>\n<li>In collaborazione con numerosi partner, la Citt\u00e0 di Fiume ha pubblicato vari opuscoli educativi dedicati alla salute come pure i risultati di numerose ricerche volte a migliorare la salute dei cittadini di Fiume.<\/li>\n<\/ul>\n<p>Tutti i progetti e programmi specificati sono disponibili alla terza et\u00e0 al fine di assicurare la loro tutela psicosociale e la tutela della salute.<\/p>\n<p>&nbsp;<\/p>\n","protected":false},"excerpt":{"rendered":"<p>Nonostante molti problemi di salute che spesso accompagnano l\u2019et\u00e0 anziana, ci sono sempre pi\u00f9 prove al contrario, che le persone anziane abbiano pi\u00f9 forza fisica e psichica di quello che noi possiamo immaginare. Uno degli obiettivi della Citt\u00e0 di Fiume \u00e8 quello di assistere loro di restare in buona salute il pi\u00f9 a lungo possibile&#8230;.<\/p>\n","protected":false},"author":6,"featured_media":0,"parent":143,"menu_order":0,"comment_status":"closed","ping_status":"closed","template":"","meta":{"_acf_changed":false,"_trash_the_other_posts":false,"footnotes":"","_links_to":"","_links_to_target":""},"tags":[19,21,18,45,5,20],"class_list":["post-996","page","type-page","status-publish","hentry","tag-anziani","tag-attivita-fisica","tag-pensionati","tag-ricreazione","tag-salute","tag-terza-eta"],"acf":[],"yoast_head":"<!-- This site is optimized with the Yoast SEO plugin v24.4 - https:\/\/yoast.com\/wordpress\/plugins\/seo\/ -->\n<title>Tutela sanitaria e psicosociale degli anziani - Citt\u00e0 di Fiume<\/title>\n<meta name=\"robots\" content=\"index, follow, max-snippet:-1, max-image-preview:large, max-video-preview:-1\" \/>\n<link rel=\"canonical\" href=\"https:\/\/www.rijeka.hr\/it\/temi-per-i-cittadini\/famiglia-e-assistenza-sociale\/anziani-e-pensionati\/tutela-della-salute\/\" \/>\n<meta property=\"og:locale\" content=\"it_IT\" \/>\n<meta property=\"og:type\" content=\"article\" \/>\n<meta property=\"og:title\" content=\"Tutela sanitaria e psicosociale degli anziani - Citt\u00e0 di Fiume\" \/>\n<meta property=\"og:description\" content=\"Nonostante molti problemi di salute che spesso accompagnano l\u2019et\u00e0 anziana, ci sono sempre pi\u00f9 prove al contrario, che le persone anziane abbiano pi\u00f9 forza fisica e psichica di quello che noi possiamo immaginare. Uno degli obiettivi della Citt\u00e0 di Fiume \u00e8 quello di assistere loro di restare in buona salute il pi\u00f9 a lungo possibile....\" \/>\n<meta property=\"og:url\" content=\"https:\/\/www.rijeka.hr\/it\/temi-per-i-cittadini\/famiglia-e-assistenza-sociale\/anziani-e-pensionati\/tutela-della-salute\/\" \/>\n<meta property=\"og:site_name\" content=\"Citt\u00e0 di Fiume\" \/>\n<meta property=\"article:modified_time\" content=\"2021-08-12T10:30:29+00:00\" \/>\n<meta name=\"twitter:card\" content=\"summary_large_image\" \/>\n<meta name=\"twitter:label1\" content=\"Est. reading time\" \/>\n\t<meta name=\"twitter:data1\" content=\"2 minutes\" \/>\n<script type=\"application\/ld+json\" class=\"yoast-schema-graph\">{\"@context\":\"https:\/\/schema.org\",\"@graph\":[{\"@type\":\"WebPage\",\"@id\":\"https:\/\/www.rijeka.hr\/it\/temi-per-i-cittadini\/famiglia-e-assistenza-sociale\/anziani-e-pensionati\/tutela-della-salute\/\",\"url\":\"https:\/\/www.rijeka.hr\/it\/temi-per-i-cittadini\/famiglia-e-assistenza-sociale\/anziani-e-pensionati\/tutela-della-salute\/\",\"name\":\"Tutela sanitaria e psicosociale degli anziani - Citt\u00e0 di Fiume\",\"isPartOf\":{\"@id\":\"https:\/\/www.rijeka.hr\/it\/#website\"},\"datePublished\":\"2016-08-08T08:33:24+00:00\",\"dateModified\":\"2021-08-12T10:30:29+00:00\",\"breadcrumb\":{\"@id\":\"https:\/\/www.rijeka.hr\/it\/temi-per-i-cittadini\/famiglia-e-assistenza-sociale\/anziani-e-pensionati\/tutela-della-salute\/#breadcrumb\"},\"inLanguage\":\"it-IT\",\"potentialAction\":[{\"@type\":\"ReadAction\",\"target\":[\"https:\/\/www.rijeka.hr\/it\/temi-per-i-cittadini\/famiglia-e-assistenza-sociale\/anziani-e-pensionati\/tutela-della-salute\/\"]}]},{\"@type\":\"BreadcrumbList\",\"@id\":\"https:\/\/www.rijeka.hr\/it\/temi-per-i-cittadini\/famiglia-e-assistenza-sociale\/anziani-e-pensionati\/tutela-della-salute\/#breadcrumb\",\"itemListElement\":[{\"@type\":\"ListItem\",\"position\":1,\"name\":\"Po\u010detna stranica\",\"item\":\"https:\/\/www.rijeka.hr\/it\/\"},{\"@type\":\"ListItem\",\"position\":2,\"name\":\"Temi per i cittadini\",\"item\":\"https:\/\/www.rijeka.hr\/it\/temi-per-i-cittadini\/\"},{\"@type\":\"ListItem\",\"position\":3,\"name\":\"Famiglia e previdenza sociale\",\"item\":\"https:\/\/www.rijeka.hr\/it\/temi-per-i-cittadini\/famiglia-e-assistenza-sociale\/\"},{\"@type\":\"ListItem\",\"position\":4,\"name\":\"Anziani e pensionati\",\"item\":\"https:\/\/www.rijeka.hr\/it\/temi-per-i-cittadini\/famiglia-e-assistenza-sociale\/anziani-e-pensionati\/\"},{\"@type\":\"ListItem\",\"position\":5,\"name\":\"Tutela sanitaria e psicosociale degli anziani\"}]},{\"@type\":\"WebSite\",\"@id\":\"https:\/\/www.rijeka.hr\/it\/#website\",\"url\":\"https:\/\/www.rijeka.hr\/it\/\",\"name\":\"Citt\u00e0 di Fiume\",\"description\":\"Portale web della Citta&#039; di Fiume\",\"potentialAction\":[{\"@type\":\"SearchAction\",\"target\":{\"@type\":\"EntryPoint\",\"urlTemplate\":\"https:\/\/www.rijeka.hr\/it\/?s={search_term_string}\"},\"query-input\":{\"@type\":\"PropertyValueSpecification\",\"valueRequired\":true,\"valueName\":\"search_term_string\"}}],\"inLanguage\":\"it-IT\"}]}<\/script>\n<!-- \/ Yoast SEO plugin. -->","yoast_head_json":{"title":"Tutela sanitaria e psicosociale degli anziani - Citt\u00e0 di Fiume","robots":{"index":"index","follow":"follow","max-snippet":"max-snippet:-1","max-image-preview":"max-image-preview:large","max-video-preview":"max-video-preview:-1"},"canonical":"https:\/\/www.rijeka.hr\/it\/temi-per-i-cittadini\/famiglia-e-assistenza-sociale\/anziani-e-pensionati\/tutela-della-salute\/","og_locale":"it_IT","og_type":"article","og_title":"Tutela sanitaria e psicosociale degli anziani - Citt\u00e0 di Fiume","og_description":"Nonostante molti problemi di salute che spesso accompagnano l\u2019et\u00e0 anziana, ci sono sempre pi\u00f9 prove al contrario, che le persone anziane abbiano pi\u00f9 forza fisica e psichica di quello che noi possiamo immaginare. Uno degli obiettivi della Citt\u00e0 di Fiume \u00e8 quello di assistere loro di restare in buona salute il pi\u00f9 a lungo possibile....","og_url":"https:\/\/www.rijeka.hr\/it\/temi-per-i-cittadini\/famiglia-e-assistenza-sociale\/anziani-e-pensionati\/tutela-della-salute\/","og_site_name":"Citt\u00e0 di Fiume","article_modified_time":"2021-08-12T10:30:29+00:00","twitter_card":"summary_large_image","twitter_misc":{"Est. reading time":"2 minutes"},"schema":{"@context":"https:\/\/schema.org","@graph":[{"@type":"WebPage","@id":"https:\/\/www.rijeka.hr\/it\/temi-per-i-cittadini\/famiglia-e-assistenza-sociale\/anziani-e-pensionati\/tutela-della-salute\/","url":"https:\/\/www.rijeka.hr\/it\/temi-per-i-cittadini\/famiglia-e-assistenza-sociale\/anziani-e-pensionati\/tutela-della-salute\/","name":"Tutela sanitaria e psicosociale degli anziani - Citt\u00e0 di Fiume","isPartOf":{"@id":"https:\/\/www.rijeka.hr\/it\/#website"},"datePublished":"2016-08-08T08:33:24+00:00","dateModified":"2021-08-12T10:30:29+00:00","breadcrumb":{"@id":"https:\/\/www.rijeka.hr\/it\/temi-per-i-cittadini\/famiglia-e-assistenza-sociale\/anziani-e-pensionati\/tutela-della-salute\/#breadcrumb"},"inLanguage":"it-IT","potentialAction":[{"@type":"ReadAction","target":["https:\/\/www.rijeka.hr\/it\/temi-per-i-cittadini\/famiglia-e-assistenza-sociale\/anziani-e-pensionati\/tutela-della-salute\/"]}]},{"@type":"BreadcrumbList","@id":"https:\/\/www.rijeka.hr\/it\/temi-per-i-cittadini\/famiglia-e-assistenza-sociale\/anziani-e-pensionati\/tutela-della-salute\/#breadcrumb","itemListElement":[{"@type":"ListItem","position":1,"name":"Po\u010detna stranica","item":"https:\/\/www.rijeka.hr\/it\/"},{"@type":"ListItem","position":2,"name":"Temi per i cittadini","item":"https:\/\/www.rijeka.hr\/it\/temi-per-i-cittadini\/"},{"@type":"ListItem","position":3,"name":"Famiglia e previdenza sociale","item":"https:\/\/www.rijeka.hr\/it\/temi-per-i-cittadini\/famiglia-e-assistenza-sociale\/"},{"@type":"ListItem","position":4,"name":"Anziani e pensionati","item":"https:\/\/www.rijeka.hr\/it\/temi-per-i-cittadini\/famiglia-e-assistenza-sociale\/anziani-e-pensionati\/"},{"@type":"ListItem","position":5,"name":"Tutela sanitaria e psicosociale degli anziani"}]},{"@type":"WebSite","@id":"https:\/\/www.rijeka.hr\/it\/#website","url":"https:\/\/www.rijeka.hr\/it\/","name":"Citt\u00e0 di Fiume","description":"Portale web della Citta&#039; di Fiume","potentialAction":[{"@type":"SearchAction","target":{"@type":"EntryPoint","urlTemplate":"https:\/\/www.rijeka.hr\/it\/?s={search_term_string}"},"query-input":{"@type":"PropertyValueSpecification","valueRequired":true,"valueName":"search_term_string"}}],"inLanguage":"it-IT"}]}},"_links":{"self":[{"href":"https:\/\/www.rijeka.hr\/it\/wp-json\/wp\/v2\/pages\/996","targetHints":{"allow":["GET"]}}],"collection":[{"href":"https:\/\/www.rijeka.hr\/it\/wp-json\/wp\/v2\/pages"}],"about":[{"href":"https:\/\/www.rijeka.hr\/it\/wp-json\/wp\/v2\/types\/page"}],"author":[{"embeddable":true,"href":"https:\/\/www.rijeka.hr\/it\/wp-json\/wp\/v2\/users\/6"}],"replies":[{"embeddable":true,"href":"https:\/\/www.rijeka.hr\/it\/wp-json\/wp\/v2\/comments?post=996"}],"version-history":[{"count":6,"href":"https:\/\/www.rijeka.hr\/it\/wp-json\/wp\/v2\/pages\/996\/revisions"}],"predecessor-version":[{"id":4382,"href":"https:\/\/www.rijeka.hr\/it\/wp-json\/wp\/v2\/pages\/996\/revisions\/4382"}],"up":[{"embeddable":true,"href":"https:\/\/www.rijeka.hr\/it\/wp-json\/wp\/v2\/pages\/143"}],"wp:attachment":[{"href":"https:\/\/www.rijeka.hr\/it\/wp-json\/wp\/v2\/media?parent=996"}],"wp:term":[{"taxonomy":"post_tag","embeddable":true,"href":"https:\/\/www.rijeka.hr\/it\/wp-json\/wp\/v2\/tags?post=996"}],"curies":[{"name":"wp","href":"https:\/\/api.w.org\/{rel}","templated":true}]}}